{"id":4731,"date":"2023-11-14T02:21:06","date_gmt":"2023-11-14T02:21:06","guid":{"rendered":"https:\/\/uoogear.com\/product\/double-layer-automatic-family-tent-outdoor-camping-portable-travelling-tents\/"},"modified":"2023-11-30T02:52:53","modified_gmt":"2023-11-30T02:52:53","slug":"double-layer-automatic-family-tent-outdoor-camping-portable-travelling-tents","status":"publish","type":"product","link":"https:\/\/uoogear.com\/pl\/produkt\/double-layer-automatic-family-tent-outdoor-camping-portable-travelling-tents\/","title":{"rendered":"Dwuwarstwowy automatyczny namiot rodzinny Outdoor Camping Przeno\u015bne namioty podr\u00f3\u017cne"},"content":{"rendered":"<ul>\n<li><strong>Obszar : <\/strong> 3\u33a1<\/li>\n<li><strong>Tkanina: <\/strong> Poliester<\/li>\n<li><strong>Indeks wodoodporno\u015bci namiotu zewn\u0119trznego: <\/strong> 2000-3000 mm<\/li>\n<li><strong>Dolny wodoodporny indeks: <\/strong> 2000-3000 mm<\/li>\n<li><strong>Rodzaj budynku : <\/strong> Szybkie automatyczne otwieranie<\/li>\n<li><strong>Styl namiotu: <\/strong> Stawka namiotowa typu tubowego<\/li>\n<li><strong>Pora roku : <\/strong> Namiot czterosezonowy<\/li>\n<li><strong>Struktura : <\/strong> Jedna sypialnia<\/li>\n<li><strong>Miejsce do cumowania: <\/strong> 3-4<\/li>\n<li><strong>Sypialnie: <\/strong> 1<\/li>\n<li><strong>Waga (kg) : <\/strong> 3.7<\/li>\n<li><strong>Wzrost (cm) : <\/strong> 135<\/li>\n<li><strong>D\u0142ugo\u015b\u0107 (cm): <\/strong> 210<\/li>\n<li><strong>Szeroko\u015b\u0107 (cm): <\/strong> 240<\/li>\n<li><strong>wodoodporny (mm): <\/strong> 2000-3000<\/li>\n<li><strong>Materia\u0142 s\u0142upa: <\/strong> W\u0142\u00f3kno szklane<\/li>\n<li><strong>Kolor : <\/strong> dostosowywanie<\/li>\n<li><strong>Zalecane u\u017cycie : <\/strong> namiot kempingowy<\/li>\n<\/ul>\n<div>\n<div data-magic-global=\"%7B%22bizId%22%3A2348173885%2C%22pageId%22%3A21049659631%2C%22siteId%22%3A5005127539%7D\">\n<div>\n<div>\n<div>\n<div>\n<div>\n<div><\/div>\n<\/div>\n<\/div>\n<\/div>\n<\/div>\n<\/div>\n<div>\n<div>\n<table>\n<tbody>\n<tr>\n<td>\n<div>\n<div data-spm-anchor-id=\"0.0.0.i16.3eaf4f05ECnIkX\">Lata\u0107<\/div>\n<\/div>\n<\/td>\n<td>\n<div>\n<div data-spm-anchor-id=\"0.0.0.i33.3eaf4f05ECnIkX\">Poliuretan<\/div>\n<\/div>\n<\/td>\n<td>\n<div>\n<div>Wewn\u0119trzny<\/div>\n<\/div>\n<\/td>\n<td>\n<div>\n<div data-spm-anchor-id=\"0.0.0.i34.3eaf4f05ECnIkX\">Siatka B3<\/div>\n<\/div>\n<\/td>\n<\/tr>\n<tr>\n<td>\n<div>\n<div>Warstwy<\/div>\n<\/div>\n<\/td>\n<td>\n<div>\n<div data-spm-anchor-id=\"0.0.0.i39.3eaf4f05ECnIkX\">2<\/div>\n<\/div>\n<\/td>\n<td>\n<div>\n<div>Wodoodporny<\/div>\n<\/div>\n<\/td>\n<td>\n<div>\n<div data-spm-anchor-id=\"0.0.0.i4.3eaf4f05uSBrU9\">2000-3000 mm<\/div>\n<\/div>\n<\/td>\n<\/tr>\n<tr>\n<td>\n<div>\n<div data-spm-anchor-id=\"a2700.siteadmin.0.i1.70a633332xVGCP\">galeryjny<\/div>\n<\/div>\n<\/td>\n<td>\n<div>\n<div data-spm-anchor-id=\"0.0.0.i13.3eaf4f05ECnIkX\">3-4<\/div>\n<\/div>\n<\/td>\n<td>\n<div>\n<div>Pod\u0142oga<\/div>\n<\/div>\n<\/td>\n<td>\n<div>\n<div data-spm-anchor-id=\"0.0.0.i42.3eaf4f05ECnIkX\">Oksford 150D<\/div>\n<\/div>\n<\/td>\n<\/tr>\n<tr>\n<td>\n<div>\n<div>Polak<\/div>\n<\/div>\n<\/td>\n<td>\n<div>\n<div data-spm-anchor-id=\"0.0.0.i44.3eaf4f05ECnIkX\">w\u0142\u00f3kno szklane<\/div>\n<\/div>\n<\/td>\n<td>\n<div>\n<div>Waga<\/div>\n<\/div>\n<\/td>\n<td>\n<div>\n<div data-spm-anchor-id=\"0.0.0.i5.3eaf4f05uSBrU9\">3,7 kg<\/div>\n<\/div>\n<\/td>\n<\/tr>\n<tr>\n<td>\n<div>\n<div>Rozmiar<\/div>\n<\/div>\n<\/td>\n<td>\n<div>\n<div data-spm-anchor-id=\"0.0.0.i41.3eaf4f05ECnIkX\">240*210*135 cm (szer. x g\u0142. x wys.)<\/div>\n<\/div>\n<\/td>\n<td>\n<div>\n<div>Powierzchnia pod\u0142ogi<\/div>\n<\/div>\n<\/td>\n<td>\n<div>\n<div data-spm-anchor-id=\"0.0.0.i45.3eaf4f05ECnIkX\">5<\/div>\n<\/div>\n<\/td>\n<\/tr>\n<tr>\n<td>\n<div>\n<div>Uszczelka<\/div>\n<\/div>\n<\/td>\n<td>\n<div>\n<div data-spm-anchor-id=\"0.0.0.i46.3eaf4f05ECnIkX\">68*33*22 cm<\/div>\n<\/div>\n<\/td>\n<td>\n<div>\n<div data-spm-anchor-id=\"a2700.siteadmin.0.i2.65e43333ALmggU\">Akcesoria<\/div>\n<\/div>\n<\/td>\n<td>\n<div>\n<div data-spm-anchor-id=\"0.0.0.i48.3eaf4f05ECnIkX\">YNS<\/div>\n<\/div>\n<\/td>\n<\/tr>\n<\/tbody>\n<\/table>\n<\/div>\n<\/div>\n<div>\n<div data-section=\"AliMagic-fbkogz\" data-section-title=\"Product Display\">Wy\u015bwietlacz produktu<\/div>\n<\/div>\n<div>\n<div>\n<div><img decoding=\"async\" src=\"\/\/sc04.alicdn.com\/kf\/Hfe862935d6b64ef3beb632dcfcaeba59i\/222400006\/Hfe862935d6b64ef3beb632dcfcaeba59i.jpg\" data-src=\"\/\/sc04.alicdn.com\/kf\/Hfe862935d6b64ef3beb632dcfcaeba59i\/222400006\/Hfe862935d6b64ef3beb632dcfcaeba59i.jpg\" \/><\/div>\n<div><img decoding=\"async\" src=\"\/\/sc04.alicdn.com\/kf\/H9987112b7eca4683bca2a11c8d63c877A\/222400006\/H9987112b7eca4683bca2a11c8d63c877A.jpg\" data-src=\"\/\/sc04.alicdn.com\/kf\/H9987112b7eca4683bca2a11c8d63c877A\/222400006\/H9987112b7eca4683bca2a11c8d63c877A.jpg\" \/><\/div>\n<div><img decoding=\"async\" src=\"\/\/sc04.alicdn.com\/kf\/He920995853e640e1b6e2f5eaf2557712D\/222400006\/He920995853e640e1b6e2f5eaf2557712D.jpg\" data-src=\"\/\/sc04.alicdn.com\/kf\/He920995853e640e1b6e2f5eaf2557712D\/222400006\/He920995853e640e1b6e2f5eaf2557712D.jpg\" \/><\/div>\n<div><img decoding=\"async\" src=\"\/\/sc04.alicdn.com\/kf\/H50dcf3e6b57740f6963df6f06fc9552aw\/222400006\/H50dcf3e6b57740f6963df6f06fc9552aw.jpg\" data-src=\"\/\/sc04.alicdn.com\/kf\/H50dcf3e6b57740f6963df6f06fc9552aw\/222400006\/H50dcf3e6b57740f6963df6f06fc9552aw.jpg\" \/><\/div>\n<div><img decoding=\"async\" src=\"\/\/sc04.alicdn.com\/kf\/H188881ad6eb644e689006ed53a73166dF\/222400006\/H188881ad6eb644e689006ed53a73166dF.jpg\" data-src=\"\/\/sc04.alicdn.com\/kf\/H188881ad6eb644e689006ed53a73166dF\/222400006\/H188881ad6eb644e689006ed53a73166dF.jpg\" \/><\/div>\n<div><img decoding=\"async\" src=\"\/\/sc04.alicdn.com\/kf\/Hc924941301ba46f9ace0aabb74f1e79fs\/222400006\/Hc924941301ba46f9ace0aabb74f1e79fs.png\" data-src=\"\/\/sc04.alicdn.com\/kf\/Hc924941301ba46f9ace0aabb74f1e79fs\/222400006\/Hc924941301ba46f9ace0aabb74f1e79fs.png\" \/><\/div>\n<div><img decoding=\"async\" src=\"\/\/sc04.alicdn.com\/kf\/Hf477e6dc0f5f43a0ae294952dfe15ca7Y\/222400006\/Hf477e6dc0f5f43a0ae294952dfe15ca7Y.jpg\" data-src=\"\/\/sc04.alicdn.com\/kf\/Hf477e6dc0f5f43a0ae294952dfe15ca7Y\/222400006\/Hf477e6dc0f5f43a0ae294952dfe15ca7Y.jpg\" \/><\/div>\n<div><img decoding=\"async\" src=\"\/\/sc04.alicdn.com\/kf\/H00840482920648a487dc45d451dbe55dE\/222400006\/H00840482920648a487dc45d451dbe55dE.jpg\" data-src=\"\/\/sc04.alicdn.com\/kf\/H00840482920648a487dc45d451dbe55dE\/222400006\/H00840482920648a487dc45d451dbe55dE.jpg\" \/><\/div>\n<\/div>\n<\/div>\n<div>\n<div data-magic=\" \" data-magic-status=\"done\">\n<div data-reactroot=\"\"><\/div>\n<\/div>\n<\/div>\n<\/div>\n<\/div>","protected":false},"excerpt":{"rendered":"<p>Powierzchnia: 3 \u33a1 Tkanina: Poliester Namiot zewn\u0119trzny Wska\u017anik wodoodporno\u015bci: 2000-3000 Mm Wska\u017anik wodoodporno\u015bci dna: 2000-3000 Mm Typ budynku: Szybkie automatyczne otwieranie Styl namiotu: Typ rury Stawka namiotu Sezon: Czterosezonowa Konstrukcja namiotu: Jedna sypialnia Miejsce do spania: 3 -4 Sypialnie: 1 Waga (kg): 3,7 Wysoko\u015b\u0107 (cm): 135<\/p>\n<div class=\"read-more\"><a class=\"btn btn-fill-out\" href=\"https:\/\/uoogear.com\/pl\/produkt\/double-layer-automatic-family-tent-outdoor-camping-portable-travelling-tents\/\">Czytaj wi\u0119cej<\/a><\/div>","protected":false},"featured_media":4730,"template":"","meta":[],"product_brand":[],"product_cat":[15],"product_tag":[],"class_list":{"0":"post-4731","1":"product","2":"type-product","3":"status-publish","4":"has-post-thumbnail","6":"product_cat-uncategorized","7":"tm-no-options","9":"first","10":"instock","11":"shipping-taxable","12":"purchasable","13":"product-type-variable"},"_links":{"self":[{"href":"https:\/\/uoogear.com\/pl\/wp-json\/wp\/v2\/product\/4731","targetHints":{"allow":["GET"]}}],"collection":[{"href":"https:\/\/uoogear.com\/pl\/wp-json\/wp\/v2\/product"}],"about":[{"href":"https:\/\/uoogear.com\/pl\/wp-json\/wp\/v2\/types\/product"}],"wp:featuredmedia":[{"embeddable":true,"href":"https:\/\/uoogear.com\/pl\/wp-json\/wp\/v2\/media\/4730"}],"wp:attachment":[{"href":"https:\/\/uoogear.com\/pl\/wp-json\/wp\/v2\/media?parent=4731"}],"wp:term":[{"taxonomy":"product_brand","embeddable":true,"href":"https:\/\/uoogear.com\/pl\/wp-json\/wp\/v2\/product_brand?post=4731"},{"taxonomy":"product_cat","embeddable":true,"href":"https:\/\/uoogear.com\/pl\/wp-json\/wp\/v2\/product_cat?post=4731"},{"taxonomy":"product_tag","embeddable":true,"href":"https:\/\/uoogear.com\/pl\/wp-json\/wp\/v2\/product_tag?post=4731"}],"curies":[{"name":"wp","href":"https:\/\/api.w.org\/{rel}","templated":true}]}}