{"id":4740,"date":"2023-11-14T02:22:01","date_gmt":"2023-11-14T02:22:01","guid":{"rendered":"https:\/\/uoogear.com\/product\/outdoor-waterproof-portable-camping-tents-4-person-glamping-hiking-automatic-tent\/"},"modified":"2023-11-30T02:52:35","modified_gmt":"2023-11-30T02:52:35","slug":"outdoor-waterproof-portable-camping-tents-4-person-glamping-hiking-automatic-tent","status":"publish","type":"product","link":"https:\/\/uoogear.com\/pl\/produkt\/outdoor-waterproof-portable-camping-tents-4-person-glamping-hiking-automatic-tent\/","title":{"rendered":"Zewn\u0119trzne wodoodporne przeno\u015bne namioty kempingowe 4-osobowy Glamping Namiot automatyczny"},"content":{"rendered":"<ul>\n<li><strong>Tkanina: <\/strong> Poliester<\/li>\n<li><strong>Indeks wodoodporno\u015bci namiotu zewn\u0119trznego: <\/strong> 2000-3000 mm<\/li>\n<li><strong>Dolny wodoodporny indeks: <\/strong> 2000-3000 mm<\/li>\n<li><strong>Rodzaj budynku : <\/strong> Szybkie automatyczne otwieranie<\/li>\n<li><strong>Styl namiotu: <\/strong> Stawka namiotowa typu tubowego<\/li>\n<li><strong>Pora roku : <\/strong> Namiot czterosezonowy<\/li>\n<li><strong>Struktura : <\/strong> Jedna sypialnia<\/li>\n<li><strong>Miejsce do cumowania: <\/strong> 4<\/li>\n<li><strong>Sypialnie: <\/strong> 1<\/li>\n<li><strong>Waga (kg) : <\/strong> 5.2<\/li>\n<li><strong>Wzrost (cm) : <\/strong> 125<\/li>\n<li><strong>D\u0142ugo\u015b\u0107 (cm): <\/strong> 210<\/li>\n<li><strong>Szeroko\u015b\u0107 (cm): <\/strong> 240<\/li>\n<li><strong>Materia\u0142 s\u0142upa: <\/strong> W\u0142\u00f3kno szklane<\/li>\n<li><strong>Arkusz muchowy: <\/strong> Tafta poliestrowa 190T<\/li>\n<li><strong>Stawka : <\/strong> 8 szt<\/li>\n<li><strong>Lina : <\/strong> 4szt<\/li>\n<\/ul>\n<div>\n<div data-magic-global=\"%7B%22bizId%22%3A2348173885%2C%22pageId%22%3A21027794595%2C%22siteId%22%3A5005127539%7D\">\n<div>\n<div>\n<div>\n<div>\n<div>\n<div><\/div>\n<\/div>\n<\/div>\n<\/div>\n<\/div>\n<\/div>\n<div>\n<div>\n<table>\n<tbody>\n<tr>\n<td>\n<div>\n<div data-spm-anchor-id=\"0.0.0.i16.3eaf4f05ECnIkX\">Arkusz muchowy<\/div>\n<\/div>\n<\/td>\n<td>\n<div>\n<div data-spm-anchor-id=\"0.0.0.i33.3eaf4f05ECnIkX\">Poliester 190T<\/div>\n<\/div>\n<\/td>\n<td>\n<div>\n<div>Wewn\u0119trzny<\/div>\n<\/div>\n<\/td>\n<td>\n<div>\n<div data-spm-anchor-id=\"0.0.0.i34.3eaf4f05ECnIkX\">Siatka B3<\/div>\n<\/div>\n<\/td>\n<\/tr>\n<tr>\n<td>\n<div>\n<div>Warstwy<\/div>\n<\/div>\n<\/td>\n<td>\n<div>\n<div data-spm-anchor-id=\"0.0.0.i39.3eaf4f05ECnIkX\">1<\/div>\n<\/div>\n<\/td>\n<td>\n<div>\n<div>Wodoodporny<\/div>\n<\/div>\n<\/td>\n<td>\n<div>\n<div data-spm-anchor-id=\"0.0.0.i4.3eaf4f05uSBrU9\">2000-3000 mm<\/div>\n<\/div>\n<\/td>\n<\/tr>\n<tr>\n<td>\n<div>\n<div>pojemno\u015b\u0107<\/div>\n<\/div>\n<\/td>\n<td>\n<div>\n<div data-spm-anchor-id=\"0.0.0.i13.3eaf4f05ECnIkX\">3-4<\/div>\n<\/div>\n<\/td>\n<td>\n<div>\n<div>Pod\u0142oga<\/div>\n<\/div>\n<\/td>\n<td>\n<div>\n<div data-spm-anchor-id=\"0.0.0.i42.3eaf4f05ECnIkX\">Oksford 150D<\/div>\n<\/div>\n<\/td>\n<\/tr>\n<tr>\n<td>\n<div>\n<div>Polak<\/div>\n<\/div>\n<\/td>\n<td>\n<div>\n<div data-spm-anchor-id=\"0.0.0.i44.3eaf4f05ECnIkX\">W\u0142\u00f3kno szklane<\/div>\n<\/div>\n<\/td>\n<td>\n<div>\n<div>Waga<\/div>\n<\/div>\n<\/td>\n<td>\n<div>\n<div data-spm-anchor-id=\"0.0.0.i5.3eaf4f05uSBrU9\">5,2 kg<\/div>\n<\/div>\n<\/td>\n<\/tr>\n<tr>\n<td>\n<div>\n<div>Rozmiar<\/div>\n<\/div>\n<\/td>\n<td>\n<div>\n<div data-spm-anchor-id=\"0.0.0.i41.3eaf4f05ECnIkX\">240*210*125 cm (szer. x g\u0142. x wys.)<\/div>\n<\/div>\n<\/td>\n<td>\n<div>\n<div data-spm-anchor-id=\"a2700.pc-decorate.0.i8.2c9a3333BkjTOa\">Styl<\/div>\n<\/div>\n<\/td>\n<td>\n<div>\n<div data-spm-anchor-id=\"0.0.0.i45.3eaf4f05ECnIkX\">Automatyczny<\/div>\n<\/div>\n<\/td>\n<\/tr>\n<tr>\n<td>\n<div>\n<div>Uszczelka<\/div>\n<\/div>\n<\/td>\n<td>\n<div>\n<div data-spm-anchor-id=\"0.0.0.i46.3eaf4f05ECnIkX\">Szer. 87 x g\u0142. 15 x wys. 15 cm<\/div>\n<\/div>\n<\/td>\n<td>\n<div>\n<div data-spm-anchor-id=\"a2700.siteadmin.0.i2.65e43333ALmggU\">Akcesoria<\/div>\n<\/div>\n<\/td>\n<td>\n<div>\n<div data-spm-anchor-id=\"0.0.0.i48.3eaf4f05ECnIkX\">YNS<\/div>\n<\/div>\n<\/td>\n<\/tr>\n<\/tbody>\n<\/table>\n<\/div>\n<\/div>\n<div>\n<div data-section=\"AliMagic-ld6hwv\" data-section-title=\"Product Display\">Wy\u015bwietlacz produktu<\/div>\n<\/div>\n<div>\n<div>\n<div><\/div>\n<div><\/div>\n<div><\/div>\n<div><img decoding=\"async\" src=\"\/\/sc04.alicdn.com\/kf\/H856ef7e5714642b49db4cf70b3e9adb0E\/222400006\/H856ef7e5714642b49db4cf70b3e9adb0E.jpg\" data-src=\"\/\/sc04.alicdn.com\/kf\/H856ef7e5714642b49db4cf70b3e9adb0E\/222400006\/H856ef7e5714642b49db4cf70b3e9adb0E.jpg\" \/><\/div>\n<div><img decoding=\"async\" src=\"\/\/sc04.alicdn.com\/kf\/H8c0993d71e8a4c1cbc59a6f51bab9cff9\/222400006\/H8c0993d71e8a4c1cbc59a6f51bab9cff9.jpg\" data-src=\"\/\/sc04.alicdn.com\/kf\/H8c0993d71e8a4c1cbc59a6f51bab9cff9\/222400006\/H8c0993d71e8a4c1cbc59a6f51bab9cff9.jpg\" \/><\/div>\n<div><img decoding=\"async\" src=\"\/\/sc04.alicdn.com\/kf\/Hffd9146525f54b97ac2fd270bf08c841c\/222400006\/Hffd9146525f54b97ac2fd270bf08c841c.jpg\" data-src=\"\/\/sc04.alicdn.com\/kf\/Hffd9146525f54b97ac2fd270bf08c841c\/222400006\/Hffd9146525f54b97ac2fd270bf08c841c.jpg\" \/><\/div>\n<\/div>\n<\/div>\n<div>\n<div data-magic=\" \" data-magic-status=\"done\">\n<div data-reactroot=\"\"><\/div>\n<\/div>\n<\/div>\n<\/div>\n<\/div>","protected":false},"excerpt":{"rendered":"<p>Tkanina : Poliester Namiot zewn\u0119trzny Wska\u017anik wodoodporno\u015bci : 2000-3000 Mm Wska\u017anik wodoodporno\u015bci dna : 2000-3000 Mm Typ budynku : Szybkie automatyczne otwieranie Styl namiotu : Typ rury Pa\u0142ka namiotu Sezon : Czterosezonowa Konstrukcja namiotu : Jedna sypialnia Miejsce do spania : 4 Sypialnie : 1 Waga (kg): 5,2 Wysoko\u015b\u0107 (cm): 125 D\u0142ugo\u015b\u0107 (cm): 210<\/p>\n<div class=\"read-more\"><a class=\"btn btn-fill-out\" href=\"https:\/\/uoogear.com\/pl\/produkt\/outdoor-waterproof-portable-camping-tents-4-person-glamping-hiking-automatic-tent\/\">Czytaj wi\u0119cej<\/a><\/div>","protected":false},"featured_media":4739,"template":"","meta":[],"product_brand":[],"product_cat":[15],"product_tag":[],"class_list":{"0":"post-4740","1":"product","2":"type-product","3":"status-publish","4":"has-post-thumbnail","6":"product_cat-uncategorized","7":"tm-no-options","9":"first","10":"instock","11":"shipping-taxable","12":"purchasable","13":"product-type-variable"},"_links":{"self":[{"href":"https:\/\/uoogear.com\/pl\/wp-json\/wp\/v2\/product\/4740","targetHints":{"allow":["GET"]}}],"collection":[{"href":"https:\/\/uoogear.com\/pl\/wp-json\/wp\/v2\/product"}],"about":[{"href":"https:\/\/uoogear.com\/pl\/wp-json\/wp\/v2\/types\/product"}],"wp:featuredmedia":[{"embeddable":true,"href":"https:\/\/uoogear.com\/pl\/wp-json\/wp\/v2\/media\/4739"}],"wp:attachment":[{"href":"https:\/\/uoogear.com\/pl\/wp-json\/wp\/v2\/media?parent=4740"}],"wp:term":[{"taxonomy":"product_brand","embeddable":true,"href":"https:\/\/uoogear.com\/pl\/wp-json\/wp\/v2\/product_brand?post=4740"},{"taxonomy":"product_cat","embeddable":true,"href":"https:\/\/uoogear.com\/pl\/wp-json\/wp\/v2\/product_cat?post=4740"},{"taxonomy":"product_tag","embeddable":true,"href":"https:\/\/uoogear.com\/pl\/wp-json\/wp\/v2\/product_tag?post=4740"}],"curies":[{"name":"wp","href":"https:\/\/api.w.org\/{rel}","templated":true}]}}