{"id":4749,"date":"2023-11-14T02:23:34","date_gmt":"2023-11-14T02:23:34","guid":{"rendered":"https:\/\/uoogear.com\/product\/a-mountains-3-4-person-outdoor-tent-ultralight-double-layer-water-resistance-camping-tent-for-family\/"},"modified":"2023-11-30T02:52:59","modified_gmt":"2023-11-30T02:52:59","slug":"a-mountains-3-4-person-outdoor-tent-ultralight-double-layer-water-resistance-camping-tent-for-family","status":"publish","type":"product","link":"https:\/\/uoogear.com\/pl\/produkt\/a-mountains-3-4-person-outdoor-tent-ultralight-double-layer-water-resistance-camping-tent-for-family\/","title":{"rendered":"Namiot zewn\u0119trzny dla 3\u20134 os\u00f3b w g\u00f3rach Ultralekki, dwuwarstwowy, wodoodporny namiot kempingowy dla rodziny"},"content":{"rendered":"<ul>\n<li><strong>Obszar : <\/strong> 4<\/li>\n<li><strong>Tkanina: <\/strong> Nylon<\/li>\n<li><strong>Indeks wodoodporno\u015bci namiotu zewn\u0119trznego: <\/strong> 2000-3000 mm<\/li>\n<li><strong>Dolny wodoodporny indeks: <\/strong> 2000-3000 mm<\/li>\n<li><strong>Rodzaj budynku : <\/strong> Budowa w oparciu o potrzeby<\/li>\n<li><strong>Styl namiotu: <\/strong> Typ st\u0119\u017cenia uko\u015bnego<\/li>\n<li><strong>Pora roku : <\/strong> Namiot trzysezonowy<\/li>\n<li><strong>Struktura : <\/strong> Jedna sypialnia<\/li>\n<li><strong>Nazwa produktu : <\/strong> Namiot kempingowy<\/li>\n<li><strong>Stosowanie : <\/strong> Dziki namiot na \u015bwie\u017cym powietrzu<\/li>\n<li><strong>Aplikacja : <\/strong> Namiot rodzinny na \u015bwie\u017cym powietrzu<\/li>\n<\/ul>\n<div>\n<p>Namiot wspinaczkowy dla 3-4 os\u00f3b Namiot z plecakiem podr\u00f3\u017cnym na zewn\u0105trz Ultralekki namiot automatyczny Podw\u00f3jny wodoodporny namiot z filtrem przeciws\u0142onecznym<\/p>\n<p>Namiot kopu\u0142owy z przestronnym wn\u0119trzem pozwala na wygodne poruszanie si\u0119<br \/>\n\u0141atwa konfiguracja w zaledwie 10 minut<br \/>\nsystem z opatentowanymi spawanymi pod\u0142ogami i odwr\u00f3conymi szwami zapewniaj\u0105cymi sucho\u015b\u0107<br \/>\nDu\u017ce okna i otw\u00f3r wentylacyjny w pod\u0142odze zapewniaj\u0105 doskona\u0142\u0105 wentylacj\u0119<\/p>\n<p><img loading=\"lazy\" decoding=\"async\" class=\"alignnone size-full wp-image-5177\" src=\"https:\/\/uoogear.com\/wp-content\/uploads\/2023\/11\/HTB1hBCOcBiE3KVjSZFMq6zQhVXaF.jpg\" width=\"790\" height=\"790\" alt=\"Namiot zewn\u0119trzny dla 3\u20134 os\u00f3b w g\u00f3rach Ultralekki, dwuwarstwowy, wodoodporny namiot kempingowy dla rodziny\" srcset=\"https:\/\/uoogear.com\/wp-content\/uploads\/2023\/11\/HTB1hBCOcBiE3KVjSZFMq6zQhVXaF.jpg 790w, https:\/\/uoogear.com\/wp-content\/uploads\/2023\/11\/HTB1hBCOcBiE3KVjSZFMq6zQhVXaF-300x300.jpg 300w, https:\/\/uoogear.com\/wp-content\/uploads\/2023\/11\/HTB1hBCOcBiE3KVjSZFMq6zQhVXaF-150x150.jpg 150w, https:\/\/uoogear.com\/wp-content\/uploads\/2023\/11\/HTB1hBCOcBiE3KVjSZFMq6zQhVXaF-768x768.jpg 768w, https:\/\/uoogear.com\/wp-content\/uploads\/2023\/11\/HTB1hBCOcBiE3KVjSZFMq6zQhVXaF-450x450.jpg 450w, https:\/\/uoogear.com\/wp-content\/uploads\/2023\/11\/HTB1hBCOcBiE3KVjSZFMq6zQhVXaF-90x90.jpg 90w, https:\/\/uoogear.com\/wp-content\/uploads\/2023\/11\/HTB1hBCOcBiE3KVjSZFMq6zQhVXaF-600x600.jpg 600w, https:\/\/uoogear.com\/wp-content\/uploads\/2023\/11\/HTB1hBCOcBiE3KVjSZFMq6zQhVXaF-54x54.jpg 54w, https:\/\/uoogear.com\/wp-content\/uploads\/2023\/11\/HTB1hBCOcBiE3KVjSZFMq6zQhVXaF-50x50.jpg 50w, https:\/\/uoogear.com\/wp-content\/uploads\/2023\/11\/HTB1hBCOcBiE3KVjSZFMq6zQhVXaF-100x100.jpg 100w\" sizes=\"auto, (max-width: 790px) 100vw, 790px\" \/><img loading=\"lazy\" decoding=\"async\" class=\"alignnone size-full wp-image-5178\" src=\"https:\/\/uoogear.com\/wp-content\/uploads\/2023\/11\/HTB1qTuNcwKG3KVjSZFLq6yMvXXa2.jpg\" width=\"790\" height=\"988\" alt=\"Namiot zewn\u0119trzny dla 3\u20134 os\u00f3b w g\u00f3rach Ultralekki, dwuwarstwowy, wodoodporny namiot kempingowy dla rodziny\" srcset=\"https:\/\/uoogear.com\/wp-content\/uploads\/2023\/11\/HTB1qTuNcwKG3KVjSZFLq6yMvXXa2.jpg 790w, https:\/\/uoogear.com\/wp-content\/uploads\/2023\/11\/HTB1qTuNcwKG3KVjSZFLq6yMvXXa2-240x300.jpg 240w, https:\/\/uoogear.com\/wp-content\/uploads\/2023\/11\/HTB1qTuNcwKG3KVjSZFLq6yMvXXa2-768x960.jpg 768w, https:\/\/uoogear.com\/wp-content\/uploads\/2023\/11\/HTB1qTuNcwKG3KVjSZFLq6yMvXXa2-600x750.jpg 600w, https:\/\/uoogear.com\/wp-content\/uploads\/2023\/11\/HTB1qTuNcwKG3KVjSZFLq6yMvXXa2-43x54.jpg 43w\" sizes=\"auto, (max-width: 790px) 100vw, 790px\" \/><img loading=\"lazy\" decoding=\"async\" class=\"alignnone size-full wp-image-5179\" src=\"https:\/\/uoogear.com\/wp-content\/uploads\/2023\/11\/HTB1dQmYcrus3KVjSZKbq6xqkFXaX.jpg\" width=\"790\" height=\"1278\" alt=\"Namiot zewn\u0119trzny dla 3\u20134 os\u00f3b w g\u00f3rach Ultralekki, dwuwarstwowy, wodoodporny namiot kempingowy dla rodziny\" srcset=\"https:\/\/uoogear.com\/wp-content\/uploads\/2023\/11\/HTB1dQmYcrus3KVjSZKbq6xqkFXaX.jpg 790w, https:\/\/uoogear.com\/wp-content\/uploads\/2023\/11\/HTB1dQmYcrus3KVjSZKbq6xqkFXaX-185x300.jpg 185w, https:\/\/uoogear.com\/wp-content\/uploads\/2023\/11\/HTB1dQmYcrus3KVjSZKbq6xqkFXaX-633x1024.jpg 633w, https:\/\/uoogear.com\/wp-content\/uploads\/2023\/11\/HTB1dQmYcrus3KVjSZKbq6xqkFXaX-768x1242.jpg 768w, https:\/\/uoogear.com\/wp-content\/uploads\/2023\/11\/HTB1dQmYcrus3KVjSZKbq6xqkFXaX-600x971.jpg 600w, https:\/\/uoogear.com\/wp-content\/uploads\/2023\/11\/HTB1dQmYcrus3KVjSZKbq6xqkFXaX-33x54.jpg 33w\" sizes=\"auto, (max-width: 790px) 100vw, 790px\" \/><img loading=\"lazy\" decoding=\"async\" class=\"alignnone size-full wp-image-5180\" src=\"https:\/\/uoogear.com\/wp-content\/uploads\/2023\/11\/HTB19tqOcEGF3KVjSZFoq6zmpFXaJ.jpg\" width=\"655\" height=\"1280\" alt=\"Namiot zewn\u0119trzny dla 3\u20134 os\u00f3b w g\u00f3rach Ultralekki, dwuwarstwowy, wodoodporny namiot kempingowy dla rodziny\" srcset=\"https:\/\/uoogear.com\/wp-content\/uploads\/2023\/11\/HTB19tqOcEGF3KVjSZFoq6zmpFXaJ.jpg 655w, https:\/\/uoogear.com\/wp-content\/uploads\/2023\/11\/HTB19tqOcEGF3KVjSZFoq6zmpFXaJ-154x300.jpg 154w, https:\/\/uoogear.com\/wp-content\/uploads\/2023\/11\/HTB19tqOcEGF3KVjSZFoq6zmpFXaJ-524x1024.jpg 524w, https:\/\/uoogear.com\/wp-content\/uploads\/2023\/11\/HTB19tqOcEGF3KVjSZFoq6zmpFXaJ-600x1173.jpg 600w, https:\/\/uoogear.com\/wp-content\/uploads\/2023\/11\/HTB19tqOcEGF3KVjSZFoq6zmpFXaJ-28x54.jpg 28w\" sizes=\"auto, (max-width: 655px) 100vw, 655px\" \/><img loading=\"lazy\" decoding=\"async\" class=\"alignnone size-full wp-image-5181\" src=\"https:\/\/uoogear.com\/wp-content\/uploads\/2023\/11\/HTB1v.GTcBGw3KVjSZFwq6zQ2FXaR.jpg\" width=\"790\" height=\"753\" alt=\"Namiot zewn\u0119trzny dla 3\u20134 os\u00f3b w g\u00f3rach Ultralekki, dwuwarstwowy, wodoodporny namiot kempingowy dla rodziny\" srcset=\"https:\/\/uoogear.com\/wp-content\/uploads\/2023\/11\/HTB1v.GTcBGw3KVjSZFwq6zQ2FXaR.jpg 790w, https:\/\/uoogear.com\/wp-content\/uploads\/2023\/11\/HTB1v.GTcBGw3KVjSZFwq6zQ2FXaR-300x286.jpg 300w, https:\/\/uoogear.com\/wp-content\/uploads\/2023\/11\/HTB1v.GTcBGw3KVjSZFwq6zQ2FXaR-768x732.jpg 768w, https:\/\/uoogear.com\/wp-content\/uploads\/2023\/11\/HTB1v.GTcBGw3KVjSZFwq6zQ2FXaR-600x572.jpg 600w, https:\/\/uoogear.com\/wp-content\/uploads\/2023\/11\/HTB1v.GTcBGw3KVjSZFwq6zQ2FXaR-57x54.jpg 57w\" sizes=\"auto, (max-width: 790px) 100vw, 790px\" \/><img loading=\"lazy\" decoding=\"async\" class=\"alignnone size-full wp-image-5182\" src=\"https:\/\/uoogear.com\/wp-content\/uploads\/2023\/11\/HTB1FkmYcrus3KVjSZKbq6xqkFXax.jpg\" width=\"790\" height=\"1166\" alt=\"Namiot zewn\u0119trzny dla 3\u20134 os\u00f3b w g\u00f3rach Ultralekki, dwuwarstwowy, wodoodporny namiot kempingowy dla rodziny\" srcset=\"https:\/\/uoogear.com\/wp-content\/uploads\/2023\/11\/HTB1FkmYcrus3KVjSZKbq6xqkFXax.jpg 790w, https:\/\/uoogear.com\/wp-content\/uploads\/2023\/11\/HTB1FkmYcrus3KVjSZKbq6xqkFXax-203x300.jpg 203w, https:\/\/uoogear.com\/wp-content\/uploads\/2023\/11\/HTB1FkmYcrus3KVjSZKbq6xqkFXax-694x1024.jpg 694w, https:\/\/uoogear.com\/wp-content\/uploads\/2023\/11\/HTB1FkmYcrus3KVjSZKbq6xqkFXax-768x1134.jpg 768w, https:\/\/uoogear.com\/wp-content\/uploads\/2023\/11\/HTB1FkmYcrus3KVjSZKbq6xqkFXax-600x886.jpg 600w, https:\/\/uoogear.com\/wp-content\/uploads\/2023\/11\/HTB1FkmYcrus3KVjSZKbq6xqkFXax-37x54.jpg 37w\" sizes=\"auto, (max-width: 790px) 100vw, 790px\" \/><img loading=\"lazy\" decoding=\"async\" class=\"alignnone size-full wp-image-5183\" src=\"https:\/\/uoogear.com\/wp-content\/uploads\/2023\/11\/HTB1A0yYcq1s3KVjSZFAq6x_ZXXar.jpg\" width=\"790\" height=\"1027\" alt=\"Namiot zewn\u0119trzny dla 3\u20134 os\u00f3b w g\u00f3rach Ultralekki, dwuwarstwowy, wodoodporny namiot kempingowy dla rodziny\" srcset=\"https:\/\/uoogear.com\/wp-content\/uploads\/2023\/11\/HTB1A0yYcq1s3KVjSZFAq6x_ZXXar.jpg 790w, https:\/\/uoogear.com\/wp-content\/uploads\/2023\/11\/HTB1A0yYcq1s3KVjSZFAq6x_ZXXar-231x300.jpg 231w, https:\/\/uoogear.com\/wp-content\/uploads\/2023\/11\/HTB1A0yYcq1s3KVjSZFAq6x_ZXXar-788x1024.jpg 788w, https:\/\/uoogear.com\/wp-content\/uploads\/2023\/11\/HTB1A0yYcq1s3KVjSZFAq6x_ZXXar-768x998.jpg 768w, https:\/\/uoogear.com\/wp-content\/uploads\/2023\/11\/HTB1A0yYcq1s3KVjSZFAq6x_ZXXar-600x780.jpg 600w, https:\/\/uoogear.com\/wp-content\/uploads\/2023\/11\/HTB1A0yYcq1s3KVjSZFAq6x_ZXXar-42x54.jpg 42w\" sizes=\"auto, (max-width: 790px) 100vw, 790px\" \/><img loading=\"lazy\" decoding=\"async\" class=\"alignnone size-full wp-image-5184\" src=\"https:\/\/uoogear.com\/wp-content\/uploads\/2023\/11\/HTB1Av5PcA5E3KVjSZFCq6zuzXXaT.jpg\" width=\"790\" height=\"840\" alt=\"Namiot zewn\u0119trzny dla 3\u20134 os\u00f3b w g\u00f3rach Ultralekki, dwuwarstwowy, wodoodporny namiot kempingowy dla rodziny\" srcset=\"https:\/\/uoogear.com\/wp-content\/uploads\/2023\/11\/HTB1Av5PcA5E3KVjSZFCq6zuzXXaT.jpg 790w, https:\/\/uoogear.com\/wp-content\/uploads\/2023\/11\/HTB1Av5PcA5E3KVjSZFCq6zuzXXaT-282x300.jpg 282w, https:\/\/uoogear.com\/wp-content\/uploads\/2023\/11\/HTB1Av5PcA5E3KVjSZFCq6zuzXXaT-768x817.jpg 768w, https:\/\/uoogear.com\/wp-content\/uploads\/2023\/11\/HTB1Av5PcA5E3KVjSZFCq6zuzXXaT-600x638.jpg 600w, https:\/\/uoogear.com\/wp-content\/uploads\/2023\/11\/HTB1Av5PcA5E3KVjSZFCq6zuzXXaT-51x54.jpg 51w\" sizes=\"auto, (max-width: 790px) 100vw, 790px\" \/><\/p>\n<\/div>","protected":false},"excerpt":{"rendered":"<p>Powierzchnia: 4 Tkanina: Nylon Namiot zewn\u0119trzny Wska\u017anik wodoodporno\u015bci: 2000-3000 Mm Wska\u017anik wodoodporno\u015bci dna: 2000-3000 Mm Typ budynku: Konstrukcja w zale\u017cno\u015bci od potrzeb Styl namiotu: Uko\u015bny typ usztywnienia Sezon: Trzysezonowa Konstrukcja namiotu: Jedna sypialnia Nazwa produktu: Kemping Zastosowanie namiotu: Kemping na \u015bwie\u017cym powietrzu. Zastosowanie dzikiego namiotu: Kemping na \u015bwie\u017cym powietrzu<\/p>\n<div class=\"read-more\"><a class=\"btn btn-fill-out\" href=\"https:\/\/uoogear.com\/pl\/produkt\/a-mountains-3-4-person-outdoor-tent-ultralight-double-layer-water-resistance-camping-tent-for-family\/\">Czytaj wi\u0119cej<\/a><\/div>","protected":false},"featured_media":4748,"template":"","meta":[],"product_brand":[],"product_cat":[15],"product_tag":[],"class_list":{"0":"post-4749","1":"product","2":"type-product","3":"status-publish","4":"has-post-thumbnail","6":"product_cat-uncategorized","7":"tm-no-options","9":"first","10":"instock","11":"shipping-taxable","12":"purchasable","13":"product-type-variable"},"_links":{"self":[{"href":"https:\/\/uoogear.com\/pl\/wp-json\/wp\/v2\/product\/4749","targetHints":{"allow":["GET"]}}],"collection":[{"href":"https:\/\/uoogear.com\/pl\/wp-json\/wp\/v2\/product"}],"about":[{"href":"https:\/\/uoogear.com\/pl\/wp-json\/wp\/v2\/types\/product"}],"wp:featuredmedia":[{"embeddable":true,"href":"https:\/\/uoogear.com\/pl\/wp-json\/wp\/v2\/media\/4748"}],"wp:attachment":[{"href":"https:\/\/uoogear.com\/pl\/wp-json\/wp\/v2\/media?parent=4749"}],"wp:term":[{"taxonomy":"product_brand","embeddable":true,"href":"https:\/\/uoogear.com\/pl\/wp-json\/wp\/v2\/product_brand?post=4749"},{"taxonomy":"product_cat","embeddable":true,"href":"https:\/\/uoogear.com\/pl\/wp-json\/wp\/v2\/product_cat?post=4749"},{"taxonomy":"product_tag","embeddable":true,"href":"https:\/\/uoogear.com\/pl\/wp-json\/wp\/v2\/product_tag?post=4749"}],"curies":[{"name":"wp","href":"https:\/\/api.w.org\/{rel}","templated":true}]}}