{"id":4767,"date":"2023-11-14T02:26:09","date_gmt":"2023-11-14T02:26:09","guid":{"rendered":"https:\/\/uoogear.com\/product\/4-6-person-large-glamping-family-automatic-camping-tent-portable-backpacking-tent-outdoor-dome-tents\/"},"modified":"2023-11-30T02:33:57","modified_gmt":"2023-11-30T02:33:57","slug":"4-6-person-large-glamping-family-automatic-camping-tent-portable-backpacking-tent-outdoor-dome-tents","status":"publish","type":"product","link":"https:\/\/uoogear.com\/pl\/produkt\/4-6-person-large-glamping-family-automatic-camping-tent-portable-backpacking-tent-outdoor-dome-tents\/","title":{"rendered":"4-6-osobowy du\u017cy rodzinny namiot kempingowy Glamping Automatyczny namiot kempingowy Przeno\u015bny namiot z plecakiem Zewn\u0119trzne namioty kopu\u0142owe"},"content":{"rendered":"<ul>\n<li><strong>Obszar : <\/strong> 2,4*2,2M<\/li>\n<li><strong>Tkanina: <\/strong> poliester<\/li>\n<li><strong>Indeks wodoodporno\u015bci namiotu zewn\u0119trznego: <\/strong> 2000-3000 mm, 3000 mm<\/li>\n<li><strong>Dolny wodoodporny indeks: <\/strong> 2000-3000 mm, 3000 mm<\/li>\n<li><strong>Rodzaj budynku : <\/strong> Szybkie automatyczne otwieranie<\/li>\n<li><strong>Styl namiotu: <\/strong> Typ usztywnienia uko\u015bnego, s\u0142upek namiotu typu rurowego<\/li>\n<li><strong>Pora roku : <\/strong> Namiot czterosezonowy<\/li>\n<li><strong>Struktura : <\/strong> Jedna sypialnia i jeden pok\u00f3j dzienny, du\u017ca sypialnia\/pok\u00f3j dzienny<\/li>\n<li><strong>Kolor : <\/strong> Dostosowane<\/li>\n<li><strong>Materia\u0142 s\u0142upa: <\/strong> s\u0142upy aluminiowe<\/li>\n<li><strong>Pojemno\u015b\u0107 : <\/strong> 4-6 os\u00f3b<\/li>\n<li><strong>Waga paczki : <\/strong> 6,5 kg (14,33 funta)<\/li>\n<li><strong>Wielko\u015b\u0107 paczki : <\/strong> 110*20*20CM<\/li>\n<li><strong>s\u0142owa kluczowe : <\/strong> namiot rodzinny<\/li>\n<li><strong>styl: <\/strong> natychmiastowy namiot<\/li>\n<\/ul>\n<div>\n<div data-magic-global=\"%7B%22bizId%22%3A2348173885%2C%22pageId%22%3A5049777473%2C%22siteId%22%3A5005127539%7D\">\n<div><\/div>\n<div>\n<div data-section=\"AliMagic-vkgkdu\" data-section-title=\"Product Display\">Wy\u015bwietlacz produktu<\/div>\n<\/div>\n<div>\n<div>\n<div>\n<div>\n<div>\n<div><a href=\"https:\/\/cnhomestar.en.alibaba.com\/product\/60708146656-805607772\/factory_supplier_Iron_pole_large_family_camping_high_quality_5_8_people_waterproof_party_tent.html\" target=\"_blank\" rel=\"noopener\"><img decoding=\"async\" src=\"\/\/sc02.alicdn.com\/kf\/H3373b1a9655345c89c23d89ff080acd5N\/222400006\/H3373b1a9655345c89c23d89ff080acd5N.jpg\" data-src=\"\/\/sc02.alicdn.com\/kf\/H3373b1a9655345c89c23d89ff080acd5N\/222400006\/H3373b1a9655345c89c23d89ff080acd5N.jpg\" \/><\/a><\/div>\n<\/div>\n<\/div>\n<\/div>\n<\/div>\n<\/div>\n<div>\n<div>\n<div>\n<div>\n<div>\n<div><img decoding=\"async\" src=\"\/\/sc01.alicdn.com\/kf\/Hb55d8d7feef34118ab05a7e926191416y\/222400006\/Hb55d8d7feef34118ab05a7e926191416y.jpg\" data-src=\"\/\/sc01.alicdn.com\/kf\/Hb55d8d7feef34118ab05a7e926191416y\/222400006\/Hb55d8d7feef34118ab05a7e926191416y.jpg\" \/><\/div>\n<\/div>\n<\/div>\n<\/div>\n<\/div>\n<\/div>\n<div>\n<div>\n<div>\n<div>\n<div>\n<div><img decoding=\"async\" src=\"\/\/sc01.alicdn.com\/kf\/H5d0f88298fe64f3fbb1e3fb167d802c1F\/222400006\/H5d0f88298fe64f3fbb1e3fb167d802c1F.jpg\" data-src=\"\/\/sc01.alicdn.com\/kf\/H5d0f88298fe64f3fbb1e3fb167d802c1F\/222400006\/H5d0f88298fe64f3fbb1e3fb167d802c1F.jpg\" \/><\/div>\n<\/div>\n<\/div>\n<\/div>\n<\/div>\n<\/div>\n<div>\n<div>\n<div>\n<div>\n<div>\n<div><img decoding=\"async\" src=\"\/\/sc01.alicdn.com\/kf\/H2096738b758843a08e2b8ff6521dc225H\/222400006\/H2096738b758843a08e2b8ff6521dc225H.jpg\" data-src=\"\/\/sc01.alicdn.com\/kf\/H2096738b758843a08e2b8ff6521dc225H\/222400006\/H2096738b758843a08e2b8ff6521dc225H.jpg\" \/><\/div>\n<\/div>\n<\/div>\n<\/div>\n<\/div>\n<\/div>\n<div><\/div>\n<\/div>\n<\/div>","protected":false},"excerpt":{"rendered":"<p>Powierzchnia: 2,4*2,2 M Tkanina: poliester Namiot zewn\u0119trzny Wska\u017anik wodoodporno\u015bci: 2000-3000 Mm, 3000 mm Wska\u017anik wodoodporno\u015bci dna: 2000-3000 Mm, 3000 mm Typ budynku: Szybkie automatyczne otwieranie Styl namiotu: Uko\u015bne usztywnienie, Typ rurki Sezon namiotu : Czterosezonowa konstrukcja namiotu: jedna sypialnia i jeden pok\u00f3j dzienny, du\u017ce sypialnie\/salon<\/p>\n<div class=\"read-more\"><a class=\"btn btn-fill-out\" href=\"https:\/\/uoogear.com\/pl\/produkt\/4-6-person-large-glamping-family-automatic-camping-tent-portable-backpacking-tent-outdoor-dome-tents\/\">Czytaj wi\u0119cej<\/a><\/div>","protected":false},"featured_media":4766,"template":"","meta":[],"product_brand":[],"product_cat":[15],"product_tag":[],"class_list":{"0":"post-4767","1":"product","2":"type-product","3":"status-publish","4":"has-post-thumbnail","6":"product_cat-uncategorized","7":"tm-no-options","9":"first","10":"instock","11":"shipping-taxable","12":"purchasable","13":"product-type-variable"},"_links":{"self":[{"href":"https:\/\/uoogear.com\/pl\/wp-json\/wp\/v2\/product\/4767","targetHints":{"allow":["GET"]}}],"collection":[{"href":"https:\/\/uoogear.com\/pl\/wp-json\/wp\/v2\/product"}],"about":[{"href":"https:\/\/uoogear.com\/pl\/wp-json\/wp\/v2\/types\/product"}],"wp:featuredmedia":[{"embeddable":true,"href":"https:\/\/uoogear.com\/pl\/wp-json\/wp\/v2\/media\/4766"}],"wp:attachment":[{"href":"https:\/\/uoogear.com\/pl\/wp-json\/wp\/v2\/media?parent=4767"}],"wp:term":[{"taxonomy":"product_brand","embeddable":true,"href":"https:\/\/uoogear.com\/pl\/wp-json\/wp\/v2\/product_brand?post=4767"},{"taxonomy":"product_cat","embeddable":true,"href":"https:\/\/uoogear.com\/pl\/wp-json\/wp\/v2\/product_cat?post=4767"},{"taxonomy":"product_tag","embeddable":true,"href":"https:\/\/uoogear.com\/pl\/wp-json\/wp\/v2\/product_tag?post=4767"}],"curies":[{"name":"wp","href":"https:\/\/api.w.org\/{rel}","templated":true}]}}