{"id":4776,"date":"2023-11-14T02:26:57","date_gmt":"2023-11-14T02:26:57","guid":{"rendered":"https:\/\/uoogear.com\/product\/waterproof-glamping-travelling-tent-for-outdoor-camping-2-person-automatic-beach-tent\/"},"modified":"2023-11-30T02:34:15","modified_gmt":"2023-11-30T02:34:15","slug":"waterproof-glamping-travelling-tent-for-outdoor-camping-2-person-automatic-beach-tent","status":"publish","type":"product","link":"https:\/\/uoogear.com\/pl\/produkt\/waterproof-glamping-travelling-tent-for-outdoor-camping-2-person-automatic-beach-tent\/","title":{"rendered":"Wodoodporny namiot podr\u00f3\u017cny Glamping do biwakowania na zewn\u0105trz 2-osobowy automatyczny namiot pla\u017cowy"},"content":{"rendered":"<ul>\n<li><strong>Tkanina: <\/strong> Oksford, Oksford 150D<\/li>\n<li><strong>Indeks wodoodporno\u015bci namiotu zewn\u0119trznego: <\/strong> 1500-2000 mm<\/li>\n<li><strong>Dolny wodoodporny indeks: <\/strong> 1500-2000 mm<\/li>\n<li><strong>Rodzaj budynku : <\/strong> Szybkie automatyczne otwieranie<\/li>\n<li><strong>Styl namiotu: <\/strong> Stawka namiotowa typu tubowego<\/li>\n<li><strong>Pora roku : <\/strong> Namiot czterosezonowy<\/li>\n<li><strong>Struktura : <\/strong> Jedna sypialnia<\/li>\n<li><strong>stawka : <\/strong> 8 szt<\/li>\n<li><strong>lina : <\/strong> 4szt<\/li>\n<li><strong>materia\u0142 s\u0142upa: <\/strong> W\u0142\u00f3kno szklane<\/li>\n<li><strong>wodoodporny: <\/strong> PU2000mm<\/li>\n<li><strong>waga netto: <\/strong> 3 kg<\/li>\n<li><strong>rozmiar: <\/strong> 225*145*120cm<\/li>\n<li><strong>wielko\u015b\u0107 opakowania : <\/strong> 81*16*16<\/li>\n<\/ul>\n<div>\n<div data-magic-global=\"%7B%22bizId%22%3A2348173885%2C%22pageId%22%3A21026621679%2C%22siteId%22%3A5005127539%7D\">\n<div>\n<div>\n<div>\n<div>\n<div>\n<div><\/div>\n<\/div>\n<\/div>\n<\/div>\n<\/div>\n<\/div>\n<div>\n<div>\n<table>\n<tbody>\n<tr>\n<td>\n<div>\n<div data-spm-anchor-id=\"0.0.0.i16.3eaf4f05ECnIkX\">Arkusz muchowy<\/div>\n<\/div>\n<\/td>\n<td>\n<div>\n<div data-spm-anchor-id=\"0.0.0.i33.3eaf4f05ECnIkX\">Poliester 190T<\/div>\n<\/div>\n<\/td>\n<td>\n<div>\n<div>Wewn\u0119trzny<\/div>\n<\/div>\n<\/td>\n<td>\n<div>\n<div data-spm-anchor-id=\"0.0.0.i34.3eaf4f05ECnIkX\">Siatka B3<\/div>\n<\/div>\n<\/td>\n<\/tr>\n<tr>\n<td>\n<div>\n<div>Warstwy<\/div>\n<\/div>\n<\/td>\n<td>\n<div>\n<div data-spm-anchor-id=\"0.0.0.i39.3eaf4f05ECnIkX\">1<\/div>\n<\/div>\n<\/td>\n<td>\n<div>\n<div>Wodoodporny<\/div>\n<\/div>\n<\/td>\n<td>\n<div>\n<div data-spm-anchor-id=\"0.0.0.i4.3eaf4f05uSBrU9\">2000 mm<\/div>\n<\/div>\n<\/td>\n<\/tr>\n<tr>\n<td>\n<div>\n<div data-spm-anchor-id=\"a2700.siteadmin.0.i1.70a633332xVGCP\">galeryjny<\/div>\n<\/div>\n<\/td>\n<td>\n<div>\n<div data-spm-anchor-id=\"0.0.0.i13.3eaf4f05ECnIkX\">2<\/div>\n<\/div>\n<\/td>\n<td>\n<div>\n<div data-spm-anchor-id=\"a2700.pc-decorate.0.i37.6bb33333rkQfT1\">MOQ<\/div>\n<\/div>\n<\/td>\n<td>\n<div>\n<div data-spm-anchor-id=\"0.0.0.i42.3eaf4f05ECnIkX\">300<\/div>\n<\/div>\n<\/td>\n<\/tr>\n<tr>\n<td>\n<div>\n<div>Polak<\/div>\n<\/div>\n<\/td>\n<td>\n<div>\n<div>w\u0142\u00f3kno szklane<\/div>\n<\/div>\n<\/td>\n<td>\n<div>\n<div data-spm-anchor-id=\"a2700.pc-decorate.0.i0.6bb33333mf4yOX\">pod\u0142oga<\/div>\n<\/div>\n<\/td>\n<td>\n<div>\n<div data-spm-anchor-id=\"0.0.0.i5.3eaf4f05uSBrU9\">Oksford<\/div>\n<\/div>\n<\/td>\n<\/tr>\n<tr>\n<td>\n<div>\n<div>Rozmiar<\/div>\n<\/div>\n<\/td>\n<td>\n<div>\n<div data-spm-anchor-id=\"0.0.0.i41.3eaf4f05ECnIkX\">225*145*120 cm (szer. x g\u0142. x wys.)<\/div>\n<\/div>\n<\/td>\n<td>\n<div>\n<div data-spm-anchor-id=\"a2700.pc-decorate.0.i35.6bb33333rkQfT1\">stawka<\/div>\n<\/div>\n<\/td>\n<td>\n<div>\n<div data-spm-anchor-id=\"0.0.0.i45.3eaf4f05ECnIkX\">8 szt<\/div>\n<\/div>\n<\/td>\n<\/tr>\n<tr>\n<td>\n<div>\n<div>Uszczelka<\/div>\n<\/div>\n<\/td>\n<td>\n<div>\n<div data-spm-anchor-id=\"0.0.0.i46.3eaf4f05ECnIkX\">81*16*16cm<\/div>\n<\/div>\n<\/td>\n<td>\n<div>\n<div data-spm-anchor-id=\"a2700.siteadmin.0.i2.65e43333ALmggU\">lina<\/div>\n<\/div>\n<\/td>\n<td>\n<div>\n<div data-spm-anchor-id=\"0.0.0.i48.3eaf4f05ECnIkX\">4szt<\/div>\n<\/div>\n<\/td>\n<\/tr>\n<\/tbody>\n<\/table>\n<\/div>\n<\/div>\n<div>\n<div data-section=\"AliMagic-nrcn3x\" data-section-title=\"Product Display\">Wy\u015bwietlacz produktu<\/div>\n<\/div>\n<div>\n<div>\n<div><img decoding=\"async\" src=\"\/\/sc04.alicdn.com\/kf\/H66d44bfa529c4deca5bb320db0d955cdF\/222400006\/H66d44bfa529c4deca5bb320db0d955cdF.jpg\" data-src=\"\/\/sc04.alicdn.com\/kf\/H66d44bfa529c4deca5bb320db0d955cdF\/222400006\/H66d44bfa529c4deca5bb320db0d955cdF.jpg\" \/><\/div>\n<div><img decoding=\"async\" src=\"\/\/sc04.alicdn.com\/kf\/Hf31f6b479e6e4cdb980bf13a70437e30j\/222400006\/Hf31f6b479e6e4cdb980bf13a70437e30j.jpg\" data-src=\"\/\/sc04.alicdn.com\/kf\/Hf31f6b479e6e4cdb980bf13a70437e30j\/222400006\/Hf31f6b479e6e4cdb980bf13a70437e30j.jpg\" \/><\/div>\n<div><\/div>\n<div><img decoding=\"async\" src=\"\/\/sc04.alicdn.com\/kf\/Hc174bf694a784cd4866058cf56d44d28T\/222400006\/Hc174bf694a784cd4866058cf56d44d28T.jpg\" data-src=\"\/\/sc04.alicdn.com\/kf\/Hc174bf694a784cd4866058cf56d44d28T\/222400006\/Hc174bf694a784cd4866058cf56d44d28T.jpg\" \/><\/div>\n<div><img decoding=\"async\" src=\"\/\/sc04.alicdn.com\/kf\/H273345d97c344d6bbe2aff82a13330d6b\/222400006\/H273345d97c344d6bbe2aff82a13330d6b.jpg\" data-src=\"\/\/sc04.alicdn.com\/kf\/H273345d97c344d6bbe2aff82a13330d6b\/222400006\/H273345d97c344d6bbe2aff82a13330d6b.jpg\" \/><\/div>\n<div><img decoding=\"async\" src=\"\/\/sc04.alicdn.com\/kf\/Heff7fafd7461428c85fc1f8bfbb8e095s\/222400006\/Heff7fafd7461428c85fc1f8bfbb8e095s.jpg\" data-src=\"\/\/sc04.alicdn.com\/kf\/Heff7fafd7461428c85fc1f8bfbb8e095s\/222400006\/Heff7fafd7461428c85fc1f8bfbb8e095s.jpg\" \/><\/div>\n<\/div>\n<\/div>\n<div>\n<div data-magic=\" \" data-magic-status=\"done\">\n<div data-reactroot=\"\"><\/div>\n<\/div>\n<\/div>\n<\/div>\n<\/div>","protected":false},"excerpt":{"rendered":"<p>Tkanina: Oxford, 150D Oxford Namiot zewn\u0119trzny Wska\u017anik wodoodporno\u015bci: 1500-2000 Mm Wska\u017anik wodoodporno\u015bci dna: 1500-2000 Mm Typ budynku: Szybkie automatyczne otwieranie Styl namiotu: Typ rury Stawka namiotu Sezon: Czterosezonowa Konstrukcja namiotu: Stawka z jedn\u0105 sypialni\u0105: 8 sztuk liny : 4 szt. Materia\u0142 s\u0142upka : W\u0142\u00f3kno szklane wodoodporny : Waga netto PU2000 mm<\/p>\n<div class=\"read-more\"><a class=\"btn btn-fill-out\" href=\"https:\/\/uoogear.com\/pl\/produkt\/waterproof-glamping-travelling-tent-for-outdoor-camping-2-person-automatic-beach-tent\/\">Czytaj wi\u0119cej<\/a><\/div>","protected":false},"featured_media":4775,"template":"","meta":[],"product_brand":[],"product_cat":[15],"product_tag":[],"class_list":{"0":"post-4776","1":"product","2":"type-product","3":"status-publish","4":"has-post-thumbnail","6":"product_cat-uncategorized","7":"tm-no-options","9":"first","10":"instock","11":"shipping-taxable","12":"purchasable","13":"product-type-variable"},"_links":{"self":[{"href":"https:\/\/uoogear.com\/pl\/wp-json\/wp\/v2\/product\/4776","targetHints":{"allow":["GET"]}}],"collection":[{"href":"https:\/\/uoogear.com\/pl\/wp-json\/wp\/v2\/product"}],"about":[{"href":"https:\/\/uoogear.com\/pl\/wp-json\/wp\/v2\/types\/product"}],"wp:featuredmedia":[{"embeddable":true,"href":"https:\/\/uoogear.com\/pl\/wp-json\/wp\/v2\/media\/4775"}],"wp:attachment":[{"href":"https:\/\/uoogear.com\/pl\/wp-json\/wp\/v2\/media?parent=4776"}],"wp:term":[{"taxonomy":"product_brand","embeddable":true,"href":"https:\/\/uoogear.com\/pl\/wp-json\/wp\/v2\/product_brand?post=4776"},{"taxonomy":"product_cat","embeddable":true,"href":"https:\/\/uoogear.com\/pl\/wp-json\/wp\/v2\/product_cat?post=4776"},{"taxonomy":"product_tag","embeddable":true,"href":"https:\/\/uoogear.com\/pl\/wp-json\/wp\/v2\/product_tag?post=4776"}],"curies":[{"name":"wp","href":"https:\/\/api.w.org\/{rel}","templated":true}]}}