{"id":4786,"date":"2023-11-14T02:27:42","date_gmt":"2023-11-14T02:27:42","guid":{"rendered":"https:\/\/uoogear.com\/product\/automatic-outdoor-camping-tent-oxford-pop-up-high-quality-tents\/"},"modified":"2023-11-30T02:34:51","modified_gmt":"2023-11-30T02:34:51","slug":"automatic-outdoor-camping-tent-oxford-pop-up-high-quality-tents","status":"publish","type":"product","link":"https:\/\/uoogear.com\/pl\/produkt\/automatic-outdoor-camping-tent-oxford-pop-up-high-quality-tents\/","title":{"rendered":"Automatyczny namiot kempingowy na \u015bwie\u017cym powietrzu Oxford Pop Up Wysokiej jako\u015bci namioty"},"content":{"rendered":"<ul>\n<li><strong>Tkanina: <\/strong> Oksford<\/li>\n<li><strong>Indeks wodoodporno\u015bci namiotu zewn\u0119trznego: <\/strong> 2000-3000 mm<\/li>\n<li><strong>Dolny wodoodporny indeks: <\/strong> 2000-3000 mm<\/li>\n<li><strong>Rodzaj budynku : <\/strong> Szybkie automatyczne otwieranie<\/li>\n<li><strong>Styl namiotu: <\/strong> Stawka namiotowa typu tubowego<\/li>\n<li><strong>Pora roku : <\/strong> Namiot czterosezonowy<\/li>\n<li><strong>Struktura : <\/strong> Jedna sypialnia<\/li>\n<li><strong>Miejsce do cumowania: <\/strong> 3-4<\/li>\n<li><strong>Sypialnie: <\/strong> 1<\/li>\n<li><strong>Waga (kg) : <\/strong> 6<\/li>\n<li><strong>Rozmiar: <\/strong> 210*210*120CM<\/li>\n<li><strong>Wodoodporny: <\/strong> 2000-3000<\/li>\n<li><strong>Materia\u0142 fabryczny : <\/strong> Oksford 150D<\/li>\n<li><strong>Styl: <\/strong> Automatyczny namiot<\/li>\n<\/ul>\n<div>\n<div data-magic-global=\"%7B%22bizId%22%3A2348173885%2C%22pageId%22%3A21030964139%2C%22siteId%22%3A5005127539%7D\">\n<div>\n<div>\n<div>\n<div>\n<div>\n<div><\/div>\n<\/div>\n<\/div>\n<\/div>\n<\/div>\n<\/div>\n<div>\n<div>\n<table>\n<tbody>\n<tr>\n<td>\n<div>\n<div data-spm-anchor-id=\"0.0.0.i16.3eaf4f05ECnIkX\">Arkusz muchowy<\/div>\n<\/div>\n<\/td>\n<td>\n<div>\n<div data-spm-anchor-id=\"0.0.0.i33.3eaf4f05ECnIkX\">Oksford 150D<\/div>\n<\/div>\n<\/td>\n<td>\n<div>\n<div>Wewn\u0119trzny<\/div>\n<\/div>\n<\/td>\n<td>\n<div>\n<div data-spm-anchor-id=\"0.0.0.i34.3eaf4f05ECnIkX\">Siatka B3<\/div>\n<\/div>\n<\/td>\n<\/tr>\n<tr>\n<td>\n<div>\n<div>Warstwy<\/div>\n<\/div>\n<\/td>\n<td>\n<div>\n<div data-spm-anchor-id=\"0.0.0.i39.3eaf4f05ECnIkX\">1<\/div>\n<\/div>\n<\/td>\n<td>\n<div>\n<div>Wodoodporny<\/div>\n<\/div>\n<\/td>\n<td>\n<div>\n<div data-spm-anchor-id=\"0.0.0.i4.3eaf4f05uSBrU9\">2000-3000 mm<\/div>\n<\/div>\n<\/td>\n<\/tr>\n<tr>\n<td>\n<div>\n<div data-spm-anchor-id=\"a2700.siteadmin.0.i1.70a633332xVGCP\">Pojemno\u015b\u0107<\/div>\n<\/div>\n<\/td>\n<td>\n<div>\n<div data-spm-anchor-id=\"0.0.0.i13.3eaf4f05ECnIkX\">3-4<\/div>\n<\/div>\n<\/td>\n<td>\n<div>\n<div>Pod\u0142oga<\/div>\n<\/div>\n<\/td>\n<td>\n<div>\n<div data-spm-anchor-id=\"0.0.0.i42.3eaf4f05ECnIkX\">Oksford 150D<\/div>\n<\/div>\n<\/td>\n<\/tr>\n<tr>\n<td>\n<div>\n<div>Polak<\/div>\n<\/div>\n<\/td>\n<td>\n<div>\n<div data-spm-anchor-id=\"0.0.0.i44.3eaf4f05ECnIkX\">\u017belazo<\/div>\n<\/div>\n<\/td>\n<td>\n<div>\n<div>Waga<\/div>\n<\/div>\n<\/td>\n<td>\n<div>\n<div data-spm-anchor-id=\"0.0.0.i5.3eaf4f05uSBrU9\">6 KG<\/div>\n<\/div>\n<\/td>\n<\/tr>\n<tr>\n<td>\n<div>\n<div>Rozmiar<\/div>\n<\/div>\n<\/td>\n<td>\n<div>\n<div data-spm-anchor-id=\"0.0.0.i41.3eaf4f05ECnIkX\">210*210*120CM (szer. x g\u0142. x wys.)<\/div>\n<\/div>\n<\/td>\n<td>\n<div>\n<div data-spm-anchor-id=\"a2700.pc-decorate.0.i7.620a3333cDXuJj\">Typ<\/div>\n<\/div>\n<\/td>\n<td>\n<div>\n<div data-spm-anchor-id=\"0.0.0.i45.3eaf4f05ECnIkX\">Automatyczny namiot<\/div>\n<\/div>\n<\/td>\n<\/tr>\n<tr>\n<td>\n<div>\n<div>Uszczelka<\/div>\n<\/div>\n<\/td>\n<td>\n<div>\n<div data-spm-anchor-id=\"0.0.0.i46.3eaf4f05ECnIkX\">68*33*22 cm<\/div>\n<\/div>\n<\/td>\n<td>\n<div>\n<div data-spm-anchor-id=\"a2700.siteadmin.0.i2.65e43333ALmggU\">Styl<\/div>\n<\/div>\n<\/td>\n<td>\n<div>\n<div data-spm-anchor-id=\"0.0.0.i48.3eaf4f05ECnIkX\">wodoodporny namiot obozowy<\/div>\n<\/div>\n<\/td>\n<\/tr>\n<\/tbody>\n<\/table>\n<\/div>\n<\/div>\n<div>\n<div data-section=\"AliMagic-rzzj53\" data-section-title=\"Product Display\">Wy\u015bwietlacz produktu<\/div>\n<\/div>\n<div>\n<div>\n<div><img decoding=\"async\" src=\"\/\/sc04.alicdn.com\/kf\/H653be6caae5445ae80173ba4074a998aG\/222400006\/H653be6caae5445ae80173ba4074a998aG.jpg\" data-src=\"\/\/sc04.alicdn.com\/kf\/H653be6caae5445ae80173ba4074a998aG\/222400006\/H653be6caae5445ae80173ba4074a998aG.jpg\" \/><\/div>\n<div><img decoding=\"async\" src=\"\/\/sc04.alicdn.com\/kf\/H74feb26da27b420a94203e1dabdfb5c3g\/222400006\/H74feb26da27b420a94203e1dabdfb5c3g.jpg\" data-src=\"\/\/sc04.alicdn.com\/kf\/H74feb26da27b420a94203e1dabdfb5c3g\/222400006\/H74feb26da27b420a94203e1dabdfb5c3g.jpg\" \/><\/div>\n<div><img decoding=\"async\" src=\"\/\/sc04.alicdn.com\/kf\/H7ddec77284264c039d283ce94aedac86h\/222400006\/H7ddec77284264c039d283ce94aedac86h.jpg\" data-src=\"\/\/sc04.alicdn.com\/kf\/H7ddec77284264c039d283ce94aedac86h\/222400006\/H7ddec77284264c039d283ce94aedac86h.jpg\" \/><\/div>\n<div><img decoding=\"async\" src=\"\/\/sc04.alicdn.com\/kf\/Hb476b02098114050af5fe97a36c166ebX\/222400006\/Hb476b02098114050af5fe97a36c166ebX.jpg\" data-src=\"\/\/sc04.alicdn.com\/kf\/Hb476b02098114050af5fe97a36c166ebX\/222400006\/Hb476b02098114050af5fe97a36c166ebX.jpg\" \/><\/div>\n<div><img decoding=\"async\" src=\"\/\/sc04.alicdn.com\/kf\/H52b89160de85462b81b7f9d9a1b4a913L\/222400006\/H52b89160de85462b81b7f9d9a1b4a913L.jpg\" data-src=\"\/\/sc04.alicdn.com\/kf\/H52b89160de85462b81b7f9d9a1b4a913L\/222400006\/H52b89160de85462b81b7f9d9a1b4a913L.jpg\" \/><\/div>\n<div><img decoding=\"async\" src=\"\/\/sc04.alicdn.com\/kf\/Hdad6ef9c12844447a875369e425483deS\/222400006\/Hdad6ef9c12844447a875369e425483deS.jpg\" data-src=\"\/\/sc04.alicdn.com\/kf\/Hdad6ef9c12844447a875369e425483deS\/222400006\/Hdad6ef9c12844447a875369e425483deS.jpg\" \/><\/div>\n<\/div>\n<\/div>\n<div>\n<div data-magic=\" \" data-magic-status=\"done\">\n<div data-reactroot=\"\"><\/div>\n<\/div>\n<\/div>\n<\/div>\n<\/div>","protected":false},"excerpt":{"rendered":"<p>Tkanina : Namiot zewn\u0119trzny Oxford Wska\u017anik wodoodporno\u015bci : 2000-3000 Mm Wska\u017anik wodoodporno\u015bci dna : 2000-3000 Mm Typ budynku : Szybkie automatyczne otwieranie Styl namiotu : Typ rury Stawka namiotu Sezon : Czterosezonowa Struktura namiotu : Jedna sypialnia Miejsce do spania : 3-4 sypialnie : 1 Waga (kg): 6 Rozmiar: 210*210*120CM Wodoodporno\u015b\u0107: 2000-3000 Materia\u0142<\/p>\n<div class=\"read-more\"><a class=\"btn btn-fill-out\" href=\"https:\/\/uoogear.com\/pl\/produkt\/automatic-outdoor-camping-tent-oxford-pop-up-high-quality-tents\/\">Czytaj wi\u0119cej<\/a><\/div>","protected":false},"featured_media":4785,"template":"","meta":[],"product_brand":[],"product_cat":[15],"product_tag":[],"class_list":{"0":"post-4786","1":"product","2":"type-product","3":"status-publish","4":"has-post-thumbnail","6":"product_cat-uncategorized","7":"tm-no-options","9":"first","10":"instock","11":"shipping-taxable","12":"purchasable","13":"product-type-variable"},"_links":{"self":[{"href":"https:\/\/uoogear.com\/pl\/wp-json\/wp\/v2\/product\/4786","targetHints":{"allow":["GET"]}}],"collection":[{"href":"https:\/\/uoogear.com\/pl\/wp-json\/wp\/v2\/product"}],"about":[{"href":"https:\/\/uoogear.com\/pl\/wp-json\/wp\/v2\/types\/product"}],"wp:featuredmedia":[{"embeddable":true,"href":"https:\/\/uoogear.com\/pl\/wp-json\/wp\/v2\/media\/4785"}],"wp:attachment":[{"href":"https:\/\/uoogear.com\/pl\/wp-json\/wp\/v2\/media?parent=4786"}],"wp:term":[{"taxonomy":"product_brand","embeddable":true,"href":"https:\/\/uoogear.com\/pl\/wp-json\/wp\/v2\/product_brand?post=4786"},{"taxonomy":"product_cat","embeddable":true,"href":"https:\/\/uoogear.com\/pl\/wp-json\/wp\/v2\/product_cat?post=4786"},{"taxonomy":"product_tag","embeddable":true,"href":"https:\/\/uoogear.com\/pl\/wp-json\/wp\/v2\/product_tag?post=4786"}],"curies":[{"name":"wp","href":"https:\/\/api.w.org\/{rel}","templated":true}]}}