{"id":4794,"date":"2023-11-14T02:28:46","date_gmt":"2023-11-14T02:28:46","guid":{"rendered":"https:\/\/uoogear.com\/product\/4-person-family-camping-tents-portable-outdoor-automatic-tents-waterproof-windproof-for-hiking\/"},"modified":"2023-11-30T02:35:02","modified_gmt":"2023-11-30T02:35:02","slug":"4-person-family-camping-tents-portable-outdoor-automatic-tents-waterproof-windproof-for-hiking","status":"publish","type":"product","link":"https:\/\/uoogear.com\/pl\/produkt\/4-person-family-camping-tents-portable-outdoor-automatic-tents-waterproof-windproof-for-hiking\/","title":{"rendered":"4-osobowe rodzinne namioty kempingowe Przeno\u015bne zewn\u0119trzne namioty automatyczne Wodoodporne, wiatroszczelne do uprawiania turystyki pieszej"},"content":{"rendered":"<ul>\n<li><strong>Obszar : <\/strong> 21 Metr\u00f3w kwadratowych<\/li>\n<li><strong>Tkanina: <\/strong> Oksford 150D<\/li>\n<li><strong>Indeks wodoodporno\u015bci namiotu zewn\u0119trznego: <\/strong> &gt;3000 mm, 2000 mm<\/li>\n<li><strong>Dolny wodoodporny indeks: <\/strong> 2000-3000 mm, 3000 mm<\/li>\n<li><strong>Rodzaj budynku : <\/strong> Budowa w oparciu o potrzeby<\/li>\n<li><strong>Styl namiotu: <\/strong> Prosty typ usztywnienia, gw\u00f3\u017ad\u017a Snowfield<\/li>\n<li><strong>Pora roku : <\/strong> Namiot czterosezonowy<\/li>\n<li><strong>Struktura : <\/strong> Jedna sypialnia i jeden pok\u00f3j dzienny, du\u017ca sypialnia\/pok\u00f3j dzienny<\/li>\n<li><strong>Kolor : <\/strong> Dostosowane<\/li>\n<li><strong>Materia\u0142 s\u0142upa: <\/strong> \u017belazo<\/li>\n<li><strong>Pojemno\u015b\u0107 : <\/strong> 4-5 os\u00f3b<\/li>\n<li><strong>s\u0142owa kluczowe : <\/strong> Namioty plecakowe<\/li>\n<li><strong>styl: <\/strong> natychmiastowy namiot<\/li>\n<li><strong>Waga paczki : <\/strong> 11 kg<\/li>\n<\/ul>\n<div>\n<div data-magic-global=\"%7B%22bizId%22%3A2348173885%2C%22pageId%22%3A21017910575%2C%22siteId%22%3A5005127539%7D\">\n<div><\/div>\n<div>\n<div data-section=\"AliMagic-clh7zb\" data-section-title=\"Product Display\">Wy\u015bwietlacz produktu<\/div>\n<\/div>\n<div>\n<div>\n<div><img decoding=\"async\" src=\"\/\/sc04.alicdn.com\/kf\/Hd90aba5405b24718ba9b23b9cd1aa8c3a\/222400006\/Hd90aba5405b24718ba9b23b9cd1aa8c3a.jpg\" data-src=\"\/\/sc04.alicdn.com\/kf\/Hd90aba5405b24718ba9b23b9cd1aa8c3a\/222400006\/Hd90aba5405b24718ba9b23b9cd1aa8c3a.jpg\" \/><\/div>\n<div><img decoding=\"async\" src=\"\/\/sc04.alicdn.com\/kf\/H87fec1b7d3424395bfe6efadd8191ea7K\/222400006\/H87fec1b7d3424395bfe6efadd8191ea7K.jpg\" data-src=\"\/\/sc04.alicdn.com\/kf\/H87fec1b7d3424395bfe6efadd8191ea7K\/222400006\/H87fec1b7d3424395bfe6efadd8191ea7K.jpg\" \/><\/div>\n<div><img decoding=\"async\" src=\"\/\/sc04.alicdn.com\/kf\/He90a42f4ffc242c687661f0090e601e2n\/222400006\/He90a42f4ffc242c687661f0090e601e2n.jpg\" data-src=\"\/\/sc04.alicdn.com\/kf\/He90a42f4ffc242c687661f0090e601e2n\/222400006\/He90a42f4ffc242c687661f0090e601e2n.jpg\" \/><\/div>\n<div><img decoding=\"async\" src=\"\/\/sc04.alicdn.com\/kf\/H448a68d22dd94dee96751e6f3b6ae588r\/222400006\/H448a68d22dd94dee96751e6f3b6ae588r.jpg\" data-src=\"\/\/sc04.alicdn.com\/kf\/H448a68d22dd94dee96751e6f3b6ae588r\/222400006\/H448a68d22dd94dee96751e6f3b6ae588r.jpg\" \/><\/div>\n<div><img decoding=\"async\" src=\"\/\/sc04.alicdn.com\/kf\/H0637ce2a75714d968c5cf18cf0699702G\/222400006\/H0637ce2a75714d968c5cf18cf0699702G.jpg\" data-src=\"\/\/sc04.alicdn.com\/kf\/H0637ce2a75714d968c5cf18cf0699702G\/222400006\/H0637ce2a75714d968c5cf18cf0699702G.jpg\" \/><\/div>\n<div><img decoding=\"async\" src=\"\/\/sc04.alicdn.com\/kf\/H31a25c93d55b4782baee17bfd3a986c73\/222400006\/H31a25c93d55b4782baee17bfd3a986c73.jpg\" data-src=\"\/\/sc04.alicdn.com\/kf\/H31a25c93d55b4782baee17bfd3a986c73\/222400006\/H31a25c93d55b4782baee17bfd3a986c73.jpg\" \/><\/div>\n<div><img decoding=\"async\" src=\"\/\/sc04.alicdn.com\/kf\/H9bf447abb59942de928bc8eab5140428d\/222400006\/H9bf447abb59942de928bc8eab5140428d.jpg\" data-src=\"\/\/sc04.alicdn.com\/kf\/H9bf447abb59942de928bc8eab5140428d\/222400006\/H9bf447abb59942de928bc8eab5140428d.jpg\" \/><\/div>\n<\/div>\n<\/div>\n<div>\n<div>\n<div>\n<div>\n<div>\n<div><\/div>\n<\/div>\n<\/div>\n<\/div>\n<\/div>\n<\/div>\n<\/div>\n<\/div>","protected":false},"excerpt":{"rendered":"<p>Powierzchnia: 21 metr\u00f3w kwadratowych Tkanina: Namiot zewn\u0119trzny 150D Oxford Wska\u017anik wodoodporno\u015bci: &gt; 3000 mm, 2000 mm Wska\u017anik wodoodporno\u015bci dna: 2000-3000 Mm, 3000 mm Typ budynku: Konstrukcja w oparciu o potrzeby Styl namiotu: Typ prostego usztywnienia, Paznokcie Snowfield Sezon: Cztery -sezonowa konstrukcja namiotu: jedna sypialnia i jeden pok\u00f3j dzienny, du\u017ce sypialnie\/salon<\/p>\n<div class=\"read-more\"><a class=\"btn btn-fill-out\" href=\"https:\/\/uoogear.com\/pl\/produkt\/4-person-family-camping-tents-portable-outdoor-automatic-tents-waterproof-windproof-for-hiking\/\">Czytaj wi\u0119cej<\/a><\/div>","protected":false},"featured_media":4793,"template":"","meta":[],"product_brand":[],"product_cat":[15],"product_tag":[],"class_list":{"0":"post-4794","1":"product","2":"type-product","3":"status-publish","4":"has-post-thumbnail","6":"product_cat-uncategorized","7":"tm-no-options","9":"first","10":"instock","11":"shipping-taxable","12":"purchasable","13":"product-type-variable"},"_links":{"self":[{"href":"https:\/\/uoogear.com\/pl\/wp-json\/wp\/v2\/product\/4794","targetHints":{"allow":["GET"]}}],"collection":[{"href":"https:\/\/uoogear.com\/pl\/wp-json\/wp\/v2\/product"}],"about":[{"href":"https:\/\/uoogear.com\/pl\/wp-json\/wp\/v2\/types\/product"}],"wp:featuredmedia":[{"embeddable":true,"href":"https:\/\/uoogear.com\/pl\/wp-json\/wp\/v2\/media\/4793"}],"wp:attachment":[{"href":"https:\/\/uoogear.com\/pl\/wp-json\/wp\/v2\/media?parent=4794"}],"wp:term":[{"taxonomy":"product_brand","embeddable":true,"href":"https:\/\/uoogear.com\/pl\/wp-json\/wp\/v2\/product_brand?post=4794"},{"taxonomy":"product_cat","embeddable":true,"href":"https:\/\/uoogear.com\/pl\/wp-json\/wp\/v2\/product_cat?post=4794"},{"taxonomy":"product_tag","embeddable":true,"href":"https:\/\/uoogear.com\/pl\/wp-json\/wp\/v2\/product_tag?post=4794"}],"curies":[{"name":"wp","href":"https:\/\/api.w.org\/{rel}","templated":true}]}}