{"id":4802,"date":"2023-11-14T02:29:37","date_gmt":"2023-11-14T02:29:37","guid":{"rendered":"https:\/\/uoogear.com\/product\/star-home-throw-tent-outdoor-automatic-throwing-pop-up-waterproof-camping-hiking-tent-waterproof-large-family-tents\/"},"modified":"2023-11-30T02:35:27","modified_gmt":"2023-11-30T02:35:27","slug":"star-home-throw-tent-outdoor-automatic-throwing-pop-up-waterproof-camping-hiking-tent-waterproof-large-family-tents","status":"publish","type":"product","link":"https:\/\/uoogear.com\/pl\/produkt\/star-home-throw-tent-outdoor-automatic-throwing-pop-up-waterproof-camping-hiking-tent-waterproof-large-family-tents\/","title":{"rendered":"STAR HOME namiot do rzucania na zewn\u0105trz automatyczne rzucanie Pop Up wodoodporny Camping namiot turystyczny wodoodporne du\u017ce namioty rodzinne"},"content":{"rendered":"<ul>\n<li><strong>Tkanina: <\/strong> Tkanina oksfordzka<\/li>\n<li><strong>Indeks wodoodporno\u015bci namiotu zewn\u0119trznego: <\/strong> 2000-3000 mm<\/li>\n<li><strong>Dolny wodoodporny indeks: <\/strong> 2000-3000 mm<\/li>\n<li><strong>Rodzaj budynku : <\/strong> Szybkie automatyczne otwieranie<\/li>\n<li><strong>Styl namiotu: <\/strong> Typ usztywnienia prostego<\/li>\n<li><strong>Pora roku : <\/strong> Namiot czterosezonowy<\/li>\n<li><strong>Struktura : <\/strong> Jedna sypialnia<\/li>\n<li><strong>Styl: <\/strong> Pop-otwarte<\/li>\n<\/ul>\n<div>\n<p>STAR HOME namiot do rzucania na zewn\u0105trz automatyczne namioty rzucanie Pop Up wodoodporny Camping namiot turystyczny wodoodporne du\u017ce namioty rodzinne<\/p>\n<p>&nbsp;<\/p>\n<p>Namioty kempingowe Star Home Family to konstrukcja typu pop-up, otwierana w 5 sekund; sk\u0142adana, \u0142atwa do przenoszenia, tylko 3,7 KG.<\/p>\n<p>Siatkowe drzwi i okna, cztery strony wentylacji, ochrona przed komarami i owadami; mo\u017cna u\u017cywa\u0107 przez 3 pory roku.<\/p>\n<p>Konstrukcja z podw\u00f3jnymi drzwiami, \u0142atwe wchodzenie i wychodzenie; Rodzinne namioty kempingowe Drzwi i okna mo\u017cna ca\u0142kowicie zamkn\u0105\u0107, aby chroni\u0107 czas prywatno\u015bci.<\/p>\n<p>Rodzinne namioty kempingowe o du\u017cej przestrzeni, odpowiednie dla 3-4 os\u00f3b, przyjaci\u00f3\u0142 rodziny, do u\u017cytku na \u015bwie\u017cym powietrzu.<\/p>\n<p>Wysokiej jako\u015bci i trwa\u0142e namioty kempingowe Star Home Family doskonale sprawdz\u0105 si\u0119 podczas kr\u00f3tkich wypraw kempingowych z ma\u0142\u0105 rodzin\u0105, par\u0105 lub osob\u0105 indywidualn\u0105. Namioty kempingowe Star Home Family pozwol\u0105 Ci cieszy\u0107 si\u0119 dobrymi chwilami.<\/p>\n<p>&nbsp;<\/p>\n<p>Namioty kempingowe Star Home Family to konstrukcja typu pop-up, otwierana w 5 sekund; sk\u0142adana, \u0142atwa do przenoszenia, tylko 3,7 KG.<\/p>\n<p>Siatkowe drzwi i okna, cztery strony wentylacji, ochrona przed komarami i owadami; mo\u017cna u\u017cywa\u0107 przez 3 pory roku.<\/p>\n<p>Konstrukcja z podw\u00f3jnymi drzwiami, \u0142atwe wchodzenie i wychodzenie; Rodzinne namioty kempingowe Drzwi i okna mo\u017cna ca\u0142kowicie zamkn\u0105\u0107, aby chroni\u0107 czas prywatno\u015bci.<\/p>\n<p>Rodzinne namioty kempingowe o du\u017cej przestrzeni, odpowiednie dla 3-4 os\u00f3b, przyjaci\u00f3\u0142 rodziny, do u\u017cytku na \u015bwie\u017cym powietrzu.<\/p>\n<p>Wysokiej jako\u015bci i trwa\u0142e namioty kempingowe Star Home Family doskonale sprawdz\u0105 si\u0119 podczas kr\u00f3tkich wypraw kempingowych z ma\u0142\u0105 rodzin\u0105, par\u0105 lub osob\u0105 indywidualn\u0105. Namioty kempingowe Star Home Family pozwol\u0105 Ci cieszy\u0107 si\u0119 dobrymi chwilami.<\/p>\n<p>&nbsp;<\/p>\n<p><img decoding=\"async\" src=\"\/\/sc01.alicdn.com\/kf\/HTB18X7za4D1gK0jSZFyq6AiOVXaU\/222400006\/HTB18X7za4D1gK0jSZFyq6AiOVXaU.jpg\" alt=\"STAR HOME namiot do rzucania na zewn\u0105trz automatyczne rzucanie Pop Up wodoodporny Camping namiot turystyczny wodoodporne du\u017ce namioty rodzinne\" width=\"750\" height=\"671.25\" data-src=\"\/\/sc01.alicdn.com\/kf\/HTB18X7za4D1gK0jSZFyq6AiOVXaU\/222400006\/HTB18X7za4D1gK0jSZFyq6AiOVXaU.jpg\" data-alt=\"STAR HOME Throw Tent Outdoor Automatic Throwing Pop Up Waterproof Camping Hiking Tent Waterproof Large Family Tents\" \/><img decoding=\"async\" src=\"\/\/sc02.alicdn.com\/kf\/HTB10bIya1H2gK0jSZJnq6yT1FXa5\/222400006\/HTB10bIya1H2gK0jSZJnq6yT1FXa5.jpg\" alt=\"STAR HOME namiot do rzucania na zewn\u0105trz automatyczne rzucanie Pop Up wodoodporny Camping namiot turystyczny wodoodporne du\u017ce namioty rodzinne\" width=\"750\" height=\"648.75\" data-src=\"\/\/sc02.alicdn.com\/kf\/HTB10bIya1H2gK0jSZJnq6yT1FXa5\/222400006\/HTB10bIya1H2gK0jSZJnq6yT1FXa5.jpg\" data-alt=\"STAR HOME Throw Tent Outdoor Automatic Throwing Pop Up Waterproof Camping Hiking Tent Waterproof Large Family Tents\" \/><img decoding=\"async\" src=\"\/\/sc02.alicdn.com\/kf\/HTB17T.wa.z1gK0jSZLeq6z9kVXa1\/222400006\/HTB17T.wa.z1gK0jSZLeq6z9kVXa1.jpg\" alt=\"STAR HOME namiot do rzucania na zewn\u0105trz automatyczne rzucanie Pop Up wodoodporny Camping namiot turystyczny wodoodporne du\u017ce namioty rodzinne\" width=\"750\" height=\"534.375\" data-src=\"\/\/sc02.alicdn.com\/kf\/HTB17T.wa.z1gK0jSZLeq6z9kVXa1\/222400006\/HTB17T.wa.z1gK0jSZLeq6z9kVXa1.jpg\" data-alt=\"STAR HOME Throw Tent Outdoor Automatic Throwing Pop Up Waterproof Camping Hiking Tent Waterproof Large Family Tents\" \/><img loading=\"lazy\" decoding=\"async\" src=\"\/\/sc01.alicdn.com\/kf\/HTB11RIwa4D1gK0jSZFsq6zldVXaH\/222400006\/HTB11RIwa4D1gK0jSZFsq6zldVXaH.jpg\" alt=\"STAR HOME namiot do rzucania na zewn\u0105trz automatyczne rzucanie Pop Up wodoodporny Camping namiot turystyczny wodoodporne du\u017ce namioty rodzinne\" width=\"750\" height=\"600\" data-src=\"\/\/sc01.alicdn.com\/kf\/HTB11RIwa4D1gK0jSZFsq6zldVXaH\/222400006\/HTB11RIwa4D1gK0jSZFsq6zldVXaH.jpg\" data-alt=\"STAR HOME Throw Tent Outdoor Automatic Throwing Pop Up Waterproof Camping Hiking Tent Waterproof Large Family Tents\" \/><img decoding=\"async\" src=\"\/\/sc01.alicdn.com\/kf\/HTB1ypUza4D1gK0jSZFyq6AiOVXaP\/222400006\/HTB1ypUza4D1gK0jSZFyq6AiOVXaP.jpg\" alt=\"STAR HOME namiot do rzucania na zewn\u0105trz automatyczne rzucanie Pop Up wodoodporny Camping namiot turystyczny wodoodporne du\u017ce namioty rodzinne\" width=\"750\" height=\"678.75\" data-src=\"\/\/sc01.alicdn.com\/kf\/HTB1ypUza4D1gK0jSZFyq6AiOVXaP\/222400006\/HTB1ypUza4D1gK0jSZFyq6AiOVXaP.jpg\" data-alt=\"STAR HOME Throw Tent Outdoor Automatic Throwing Pop Up Waterproof Camping Hiking Tent Waterproof Large Family Tents\" \/><img decoding=\"async\" src=\"\/\/sc01.alicdn.com\/kf\/HTB1Nj3wa1T2gK0jSZFvq6xnFXXao\/222400006\/HTB1Nj3wa1T2gK0jSZFvq6xnFXXao.jpg\" alt=\"STAR HOME namiot do rzucania na zewn\u0105trz automatyczne rzucanie Pop Up wodoodporny Camping namiot turystyczny wodoodporne du\u017ce namioty rodzinne\" width=\"750\" height=\"736.875\" data-src=\"\/\/sc01.alicdn.com\/kf\/HTB1Nj3wa1T2gK0jSZFvq6xnFXXao\/222400006\/HTB1Nj3wa1T2gK0jSZFvq6xnFXXao.jpg\" data-alt=\"STAR HOME Throw Tent Outdoor Automatic Throwing Pop Up Waterproof Camping Hiking Tent Waterproof Large Family Tents\" \/><img decoding=\"async\" src=\"\/\/sc01.alicdn.com\/kf\/HTB1dAQwa1T2gK0jSZFvq6xnFXXaL\/222400006\/HTB1dAQwa1T2gK0jSZFvq6xnFXXaL.jpg\" alt=\"STAR HOME namiot do rzucania na zewn\u0105trz automatyczne rzucanie Pop Up wodoodporny Camping namiot turystyczny wodoodporne du\u017ce namioty rodzinne\" width=\"750\" height=\"786.5625\" data-src=\"\/\/sc01.alicdn.com\/kf\/HTB1dAQwa1T2gK0jSZFvq6xnFXXaL\/222400006\/HTB1dAQwa1T2gK0jSZFvq6xnFXXaL.jpg\" data-alt=\"STAR HOME Throw Tent Outdoor Automatic Throwing Pop Up Waterproof Camping Hiking Tent Waterproof Large Family Tents\" \/><img decoding=\"async\" src=\"\/\/sc01.alicdn.com\/kf\/HTB1p8swa9f2gK0jSZFPq6xsopXaJ\/222400006\/HTB1p8swa9f2gK0jSZFPq6xsopXaJ.jpg\" alt=\"STAR HOME namiot do rzucania na zewn\u0105trz automatyczne rzucanie Pop Up wodoodporny Camping namiot turystyczny wodoodporne du\u017ce namioty rodzinne\" width=\"750\" height=\"676.875\" data-src=\"\/\/sc01.alicdn.com\/kf\/HTB1p8swa9f2gK0jSZFPq6xsopXaJ\/222400006\/HTB1p8swa9f2gK0jSZFPq6xsopXaJ.jpg\" data-alt=\"STAR HOME Throw Tent Outdoor Automatic Throwing Pop Up Waterproof Camping Hiking Tent Waterproof Large Family Tents\" \/><img decoding=\"async\" src=\"\/\/sc01.alicdn.com\/kf\/HTB1f1wtaWL7gK0jSZFBq6xZZpXai\/222400006\/HTB1f1wtaWL7gK0jSZFBq6xZZpXai.jpg\" alt=\"STAR HOME namiot do rzucania na zewn\u0105trz automatyczne rzucanie Pop Up wodoodporny Camping namiot turystyczny wodoodporne du\u017ce namioty rodzinne\" width=\"750\" height=\"725.6250000000001\" data-src=\"\/\/sc01.alicdn.com\/kf\/HTB1f1wtaWL7gK0jSZFBq6xZZpXai\/222400006\/HTB1f1wtaWL7gK0jSZFBq6xZZpXai.jpg\" data-alt=\"STAR HOME Throw Tent Outdoor Automatic Throwing Pop Up Waterproof Camping Hiking Tent Waterproof Large Family Tents\" \/><img decoding=\"async\" src=\"\/\/sc01.alicdn.com\/kf\/HTB1oGoya7T2gK0jSZFkq6AIQFXa0\/222400006\/HTB1oGoya7T2gK0jSZFkq6AIQFXa0.jpg\" alt=\"STAR HOME namiot do rzucania na zewn\u0105trz automatyczne rzucanie Pop Up wodoodporny Camping namiot turystyczny wodoodporne du\u017ce namioty rodzinne\" width=\"750\" height=\"684.375\" data-src=\"\/\/sc01.alicdn.com\/kf\/HTB1oGoya7T2gK0jSZFkq6AIQFXa0\/222400006\/HTB1oGoya7T2gK0jSZFkq6AIQFXa0.jpg\" data-alt=\"STAR HOME Throw Tent Outdoor Automatic Throwing Pop Up Waterproof Camping Hiking Tent Waterproof Large Family Tents\" \/><img decoding=\"async\" src=\"\/\/sc02.alicdn.com\/kf\/HTB1W9cwa7P2gK0jSZPxq6ycQpXad\/222400006\/HTB1W9cwa7P2gK0jSZPxq6ycQpXad.jpg\" alt=\"STAR HOME namiot do rzucania na zewn\u0105trz automatyczne rzucanie Pop Up wodoodporny Camping namiot turystyczny wodoodporne du\u017ce namioty rodzinne\" width=\"750\" height=\"530.625\" data-src=\"\/\/sc02.alicdn.com\/kf\/HTB1W9cwa7P2gK0jSZPxq6ycQpXad\/222400006\/HTB1W9cwa7P2gK0jSZPxq6ycQpXad.jpg\" data-alt=\"STAR HOME Throw Tent Outdoor Automatic Throwing Pop Up Waterproof Camping Hiking Tent Waterproof Large Family Tents\" \/><img decoding=\"async\" src=\"\/\/sc02.alicdn.com\/kf\/HTB1nDsxa7T2gK0jSZPcq6AKkpXaU\/222400006\/HTB1nDsxa7T2gK0jSZPcq6AKkpXaU.jpg\" alt=\"STAR HOME namiot do rzucania na zewn\u0105trz automatyczne rzucanie Pop Up wodoodporny Camping namiot turystyczny wodoodporne du\u017ce namioty rodzinne\" width=\"750\" height=\"511.87500000000006\" data-src=\"\/\/sc02.alicdn.com\/kf\/HTB1nDsxa7T2gK0jSZPcq6AKkpXaU\/222400006\/HTB1nDsxa7T2gK0jSZPcq6AKkpXaU.jpg\" data-alt=\"STAR HOME Throw Tent Outdoor Automatic Throwing Pop Up Waterproof Camping Hiking Tent Waterproof Large Family Tents\" \/><img decoding=\"async\" src=\"\/\/sc01.alicdn.com\/kf\/HTB1xcsya1H2gK0jSZJnq6yT1FXaO\/222400006\/HTB1xcsya1H2gK0jSZJnq6yT1FXaO.jpg\" alt=\"STAR HOME namiot do rzucania na zewn\u0105trz automatyczne rzucanie Pop Up wodoodporny Camping namiot turystyczny wodoodporne du\u017ce namioty rodzinne\" width=\"750\" height=\"416.25\" data-src=\"\/\/sc01.alicdn.com\/kf\/HTB1xcsya1H2gK0jSZJnq6yT1FXaO\/222400006\/HTB1xcsya1H2gK0jSZJnq6yT1FXaO.jpg\" data-alt=\"STAR HOME Throw Tent Outdoor Automatic Throwing Pop Up Waterproof Camping Hiking Tent Waterproof Large Family Tents\" \/><img decoding=\"async\" src=\"\/\/sc01.alicdn.com\/kf\/HTB1KsAxa.T1gK0jSZFrq6ANCXXad\/222400006\/HTB1KsAxa.T1gK0jSZFrq6ANCXXad.jpg\" alt=\"STAR HOME namiot do rzucania na zewn\u0105trz automatyczne rzucanie Pop Up wodoodporny Camping namiot turystyczny wodoodporne du\u017ce namioty rodzinne\" width=\"750\" height=\"738.75\" data-src=\"\/\/sc01.alicdn.com\/kf\/HTB1KsAxa.T1gK0jSZFrq6ANCXXad\/222400006\/HTB1KsAxa.T1gK0jSZFrq6ANCXXad.jpg\" data-alt=\"STAR HOME Throw Tent Outdoor Automatic Throwing Pop Up Waterproof Camping Hiking Tent Waterproof Large Family Tents\" \/><\/p>\n<\/div>","protected":false},"excerpt":{"rendered":"<p>Tkanina : Tkanina Oxford Namiot zewn\u0119trzny Wska\u017anik wodoodporno\u015bci : 2000-3000 Mm Wska\u017anik wodoodporno\u015bci dna : 2000-3000 Mm Typ budynku : Szybkie automatyczne otwieranie Styl namiotu : Prosty typ usztywnienia Sezon : Czterosezonowy Struktura namiotu : Jedna sypialnia Styl : Pop-open STAR HOME Namiot do rzucania Namioty automatyczne na zewn\u0105trz Rzucanie Pop-Up Wodoodporny namiot turystyczny Camping Wodoodporny<\/p>\n<div class=\"read-more\"><a class=\"btn btn-fill-out\" href=\"https:\/\/uoogear.com\/pl\/produkt\/star-home-throw-tent-outdoor-automatic-throwing-pop-up-waterproof-camping-hiking-tent-waterproof-large-family-tents\/\">Czytaj wi\u0119cej<\/a><\/div>","protected":false},"featured_media":4801,"template":"","meta":[],"product_brand":[],"product_cat":[15],"product_tag":[],"class_list":{"0":"post-4802","1":"product","2":"type-product","3":"status-publish","4":"has-post-thumbnail","6":"product_cat-uncategorized","7":"tm-no-options","9":"first","10":"instock","11":"shipping-taxable","12":"purchasable","13":"product-type-variable"},"_links":{"self":[{"href":"https:\/\/uoogear.com\/pl\/wp-json\/wp\/v2\/product\/4802","targetHints":{"allow":["GET"]}}],"collection":[{"href":"https:\/\/uoogear.com\/pl\/wp-json\/wp\/v2\/product"}],"about":[{"href":"https:\/\/uoogear.com\/pl\/wp-json\/wp\/v2\/types\/product"}],"wp:featuredmedia":[{"embeddable":true,"href":"https:\/\/uoogear.com\/pl\/wp-json\/wp\/v2\/media\/4801"}],"wp:attachment":[{"href":"https:\/\/uoogear.com\/pl\/wp-json\/wp\/v2\/media?parent=4802"}],"wp:term":[{"taxonomy":"product_brand","embeddable":true,"href":"https:\/\/uoogear.com\/pl\/wp-json\/wp\/v2\/product_brand?post=4802"},{"taxonomy":"product_cat","embeddable":true,"href":"https:\/\/uoogear.com\/pl\/wp-json\/wp\/v2\/product_cat?post=4802"},{"taxonomy":"product_tag","embeddable":true,"href":"https:\/\/uoogear.com\/pl\/wp-json\/wp\/v2\/product_tag?post=4802"}],"curies":[{"name":"wp","href":"https:\/\/api.w.org\/{rel}","templated":true}]}}