{"id":4811,"date":"2023-11-14T02:30:25","date_gmt":"2023-11-14T02:30:25","guid":{"rendered":"https:\/\/uoogear.com\/product\/outdoor-portable-beach-tent-easy-set-up-camping-tent-instant-automatic-pop-up-beach-tent\/"},"modified":"2023-11-30T02:36:15","modified_gmt":"2023-11-30T02:36:15","slug":"outdoor-portable-beach-tent-easy-set-up-camping-tent-instant-automatic-pop-up-beach-tent","status":"publish","type":"product","link":"https:\/\/uoogear.com\/pl\/produkt\/outdoor-portable-beach-tent-easy-set-up-camping-tent-instant-automatic-pop-up-beach-tent\/","title":{"rendered":"Przeno\u015bny namiot pla\u017cowy na zewn\u0105trz. \u0141atwy w konfiguracji namiot kempingowy. Natychmiastowy, automatyczny namiot pla\u017cowy"},"content":{"rendered":"<ul>\n<li><strong>Tkanina: <\/strong> Poliester 190T<\/li>\n<li><strong>Indeks wodoodporno\u015bci namiotu zewn\u0119trznego: <\/strong> 2000-3000 mm, 2000-3000 mm<\/li>\n<li><strong>Dolny wodoodporny indeks: <\/strong> 2000-3000 mm, 2000-3000 mm<\/li>\n<li><strong>Rodzaj budynku : <\/strong> Budowa w oparciu o potrzeby<\/li>\n<li><strong>Styl namiotu: <\/strong> Typ usztywnienia prostego<\/li>\n<li><strong>Pora roku : <\/strong> Namiot czterosezonowy<\/li>\n<li><strong>Struktura : <\/strong> Jedna sypialnia i jeden pok\u00f3j dzienny, du\u017ce sypialnie<\/li>\n<li><strong>Kolor : <\/strong> Ziele\u0144 wojskowa<\/li>\n<li><strong>Materia\u0142 s\u0142upa: <\/strong> Pr\u0119t z w\u0142\u00f3kna szklanego<\/li>\n<li><strong>Pojemno\u015b\u0107 : <\/strong> 2 Cz\u0142owiek<\/li>\n<li><strong>s\u0142owa kluczowe : <\/strong> Namiot pla\u017cowy<\/li>\n<li><strong>styl: <\/strong> Namiot pla\u017cowy<\/li>\n<li><strong>Waga paczki : <\/strong> 2,6 kg<\/li>\n<li><strong>Wielko\u015b\u0107 paczki : <\/strong> 75*5*75cm<\/li>\n<\/ul>\n<div>\n<div data-magic-global=\"%7B%22bizId%22%3A2348173885%2C%22pageId%22%3A20172715799%2C%22siteId%22%3A5005127539%7D\">\n<div>\n<div>\n<div>\n<div>\n<div>\n<div><\/div>\n<\/div>\n<\/div>\n<\/div>\n<\/div>\n<\/div>\n<div>\n<div>\n<table>\n<tbody>\n<tr>\n<td>\n<div>\n<div data-spm-anchor-id=\"0.0.0.i16.3eaf4f05ECnIkX\">Lata\u0107<\/div>\n<\/div>\n<\/td>\n<td>\n<div>\n<div data-spm-anchor-id=\"0.0.0.i33.3eaf4f05ECnIkX\">Poliester 190T<\/div>\n<\/div>\n<\/td>\n<td>\n<div>\n<div>Wewn\u0119trzny<\/div>\n<\/div>\n<\/td>\n<td>\n<div>\n<div data-spm-anchor-id=\"0.0.0.i34.3eaf4f05ECnIkX\">Siatka B3<\/div>\n<\/div>\n<\/td>\n<\/tr>\n<tr>\n<td>\n<div>\n<div data-spm-anchor-id=\"a2700.pc-decorate.0.i1.7e7f33333Ga052\">Warstwy<\/div>\n<\/div>\n<\/td>\n<td>\n<div>\n<div data-spm-anchor-id=\"0.0.0.i39.3eaf4f05ECnIkX\">1<\/div>\n<\/div>\n<\/td>\n<td>\n<div>\n<div>Wodoodporny<\/div>\n<\/div>\n<\/td>\n<td>\n<div>\n<div data-spm-anchor-id=\"0.0.0.i4.3eaf4f05uSBrU9\">2000 mm<\/div>\n<\/div>\n<\/td>\n<\/tr>\n<tr>\n<td>\n<div>\n<div data-spm-anchor-id=\"a2700.siteadmin.0.i1.70a633332xVGCP\">galeryjny<\/div>\n<\/div>\n<\/td>\n<td>\n<div>\n<div data-spm-anchor-id=\"0.0.0.i13.3eaf4f05ECnIkX\">2<\/div>\n<\/div>\n<\/td>\n<td>\n<div>\n<div>Pod\u0142oga<\/div>\n<\/div>\n<\/td>\n<td>\n<div>\n<div data-spm-anchor-id=\"0.0.0.i42.3eaf4f05ECnIkX\">210D Oksford<\/div>\n<\/div>\n<\/td>\n<\/tr>\n<tr>\n<td>\n<div>\n<div>Polak<\/div>\n<\/div>\n<\/td>\n<td>\n<div>\n<div data-spm-anchor-id=\"0.0.0.i44.3eaf4f05ECnIkX\">W\u0142\u00f3kno szklane<\/div>\n<\/div>\n<\/td>\n<td>\n<div>\n<div>Waga<\/div>\n<\/div>\n<\/td>\n<td>\n<div>\n<div data-spm-anchor-id=\"0.0.0.i5.3eaf4f05uSBrU9\">2,6 kg<\/div>\n<\/div>\n<\/td>\n<\/tr>\n<tr>\n<td>\n<div>\n<div>Rozmiar<\/div>\n<\/div>\n<\/td>\n<td>\n<div>\n<div>246\u00d7148\u00d7105 cm<\/div>\n<\/div>\n<\/td>\n<td>\n<div>\n<div data-spm-anchor-id=\"a2700.pc-decorate.0.i3.7e7f33333Ga052\">Powierzchnia pod\u0142ogi<\/div>\n<\/div>\n<\/td>\n<td>\n<div>\n<div data-spm-anchor-id=\"0.0.0.i45.3eaf4f05ECnIkX\">\/<\/div>\n<\/div>\n<\/td>\n<\/tr>\n<tr>\n<td>\n<div>\n<div>Uszczelka<\/div>\n<\/div>\n<\/td>\n<td>\n<div>\n<div data-spm-anchor-id=\"0.0.0.i46.3eaf4f05ECnIkX\">75*5*75cm<\/div>\n<\/div>\n<\/td>\n<td>\n<div>\n<div data-spm-anchor-id=\"a2700.siteadmin.0.i2.65e43333ALmggU\">Akcesoria<\/div>\n<\/div>\n<\/td>\n<td>\n<div>\n<div data-spm-anchor-id=\"0.0.0.i48.3eaf4f05ECnIkX\">YNS<\/div>\n<\/div>\n<\/td>\n<\/tr>\n<\/tbody>\n<\/table>\n<\/div>\n<\/div>\n<div>\n<div data-section=\"AliMagic-privj1\" data-section-title=\"Product Display\">Wy\u015bwietlacz produktu<\/div>\n<\/div>\n<div>\n<div>\n<div><\/div>\n<div><img decoding=\"async\" src=\"\/\/sc04.alicdn.com\/kf\/H53d22aad7c3745618fef0101b229106dd\/222400006\/H53d22aad7c3745618fef0101b229106dd.jpg\" data-src=\"\/\/sc04.alicdn.com\/kf\/H53d22aad7c3745618fef0101b229106dd\/222400006\/H53d22aad7c3745618fef0101b229106dd.jpg\" \/><\/div>\n<div><img decoding=\"async\" src=\"\/\/sc04.alicdn.com\/kf\/H3d3e49d6ebf647b8888e012fc4d016ccG\/222400006\/H3d3e49d6ebf647b8888e012fc4d016ccG.jpg\" data-src=\"\/\/sc04.alicdn.com\/kf\/H3d3e49d6ebf647b8888e012fc4d016ccG\/222400006\/H3d3e49d6ebf647b8888e012fc4d016ccG.jpg\" \/><\/div>\n<div><img decoding=\"async\" src=\"\/\/sc04.alicdn.com\/kf\/H6c535855a7c64aa1b8afd8cc454f2d1cW\/222400006\/H6c535855a7c64aa1b8afd8cc454f2d1cW.jpg\" data-src=\"\/\/sc04.alicdn.com\/kf\/H6c535855a7c64aa1b8afd8cc454f2d1cW\/222400006\/H6c535855a7c64aa1b8afd8cc454f2d1cW.jpg\" \/><\/div>\n<div><img decoding=\"async\" src=\"\/\/sc04.alicdn.com\/kf\/Hf0b7253e8bd3442aba393ed4140342feP\/222400006\/Hf0b7253e8bd3442aba393ed4140342feP.jpg\" data-src=\"\/\/sc04.alicdn.com\/kf\/Hf0b7253e8bd3442aba393ed4140342feP\/222400006\/Hf0b7253e8bd3442aba393ed4140342feP.jpg\" \/><\/div>\n<div><img decoding=\"async\" src=\"\/\/sc04.alicdn.com\/kf\/Hac52e9e4250c4563bc97691c2ec0cf0fO\/222400006\/Hac52e9e4250c4563bc97691c2ec0cf0fO.jpg\" data-src=\"\/\/sc04.alicdn.com\/kf\/Hac52e9e4250c4563bc97691c2ec0cf0fO\/222400006\/Hac52e9e4250c4563bc97691c2ec0cf0fO.jpg\" \/><\/div>\n<div><img decoding=\"async\" src=\"\/\/sc04.alicdn.com\/kf\/Hfaefad9c0ed244c4aaa943f75766c7a89\/222400006\/Hfaefad9c0ed244c4aaa943f75766c7a89.jpg\" data-src=\"\/\/sc04.alicdn.com\/kf\/Hfaefad9c0ed244c4aaa943f75766c7a89\/222400006\/Hfaefad9c0ed244c4aaa943f75766c7a89.jpg\" \/><\/div>\n<\/div>\n<\/div>\n<div><\/div>\n<\/div>\n<\/div>","protected":false},"excerpt":{"rendered":"<p>Tkanina: Poliester 190T Namiot zewn\u0119trzny Wska\u017anik wodoodporno\u015bci: 2000-3000 Mm, 2000-3000 mm Wska\u017anik wodoodporno\u015bci dna: 2000-3000 Mm, 2000-3000 mm Typ budynku: Konstrukcja w zale\u017cno\u015bci od potrzeb Styl namiotu: Prosty typ usztywnienia Sezon: Namiot czterosezonowy Struktura: Jedna sypialnia i jeden pok\u00f3j dzienny, du\u017ce sypialnie Kolor: Wojskowa ziele\u0144 Materia\u0142 s\u0142upa:<\/p>\n<div class=\"read-more\"><a class=\"btn btn-fill-out\" href=\"https:\/\/uoogear.com\/pl\/produkt\/outdoor-portable-beach-tent-easy-set-up-camping-tent-instant-automatic-pop-up-beach-tent\/\">Czytaj wi\u0119cej<\/a><\/div>","protected":false},"featured_media":4810,"template":"","meta":[],"product_brand":[],"product_cat":[15],"product_tag":[],"class_list":{"0":"post-4811","1":"product","2":"type-product","3":"status-publish","4":"has-post-thumbnail","6":"product_cat-uncategorized","7":"tm-no-options","9":"first","10":"instock","11":"shipping-taxable","12":"purchasable","13":"product-type-variable"},"_links":{"self":[{"href":"https:\/\/uoogear.com\/pl\/wp-json\/wp\/v2\/product\/4811","targetHints":{"allow":["GET"]}}],"collection":[{"href":"https:\/\/uoogear.com\/pl\/wp-json\/wp\/v2\/product"}],"about":[{"href":"https:\/\/uoogear.com\/pl\/wp-json\/wp\/v2\/types\/product"}],"wp:featuredmedia":[{"embeddable":true,"href":"https:\/\/uoogear.com\/pl\/wp-json\/wp\/v2\/media\/4810"}],"wp:attachment":[{"href":"https:\/\/uoogear.com\/pl\/wp-json\/wp\/v2\/media?parent=4811"}],"wp:term":[{"taxonomy":"product_brand","embeddable":true,"href":"https:\/\/uoogear.com\/pl\/wp-json\/wp\/v2\/product_brand?post=4811"},{"taxonomy":"product_cat","embeddable":true,"href":"https:\/\/uoogear.com\/pl\/wp-json\/wp\/v2\/product_cat?post=4811"},{"taxonomy":"product_tag","embeddable":true,"href":"https:\/\/uoogear.com\/pl\/wp-json\/wp\/v2\/product_tag?post=4811"}],"curies":[{"name":"wp","href":"https:\/\/api.w.org\/{rel}","templated":true}]}}