{"id":4825,"date":"2023-11-14T02:32:23","date_gmt":"2023-11-14T02:32:23","guid":{"rendered":"https:\/\/uoogear.com\/product\/4-person-double-layers-heated-automatic-camping-outdoor-tent\/"},"modified":"2023-11-30T02:36:43","modified_gmt":"2023-11-30T02:36:43","slug":"4-person-double-layers-heated-automatic-camping-outdoor-tent","status":"publish","type":"product","link":"https:\/\/uoogear.com\/pl\/produkt\/4-person-double-layers-heated-automatic-camping-outdoor-tent\/","title":{"rendered":"4-osobowy, dwuwarstwowy, automatycznie podgrzewany namiot kempingowy na zewn\u0105trz"},"content":{"rendered":"<ul>\n<li><strong>Obszar : <\/strong> 4.41<\/li>\n<li><strong>Tkanina: <\/strong> Poliester 190T<\/li>\n<li><strong>Styl namiotu: <\/strong> Gra w kamufla\u017c\/pola<\/li>\n<li><strong>Pora roku : <\/strong> Namiot trzysezonowy<\/li>\n<li><strong>Struktura : <\/strong> Jedna sypialnia<\/li>\n<li><strong>Wewn\u0119trzny : <\/strong> Poliester 190T<\/li>\n<li><strong>wodoodporny: <\/strong> PU2000<\/li>\n<li><strong>Pod\u0142oga : <\/strong> Oxfordy 210D<\/li>\n<li><strong>Rozmiar: <\/strong> 200 cm * 180 cm * 130 cm<\/li>\n<li><strong>warstwa : <\/strong> Podw\u00f3jnie<\/li>\n<li><strong>pora roku : <\/strong> cztery<\/li>\n<li><strong>Waga : <\/strong> 4,35 kg<\/li>\n<li><strong>Nazwa : <\/strong> 4-osobowy, dwuwarstwowy, automatycznie podgrzewany namiot kempingowy na zewn\u0105trz<\/li>\n<li><strong>Obs\u0142uga posprzeda\u017cna: <\/strong> Na czas<\/li>\n<li><strong>Kolor : <\/strong> Niebieski<\/li>\n<\/ul>\n<p>&nbsp;<\/p>\n<p>Opis produktu<\/p>\n<div data-section=\"AliPostDhMb-t5fp0\" data-section-title=\"Product Description\">\n<div>\n<p>\u00a0<img loading=\"lazy\" decoding=\"async\" src=\"\/\/sc01.alicdn.com\/kf\/HTB1oDKpLXXXXXaoXpXXq6xXFXXXc\/222400006\/HTB1oDKpLXXXXXaoXpXXq6xXFXXXc.jpg\" alt=\"4-osobowy, dwuwarstwowy, automatycznie podgrzewany namiot kempingowy na zewn\u0105trz\" width=\"750\" height=\"750\" data-src=\"\/\/sc01.alicdn.com\/kf\/HTB1oDKpLXXXXXaoXpXXq6xXFXXXc\/222400006\/HTB1oDKpLXXXXXaoXpXXq6xXFXXXc.jpg\" data-alt=\"4 person Double layers heated automatic camping outdoor tent\" \/><img loading=\"lazy\" decoding=\"async\" src=\"\/\/sc01.alicdn.com\/kf\/HTB1ko1gLXXXXXbaXFXXq6xXFXXXz\/222400006\/HTB1ko1gLXXXXXbaXFXXq6xXFXXXz.jpg\" alt=\"4-osobowy, dwuwarstwowy, automatycznie podgrzewany namiot kempingowy na zewn\u0105trz\" width=\"750\" height=\"750\" data-src=\"\/\/sc01.alicdn.com\/kf\/HTB1ko1gLXXXXXbaXFXXq6xXFXXXz\/222400006\/HTB1ko1gLXXXXXbaXFXXq6xXFXXXz.jpg\" data-alt=\"4 person Double layers heated automatic camping outdoor tent\" \/><img loading=\"lazy\" decoding=\"async\" src=\"\/\/sc02.alicdn.com\/kf\/HTB1m0uxLXXXXXbnXXXXq6xXFXXX9\/222400006\/HTB1m0uxLXXXXXbnXXXXq6xXFXXX9.jpg\" alt=\"4-osobowy, dwuwarstwowy, automatycznie podgrzewany namiot kempingowy na zewn\u0105trz\" width=\"750\" height=\"750\" data-src=\"\/\/sc02.alicdn.com\/kf\/HTB1m0uxLXXXXXbnXXXXq6xXFXXX9\/222400006\/HTB1m0uxLXXXXXbnXXXXq6xXFXXX9.jpg\" data-alt=\"4 person Double layers heated automatic camping outdoor tent\" \/><img loading=\"lazy\" decoding=\"async\" src=\"\/\/sc02.alicdn.com\/kf\/HTB1ISWkLXXXXXXkXXXXq6xXFXXXx\/222400006\/HTB1ISWkLXXXXXXkXXXXq6xXFXXXx.jpg\" alt=\"4-osobowy, dwuwarstwowy, automatycznie podgrzewany namiot kempingowy na zewn\u0105trz\" width=\"750\" height=\"750\" data-src=\"\/\/sc02.alicdn.com\/kf\/HTB1ISWkLXXXXXXkXXXXq6xXFXXXx\/222400006\/HTB1ISWkLXXXXXXkXXXXq6xXFXXXx.jpg\" data-alt=\"4 person Double layers heated automatic camping outdoor tent\" \/><img loading=\"lazy\" decoding=\"async\" src=\"\/\/sc01.alicdn.com\/kf\/HTB1dfijLXXXXXc2XpXXq6xXFXXXG\/222400006\/HTB1dfijLXXXXXc2XpXXq6xXFXXXG.jpg\" alt=\"4-osobowy, dwuwarstwowy, automatycznie podgrzewany namiot kempingowy na zewn\u0105trz\" width=\"750\" height=\"750\" data-src=\"\/\/sc01.alicdn.com\/kf\/HTB1dfijLXXXXXc2XpXXq6xXFXXXG\/222400006\/HTB1dfijLXXXXXc2XpXXq6xXFXXXG.jpg\" data-alt=\"4 person Double layers heated automatic camping outdoor tent\" \/><\/p>\n<p>&nbsp;<\/p>\n<p>&nbsp;<\/p>\n<\/div>\n<\/div>","protected":false},"excerpt":{"rendered":"<p>Powierzchnia: 4.41 Tkanina: poliester 190T Styl namiotu: Kamufla\u017c\/gra terenowa Sezon: Trzysezonowa Konstrukcja namiotu: Jedna sypialnia Wn\u0119trze: poliester 190T wodoodporny: PU2000 Pod\u0142oga: Oxford 210D Rozmiar: 200cm*180cm*130cm warstwa: Podw\u00f3jny sezon: cztery Waga: 4,35 kg Nazwa: 4-osobowy Podw\u00f3jny, podgrzewany, automatyczny namiot kempingowy na zewn\u0105trz<\/p>\n<div class=\"read-more\"><a class=\"btn btn-fill-out\" href=\"https:\/\/uoogear.com\/pl\/produkt\/4-person-double-layers-heated-automatic-camping-outdoor-tent\/\">Czytaj wi\u0119cej<\/a><\/div>","protected":false},"featured_media":4824,"template":"","meta":[],"product_brand":[],"product_cat":[15],"product_tag":[],"class_list":{"0":"post-4825","1":"product","2":"type-product","3":"status-publish","4":"has-post-thumbnail","6":"product_cat-uncategorized","7":"tm-no-options","9":"first","10":"instock","11":"shipping-taxable","12":"purchasable","13":"product-type-variable"},"_links":{"self":[{"href":"https:\/\/uoogear.com\/pl\/wp-json\/wp\/v2\/product\/4825","targetHints":{"allow":["GET"]}}],"collection":[{"href":"https:\/\/uoogear.com\/pl\/wp-json\/wp\/v2\/product"}],"about":[{"href":"https:\/\/uoogear.com\/pl\/wp-json\/wp\/v2\/types\/product"}],"wp:featuredmedia":[{"embeddable":true,"href":"https:\/\/uoogear.com\/pl\/wp-json\/wp\/v2\/media\/4824"}],"wp:attachment":[{"href":"https:\/\/uoogear.com\/pl\/wp-json\/wp\/v2\/media?parent=4825"}],"wp:term":[{"taxonomy":"product_brand","embeddable":true,"href":"https:\/\/uoogear.com\/pl\/wp-json\/wp\/v2\/product_brand?post=4825"},{"taxonomy":"product_cat","embeddable":true,"href":"https:\/\/uoogear.com\/pl\/wp-json\/wp\/v2\/product_cat?post=4825"},{"taxonomy":"product_tag","embeddable":true,"href":"https:\/\/uoogear.com\/pl\/wp-json\/wp\/v2\/product_tag?post=4825"}],"curies":[{"name":"wp","href":"https:\/\/api.w.org\/{rel}","templated":true}]}}