{"id":4833,"date":"2023-11-14T02:33:09","date_gmt":"2023-11-14T02:33:09","guid":{"rendered":"https:\/\/uoogear.com\/product\/outdoor-automatic-tent-2-3-people-waterproof-family-tent-hiking-camping-throwing-pop-up-tent\/"},"modified":"2023-11-30T02:34:19","modified_gmt":"2023-11-30T02:34:19","slug":"outdoor-automatic-tent-2-3-people-waterproof-family-tent-hiking-camping-throwing-pop-up-tent","status":"publish","type":"product","link":"https:\/\/uoogear.com\/pl\/produkt\/outdoor-automatic-tent-2-3-people-waterproof-family-tent-hiking-camping-throwing-pop-up-tent\/","title":{"rendered":"Namiot automatyczny na zewn\u0105trz 2-3 osoby Wodoodporny namiot rodzinny Piesze wycieczki Kemping Namiot do rzucania"},"content":{"rendered":"<ul>\n<li><strong>Obszar : <\/strong> 3.5<\/li>\n<li><strong>Tkanina: <\/strong> Nylon<\/li>\n<li><strong>Indeks wodoodporno\u015bci namiotu zewn\u0119trznego: <\/strong> 2000-3000 mm<\/li>\n<li><strong>Dolny wodoodporny indeks: <\/strong> 2000-3000 mm<\/li>\n<li><strong>Rodzaj budynku : <\/strong> Szybkie automatyczne otwieranie<\/li>\n<li><strong>Styl namiotu: <\/strong> Typ st\u0119\u017cenia uko\u015bnego<\/li>\n<li><strong>Pora roku : <\/strong> Namiot trzysezonowy<\/li>\n<li><strong>Struktura : <\/strong> Jedna sypialnia<\/li>\n<li><strong>Nazwa produktu : <\/strong> Namiot kempingowy<\/li>\n<li><strong>Stosowanie : <\/strong> Dziki namiot na \u015bwie\u017cym powietrzu<\/li>\n<li><strong>Aplikacja : <\/strong> Automatyczny namiot<\/li>\n<\/ul>\n<div>\n<p><strong>Namiot automatyczny na zewn\u0105trz 2-3 osoby Wodoodporny namiot rodzinny Piesze wycieczki Kemping Namiot do rzucania<\/strong><\/p>\n<p>&nbsp;<\/p>\n<ul>\n<li>\n<div>Obowi\u0105zuj\u0105ca liczba: 2-3 osoby<\/div>\n<div>Rozwi\u0144 wymiar: 245 x 145 x 100 cm<\/div>\n<div>Kolor: pomara\u0144czowy, br\u0105zowy<\/div>\n<div>Masa netto: 2,45 kg<\/div>\n<div>Tkanina: tkanina Oxford 210D<\/div>\n<div>Typ budynku: Szybkie automatyczne otwieranie<\/div>\n<div>Indeks wodoodporno\u015bci: 2000-3000 mm<\/div>\n<div>Gaza: gaza o du\u017cej g\u0119sto\u015bci B3<\/div>\n<div>Tkanina bazowa: PE<\/div>\n<div>Rozp\u00f3rka: solidne w\u0142\u00f3kno szklane<\/div>\n<div>Akcesoria: gwo\u017adzie, lina<\/div>\n<div>Zastosowania: wypoczynek w parku \/ kemping na \u015bwie\u017cym powietrzu<\/div>\n<div><\/div>\n<div>Cechy:<\/div>\n<div>1. Rzu\u0107 lekko i natychmiast otw\u00f3rz Szeroki i przepuszczalny.<\/div>\n<div>2. Przestronny i niezbyt zat\u0142oczony dla 2-3 os\u00f3b. Wiele okien. Przepuszczalny i nie duszny<\/div>\n<div>3.Otw\u00f3rz opakowanie, delikatnie dotknij ta\u015bmy, wyrzu\u0107 j\u0105 i natychmiast si\u0119 rozk\u0142ada. Kobiety mog\u0105 to zrobi\u0107 z \u0142atwo\u015bci\u0105.<\/div>\n<div>4.Pe\u0142na siatka drzwiowa. Ochrona prywatno\u015bci. Oddychaj\u0105ca i chroni\u0105ca przed komarami<\/div>\n<div>5. Gruby i odporny na zu\u017cycie. Wodoodporne dno namiotu z PE<\/div>\n<div>6. Wysokiej jako\u015bci rozp\u00f3rka z litego w\u0142\u00f3kna szklanego, bez p\u0119kni\u0119\u0107 po wielokrotnych testach sk\u0142adania. Dobra elastyczno\u015b\u0107 i trwa\u0142o\u015b\u0107.<\/div>\n<div>7. Z konstrukcj\u0105 przedsionkow\u0105. Podw\u00f3jne zas\u0142ony. Bardziej humanizowany uk\u0142ad przestrzeni.<\/div>\n<div>8. Czterok\u0105tny otw\u00f3r wentylacyjny. Utrzymuj cyrkulacj\u0119 powietrza w stanie ca\u0142kowicie zamkni\u0119tym.<\/div>\n<\/li>\n<\/ul>\n<p><img loading=\"lazy\" decoding=\"async\" class=\"alignnone size-full wp-image-5141\" src=\"https:\/\/uoogear.com\/wp-content\/uploads\/2023\/11\/HTB1ak5xbBGE3KVjSZFhq6AkaFXaE.jpg\" width=\"750\" height=\"886\" alt=\"Namiot automatyczny na zewn\u0105trz 2-3 osoby Wodoodporny namiot rodzinny Piesze wycieczki Kemping Namiot do rzucania\" srcset=\"https:\/\/uoogear.com\/wp-content\/uploads\/2023\/11\/HTB1ak5xbBGE3KVjSZFhq6AkaFXaE.jpg 750w, https:\/\/uoogear.com\/wp-content\/uploads\/2023\/11\/HTB1ak5xbBGE3KVjSZFhq6AkaFXaE-254x300.jpg 254w, https:\/\/uoogear.com\/wp-content\/uploads\/2023\/11\/HTB1ak5xbBGE3KVjSZFhq6AkaFXaE-600x709.jpg 600w, https:\/\/uoogear.com\/wp-content\/uploads\/2023\/11\/HTB1ak5xbBGE3KVjSZFhq6AkaFXaE-46x54.jpg 46w\" sizes=\"auto, (max-width: 750px) 100vw, 750px\" \/><img loading=\"lazy\" decoding=\"async\" class=\"alignnone size-full wp-image-5142\" src=\"https:\/\/uoogear.com\/wp-content\/uploads\/2023\/11\/HTB1g9qybCWD3KVjSZSgq6ACxVXa6.jpg\" width=\"750\" height=\"1224\" alt=\"Namiot automatyczny na zewn\u0105trz 2-3 osoby Wodoodporny namiot rodzinny Piesze wycieczki Kemping Namiot do rzucania\" srcset=\"https:\/\/uoogear.com\/wp-content\/uploads\/2023\/11\/HTB1g9qybCWD3KVjSZSgq6ACxVXa6.jpg 750w, https:\/\/uoogear.com\/wp-content\/uploads\/2023\/11\/HTB1g9qybCWD3KVjSZSgq6ACxVXa6-184x300.jpg 184w, https:\/\/uoogear.com\/wp-content\/uploads\/2023\/11\/HTB1g9qybCWD3KVjSZSgq6ACxVXa6-627x1024.jpg 627w, https:\/\/uoogear.com\/wp-content\/uploads\/2023\/11\/HTB1g9qybCWD3KVjSZSgq6ACxVXa6-600x979.jpg 600w, https:\/\/uoogear.com\/wp-content\/uploads\/2023\/11\/HTB1g9qybCWD3KVjSZSgq6ACxVXa6-33x54.jpg 33w\" sizes=\"auto, (max-width: 750px) 100vw, 750px\" \/><img loading=\"lazy\" decoding=\"async\" class=\"alignnone size-full wp-image-5143\" src=\"https:\/\/uoogear.com\/wp-content\/uploads\/2023\/11\/HTB1ypKzbBSD3KVjSZFqq6A4bpXaD.jpg\" width=\"750\" height=\"1134\" alt=\"Namiot automatyczny na zewn\u0105trz 2-3 osoby Wodoodporny namiot rodzinny Piesze wycieczki Kemping Namiot do rzucania\" srcset=\"https:\/\/uoogear.com\/wp-content\/uploads\/2023\/11\/HTB1ypKzbBSD3KVjSZFqq6A4bpXaD.jpg 750w, https:\/\/uoogear.com\/wp-content\/uploads\/2023\/11\/HTB1ypKzbBSD3KVjSZFqq6A4bpXaD-198x300.jpg 198w, https:\/\/uoogear.com\/wp-content\/uploads\/2023\/11\/HTB1ypKzbBSD3KVjSZFqq6A4bpXaD-677x1024.jpg 677w, https:\/\/uoogear.com\/wp-content\/uploads\/2023\/11\/HTB1ypKzbBSD3KVjSZFqq6A4bpXaD-600x907.jpg 600w, https:\/\/uoogear.com\/wp-content\/uploads\/2023\/11\/HTB1ypKzbBSD3KVjSZFqq6A4bpXaD-36x54.jpg 36w\" sizes=\"auto, (max-width: 750px) 100vw, 750px\" \/><img loading=\"lazy\" decoding=\"async\" class=\"alignnone size-full wp-image-5144\" src=\"https:\/\/uoogear.com\/wp-content\/uploads\/2023\/11\/HTB1qJOCbBGw3KVjSZFwq6zQ2FXag.jpg\" width=\"750\" height=\"1266\" alt=\"Namiot automatyczny na zewn\u0105trz 2-3 osoby Wodoodporny namiot rodzinny Piesze wycieczki Kemping Namiot do rzucania\" srcset=\"https:\/\/uoogear.com\/wp-content\/uploads\/2023\/11\/HTB1qJOCbBGw3KVjSZFwq6zQ2FXag.jpg 750w, https:\/\/uoogear.com\/wp-content\/uploads\/2023\/11\/HTB1qJOCbBGw3KVjSZFwq6zQ2FXag-178x300.jpg 178w, https:\/\/uoogear.com\/wp-content\/uploads\/2023\/11\/HTB1qJOCbBGw3KVjSZFwq6zQ2FXag-607x1024.jpg 607w, https:\/\/uoogear.com\/wp-content\/uploads\/2023\/11\/HTB1qJOCbBGw3KVjSZFwq6zQ2FXag-600x1013.jpg 600w, https:\/\/uoogear.com\/wp-content\/uploads\/2023\/11\/HTB1qJOCbBGw3KVjSZFwq6zQ2FXag-32x54.jpg 32w\" sizes=\"auto, (max-width: 750px) 100vw, 750px\" \/><img loading=\"lazy\" decoding=\"async\" class=\"alignnone size-full wp-image-5145\" src=\"https:\/\/uoogear.com\/wp-content\/uploads\/2023\/11\/HTB1YfGCbBKw3KVjSZFOq6yrDVXap.jpg\" width=\"750\" height=\"822\" alt=\"Namiot automatyczny na zewn\u0105trz 2-3 osoby Wodoodporny namiot rodzinny Piesze wycieczki Kemping Namiot do rzucania\" srcset=\"https:\/\/uoogear.com\/wp-content\/uploads\/2023\/11\/HTB1YfGCbBKw3KVjSZFOq6yrDVXap.jpg 750w, https:\/\/uoogear.com\/wp-content\/uploads\/2023\/11\/HTB1YfGCbBKw3KVjSZFOq6yrDVXap-274x300.jpg 274w, https:\/\/uoogear.com\/wp-content\/uploads\/2023\/11\/HTB1YfGCbBKw3KVjSZFOq6yrDVXap-600x658.jpg 600w, https:\/\/uoogear.com\/wp-content\/uploads\/2023\/11\/HTB1YfGCbBKw3KVjSZFOq6yrDVXap-49x54.jpg 49w\" sizes=\"auto, (max-width: 750px) 100vw, 750px\" \/><img loading=\"lazy\" decoding=\"async\" class=\"alignnone size-full wp-image-5146\" src=\"https:\/\/uoogear.com\/wp-content\/uploads\/2023\/11\/HTB1XYaybAWE3KVjSZSyq6xocXXa9.jpg\" width=\"750\" height=\"1076\" alt=\"Namiot automatyczny na zewn\u0105trz 2-3 osoby Wodoodporny namiot rodzinny Piesze wycieczki Kemping Namiot do rzucania\" srcset=\"https:\/\/uoogear.com\/wp-content\/uploads\/2023\/11\/HTB1XYaybAWE3KVjSZSyq6xocXXa9.jpg 750w, https:\/\/uoogear.com\/wp-content\/uploads\/2023\/11\/HTB1XYaybAWE3KVjSZSyq6xocXXa9-209x300.jpg 209w, https:\/\/uoogear.com\/wp-content\/uploads\/2023\/11\/HTB1XYaybAWE3KVjSZSyq6xocXXa9-714x1024.jpg 714w, https:\/\/uoogear.com\/wp-content\/uploads\/2023\/11\/HTB1XYaybAWE3KVjSZSyq6xocXXa9-600x861.jpg 600w, https:\/\/uoogear.com\/wp-content\/uploads\/2023\/11\/HTB1XYaybAWE3KVjSZSyq6xocXXa9-38x54.jpg 38w\" sizes=\"auto, (max-width: 750px) 100vw, 750px\" \/><img loading=\"lazy\" decoding=\"async\" class=\"alignnone size-full wp-image-5147\" src=\"https:\/\/uoogear.com\/wp-content\/uploads\/2023\/11\/HTB1HUSvbwKG3KVjSZFLq6yMvXXad.jpg\" width=\"750\" height=\"497\" alt=\"Namiot automatyczny na zewn\u0105trz 2-3 osoby Wodoodporny namiot rodzinny Piesze wycieczki Kemping Namiot do rzucania\" srcset=\"https:\/\/uoogear.com\/wp-content\/uploads\/2023\/11\/HTB1HUSvbwKG3KVjSZFLq6yMvXXad.jpg 750w, https:\/\/uoogear.com\/wp-content\/uploads\/2023\/11\/HTB1HUSvbwKG3KVjSZFLq6yMvXXad-300x199.jpg 300w, https:\/\/uoogear.com\/wp-content\/uploads\/2023\/11\/HTB1HUSvbwKG3KVjSZFLq6yMvXXad-600x398.jpg 600w, https:\/\/uoogear.com\/wp-content\/uploads\/2023\/11\/HTB1HUSvbwKG3KVjSZFLq6yMvXXad-81x54.jpg 81w\" sizes=\"auto, (max-width: 750px) 100vw, 750px\" \/><img loading=\"lazy\" decoding=\"async\" class=\"alignnone size-full wp-image-5148\" src=\"https:\/\/uoogear.com\/wp-content\/uploads\/2023\/11\/HTB1D0CwbEWF3KVjSZPhq6xclXXap.jpg\" width=\"750\" height=\"914\" alt=\"Namiot automatyczny na zewn\u0105trz 2-3 osoby Wodoodporny namiot rodzinny Piesze wycieczki Kemping Namiot do rzucania\" srcset=\"https:\/\/uoogear.com\/wp-content\/uploads\/2023\/11\/HTB1D0CwbEWF3KVjSZPhq6xclXXap.jpg 750w, https:\/\/uoogear.com\/wp-content\/uploads\/2023\/11\/HTB1D0CwbEWF3KVjSZPhq6xclXXap-246x300.jpg 246w, https:\/\/uoogear.com\/wp-content\/uploads\/2023\/11\/HTB1D0CwbEWF3KVjSZPhq6xclXXap-600x731.jpg 600w, https:\/\/uoogear.com\/wp-content\/uploads\/2023\/11\/HTB1D0CwbEWF3KVjSZPhq6xclXXap-44x54.jpg 44w\" sizes=\"auto, (max-width: 750px) 100vw, 750px\" \/><img loading=\"lazy\" decoding=\"async\" class=\"alignnone size-full wp-image-5149\" src=\"https:\/\/uoogear.com\/wp-content\/uploads\/2023\/11\/HTB1RHuybBaE3KVjSZLeq6xsSFXap.jpg\" width=\"750\" height=\"1075\" alt=\"Namiot automatyczny na zewn\u0105trz 2-3 osoby Wodoodporny namiot rodzinny Piesze wycieczki Kemping Namiot do rzucania\" srcset=\"https:\/\/uoogear.com\/wp-content\/uploads\/2023\/11\/HTB1RHuybBaE3KVjSZLeq6xsSFXap.jpg 750w, https:\/\/uoogear.com\/wp-content\/uploads\/2023\/11\/HTB1RHuybBaE3KVjSZLeq6xsSFXap-209x300.jpg 209w, https:\/\/uoogear.com\/wp-content\/uploads\/2023\/11\/HTB1RHuybBaE3KVjSZLeq6xsSFXap-714x1024.jpg 714w, https:\/\/uoogear.com\/wp-content\/uploads\/2023\/11\/HTB1RHuybBaE3KVjSZLeq6xsSFXap-600x860.jpg 600w, https:\/\/uoogear.com\/wp-content\/uploads\/2023\/11\/HTB1RHuybBaE3KVjSZLeq6xsSFXap-38x54.jpg 38w\" sizes=\"auto, (max-width: 750px) 100vw, 750px\" \/><img loading=\"lazy\" decoding=\"async\" class=\"alignnone size-full wp-image-5150\" src=\"https:\/\/uoogear.com\/wp-content\/uploads\/2023\/11\/HTB1kv9CbBKw3KVjSZFOq6yrDVXaO.jpg\" width=\"750\" height=\"951\" alt=\"Namiot automatyczny na zewn\u0105trz 2-3 osoby Wodoodporny namiot rodzinny Piesze wycieczki Kemping Namiot do rzucania\" srcset=\"https:\/\/uoogear.com\/wp-content\/uploads\/2023\/11\/HTB1kv9CbBKw3KVjSZFOq6yrDVXaO.jpg 750w, https:\/\/uoogear.com\/wp-content\/uploads\/2023\/11\/HTB1kv9CbBKw3KVjSZFOq6yrDVXaO-237x300.jpg 237w, https:\/\/uoogear.com\/wp-content\/uploads\/2023\/11\/HTB1kv9CbBKw3KVjSZFOq6yrDVXaO-600x761.jpg 600w, https:\/\/uoogear.com\/wp-content\/uploads\/2023\/11\/HTB1kv9CbBKw3KVjSZFOq6yrDVXaO-43x54.jpg 43w\" sizes=\"auto, (max-width: 750px) 100vw, 750px\" \/><img loading=\"lazy\" decoding=\"async\" class=\"alignnone size-full wp-image-5151\" src=\"https:\/\/uoogear.com\/wp-content\/uploads\/2023\/11\/HTB1eGWwbEKF3KVjSZFEq6xExFXac.jpg\" width=\"750\" height=\"505\" alt=\"Namiot automatyczny na zewn\u0105trz 2-3 osoby Wodoodporny namiot rodzinny Piesze wycieczki Kemping Namiot do rzucania\" srcset=\"https:\/\/uoogear.com\/wp-content\/uploads\/2023\/11\/HTB1eGWwbEKF3KVjSZFEq6xExFXac.jpg 750w, https:\/\/uoogear.com\/wp-content\/uploads\/2023\/11\/HTB1eGWwbEKF3KVjSZFEq6xExFXac-300x202.jpg 300w, https:\/\/uoogear.com\/wp-content\/uploads\/2023\/11\/HTB1eGWwbEKF3KVjSZFEq6xExFXac-600x404.jpg 600w, https:\/\/uoogear.com\/wp-content\/uploads\/2023\/11\/HTB1eGWwbEKF3KVjSZFEq6xExFXac-80x54.jpg 80w\" sizes=\"auto, (max-width: 750px) 100vw, 750px\" \/><\/p>\n<\/div>","protected":false},"excerpt":{"rendered":"<p>Powierzchnia: 3,5 Tkanina: Nylon Namiot zewn\u0119trzny Wska\u017anik wodoodporno\u015bci: 2000-3000 Mm Wska\u017anik wodoodporno\u015bci dna: 2000-3000 Mm Typ budynku: Szybkie automatyczne otwieranie Styl namiotu: Uko\u015bny typ usztywnienia Sezon: Trzysezonowa Konstrukcja namiotu: Jedna sypialnia Nazwa produktu: Namiot kempingowy Spos\u00f3b u\u017cycia: Namiot kempingowy na \u015bwie\u017cym powietrzu Zastosowanie: Namiot automatyczny na zewn\u0105trz<\/p>\n<div class=\"read-more\"><a class=\"btn btn-fill-out\" href=\"https:\/\/uoogear.com\/pl\/produkt\/outdoor-automatic-tent-2-3-people-waterproof-family-tent-hiking-camping-throwing-pop-up-tent\/\">Czytaj wi\u0119cej<\/a><\/div>","protected":false},"featured_media":4831,"template":"","meta":[],"product_brand":[],"product_cat":[15],"product_tag":[],"class_list":{"0":"post-4833","1":"product","2":"type-product","3":"status-publish","4":"has-post-thumbnail","6":"product_cat-uncategorized","7":"tm-no-options","9":"first","10":"instock","11":"shipping-taxable","12":"purchasable","13":"product-type-variable"},"_links":{"self":[{"href":"https:\/\/uoogear.com\/pl\/wp-json\/wp\/v2\/product\/4833","targetHints":{"allow":["GET"]}}],"collection":[{"href":"https:\/\/uoogear.com\/pl\/wp-json\/wp\/v2\/product"}],"about":[{"href":"https:\/\/uoogear.com\/pl\/wp-json\/wp\/v2\/types\/product"}],"wp:featuredmedia":[{"embeddable":true,"href":"https:\/\/uoogear.com\/pl\/wp-json\/wp\/v2\/media\/4831"}],"wp:attachment":[{"href":"https:\/\/uoogear.com\/pl\/wp-json\/wp\/v2\/media?parent=4833"}],"wp:term":[{"taxonomy":"product_brand","embeddable":true,"href":"https:\/\/uoogear.com\/pl\/wp-json\/wp\/v2\/product_brand?post=4833"},{"taxonomy":"product_cat","embeddable":true,"href":"https:\/\/uoogear.com\/pl\/wp-json\/wp\/v2\/product_cat?post=4833"},{"taxonomy":"product_tag","embeddable":true,"href":"https:\/\/uoogear.com\/pl\/wp-json\/wp\/v2\/product_tag?post=4833"}],"curies":[{"name":"wp","href":"https:\/\/api.w.org\/{rel}","templated":true}]}}