{"id":4852,"date":"2023-11-14T02:34:28","date_gmt":"2023-11-14T02:34:28","guid":{"rendered":"https:\/\/uoogear.com\/product\/large-throw-tent-outdoor-3-4-persons-automatic-speed-open-throwing-pop-up-windproof-waterproof-beach-camping-tent-large-space\/"},"modified":"2023-11-30T02:37:17","modified_gmt":"2023-11-30T02:37:17","slug":"large-throw-tent-outdoor-3-4-persons-automatic-speed-open-throwing-pop-up-windproof-waterproof-beach-camping-tent-large-space","status":"publish","type":"product","link":"https:\/\/uoogear.com\/pl\/produkt\/large-throw-tent-outdoor-3-4-persons-automatic-speed-open-throwing-pop-up-windproof-waterproof-beach-camping-tent-large-space\/","title":{"rendered":"Du\u017cy namiot do rzucania na zewn\u0105trz 3-4 osoby, automatyczna pr\u0119dko\u015b\u0107, otwarte rzucanie, wyskakuj\u0105cy wiatroszczelny, wodoodporny namiot kempingowy na pla\u017cy, du\u017ca przestrze\u0144"},"content":{"rendered":"<ul>\n<li><strong>Materia\u0142 s\u0142upa: <\/strong> w\u0142\u00f3kno szklane<\/li>\n<li><strong>Typ : <\/strong> Namiot 3\u20134 osobowy<\/li>\n<li><strong>Tkanina: <\/strong> Tkanina oksfordzka<\/li>\n<li><strong>Warstwy: <\/strong> Podw\u00f3jnie<\/li>\n<\/ul>\n<div>\n<p>Du\u017cy namiot do rzucania na zewn\u0105trz 3-4 osoby, automatyczna pr\u0119dko\u015b\u0107, otwarte rzucanie, wyskakuj\u0105cy wiatroszczelny, wodoodporny namiot kempingowy na pla\u017cy, du\u017ca przestrze\u0144<\/p>\n<p>1, rodzinne namioty kempingowe to wyskakuj\u0105ca konstrukcja, otwarta w 5 sekund; sk\u0142adana, \u0142atwa do przenoszenia, tylko 3,7 KG.<\/p>\n<p>2, drzwi i okna z siatki, cztery strony wentylacji, przeciw komarom i owadom; mog\u0105 by\u0107 u\u017cywane przez 3 pory roku.<\/p>\n<p>3, konstrukcja z podw\u00f3jnymi drzwiami, \u0142atwe wchodzenie i wychodzenie; rodzinne namioty kempingowe. Drzwi i okna mo\u017cna ca\u0142kowicie zamkn\u0105\u0107, aby chroni\u0107 czas prywatno\u015bci.<\/p>\n<p>4, rodzinne namioty kempingowe o du\u017cej przestrzeni, odpowiednie dla 3-4 os\u00f3b z przyjaci\u00f3\u0142mi z rodziny do u\u017cytku na zewn\u0105trz.<\/p>\n<p>5. Wysokiej jako\u015bci i trwa\u0142e namioty kempingowe Star Home Family sprawdz\u0105 si\u0119 dobrze na kr\u00f3tkich wyprawach kempingowych z ma\u0142\u0105 rodzin\u0105, par\u0105 lub osob\u0105 indywidualn\u0105. Namioty kempingowe Star Home Family pozwol\u0105 Ci cieszy\u0107 si\u0119 dobrymi chwilami.<\/p>\n<p>&nbsp;<\/p>\n<p><img decoding=\"async\" src=\"\/\/sc02.alicdn.com\/kf\/HTB1nNN1aubviK0jSZFNq6yApXXat\/222400006\/HTB1nNN1aubviK0jSZFNq6yApXXat.jpg\" alt=\"Du\u017cy namiot do rzucania na zewn\u0105trz 3-4 osoby, automatyczna pr\u0119dko\u015b\u0107, otwarte rzucanie, wyskakuj\u0105cy wiatroszczelny, wodoodporny namiot kempingowy na pla\u017cy, du\u017ca przestrze\u0144\" width=\"750\" height=\"671.25\" data-src=\"\/\/sc02.alicdn.com\/kf\/HTB1nNN1aubviK0jSZFNq6yApXXat\/222400006\/HTB1nNN1aubviK0jSZFNq6yApXXat.jpg\" data-alt=\"Large throw tent outdoor 3-4 persons automatic speed open throwing pop up windproof waterproof beach camping tent large space\" \/><img decoding=\"async\" src=\"\/\/sc01.alicdn.com\/kf\/HTB1Fy3za1H2gK0jSZJnq6yT1FXaw\/222400006\/HTB1Fy3za1H2gK0jSZJnq6yT1FXaw.jpg\" alt=\"Du\u017cy namiot do rzucania na zewn\u0105trz 3-4 osoby, automatyczna pr\u0119dko\u015b\u0107, otwarte rzucanie, wyskakuj\u0105cy wiatroszczelny, wodoodporny namiot kempingowy na pla\u017cy, du\u017ca przestrze\u0144\" width=\"750\" height=\"648.75\" data-src=\"\/\/sc01.alicdn.com\/kf\/HTB1Fy3za1H2gK0jSZJnq6yT1FXaw\/222400006\/HTB1Fy3za1H2gK0jSZJnq6yT1FXaw.jpg\" data-alt=\"Large throw tent outdoor 3-4 persons automatic speed open throwing pop up windproof waterproof beach camping tent large space\" \/><img decoding=\"async\" src=\"\/\/sc01.alicdn.com\/kf\/HTB1LwZza7L0gK0jSZFAq6AA9pXaD\/222400006\/HTB1LwZza7L0gK0jSZFAq6AA9pXaD.jpg\" alt=\"Du\u017cy namiot do rzucania na zewn\u0105trz 3-4 osoby, automatyczna pr\u0119dko\u015b\u0107, otwarte rzucanie, wyskakuj\u0105cy wiatroszczelny, wodoodporny namiot kempingowy na pla\u017cy, du\u017ca przestrze\u0144\" width=\"750\" height=\"881.25\" data-src=\"\/\/sc01.alicdn.com\/kf\/HTB1LwZza7L0gK0jSZFAq6AA9pXaD\/222400006\/HTB1LwZza7L0gK0jSZFAq6AA9pXaD.jpg\" data-alt=\"Large throw tent outdoor 3-4 persons automatic speed open throwing pop up windproof waterproof beach camping tent large space\" \/><img decoding=\"async\" src=\"\/\/sc01.alicdn.com\/kf\/HTB1zyUya.D1gK0jSZFGq6zd3FXab\/222400006\/HTB1zyUya.D1gK0jSZFGq6zd3FXab.jpg\" alt=\"Du\u017cy namiot do rzucania na zewn\u0105trz 3-4 osoby, automatyczna pr\u0119dko\u015b\u0107, otwarte rzucanie, wyskakuj\u0105cy wiatroszczelny, wodoodporny namiot kempingowy na pla\u017cy, du\u017ca przestrze\u0144\" width=\"750\" height=\"534.375\" data-src=\"\/\/sc01.alicdn.com\/kf\/HTB1zyUya.D1gK0jSZFGq6zd3FXab\/222400006\/HTB1zyUya.D1gK0jSZFGq6zd3FXab.jpg\" data-alt=\"Large throw tent outdoor 3-4 persons automatic speed open throwing pop up windproof waterproof beach camping tent large space\" \/><img loading=\"lazy\" decoding=\"async\" src=\"\/\/sc01.alicdn.com\/kf\/HTB1Ko3ya5_1gK0jSZFqq6ApaXXa8\/222400006\/HTB1Ko3ya5_1gK0jSZFqq6ApaXXa8.jpg\" alt=\"Du\u017cy namiot do rzucania na zewn\u0105trz 3-4 osoby, automatyczna pr\u0119dko\u015b\u0107, otwarte rzucanie, wyskakuj\u0105cy wiatroszczelny, wodoodporny namiot kempingowy na pla\u017cy, du\u017ca przestrze\u0144\" width=\"750\" height=\"600\" data-src=\"\/\/sc01.alicdn.com\/kf\/HTB1Ko3ya5_1gK0jSZFqq6ApaXXa8\/222400006\/HTB1Ko3ya5_1gK0jSZFqq6ApaXXa8.jpg\" data-alt=\"Large throw tent outdoor 3-4 persons automatic speed open throwing pop up windproof waterproof beach camping tent large space\" \/><img decoding=\"async\" src=\"\/\/sc02.alicdn.com\/kf\/HTB1Hi7ya.T1gK0jSZFrq6ANCXXaS\/222400006\/HTB1Hi7ya.T1gK0jSZFrq6ANCXXaS.jpg\" alt=\"Du\u017cy namiot do rzucania na zewn\u0105trz 3-4 osoby, automatyczna pr\u0119dko\u015b\u0107, otwarte rzucanie, wyskakuj\u0105cy wiatroszczelny, wodoodporny namiot kempingowy na pla\u017cy, du\u017ca przestrze\u0144\" width=\"750\" height=\"678.75\" data-src=\"\/\/sc02.alicdn.com\/kf\/HTB1Hi7ya.T1gK0jSZFrq6ANCXXaS\/222400006\/HTB1Hi7ya.T1gK0jSZFrq6ANCXXaS.jpg\" data-alt=\"Large throw tent outdoor 3-4 persons automatic speed open throwing pop up windproof waterproof beach camping tent large space\" \/><img decoding=\"async\" src=\"\/\/sc01.alicdn.com\/kf\/HTB1bxR1aubviK0jSZFNq6yApXXaI\/222400006\/HTB1bxR1aubviK0jSZFNq6yApXXaI.jpg\" alt=\"Du\u017cy namiot do rzucania na zewn\u0105trz 3-4 osoby, automatyczna pr\u0119dko\u015b\u0107, otwarte rzucanie, wyskakuj\u0105cy wiatroszczelny, wodoodporny namiot kempingowy na pla\u017cy, du\u017ca przestrze\u0144\" width=\"750\" height=\"736.875\" data-src=\"\/\/sc01.alicdn.com\/kf\/HTB1bxR1aubviK0jSZFNq6yApXXaI\/222400006\/HTB1bxR1aubviK0jSZFNq6yApXXaI.jpg\" data-alt=\"Large throw tent outdoor 3-4 persons automatic speed open throwing pop up windproof waterproof beach camping tent large space\" \/><img decoding=\"async\" src=\"\/\/sc01.alicdn.com\/kf\/HTB1rewya2b2gK0jSZK9q6yEgFXae\/222400006\/HTB1rewya2b2gK0jSZK9q6yEgFXae.jpg\" alt=\"Du\u017cy namiot do rzucania na zewn\u0105trz 3-4 osoby, automatyczna pr\u0119dko\u015b\u0107, otwarte rzucanie, wyskakuj\u0105cy wiatroszczelny, wodoodporny namiot kempingowy na pla\u017cy, du\u017ca przestrze\u0144\" width=\"750\" height=\"786.5625\" data-src=\"\/\/sc01.alicdn.com\/kf\/HTB1rewya2b2gK0jSZK9q6yEgFXae\/222400006\/HTB1rewya2b2gK0jSZK9q6yEgFXae.jpg\" data-alt=\"Large throw tent outdoor 3-4 persons automatic speed open throwing pop up windproof waterproof beach camping tent large space\" \/><img decoding=\"async\" src=\"\/\/sc01.alicdn.com\/kf\/HTB1lMEAaYH1gK0jSZFwq6A7aXXaG\/222400006\/HTB1lMEAaYH1gK0jSZFwq6A7aXXaG.jpg\" alt=\"Du\u017cy namiot do rzucania na zewn\u0105trz 3-4 osoby, automatyczna pr\u0119dko\u015b\u0107, otwarte rzucanie, wyskakuj\u0105cy wiatroszczelny, wodoodporny namiot kempingowy na pla\u017cy, du\u017ca przestrze\u0144\" width=\"750\" height=\"676.875\" data-src=\"\/\/sc01.alicdn.com\/kf\/HTB1lMEAaYH1gK0jSZFwq6A7aXXaG\/222400006\/HTB1lMEAaYH1gK0jSZFwq6A7aXXaG.jpg\" data-alt=\"Large throw tent outdoor 3-4 persons automatic speed open throwing pop up windproof waterproof beach camping tent large space\" \/><img decoding=\"async\" src=\"\/\/sc01.alicdn.com\/kf\/HTB1U4wya7Y2gK0jSZFgq6A5OFXaP\/222400006\/HTB1U4wya7Y2gK0jSZFgq6A5OFXaP.jpg\" alt=\"Du\u017cy namiot do rzucania na zewn\u0105trz 3-4 osoby, automatyczna pr\u0119dko\u015b\u0107, otwarte rzucanie, wyskakuj\u0105cy wiatroszczelny, wodoodporny namiot kempingowy na pla\u017cy, du\u017ca przestrze\u0144\" width=\"750\" height=\"725.6250000000001\" data-src=\"\/\/sc01.alicdn.com\/kf\/HTB1U4wya7Y2gK0jSZFgq6A5OFXaP\/222400006\/HTB1U4wya7Y2gK0jSZFgq6A5OFXaP.jpg\" data-alt=\"Large throw tent outdoor 3-4 persons automatic speed open throwing pop up windproof waterproof beach camping tent large space\" \/><img decoding=\"async\" src=\"\/\/sc01.alicdn.com\/kf\/HTB1ZuMya2b2gK0jSZK9q6yEgFXad\/222400006\/HTB1ZuMya2b2gK0jSZK9q6yEgFXad.jpg\" alt=\"Du\u017cy namiot do rzucania na zewn\u0105trz 3-4 osoby, automatyczna pr\u0119dko\u015b\u0107, otwarte rzucanie, wyskakuj\u0105cy wiatroszczelny, wodoodporny namiot kempingowy na pla\u017cy, du\u017ca przestrze\u0144\" width=\"750\" height=\"684.375\" data-src=\"\/\/sc01.alicdn.com\/kf\/HTB1ZuMya2b2gK0jSZK9q6yEgFXad\/222400006\/HTB1ZuMya2b2gK0jSZK9q6yEgFXad.jpg\" data-alt=\"Large throw tent outdoor 3-4 persons automatic speed open throwing pop up windproof waterproof beach camping tent large space\" \/><img decoding=\"async\" src=\"\/\/sc02.alicdn.com\/kf\/HTB1cgUya7P2gK0jSZPxq6ycQpXaD\/222400006\/HTB1cgUya7P2gK0jSZPxq6ycQpXaD.jpg\" alt=\"Du\u017cy namiot do rzucania na zewn\u0105trz 3-4 osoby, automatyczna pr\u0119dko\u015b\u0107, otwarte rzucanie, wyskakuj\u0105cy wiatroszczelny, wodoodporny namiot kempingowy na pla\u017cy, du\u017ca przestrze\u0144\" width=\"750\" height=\"1042.5\" data-src=\"\/\/sc02.alicdn.com\/kf\/HTB1cgUya7P2gK0jSZPxq6ycQpXaD\/222400006\/HTB1cgUya7P2gK0jSZPxq6ycQpXaD.jpg\" data-alt=\"Large throw tent outdoor 3-4 persons automatic speed open throwing pop up windproof waterproof beach camping tent large space\" \/><img decoding=\"async\" src=\"\/\/sc02.alicdn.com\/kf\/HTB1v_ZzaYr1gK0jSZR0q6zP8XXaj\/222400006\/HTB1v_ZzaYr1gK0jSZR0q6zP8XXaj.jpg\" alt=\"Du\u017cy namiot do rzucania na zewn\u0105trz 3-4 osoby, automatyczna pr\u0119dko\u015b\u0107, otwarte rzucanie, wyskakuj\u0105cy wiatroszczelny, wodoodporny namiot kempingowy na pla\u017cy, du\u017ca przestrze\u0144\" width=\"750\" height=\"935.625\" data-src=\"\/\/sc02.alicdn.com\/kf\/HTB1v_ZzaYr1gK0jSZR0q6zP8XXaj\/222400006\/HTB1v_ZzaYr1gK0jSZR0q6zP8XXaj.jpg\" data-alt=\"Large throw tent outdoor 3-4 persons automatic speed open throwing pop up windproof waterproof beach camping tent large space\" \/><img decoding=\"async\" src=\"\/\/sc01.alicdn.com\/kf\/HTB1KH7BaYj1gK0jSZFOq6A7GpXag\/222400006\/HTB1KH7BaYj1gK0jSZFOq6A7GpXag.jpg\" alt=\"Du\u017cy namiot do rzucania na zewn\u0105trz 3-4 osoby, automatyczna pr\u0119dko\u015b\u0107, otwarte rzucanie, wyskakuj\u0105cy wiatroszczelny, wodoodporny namiot kempingowy na pla\u017cy, du\u017ca przestrze\u0144\" width=\"750\" height=\"736.875\" data-src=\"\/\/sc01.alicdn.com\/kf\/HTB1KH7BaYj1gK0jSZFOq6A7GpXag\/222400006\/HTB1KH7BaYj1gK0jSZFOq6A7GpXag.jpg\" data-alt=\"Large throw tent outdoor 3-4 persons automatic speed open throwing pop up windproof waterproof beach camping tent large space\" \/><\/p>\n<\/div>","protected":false},"excerpt":{"rendered":"<p>Materia\u0142 s\u0142upa: w\u0142\u00f3kno szklane Typ: namiot dla 3\u20134 os\u00f3b Tkanina: tkanina Oxford Warstwy: podw\u00f3jny du\u017cy namiot na zewn\u0105trz 3-4 osoby automatyczna pr\u0119dko\u015b\u0107 otwierania rzucania wyskakuj\u0105cy wiatroszczelny wodoodporny namiot kempingowy na pla\u017cy du\u017ca przestrze\u0144 1, rodzinne namioty kempingowe to konstrukcja typu pop-up , otw\u00f3rz w 5 sekund; sk\u0142adany, \u0142atwy do przenoszenia, tylko 3,7 KG. 2, drzwi z siatki<\/p>\n<div class=\"read-more\"><a class=\"btn btn-fill-out\" href=\"https:\/\/uoogear.com\/pl\/produkt\/large-throw-tent-outdoor-3-4-persons-automatic-speed-open-throwing-pop-up-windproof-waterproof-beach-camping-tent-large-space\/\">Czytaj wi\u0119cej<\/a><\/div>","protected":false},"featured_media":4850,"template":"","meta":[],"product_brand":[],"product_cat":[15],"product_tag":[],"class_list":{"0":"post-4852","1":"product","2":"type-product","3":"status-publish","4":"has-post-thumbnail","6":"product_cat-uncategorized","7":"tm-no-options","9":"first","10":"instock","11":"shipping-taxable","12":"purchasable","13":"product-type-variable"},"_links":{"self":[{"href":"https:\/\/uoogear.com\/pl\/wp-json\/wp\/v2\/product\/4852","targetHints":{"allow":["GET"]}}],"collection":[{"href":"https:\/\/uoogear.com\/pl\/wp-json\/wp\/v2\/product"}],"about":[{"href":"https:\/\/uoogear.com\/pl\/wp-json\/wp\/v2\/types\/product"}],"wp:featuredmedia":[{"embeddable":true,"href":"https:\/\/uoogear.com\/pl\/wp-json\/wp\/v2\/media\/4850"}],"wp:attachment":[{"href":"https:\/\/uoogear.com\/pl\/wp-json\/wp\/v2\/media?parent=4852"}],"wp:term":[{"taxonomy":"product_brand","embeddable":true,"href":"https:\/\/uoogear.com\/pl\/wp-json\/wp\/v2\/product_brand?post=4852"},{"taxonomy":"product_cat","embeddable":true,"href":"https:\/\/uoogear.com\/pl\/wp-json\/wp\/v2\/product_cat?post=4852"},{"taxonomy":"product_tag","embeddable":true,"href":"https:\/\/uoogear.com\/pl\/wp-json\/wp\/v2\/product_tag?post=4852"}],"curies":[{"name":"wp","href":"https:\/\/api.w.org\/{rel}","templated":true}]}}