{"id":4867,"date":"2023-11-14T02:55:03","date_gmt":"2023-11-14T02:55:03","guid":{"rendered":"https:\/\/uoogear.com\/product\/npot-customized-rooftop-car-tent-roof-rooftop-roof-tent-4-person-rooftop-tent-hard-shell\/"},"modified":"2023-11-30T08:54:13","modified_gmt":"2023-11-30T08:54:13","slug":"npot-customized-rooftop-car-tent-roof-rooftop-roof-tent-4-person-rooftop-tent-hard-shell","status":"publish","type":"product","link":"https:\/\/uoogear.com\/pl\/produkt\/npot-customized-rooftop-car-tent-roof-rooftop-roof-tent-4-person-rooftop-tent-hard-shell\/","title":{"rendered":"NPOT Dostosowany namiot samochodowy na dachu Namiot dachowy na dachu Namiot dachowy dla 4 os\u00f3b, twarda skorupa"},"content":{"rendered":"<ul>\n<li><strong>Obszar : <\/strong> 0,54m2<\/li>\n<li><strong>Tkanina: <\/strong> P\u0142\u00f3tno\/tkanina Oxford<\/li>\n<li><strong>Indeks wodoodporno\u015bci namiotu zewn\u0119trznego: <\/strong> 2000-3000 mm<\/li>\n<li><strong>Dolny wodoodporny indeks: <\/strong> &gt;3000 mm<\/li>\n<li><strong>Styl namiotu: <\/strong> Gra w kamufla\u017c\/pola<\/li>\n<li><strong>Pora roku : <\/strong> Namiot trzysezonowy, namiot czterosezonowy<\/li>\n<li><strong>Struktura : <\/strong> Dwie sypialnie<\/li>\n<li><strong>Typ : <\/strong> namiot samochodowy na dachu<\/li>\n<li><strong>Kolor : <\/strong> metal<\/li>\n<li><strong>Funkcja: <\/strong> Szybko otwierany namiot kempingowy<\/li>\n<li><strong>Funkcja : <\/strong> Odporny na promieniowanie UV 50+<\/li>\n<li><strong>Lata\u0107 : <\/strong> Poliester 420D<\/li>\n<li><strong>Materia\u0142 s\u0142upa: <\/strong> Aluminium<\/li>\n<li><strong>Rozmiar: <\/strong> 168 cm * 210 cm * 130 cm<\/li>\n<li><strong>Waga : <\/strong> 76,1 KG<\/li>\n<\/ul>\n<div>\n<div data-section=\"AliPostDhMb-cm8h5\" data-section-title=\"Product Description\">\n<div>Opis produktu<\/div>\n<div>\n<p>&nbsp;<\/p>\n<h1>Dostosowany dach namiotu samochodowego na dachu<\/h1>\n<p><img loading=\"lazy\" decoding=\"async\" src=\"https:\/\/uoogear.com\/wp-content\/uploads\/2023\/11\/H8f28781d077e4eb081fdcb641db74dfd2-wpp1701334016258.webp\" alt=\"NPOT Dostosowany namiot samochodowy na dachu Namiot dachowy na dachu Namiot dachowy dla 4 os\u00f3b, twarda skorupa\" width=\"750\" height=\"750\" data-src=\"https:\/\/uoogear.com\/wp-content\/uploads\/2023\/11\/H8f28781d077e4eb081fdcb641db74dfd2-wpp1701334016258.webp\" data-alt=\"NPOT Customized rooftop car tent roof rooftop roof tent 4 person rooftop tent hard shell\" \/> <img loading=\"lazy\" decoding=\"async\" src=\"https:\/\/uoogear.com\/wp-content\/uploads\/2023\/11\/H76a304b388f849a2a0893419bd3dd0a8V.webp\" alt=\"NPOT Dostosowany namiot samochodowy na dachu Namiot dachowy na dachu Namiot dachowy dla 4 os\u00f3b, twarda skorupa\" width=\"750\" height=\"750\" data-src=\"https:\/\/uoogear.com\/wp-content\/uploads\/2023\/11\/H76a304b388f849a2a0893419bd3dd0a8V.webp\" data-alt=\"NPOT Customized rooftop car tent roof rooftop roof tent 4 person rooftop tent hard shell\" \/> <img loading=\"lazy\" decoding=\"async\" src=\"https:\/\/uoogear.com\/wp-content\/uploads\/2023\/11\/H0a00af5c72954173a33759bfeeba33aaB.webp\" alt=\"NPOT Dostosowany namiot samochodowy na dachu Namiot dachowy na dachu Namiot dachowy dla 4 os\u00f3b, twarda skorupa\" width=\"750\" height=\"750\" data-src=\"https:\/\/uoogear.com\/wp-content\/uploads\/2023\/11\/H0a00af5c72954173a33759bfeeba33aaB.webp\" data-alt=\"NPOT Customized rooftop car tent roof rooftop roof tent 4 person rooftop tent hard shell\" \/> <img loading=\"lazy\" decoding=\"async\" src=\"https:\/\/uoogear.com\/wp-content\/uploads\/2023\/11\/Haa8adad7833b4beea4f9188bbef99989V.webp\" alt=\"NPOT Dostosowany namiot samochodowy na dachu Namiot dachowy na dachu Namiot dachowy dla 4 os\u00f3b, twarda skorupa\" width=\"750\" height=\"750\" data-src=\"https:\/\/uoogear.com\/wp-content\/uploads\/2023\/11\/Haa8adad7833b4beea4f9188bbef99989V.webp\" data-alt=\"NPOT Customized rooftop car tent roof rooftop roof tent 4 person rooftop tent hard shell\" \/><\/p>\n<\/div>\n<\/div>\n<\/div>","protected":false},"excerpt":{"rendered":"<p>Powierzchnia: 0,54 m2 Tkanina: P\u0142\u00f3tno\/tkanina Oxford Namiot zewn\u0119trzny Wska\u017anik wodoodporno\u015bci: 2000-3000 Mm Wska\u017anik wodoodporno\u015bci dna: &gt;3000 mm Styl namiotu: Kamufla\u017c\/Gra terenowa Sezon: Namiot trzysezonowy, czterosezonowy Struktura namiotu: Dwie sypialnie Typ: namiot samochodowy na dachu Kolor: metal Funkcja: szybko otwierany namiot kempingowy Funkcja: odporny na promieniowanie UV 50+ Rozporno\u015b\u0107: 420D<\/p>\n<div class=\"read-more\"><a class=\"btn btn-fill-out\" href=\"https:\/\/uoogear.com\/pl\/produkt\/npot-customized-rooftop-car-tent-roof-rooftop-roof-tent-4-person-rooftop-tent-hard-shell\/\">Czytaj wi\u0119cej<\/a><\/div>","protected":false},"featured_media":4866,"template":"","meta":[],"product_brand":[],"product_cat":[15],"product_tag":[],"class_list":{"0":"post-4867","1":"product","2":"type-product","3":"status-publish","4":"has-post-thumbnail","6":"product_cat-uncategorized","7":"tm-no-options","9":"first","10":"instock","11":"shipping-taxable","12":"purchasable","13":"product-type-variable"},"_links":{"self":[{"href":"https:\/\/uoogear.com\/pl\/wp-json\/wp\/v2\/product\/4867","targetHints":{"allow":["GET"]}}],"collection":[{"href":"https:\/\/uoogear.com\/pl\/wp-json\/wp\/v2\/product"}],"about":[{"href":"https:\/\/uoogear.com\/pl\/wp-json\/wp\/v2\/types\/product"}],"wp:featuredmedia":[{"embeddable":true,"href":"https:\/\/uoogear.com\/pl\/wp-json\/wp\/v2\/media\/4866"}],"wp:attachment":[{"href":"https:\/\/uoogear.com\/pl\/wp-json\/wp\/v2\/media?parent=4867"}],"wp:term":[{"taxonomy":"product_brand","embeddable":true,"href":"https:\/\/uoogear.com\/pl\/wp-json\/wp\/v2\/product_brand?post=4867"},{"taxonomy":"product_cat","embeddable":true,"href":"https:\/\/uoogear.com\/pl\/wp-json\/wp\/v2\/product_cat?post=4867"},{"taxonomy":"product_tag","embeddable":true,"href":"https:\/\/uoogear.com\/pl\/wp-json\/wp\/v2\/product_tag?post=4867"}],"curies":[{"name":"wp","href":"https:\/\/api.w.org\/{rel}","templated":true}]}}