{"id":4875,"date":"2023-11-14T02:56:57","date_gmt":"2023-11-14T02:56:57","guid":{"rendered":"https:\/\/uoogear.com\/product\/best-selling-abs-hard-shell-roof-top-tent-car-rooftop-tents-camping-outdoor-tents-for-suv-4x4\/"},"modified":"2023-11-30T08:56:48","modified_gmt":"2023-11-30T08:56:48","slug":"best-selling-abs-hard-shell-roof-top-tent-car-rooftop-tents-camping-outdoor-tents-for-suv-4x4","status":"publish","type":"product","link":"https:\/\/uoogear.com\/pl\/produkt\/best-selling-abs-hard-shell-roof-top-tent-car-rooftop-tents-camping-outdoor-tents-for-suv-4x4\/","title":{"rendered":"Najlepiej sprzedaj\u0105cy si\u0119 namiot na dachu z twardej skorupy ABS Namioty na dachu samochodu Namioty kempingowe Namioty zewn\u0119trzne do SUV 4 \u00d7 4"},"content":{"rendered":"<ul>\n<li><strong>Obszar : <\/strong> 210*210*110 cm<\/li>\n<li><strong>Tkanina: <\/strong> T\/C<\/li>\n<li><strong>Indeks wodoodporno\u015bci namiotu zewn\u0119trznego: <\/strong> 2000-3000 mm, &gt;3000 mm<\/li>\n<li><strong>Dolny wodoodporny indeks: <\/strong> 2000-3000 mm, &gt;3000 mm<\/li>\n<li><strong>Rodzaj budynku : <\/strong> Szybkie automatyczne otwieranie<\/li>\n<li><strong>Styl namiotu: <\/strong> Gra kamufla\u017cowa\/polna, typ usztywnienia uko\u015bnego, typ rozszerzony<\/li>\n<li><strong>Pora roku : <\/strong> Namiot czterosezonowy<\/li>\n<li><strong>Struktura : <\/strong> Jedna sypialnia<\/li>\n<li><strong>Materia\u0142 : <\/strong> Bawe\u0142na T\/C<\/li>\n<li><strong>Stosowanie : <\/strong> Kemping, w\u0119dr\u00f3wki<\/li>\n<li><strong>Logo: <\/strong> Dostosowane logo<\/li>\n<\/ul>\n<div>\n<div>\n<div data-magic-global=\"%7B%22bizId%22%3A2211849880387%2C%22pageId%22%3A21142784875%2C%22siteId%22%3A10002842041%7D\">\n<div><\/div>\n<div><\/div>\n<div>\n<div>\n<div>\n<div>\n<div>\n<div><img decoding=\"async\" src=\"https:\/\/uoogear.com\/wp-content\/uploads\/2023\/11\/H51e50b08a7ae48948587fe8f6af7aef58.webp\" data-src=\"https:\/\/uoogear.com\/wp-content\/uploads\/2023\/11\/H51e50b08a7ae48948587fe8f6af7aef58.webp\" \/><\/div>\n<\/div>\n<\/div>\n<\/div>\n<\/div>\n<\/div>\n<div><\/div>\n<\/div>\n<\/div>\n<div>\n<div>\n<div><img decoding=\"async\" src=\"https:\/\/uoogear.com\/wp-content\/uploads\/2023\/11\/H9144f56559b64f488698d47592278e7bb.webp\" data-src=\"https:\/\/uoogear.com\/wp-content\/uploads\/2023\/11\/H9144f56559b64f488698d47592278e7bb.webp\" \/><\/div>\n<div><img decoding=\"async\" src=\"https:\/\/uoogear.com\/wp-content\/uploads\/2023\/11\/Hc4c36bb1b9044adb9406d3b4783de7e30.webp\" data-src=\"https:\/\/uoogear.com\/wp-content\/uploads\/2023\/11\/Hc4c36bb1b9044adb9406d3b4783de7e30.webp\" \/><\/div>\n<div><img decoding=\"async\" src=\"https:\/\/uoogear.com\/wp-content\/uploads\/2023\/11\/H9c902c05e5c44ce8871f5e4d64ef2fc7k.webp\" data-src=\"https:\/\/uoogear.com\/wp-content\/uploads\/2023\/11\/H9c902c05e5c44ce8871f5e4d64ef2fc7k.webp\" \/><\/div>\n<\/div>\n<\/div>\n<div><\/div>\n<div>\n<div>\n<div>\n<div>\n<div><\/div>\n<\/div>\n<\/div>\n<\/div>\n<\/div>\n<div>\n<div>\n<div>\n<div>\n<div>\n<div><img decoding=\"async\" src=\"https:\/\/uoogear.com\/wp-content\/uploads\/2023\/11\/H799d223584554ec4ab220eb9d60b000dw.webp\" data-src=\"https:\/\/uoogear.com\/wp-content\/uploads\/2023\/11\/H799d223584554ec4ab220eb9d60b000dw.webp\" \/><\/div>\n<div><img decoding=\"async\" src=\"https:\/\/uoogear.com\/wp-content\/uploads\/2023\/11\/He9f65e441e164fee9c222138ff9859c50.webp\" data-src=\"https:\/\/uoogear.com\/wp-content\/uploads\/2023\/11\/He9f65e441e164fee9c222138ff9859c50.webp\" \/><\/div>\n<\/div>\n<\/div>\n<\/div>\n<\/div>\n<\/div>\n<div>\n<div>\n<div>\n<div>\n<div>\n<div><img decoding=\"async\" src=\"https:\/\/uoogear.com\/wp-content\/uploads\/2023\/11\/H09c5fde1f7ab40b9869b833f05f19de0F.webp\" data-src=\"https:\/\/uoogear.com\/wp-content\/uploads\/2023\/11\/H09c5fde1f7ab40b9869b833f05f19de0F.webp\" \/><\/div>\n<div><\/div>\n<\/div>\n<\/div>\n<\/div>\n<\/div>\n<\/div>\n<div>\n<div>\n<div>\n<div>\n<div>\n<div><\/div>\n<\/div>\n<\/div>\n<\/div>\n<\/div>\n<\/div>\n<\/div>","protected":false},"excerpt":{"rendered":"<p>Powierzchnia: 210*210*110cm Tkanina: Namiot zewn\u0119trzny T\/C Wska\u017anik wodoodporno\u015bci: 2000-3000 Mm, &gt;3000 mm Wska\u017anik wodoodporno\u015bci dna: 2000-3000 Mm, &gt;3000 mm Typ budynku: Szybkie automatyczne otwieranie Styl namiotu: Kamufla\u017c\/Gra terenowa , typ usztywnienia uko\u015bnego, typ rozszerzony Sezon: czterosezonowy Konstrukcja namiotu: Jedna sypialnia Materia\u0142: bawe\u0142na T\/C Zastosowanie:<\/p>\n<div class=\"read-more\"><a class=\"btn btn-fill-out\" href=\"https:\/\/uoogear.com\/pl\/produkt\/best-selling-abs-hard-shell-roof-top-tent-car-rooftop-tents-camping-outdoor-tents-for-suv-4x4\/\">Czytaj wi\u0119cej<\/a><\/div>","protected":false},"featured_media":4874,"template":"","meta":[],"product_brand":[],"product_cat":[15],"product_tag":[],"class_list":{"0":"post-4875","1":"product","2":"type-product","3":"status-publish","4":"has-post-thumbnail","6":"product_cat-uncategorized","7":"tm-no-options","9":"first","10":"instock","11":"shipping-taxable","12":"purchasable","13":"product-type-variable"},"_links":{"self":[{"href":"https:\/\/uoogear.com\/pl\/wp-json\/wp\/v2\/product\/4875","targetHints":{"allow":["GET"]}}],"collection":[{"href":"https:\/\/uoogear.com\/pl\/wp-json\/wp\/v2\/product"}],"about":[{"href":"https:\/\/uoogear.com\/pl\/wp-json\/wp\/v2\/types\/product"}],"wp:featuredmedia":[{"embeddable":true,"href":"https:\/\/uoogear.com\/pl\/wp-json\/wp\/v2\/media\/4874"}],"wp:attachment":[{"href":"https:\/\/uoogear.com\/pl\/wp-json\/wp\/v2\/media?parent=4875"}],"wp:term":[{"taxonomy":"product_brand","embeddable":true,"href":"https:\/\/uoogear.com\/pl\/wp-json\/wp\/v2\/product_brand?post=4875"},{"taxonomy":"product_cat","embeddable":true,"href":"https:\/\/uoogear.com\/pl\/wp-json\/wp\/v2\/product_cat?post=4875"},{"taxonomy":"product_tag","embeddable":true,"href":"https:\/\/uoogear.com\/pl\/wp-json\/wp\/v2\/product_tag?post=4875"}],"curies":[{"name":"wp","href":"https:\/\/api.w.org\/{rel}","templated":true}]}}