{"id":4884,"date":"2023-11-14T02:58:45","date_gmt":"2023-11-14T02:58:45","guid":{"rendered":"https:\/\/uoogear.com\/product\/camping-waterproof-triangular-tent-box-rooftop-aluminum-hard-shell-car-roof-top-tent-with-roof-rack\/"},"modified":"2023-11-30T08:58:14","modified_gmt":"2023-11-30T08:58:14","slug":"camping-waterproof-triangular-tent-box-rooftop-aluminum-hard-shell-car-roof-top-tent-with-roof-rack","status":"publish","type":"product","link":"https:\/\/uoogear.com\/pl\/produkt\/camping-waterproof-triangular-tent-box-rooftop-aluminum-hard-shell-car-roof-top-tent-with-roof-rack\/","title":{"rendered":"Camping wodoodporny tr\u00f3jk\u0105tny namiot na dachu aluminiowy twardy namiot na dachu samochodu z baga\u017cnikiem dachowym"},"content":{"rendered":"<ul>\n<li><strong>Obszar : <\/strong> 36 st\u00f3p kwadratowych<\/li>\n<li><strong>Tkanina: <\/strong> P\u0142\u00f3tno<\/li>\n<li><strong>Indeks wodoodporno\u015bci namiotu zewn\u0119trznego: <\/strong> 2000-3000 mm, &gt;3000 mm<\/li>\n<li><strong>Dolny wodoodporny indeks: <\/strong> &gt;3000 mm<\/li>\n<li><strong>Rodzaj budynku : <\/strong> Szybkie automatyczne otwieranie<\/li>\n<li><strong>Styl namiotu: <\/strong> Typ usztywnienia prostego<\/li>\n<li><strong>Pora roku : <\/strong> Namiot czterosezonowy<\/li>\n<li><strong>Struktura : <\/strong> Jedna sypialnia<\/li>\n<li><strong>Kolor : <\/strong> Czarny<\/li>\n<li><strong>Rozwi\u0144 rozmiar: <\/strong> 211*131*160cm<\/li>\n<li><strong>Rozmiar zamkni\u0119ty: <\/strong> 211*131*18cm<\/li>\n<li><strong>Wielko\u015b\u0107 opakowania : <\/strong> 226*145*24,5cm<\/li>\n<li><strong>Waga : <\/strong> 77 kg<\/li>\n<li><strong>Cz\u0119sto zadawane pytania dotycz\u0105ce u\u017cytkowania: <\/strong> Sprawd\u017a siuhaau.com<\/li>\n<li><strong>Pakiet : <\/strong> Wysokiej jako\u015bci karton<\/li>\n<li><strong>Akcesoria : <\/strong> Drabina<\/li>\n<\/ul>\n<div>\n<div>\n<div data-magic-global=\"%7B%22bizId%22%3A2207117785596%2C%22pageId%22%3A21105462019%2C%22siteId%22%3A5005940078%7D\">\n<div>\n<div>\n<div>\n<div>\n<div>\n<div><\/div>\n<\/div>\n<\/div>\n<\/div>\n<\/div>\n<\/div>\n<div>\n<div>\n<div><\/div>\n<div><img decoding=\"async\" src=\"https:\/\/uoogear.com\/wp-content\/uploads\/2023\/11\/H548c7211e3304ea49f2cab003ee88757p.webp\" data-src=\"https:\/\/uoogear.com\/wp-content\/uploads\/2023\/11\/H548c7211e3304ea49f2cab003ee88757p.webp\" \/><\/div>\n<div><\/div>\n<div><img decoding=\"async\" src=\"https:\/\/uoogear.com\/wp-content\/uploads\/2023\/11\/H8d78135980314e898bd1db72fc4cc64dC.webp\" data-src=\"https:\/\/uoogear.com\/wp-content\/uploads\/2023\/11\/H8d78135980314e898bd1db72fc4cc64dC.webp\" \/><\/div>\n<div><img decoding=\"async\" src=\"https:\/\/uoogear.com\/wp-content\/uploads\/2023\/11\/H5edd07b0762d4d4f93a05a20991f0c7b5.webp\" data-src=\"https:\/\/uoogear.com\/wp-content\/uploads\/2023\/11\/H5edd07b0762d4d4f93a05a20991f0c7b5.webp\" \/><\/div>\n<div><img decoding=\"async\" src=\"https:\/\/uoogear.com\/wp-content\/uploads\/2023\/11\/H89feb526c81b4f2c92e3b011a49a3499z.webp\" data-src=\"https:\/\/uoogear.com\/wp-content\/uploads\/2023\/11\/H89feb526c81b4f2c92e3b011a49a3499z.webp\" \/><\/div>\n<div><img decoding=\"async\" src=\"https:\/\/uoogear.com\/wp-content\/uploads\/2023\/11\/H3934439b22a3493383e363605a816a2ez.webp\" data-src=\"https:\/\/uoogear.com\/wp-content\/uploads\/2023\/11\/H3934439b22a3493383e363605a816a2ez.webp\" \/><\/div>\n<div><img decoding=\"async\" src=\"https:\/\/uoogear.com\/wp-content\/uploads\/2023\/11\/He77909c4dab0412f9fd2cba1f4ae19b8y.webp\" data-src=\"https:\/\/uoogear.com\/wp-content\/uploads\/2023\/11\/He77909c4dab0412f9fd2cba1f4ae19b8y.webp\" \/><\/div>\n<div><img decoding=\"async\" src=\"https:\/\/uoogear.com\/wp-content\/uploads\/2023\/11\/Hbc9dc13fe851467e956ca71b9fdb7d31P.webp\" data-src=\"https:\/\/uoogear.com\/wp-content\/uploads\/2023\/11\/Hbc9dc13fe851467e956ca71b9fdb7d31P.webp\" \/><\/div>\n<div><img decoding=\"async\" src=\"https:\/\/uoogear.com\/wp-content\/uploads\/2023\/11\/H23698b3ece2d475ca6978e757c788a9f3.webp\" data-src=\"https:\/\/uoogear.com\/wp-content\/uploads\/2023\/11\/H23698b3ece2d475ca6978e757c788a9f3.webp\" \/><\/div>\n<\/div>\n<\/div>\n<div>\n<div><\/div>\n<\/div>\n<\/div>\n<\/div>\n<div>\n<div>\n<div>\n<div>\n<div>\n<div><\/div>\n<\/div>\n<\/div>\n<\/div>\n<\/div>\n<\/div>\n<\/div>","protected":false},"excerpt":{"rendered":"<p>Powierzchnia: 36 st\u00f3p kwadratowych Tkanina: P\u0142\u00f3tno Namiot zewn\u0119trzny Wska\u017anik wodoodporno\u015bci: 2000-3000 Mm, &gt;3000 mm Wska\u017anik wodoodporno\u015bci dna: &gt;3000 mm Typ budynku: Szybkie automatyczne otwieranie Styl namiotu: Prosty typ usztywnienia Sezon: Czterosezonowa Konstrukcja namiotu: Jedna sypialnia Kolor: czarny Rozmiar po rozwini\u0119ciu: 211*131*160 cm Rozmiar po zamkni\u0119ciu: 211*131*18 cm Pakowanie<\/p>\n<div class=\"read-more\"><a class=\"btn btn-fill-out\" href=\"https:\/\/uoogear.com\/pl\/produkt\/camping-waterproof-triangular-tent-box-rooftop-aluminum-hard-shell-car-roof-top-tent-with-roof-rack\/\">Czytaj wi\u0119cej<\/a><\/div>","protected":false},"featured_media":4883,"template":"","meta":[],"product_brand":[],"product_cat":[15],"product_tag":[],"class_list":{"0":"post-4884","1":"product","2":"type-product","3":"status-publish","4":"has-post-thumbnail","6":"product_cat-uncategorized","7":"tm-no-options","9":"first","10":"instock","11":"shipping-taxable","12":"purchasable","13":"product-type-variable"},"_links":{"self":[{"href":"https:\/\/uoogear.com\/pl\/wp-json\/wp\/v2\/product\/4884","targetHints":{"allow":["GET"]}}],"collection":[{"href":"https:\/\/uoogear.com\/pl\/wp-json\/wp\/v2\/product"}],"about":[{"href":"https:\/\/uoogear.com\/pl\/wp-json\/wp\/v2\/types\/product"}],"wp:featuredmedia":[{"embeddable":true,"href":"https:\/\/uoogear.com\/pl\/wp-json\/wp\/v2\/media\/4883"}],"wp:attachment":[{"href":"https:\/\/uoogear.com\/pl\/wp-json\/wp\/v2\/media?parent=4884"}],"wp:term":[{"taxonomy":"product_brand","embeddable":true,"href":"https:\/\/uoogear.com\/pl\/wp-json\/wp\/v2\/product_brand?post=4884"},{"taxonomy":"product_cat","embeddable":true,"href":"https:\/\/uoogear.com\/pl\/wp-json\/wp\/v2\/product_cat?post=4884"},{"taxonomy":"product_tag","embeddable":true,"href":"https:\/\/uoogear.com\/pl\/wp-json\/wp\/v2\/product_tag?post=4884"}],"curies":[{"name":"wp","href":"https:\/\/api.w.org\/{rel}","templated":true}]}}