{"id":4912,"date":"2023-11-14T03:01:40","date_gmt":"2023-11-14T03:01:40","guid":{"rendered":"https:\/\/uoogear.com\/product\/wholesale-high-quality-600d-heavy-duty-270-degree-annex-awnings-2-0m-radius-car-side-tent\/"},"modified":"2023-11-30T13:00:53","modified_gmt":"2023-11-30T13:00:53","slug":"wholesale-high-quality-600d-heavy-duty-270-degree-annex-awnings-2-0m-radius-car-side-tent","status":"publish","type":"product","link":"https:\/\/uoogear.com\/pl\/produkt\/wholesale-high-quality-600d-heavy-duty-270-degree-annex-awnings-2-0m-radius-car-side-tent\/","title":{"rendered":"Hurtownia wysokiej jako\u015bci markiz 600D o du\u017cej wytrzyma\u0142o\u015bci 270 stopni Namiot boczny samochodu o promieniu 2,0 m"},"content":{"rendered":"<ul>\n<li><strong>Tkanina: <\/strong> P\u0142\u00f3tno<\/li>\n<li><strong>Indeks wodoodporno\u015bci namiotu zewn\u0119trznego: <\/strong> &gt;3000 mm<\/li>\n<li><strong>Dolny wodoodporny indeks: <\/strong> &gt;3000 mm<\/li>\n<li><strong>Rodzaj budynku : <\/strong> Szybkie automatyczne otwieranie<\/li>\n<li><strong>Styl namiotu: <\/strong> Typ rozszerzony<\/li>\n<li><strong>Pora roku : <\/strong> Namiot czterosezonowy<\/li>\n<li><strong>Struktura : <\/strong> Jedna sypialnia<\/li>\n<li><strong>Logo: <\/strong> Dostosowane logo<\/li>\n<li><strong>Materia\u0142 : <\/strong> Tkanina Oxford 420D<\/li>\n<li><strong>Rozmiar: <\/strong> Promie\u0144 2,0 m<\/li>\n<li><strong>Materia\u0142 pow\u0142oki : <\/strong> PU+pow\u0142oka<\/li>\n<li><strong>WAGA : <\/strong> 18 kg<\/li>\n<li><strong>Kolor : <\/strong> Dostosowany kolor<\/li>\n<li><strong>Akcesoria : <\/strong> Zainstaluj narz\u0119dzia<\/li>\n<\/ul>\n<div>\n<div><\/div>\n<div data-section=\"AliMagic-yr3krd\" data-section-title=\"Product Description\">\n<div>Opis produktu<\/div>\n<\/div>\n<div>\n<div><\/div>\n<\/div>\n<div>\n<div>\n<div><img decoding=\"async\" src=\"https:\/\/uoogear.com\/wp-content\/uploads\/2023\/11\/H386e17b125d547299ef28d583c6ba4a60.webp\" data-src=\"https:\/\/uoogear.com\/wp-content\/uploads\/2023\/11\/H386e17b125d547299ef28d583c6ba4a60.webp\" \/><\/div>\n<div><img decoding=\"async\" src=\"https:\/\/uoogear.com\/wp-content\/uploads\/2023\/11\/Heec4a9a8011a4adf9c48e3551eebb3d3e.webp\" data-src=\"https:\/\/uoogear.com\/wp-content\/uploads\/2023\/11\/Heec4a9a8011a4adf9c48e3551eebb3d3e.webp\" \/><\/div>\n<div><img decoding=\"async\" src=\"https:\/\/uoogear.com\/wp-content\/uploads\/2023\/11\/Hb655f27e50804cc8a9cd6602dbd44efcM.webp\" data-src=\"https:\/\/uoogear.com\/wp-content\/uploads\/2023\/11\/Hb655f27e50804cc8a9cd6602dbd44efcM.webp\" \/><\/div>\n<div><img decoding=\"async\" src=\"https:\/\/uoogear.com\/wp-content\/uploads\/2023\/11\/Hf3ab00c00e444b0f860487d59666dc31y.webp\" data-src=\"https:\/\/uoogear.com\/wp-content\/uploads\/2023\/11\/Hf3ab00c00e444b0f860487d59666dc31y.webp\" \/><\/div>\n<div><img decoding=\"async\" src=\"https:\/\/uoogear.com\/wp-content\/uploads\/2023\/11\/H341c3698dad14bbd87678bc6294fb397W.webp\" data-src=\"https:\/\/uoogear.com\/wp-content\/uploads\/2023\/11\/H341c3698dad14bbd87678bc6294fb397W.webp\" \/><\/div>\n<div><img decoding=\"async\" src=\"https:\/\/uoogear.com\/wp-content\/uploads\/2023\/11\/H1ff7bdcd2eb4434a95df486d233d1fc8o.webp\" data-src=\"https:\/\/uoogear.com\/wp-content\/uploads\/2023\/11\/H1ff7bdcd2eb4434a95df486d233d1fc8o.webp\" \/><\/div>\n<div><img decoding=\"async\" src=\"https:\/\/uoogear.com\/wp-content\/uploads\/2023\/11\/H37764f16193549108462366602eda40aM.webp\" data-src=\"https:\/\/uoogear.com\/wp-content\/uploads\/2023\/11\/H37764f16193549108462366602eda40aM.webp\" \/><\/div>\n<div><\/div>\n<div><\/div>\n<\/div>\n<\/div>\n<div>\n<div>\n<div>\n<div>\n<div>\n<div><img decoding=\"async\" src=\"https:\/\/uoogear.com\/wp-content\/uploads\/2023\/11\/H008af11f9b364f9295cba811f4584d60B.webp\" data-src=\"https:\/\/uoogear.com\/wp-content\/uploads\/2023\/11\/H008af11f9b364f9295cba811f4584d60B.webp\" \/><\/div>\n<div><img decoding=\"async\" src=\"https:\/\/uoogear.com\/wp-content\/uploads\/2023\/11\/Hd322d8506ecc447bac6d135caef28c04X.webp\" data-src=\"https:\/\/uoogear.com\/wp-content\/uploads\/2023\/11\/Hd322d8506ecc447bac6d135caef28c04X.webp\" \/><\/div>\n<\/div>\n<\/div>\n<\/div>\n<\/div>\n<\/div>\n<div><\/div>\n<div data-section=\"AliPostDhMb-fmdut\" data-section-title=\"Company Information\">\n<div><\/div>\n<div><\/div>\n<\/div>\n<\/div>","protected":false},"excerpt":{"rendered":"<p>Tkanina: P\u0142\u00f3tno Namiot zewn\u0119trzny Wska\u017anik wodoodporno\u015bci: &gt;3000 mm Wska\u017anik wodoodporno\u015bci dna: &gt;3000 mm Typ budynku: Szybkie automatyczne otwieranie Styl namiotu: Typ rozszerzony Sezon: Czterosezonowy Struktura namiotu: Logo jednej sypialni: Niestandardowe logo Materia\u0142: 420D Oxford Rozmiar tkaniny: Promie\u0144 2,0 m Materia\u0142 pow\u0142oki: PU + pow\u0142oka WAGA: 18 kg<\/p>\n<div class=\"read-more\"><a class=\"btn btn-fill-out\" href=\"https:\/\/uoogear.com\/pl\/produkt\/wholesale-high-quality-600d-heavy-duty-270-degree-annex-awnings-2-0m-radius-car-side-tent\/\">Czytaj wi\u0119cej<\/a><\/div>","protected":false},"featured_media":4910,"template":"","meta":[],"product_brand":[],"product_cat":[15],"product_tag":[],"class_list":{"0":"post-4912","1":"product","2":"type-product","3":"status-publish","4":"has-post-thumbnail","6":"product_cat-uncategorized","7":"tm-no-options","9":"first","10":"instock","11":"shipping-taxable","12":"purchasable","13":"product-type-variable"},"_links":{"self":[{"href":"https:\/\/uoogear.com\/pl\/wp-json\/wp\/v2\/product\/4912","targetHints":{"allow":["GET"]}}],"collection":[{"href":"https:\/\/uoogear.com\/pl\/wp-json\/wp\/v2\/product"}],"about":[{"href":"https:\/\/uoogear.com\/pl\/wp-json\/wp\/v2\/types\/product"}],"wp:featuredmedia":[{"embeddable":true,"href":"https:\/\/uoogear.com\/pl\/wp-json\/wp\/v2\/media\/4910"}],"wp:attachment":[{"href":"https:\/\/uoogear.com\/pl\/wp-json\/wp\/v2\/media?parent=4912"}],"wp:term":[{"taxonomy":"product_brand","embeddable":true,"href":"https:\/\/uoogear.com\/pl\/wp-json\/wp\/v2\/product_brand?post=4912"},{"taxonomy":"product_cat","embeddable":true,"href":"https:\/\/uoogear.com\/pl\/wp-json\/wp\/v2\/product_cat?post=4912"},{"taxonomy":"product_tag","embeddable":true,"href":"https:\/\/uoogear.com\/pl\/wp-json\/wp\/v2\/product_tag?post=4912"}],"curies":[{"name":"wp","href":"https:\/\/api.w.org\/{rel}","templated":true}]}}