{"id":4954,"date":"2023-11-14T03:04:39","date_gmt":"2023-11-14T03:04:39","guid":{"rendered":"https:\/\/uoogear.com\/product\/4x4-off-road-light-weight-hard-shell-roof-top-tent-car-truck-camping-top-auto-waterproof-rooftop-tent\/"},"modified":"2023-11-30T09:45:46","modified_gmt":"2023-11-30T09:45:46","slug":"4x4-off-road-light-weight-hard-shell-roof-top-tent-car-truck-camping-top-auto-waterproof-rooftop-tent","status":"publish","type":"product","link":"https:\/\/uoogear.com\/pl\/produkt\/4x4-off-road-light-weight-hard-shell-roof-top-tent-car-truck-camping-top-auto-waterproof-rooftop-tent\/","title":{"rendered":"4X4 Off Road Lekki, twardy namiot na dachu, samoch\u00f3d ci\u0119\u017carowy, Camping Top, automatyczny, wodoodporny namiot na dachu"},"content":{"rendered":"<ul>\n<li><strong>Tkanina: <\/strong> Oksford<\/li>\n<li><strong>Indeks wodoodporno\u015bci namiotu zewn\u0119trznego: <\/strong> &gt;3000 mm<\/li>\n<li><strong>Dolny wodoodporny indeks: <\/strong> &gt;3000 mm<\/li>\n<li><strong>Rodzaj budynku : <\/strong> Szybkie automatyczne otwieranie<\/li>\n<li><strong>Styl namiotu: <\/strong> Typ usztywnienia prostego<\/li>\n<li><strong>Pora roku : <\/strong> Namiot czterosezonowy<\/li>\n<li><strong>Struktura : <\/strong> Jedna sypialnia<\/li>\n<\/ul>\n<div>\n<div data-section=\"AliMagic-lylxm6\" data-section-title=\"Product Description\">\n<p>Opis produktu<\/p>\n<\/div>\n<div>\n<div>\n<div><img decoding=\"async\" src=\"https:\/\/uoogear.com\/wp-content\/uploads\/2023\/11\/H8bf4724dace34427931228803a08862eG.webp\" data-src=\"https:\/\/uoogear.com\/wp-content\/uploads\/2023\/11\/H8bf4724dace34427931228803a08862eG.webp\" \/><\/div>\n<div><img decoding=\"async\" src=\"https:\/\/uoogear.com\/wp-content\/uploads\/2023\/11\/H5d617f36c45d4b5aaedde30adb7f9021l.webp\" data-src=\"https:\/\/uoogear.com\/wp-content\/uploads\/2023\/11\/H5d617f36c45d4b5aaedde30adb7f9021l.webp\" \/><\/div>\n<div><img decoding=\"async\" src=\"https:\/\/uoogear.com\/wp-content\/uploads\/2023\/11\/H4a4bbee4e0834d1c8320c5a0119b92435.webp\" data-src=\"https:\/\/uoogear.com\/wp-content\/uploads\/2023\/11\/H4a4bbee4e0834d1c8320c5a0119b92435.webp\" \/><\/div>\n<div><img decoding=\"async\" src=\"https:\/\/uoogear.com\/wp-content\/uploads\/2023\/11\/H9fc871749997470ba1fb8d0c28af1e3au.webp\" data-src=\"https:\/\/uoogear.com\/wp-content\/uploads\/2023\/11\/H9fc871749997470ba1fb8d0c28af1e3au.webp\" \/><\/div>\n<div><img decoding=\"async\" src=\"https:\/\/uoogear.com\/wp-content\/uploads\/2023\/11\/H027976735c7340dcbccbf0a7a0f8379ek.webp\" data-src=\"https:\/\/uoogear.com\/wp-content\/uploads\/2023\/11\/H027976735c7340dcbccbf0a7a0f8379ek.webp\" \/><\/div>\n<div><img decoding=\"async\" src=\"https:\/\/uoogear.com\/wp-content\/uploads\/2023\/11\/Hb949a9bfa0014c45a134cc714d62d5ecK.webp\" data-src=\"https:\/\/uoogear.com\/wp-content\/uploads\/2023\/11\/Hb949a9bfa0014c45a134cc714d62d5ecK.webp\" \/><\/div>\n<div><img decoding=\"async\" src=\"https:\/\/uoogear.com\/wp-content\/uploads\/2023\/11\/H5d179af123c64b70afd7211e6f07d210f.webp\" data-src=\"https:\/\/uoogear.com\/wp-content\/uploads\/2023\/11\/H5d179af123c64b70afd7211e6f07d210f.webp\" \/><\/div>\n<\/div>\n<\/div>\n<div>\n<div>\n<div>\n<div>\n<div>\n<div><img decoding=\"async\" src=\"https:\/\/uoogear.com\/wp-content\/uploads\/2023\/11\/He6ff13a98e9045fb81bbd17415b5f01a2.webp\" data-src=\"https:\/\/uoogear.com\/wp-content\/uploads\/2023\/11\/He6ff13a98e9045fb81bbd17415b5f01a2.webp\" \/><\/div>\n<\/div>\n<\/div>\n<\/div>\n<\/div>\n<\/div>\n<div>\n<div>\n<div>\n<div>\n<div>\n<div><\/div>\n<\/div>\n<\/div>\n<\/div>\n<\/div>\n<\/div>\n<div>\n<div>\n<div>\n<div>\n<div>\n<div><img decoding=\"async\" src=\"https:\/\/uoogear.com\/wp-content\/uploads\/2023\/11\/H40ebd58500084c3781dfaf4626a3fd19l.webp\" data-src=\"https:\/\/uoogear.com\/wp-content\/uploads\/2023\/11\/H40ebd58500084c3781dfaf4626a3fd19l.webp\" \/><\/div>\n<div><\/div>\n<\/div>\n<\/div>\n<\/div>\n<\/div>\n<\/div>\n<div>\n<div>\n<div>\n<div>\n<div>\n<div><img decoding=\"async\" src=\"https:\/\/uoogear.com\/wp-content\/uploads\/2023\/11\/Hc9453db51d944660a1e4f15768c1b9854.webp\" data-src=\"https:\/\/uoogear.com\/wp-content\/uploads\/2023\/11\/Hc9453db51d944660a1e4f15768c1b9854.webp\" \/><\/div>\n<\/div>\n<\/div>\n<\/div>\n<\/div>\n<\/div>\n<div>\n<div>\n<div>\n<div>\n<div>\n<div><img decoding=\"async\" src=\"https:\/\/uoogear.com\/wp-content\/uploads\/2023\/11\/H135d81af71d0429185aa815af762bdf2J.webp\" data-src=\"https:\/\/uoogear.com\/wp-content\/uploads\/2023\/11\/H135d81af71d0429185aa815af762bdf2J.webp\" \/><\/div>\n<\/div>\n<\/div>\n<\/div>\n<\/div>\n<\/div>\n<div>\n<div>\n<div>\n<div>\n<div>\n<div><img decoding=\"async\" src=\"https:\/\/uoogear.com\/wp-content\/uploads\/2023\/11\/Hd4e931a43a594cbc9f5853b908554f417.webp\" data-src=\"https:\/\/uoogear.com\/wp-content\/uploads\/2023\/11\/Hd4e931a43a594cbc9f5853b908554f417.webp\" \/><\/div>\n<\/div>\n<\/div>\n<\/div>\n<\/div>\n<\/div>\n<div>\n<div>\n<div>\n<div>\n<div>\n<div><\/div>\n<\/div>\n<\/div>\n<\/div>\n<\/div>\n<\/div>\n<div>\n<div>\n<div>\n<div>\n<div>\n<div data-spm-anchor-id=\"a2700.details.0.i77.4378719eq6qofZ\"><\/div>\n<\/div>\n<\/div>\n<\/div>\n<\/div>\n<\/div>\n<\/div>","protected":false},"excerpt":{"rendered":"<p>Tkanina : Namiot zewn\u0119trzny Oxford Wska\u017anik wodoodporno\u015bci : &gt; 3000 mm Wska\u017anik wodoodporno\u015bci dna : &gt; 3000 mm Typ budynku : Szybkie automatyczne otwieranie Styl namiotu : Prosty typ usztywnienia Sezon : Czterosezonowa Konstrukcja namiotu : Jedna sypialnia Opis produktu<\/p>","protected":false},"featured_media":4953,"template":"","meta":[],"product_brand":[],"product_cat":[15],"product_tag":[],"class_list":{"0":"post-4954","1":"product","2":"type-product","3":"status-publish","4":"has-post-thumbnail","6":"product_cat-uncategorized","7":"tm-no-options","9":"first","10":"instock","11":"shipping-taxable","12":"purchasable","13":"product-type-variable"},"_links":{"self":[{"href":"https:\/\/uoogear.com\/pl\/wp-json\/wp\/v2\/product\/4954","targetHints":{"allow":["GET"]}}],"collection":[{"href":"https:\/\/uoogear.com\/pl\/wp-json\/wp\/v2\/product"}],"about":[{"href":"https:\/\/uoogear.com\/pl\/wp-json\/wp\/v2\/types\/product"}],"wp:featuredmedia":[{"embeddable":true,"href":"https:\/\/uoogear.com\/pl\/wp-json\/wp\/v2\/media\/4953"}],"wp:attachment":[{"href":"https:\/\/uoogear.com\/pl\/wp-json\/wp\/v2\/media?parent=4954"}],"wp:term":[{"taxonomy":"product_brand","embeddable":true,"href":"https:\/\/uoogear.com\/pl\/wp-json\/wp\/v2\/product_brand?post=4954"},{"taxonomy":"product_cat","embeddable":true,"href":"https:\/\/uoogear.com\/pl\/wp-json\/wp\/v2\/product_cat?post=4954"},{"taxonomy":"product_tag","embeddable":true,"href":"https:\/\/uoogear.com\/pl\/wp-json\/wp\/v2\/product_tag?post=4954"}],"curies":[{"name":"wp","href":"https:\/\/api.w.org\/{rel}","templated":true}]}}