{"id":4979,"date":"2023-11-14T03:11:40","date_gmt":"2023-11-14T03:11:40","guid":{"rendered":"https:\/\/uoogear.com\/product\/aluminum-hard-shell-suv-rooftop-tent-outdoor-camping-rooftop-tent\/"},"modified":"2023-11-30T13:27:18","modified_gmt":"2023-11-30T13:27:18","slug":"aluminum-hard-shell-suv-rooftop-tent-outdoor-camping-rooftop-tent","status":"publish","type":"product","link":"https:\/\/uoogear.com\/pl\/produkt\/aluminum-hard-shell-suv-rooftop-tent-outdoor-camping-rooftop-tent\/","title":{"rendered":"Aluminiowy namiot dachowy z tward\u0105 skorup\u0105 SUV Namiot zewn\u0119trzny na dachu"},"content":{"rendered":"<ul>\n<li><strong>Tkanina: <\/strong> Oksford<\/li>\n<li><strong>Indeks wodoodporno\u015bci namiotu zewn\u0119trznego: <\/strong> &gt;3000 mm<\/li>\n<li><strong>Dolny wodoodporny indeks: <\/strong> &gt;3000 mm<\/li>\n<li><strong>Rodzaj budynku : <\/strong> Szybkie automatyczne otwieranie<\/li>\n<li><strong>Styl namiotu: <\/strong> Typ usztywnienia prostego<\/li>\n<li><strong>Pora roku : <\/strong> Namiot czterosezonowy<\/li>\n<li><strong>Struktura : <\/strong> Jedna sypialnia<\/li>\n<li><strong>Kolor : <\/strong> Dostosowany kolor<\/li>\n<li><strong>Logo: <\/strong> Dostosowane logo<\/li>\n<li><strong>Materia\u0142 : <\/strong> Stop aluminium + p\u0142\u00f3tno 280G<\/li>\n<li><strong>Akcesoria : <\/strong> Zainstaluj narz\u0119dzia<\/li>\n<li><strong>Wodoodporny: <\/strong> 3000+<\/li>\n<li><strong>Drabina : <\/strong> Aluminiowa drabina teleskopowa o d\u0142ugo\u015bci 2,3 m<\/li>\n<li><strong>Pr\u0119t no\u015bny: <\/strong> Stal nierdzewna + dr\u0105\u017cek hydrauliczny<\/li>\n<li><strong>Stosowanie : <\/strong> Zaj\u0119cia na dworzu<\/li>\n<\/ul>\n<div>\n<div data-section=\"AliMagic-wvm5wl\" data-section-title=\"Product Description\">\n<p>Opis produktu<\/p>\n<\/div>\n<div>\n<div>\n<div><\/div>\n<div><img decoding=\"async\" src=\"https:\/\/uoogear.com\/wp-content\/uploads\/2023\/11\/H1e4ee538be934666a3a642b4b7b86bf3J.webp\" data-src=\"https:\/\/uoogear.com\/wp-content\/uploads\/2023\/11\/H1e4ee538be934666a3a642b4b7b86bf3J.webp\" \/><\/div>\n<div><img decoding=\"async\" src=\"https:\/\/uoogear.com\/wp-content\/uploads\/2023\/11\/Hccd0d33a910d44009bf45bac54f88012Z.webp\" data-src=\"https:\/\/uoogear.com\/wp-content\/uploads\/2023\/11\/Hccd0d33a910d44009bf45bac54f88012Z.webp\" \/><\/div>\n<div><img decoding=\"async\" src=\"https:\/\/uoogear.com\/wp-content\/uploads\/2023\/11\/H82227ca55ebc475abc2b5e360261152fe.webp\" data-src=\"https:\/\/uoogear.com\/wp-content\/uploads\/2023\/11\/H82227ca55ebc475abc2b5e360261152fe.webp\" \/><\/div>\n<div><img decoding=\"async\" src=\"https:\/\/uoogear.com\/wp-content\/uploads\/2023\/11\/H3c4f84374ee14e0abd3eaa0bc4120364m.webp\" data-src=\"https:\/\/uoogear.com\/wp-content\/uploads\/2023\/11\/H3c4f84374ee14e0abd3eaa0bc4120364m.webp\" \/><\/div>\n<div><img decoding=\"async\" src=\"https:\/\/uoogear.com\/wp-content\/uploads\/2023\/11\/H684af57272a64d7abb27b44cd4a5c64cO.webp\" data-src=\"https:\/\/uoogear.com\/wp-content\/uploads\/2023\/11\/H684af57272a64d7abb27b44cd4a5c64cO.webp\" \/><\/div>\n<div><img decoding=\"async\" src=\"https:\/\/uoogear.com\/wp-content\/uploads\/2023\/11\/H2aa2dc5486854c819828530906c834ecI.webp\" data-src=\"https:\/\/uoogear.com\/wp-content\/uploads\/2023\/11\/H2aa2dc5486854c819828530906c834ecI.webp\" \/><\/div>\n<div><img decoding=\"async\" src=\"https:\/\/uoogear.com\/wp-content\/uploads\/2023\/11\/Hc6280ac2403d412d89126c575b90e614P.webp\" data-src=\"https:\/\/uoogear.com\/wp-content\/uploads\/2023\/11\/Hc6280ac2403d412d89126c575b90e614P.webp\" \/><\/div>\n<div><\/div>\n<div data-spm-anchor-id=\"a2700.details.0.i74.b4396abcgkgcqg\"><\/div>\n<\/div>\n<\/div>\n<\/div>","protected":false},"excerpt":{"rendered":"<p>Tkanina: Oxford Namiot zewn\u0119trzny Wska\u017anik wodoodporno\u015bci: &gt; 3000 mm Wska\u017anik wodoodporno\u015bci dna: &gt; 3000 mm Typ budynku: Szybkie automatyczne otwieranie Styl namiotu: Prosty typ usztywnienia Sezon: Czterosezonowy Struktura namiotu: Jedna sypialnia Kolor: Dostosowane kolorowe logo: Dostosowane logo Materia\u0142: Stop aluminium + 280G Akcesoria p\u0142\u00f3cienne: Narz\u0119dzia instalacyjne Wodoodporne:<\/p>\n<div class=\"read-more\"><a class=\"btn btn-fill-out\" href=\"https:\/\/uoogear.com\/pl\/produkt\/aluminum-hard-shell-suv-rooftop-tent-outdoor-camping-rooftop-tent\/\">Czytaj wi\u0119cej<\/a><\/div>","protected":false},"featured_media":4982,"template":"","meta":[],"product_brand":[],"product_cat":[15],"product_tag":[],"class_list":{"0":"post-4979","1":"product","2":"type-product","3":"status-publish","4":"has-post-thumbnail","6":"product_cat-uncategorized","7":"tm-no-options","9":"first","10":"instock","11":"shipping-taxable","12":"purchasable","13":"product-type-variable"},"_links":{"self":[{"href":"https:\/\/uoogear.com\/pl\/wp-json\/wp\/v2\/product\/4979","targetHints":{"allow":["GET"]}}],"collection":[{"href":"https:\/\/uoogear.com\/pl\/wp-json\/wp\/v2\/product"}],"about":[{"href":"https:\/\/uoogear.com\/pl\/wp-json\/wp\/v2\/types\/product"}],"wp:featuredmedia":[{"embeddable":true,"href":"https:\/\/uoogear.com\/pl\/wp-json\/wp\/v2\/media\/4982"}],"wp:attachment":[{"href":"https:\/\/uoogear.com\/pl\/wp-json\/wp\/v2\/media?parent=4979"}],"wp:term":[{"taxonomy":"product_brand","embeddable":true,"href":"https:\/\/uoogear.com\/pl\/wp-json\/wp\/v2\/product_brand?post=4979"},{"taxonomy":"product_cat","embeddable":true,"href":"https:\/\/uoogear.com\/pl\/wp-json\/wp\/v2\/product_cat?post=4979"},{"taxonomy":"product_tag","embeddable":true,"href":"https:\/\/uoogear.com\/pl\/wp-json\/wp\/v2\/product_tag?post=4979"}],"curies":[{"name":"wp","href":"https:\/\/api.w.org\/{rel}","templated":true}]}}