{"id":5005,"date":"2023-11-14T03:13:24","date_gmt":"2023-11-14T03:13:24","guid":{"rendered":"https:\/\/uoogear.com\/product\/2022-new-hard-shell-aluminum-suv-car-roof-top-tent-aluminum-shell-waterproof-camping-rooftop-tent\/"},"modified":"2024-04-02T22:25:23","modified_gmt":"2024-04-02T14:25:23","slug":"2022-new-hard-shell-aluminum-suv-car-roof-top-tent-aluminum-shell-waterproof-camping-rooftop-tent","status":"publish","type":"product","link":"https:\/\/uoogear.com\/pl\/produkt\/2022-new-hard-shell-aluminum-suv-car-roof-top-tent-aluminum-shell-waterproof-camping-rooftop-tent\/","title":{"rendered":"2022 Nowy aluminiowy namiot na dachu samochodu suv z tward\u0105 skorup\u0105 Aluminiowa pow\u0142oka Wodoodporny namiot kempingowy na dachu"},"content":{"rendered":"<ul>\n<li><strong>Obszar : <\/strong> 217*130*155CM<\/li>\n<li><strong>Tkanina: <\/strong> P\u0142\u00f3tno<\/li>\n<li><strong>Indeks wodoodporno\u015bci namiotu zewn\u0119trznego: <\/strong> &gt;3000 mm<\/li>\n<li><strong>Dolny wodoodporny indeks: <\/strong> 2000-3000 mm<\/li>\n<li><strong>Rodzaj budynku : <\/strong> Szybkie automatyczne otwieranie<\/li>\n<li><strong>Styl namiotu: <\/strong> Typ rozszerzony<\/li>\n<li><strong>Pora roku : <\/strong> Namiot trzysezonowy<\/li>\n<li><strong>Struktura : <\/strong> Jedna sypialnia<\/li>\n<li><strong>Rozmiar: <\/strong> 217*130*155CM<\/li>\n<li><strong>Ok\u0142adka : <\/strong> Aluminiowa os\u0142ona skorupy<\/li>\n<li><strong>Sp\u00f3d : <\/strong> Aluminium<\/li>\n<li><strong>Drabina : <\/strong> Aluminiowa drabina teleskopowa<\/li>\n<li><strong>Materac: <\/strong> Nieodkszta\u0142caj\u0105cy si\u0119 materac g\u0105bkowy<\/li>\n<li><strong>1 szt.\/ctn GW: <\/strong> 82 kg, 225*137*33 cmcm<\/li>\n<\/ul>\n<div>\n<div>\n<div data-magic-global=\"%7B%22bizId%22%3A3034306692%2C%22pageId%22%3A21077026857%2C%22siteId%22%3A5005259191%7D\">\n<div>\n<div>\n<div>\n<div>\n<div>\n<div><img decoding=\"async\" src=\"https:\/\/uoogear.com\/wp-content\/uploads\/2023\/11\/H08b8e51067574043bbe7ea9e5255ab78K.webp\" data-src=\"https:\/\/uoogear.com\/wp-content\/uploads\/2023\/11\/H08b8e51067574043bbe7ea9e5255ab78K.webp\" \/><\/div>\n<\/div>\n<\/div>\n<\/div>\n<\/div>\n<\/div>\n<div><\/div>\n<div>\n<div>\n<div>\n<div>\n<div>\n<div><\/div>\n<\/div>\n<\/div>\n<\/div>\n<\/div>\n<\/div>\n<div><\/div>\n<\/div>\n<\/div>\n<div data-section=\"AliMagic-ruejez\" data-section-title=\"Specification\">\n<div>Specyfikacja<\/div>\n<p>Specyfikacja<\/p>\n<\/div>\n<div>\n<div>\n<div>\n<h3>Kluczowa cecha:<\/h3>\n<div>\n<div>\n<div>1. \u0141atwe otwieranie i zamykanie, nigdy nie martw si\u0119 o jako\u015b\u0107. 2. Trzymaj si\u0119 z dala od deszczu, wiatru, wilgoci, zimna i owad\u00f3w. 3. Spraw, aby Twoja podr\u00f3\u017c samochodem by\u0142a wygodniejsza. 4. Wytrzyma\u0142a os\u0142ona ABS zapewnia skuteczn\u0105 ochron\u0119 namiotu. 5. Du\u017ce okna zapewniaj\u0105 dobr\u0105 wentylacj\u0119 i pozwalaj\u0105 na wi\u0119kszy przep\u0142yw powietrza w ca\u0142ym namiocie. 6. Instalacja jest prosta, mo\u017ce j\u0105 wykona\u0107 jedna osoba. 7. Brak ha\u0142asu podczas pracy pojazdu. 8. Produkt ma nisk\u0105 cen\u0119 i mo\u017ce zast\u0105pi\u0107 podr\u00f3\u017c kamperem.<\/div>\n<\/div>\n<\/div>\n<\/div>\n<\/div>\n<\/div>\n<div>\n<div>\n<div>\n<div>\n<div>\n<div><img decoding=\"async\" src=\"https:\/\/uoogear.com\/wp-content\/uploads\/2023\/11\/H70e73017a8f44a34864eb3e765c9c39e0.webp\" data-src=\"https:\/\/uoogear.com\/wp-content\/uploads\/2023\/11\/H70e73017a8f44a34864eb3e765c9c39e0.webp\" \/><\/div>\n<\/div>\n<\/div>\n<div>\n<div>\n<div>\n<table>\n<tbody>\n<tr>\n<td>\n<div>Pora roku<\/div>\n<\/td>\n<td>\n<div>Namiot trzysezonowy<\/div>\n<\/td>\n<\/tr>\n<tr>\n<td>\n<div>Struktura<\/div>\n<\/td>\n<td>\n<div>Jedna sypialnia<\/div>\n<\/td>\n<\/tr>\n<tr>\n<td>\n<div>Rozmiar<\/div>\n<\/td>\n<td>\n<div>217*130*155CM<\/div>\n<\/td>\n<\/tr>\n<tr>\n<td>\n<div>Ok\u0142adka<\/div>\n<\/td>\n<td>\n<div>Aluminiowa os\u0142ona skorupy<\/div>\n<\/td>\n<\/tr>\n<tr>\n<td>\n<div>Sp\u00f3d<\/div>\n<\/td>\n<td>\n<div>Aluminium<\/div>\n<\/td>\n<\/tr>\n<tr>\n<td>\n<div>Drabina<\/div>\n<\/td>\n<td>\n<div>Aluminiowa drabina teleskopowa<\/div>\n<\/td>\n<\/tr>\n<tr>\n<td>\n<div>Materac<\/div>\n<\/td>\n<td>\n<div>Nieodkszta\u0142caj\u0105cy si\u0119 materac g\u0105bkowy<\/div>\n<\/td>\n<\/tr>\n<tr>\n<td>\n<div>1 szt.\/szt. GW<\/div>\n<\/td>\n<td>\n<div>82 kg, 225*137*33 cmcm<\/div>\n<\/td>\n<\/tr>\n<\/tbody>\n<\/table>\n<\/div>\n<\/div>\n<\/div>\n<\/div>\n<\/div>\n<\/div>\n<div>\n<div>\n<div><img decoding=\"async\" src=\"https:\/\/uoogear.com\/wp-content\/uploads\/2023\/11\/H43f42d0819a349b3a7659abec1bcb41dN.webp\" data-src=\"https:\/\/uoogear.com\/wp-content\/uploads\/2023\/11\/H43f42d0819a349b3a7659abec1bcb41dN.webp\" \/><\/div>\n<div><img decoding=\"async\" src=\"https:\/\/uoogear.com\/wp-content\/uploads\/2023\/11\/H828fcd72b34d4752b7e38a1a80d01505A.webp\" data-src=\"https:\/\/uoogear.com\/wp-content\/uploads\/2023\/11\/H828fcd72b34d4752b7e38a1a80d01505A.webp\" \/><\/div>\n<div><img decoding=\"async\" src=\"https:\/\/uoogear.com\/wp-content\/uploads\/2023\/11\/H64ae03066acd4d80a995b990565ee575Y.webp\" data-src=\"https:\/\/uoogear.com\/wp-content\/uploads\/2023\/11\/H64ae03066acd4d80a995b990565ee575Y.webp\" \/><\/div>\n<div><img decoding=\"async\" src=\"https:\/\/uoogear.com\/wp-content\/uploads\/2023\/11\/H5a45ba0a7b204f12bba19123bbc8f9adU.webp\" data-src=\"https:\/\/uoogear.com\/wp-content\/uploads\/2023\/11\/H5a45ba0a7b204f12bba19123bbc8f9adU.webp\" \/><\/div>\n<div><img decoding=\"async\" src=\"https:\/\/uoogear.com\/wp-content\/uploads\/2023\/11\/H9cd6a2826cf84a7d99381369d8d2e22bL.webp\" data-src=\"https:\/\/uoogear.com\/wp-content\/uploads\/2023\/11\/H9cd6a2826cf84a7d99381369d8d2e22bL.webp\" \/><\/div>\n<div><img decoding=\"async\" src=\"https:\/\/uoogear.com\/wp-content\/uploads\/2023\/11\/H70e73017a8f44a34864eb3e765c9c39e0.webp\" data-src=\"https:\/\/uoogear.com\/wp-content\/uploads\/2023\/11\/H70e73017a8f44a34864eb3e765c9c39e0.webp\" \/><\/div>\n<div><\/div>\n<\/div>\n<\/div>\n<\/div>","protected":false},"excerpt":{"rendered":"<p>Powierzchnia: 217*130*155CM Tkanina: P\u0142\u00f3tno Namiot zewn\u0119trzny Wska\u017anik wodoodporno\u015bci: &gt;3000 mm Wska\u017anik wodoodporno\u015bci dna: 2000-3000 Mm Typ budynku: Szybkie automatyczne otwieranie Styl namiotu: Typ rozszerzony Sezon: Trzysezonowa Struktura namiotu: Jedna sypialnia Rozmiar: 217 *130*155CM Pokrycie: Pokrywa aluminiowa D\u00f3\u0142: Drabina aluminiowa: Aluminiowa drabina teleskopowa Materac<\/p>\n<div class=\"read-more\"><a class=\"btn btn-fill-out\" href=\"https:\/\/uoogear.com\/pl\/produkt\/2022-new-hard-shell-aluminum-suv-car-roof-top-tent-aluminum-shell-waterproof-camping-rooftop-tent\/\">Czytaj wi\u0119cej<\/a><\/div>","protected":false},"featured_media":5004,"template":"","meta":[],"product_brand":[],"product_cat":[15],"product_tag":[],"class_list":{"0":"post-5005","1":"product","2":"type-product","3":"status-publish","4":"has-post-thumbnail","6":"product_cat-uncategorized","7":"tm-no-options","9":"first","10":"instock","11":"shipping-taxable","12":"purchasable","13":"product-type-variable"},"_links":{"self":[{"href":"https:\/\/uoogear.com\/pl\/wp-json\/wp\/v2\/product\/5005","targetHints":{"allow":["GET"]}}],"collection":[{"href":"https:\/\/uoogear.com\/pl\/wp-json\/wp\/v2\/product"}],"about":[{"href":"https:\/\/uoogear.com\/pl\/wp-json\/wp\/v2\/types\/product"}],"wp:featuredmedia":[{"embeddable":true,"href":"https:\/\/uoogear.com\/pl\/wp-json\/wp\/v2\/media\/5004"}],"wp:attachment":[{"href":"https:\/\/uoogear.com\/pl\/wp-json\/wp\/v2\/media?parent=5005"}],"wp:term":[{"taxonomy":"product_brand","embeddable":true,"href":"https:\/\/uoogear.com\/pl\/wp-json\/wp\/v2\/product_brand?post=5005"},{"taxonomy":"product_cat","embeddable":true,"href":"https:\/\/uoogear.com\/pl\/wp-json\/wp\/v2\/product_cat?post=5005"},{"taxonomy":"product_tag","embeddable":true,"href":"https:\/\/uoogear.com\/pl\/wp-json\/wp\/v2\/product_tag?post=5005"}],"curies":[{"name":"wp","href":"https:\/\/api.w.org\/{rel}","templated":true}]}}