{"id":5017,"date":"2023-11-14T03:14:31","date_gmt":"2023-11-14T03:14:31","guid":{"rendered":"https:\/\/uoogear.com\/product\/oem-new-arrival-car-camping-hard-top-roof-tent-off-road-2-3-person-vehicle-car-soft-shell-rooftop-tent\/"},"modified":"2023-11-30T13:53:44","modified_gmt":"2023-11-30T13:53:44","slug":"oem-new-arrival-car-camping-hard-top-roof-tent-off-road-2-3-person-vehicle-car-soft-shell-rooftop-tent","status":"publish","type":"product","link":"https:\/\/uoogear.com\/pl\/produkt\/oem-new-arrival-car-camping-hard-top-roof-tent-off-road-2-3-person-vehicle-car-soft-shell-rooftop-tent\/","title":{"rendered":"OEM New Arrival samoch\u00f3d kempingowy namiot dachowy z twardym dachem Off Road 2-3 osobowy pojazd samochodowy namiot dachowy z mi\u0119kk\u0105 skorup\u0105"},"content":{"rendered":"<ul>\n<li><strong>Obszar : <\/strong> 140x240cm<\/li>\n<li><strong>Tkanina: <\/strong> Poliester<\/li>\n<li><strong>Indeks wodoodporno\u015bci namiotu zewn\u0119trznego: <\/strong> 2000-3000 mm<\/li>\n<li><strong>Dolny wodoodporny indeks: <\/strong> 2000-3000 mm<\/li>\n<li><strong>Rodzaj budynku : <\/strong> Szybkie automatyczne otwieranie<\/li>\n<li><strong>Styl namiotu: <\/strong> Typ usztywnienia uko\u015bnego, typ usztywnienia prostego, s\u0142upek namiotu typu rurowego<\/li>\n<li><strong>Pora roku : <\/strong> Namiot czterosezonowy<\/li>\n<li><strong>Struktura : <\/strong> Jedna sypialnia<\/li>\n<li><strong>Materia\u0142 przeciwdeszczowy: <\/strong> Poliester Rip-Stop 420D Oxford<\/li>\n<li><strong>Polak: <\/strong> Aluminiowy Poe o \u015brednicy 16 mm<\/li>\n<li><strong>Ok\u0142adka podr\u00f3\u017cna: <\/strong> Wytrzyma\u0142y PVC 680g\/1200D<\/li>\n<li><strong>Gwarancja : <\/strong> 24 miesi\u0105ce<\/li>\n<li><strong>Czas dostawy : <\/strong> 20-35 dni (w zale\u017cno\u015bci od ilo\u015bci)<\/li>\n<li><strong>Materac: <\/strong> Materac o grubo\u015bci 60 mm z pokrowcem, kt\u00f3ry mo\u017cna pra\u0107<\/li>\n<li><strong>Funkcja : <\/strong> sprz\u0119t biwakowy<\/li>\n<li><strong>Kolor : <\/strong> Dostosowany kolor<\/li>\n<\/ul>\n<div>\n<div><\/div>\n<div data-section=\"AliMagic-vxp9xy\" data-section-title=\"Product Description\">\n<div data-spm-anchor-id=\"a2700.details.0.i80.41396425f2L15f\"><\/div>\n<p>Opis produktu<\/p>\n<\/div>\n<div>\n<div>\n<div>\n<div>\n<div>\n<div><img decoding=\"async\" src=\"https:\/\/uoogear.com\/wp-content\/uploads\/2023\/11\/Hc00efc1d3f82460892d1751fa97b7c0aE-wpp1701352124122.webp\" data-src=\"https:\/\/uoogear.com\/wp-content\/uploads\/2023\/11\/Hc00efc1d3f82460892d1751fa97b7c0aE-wpp1701352124122.webp\" \/><\/div>\n<\/div>\n<\/div>\n<div>\n<div>\n<div>\n<table>\n<tbody>\n<tr>\n<td>\n<div>\n<div><strong data-spm-anchor-id=\"a2700.pc-decorate.0.i1.1c083333HfoZmI\">Specyfikacja namiotu dachowego QH8812<\/strong><\/div>\n<\/div>\n<\/td>\n<td><\/td>\n<\/tr>\n<tr>\n<td>\n<div>Lot\/Za\u0142\u0105cznik<\/div>\n<\/td>\n<td>\n<div>Poliester Oxford 420D, wodoodporny do 2500 mm, odporny na promieniowanie UV i ple\u015b\u0144<\/div>\n<\/td>\n<\/tr>\n<tr>\n<td>\n<div>Cia\u0142o<\/div>\n<\/td>\n<td>\n<div>Poliester Rip-Stop 420D Oxford, wodoodporny do 2500 mm, odporny na promieniowanie UV i ple\u015b\u0144<\/div>\n<\/td>\n<\/tr>\n<tr>\n<td>\n<div>Materia\u0142 za\u0142\u0105cznika<\/div>\n<\/td>\n<td>\n<div>Poliester Rip-stop 420D Oxford, wodoodporno\u015b\u0107 do 2500 mm, odporno\u015b\u0107 na promieniowanie UV i ple\u015b\u0144 (sprzedawane osobno); Wysoko\u015b\u0107: 190 cm<\/div>\n<\/td>\n<\/tr>\n<tr>\n<td>\n<div>Materac<\/div>\n<\/td>\n<td>\n<div>Materac o du\u017cej g\u0119sto\u015bci o grubo\u015bci 60 mm z pokrowcem, kt\u00f3ry mo\u017cna pra\u0107<\/div>\n<\/td>\n<\/tr>\n<tr>\n<td>\n<div>Os\u0142ona podr\u00f3\u017cna<\/div>\n<\/td>\n<td>\n<div>Wytrzyma\u0142y PVC 680g\/1200D wodoodporny i odporny na promieniowanie UV<\/div>\n<\/td>\n<\/tr>\n<tr>\n<td>\n<div>Baza<\/div>\n<\/td>\n<td>\n<div>Spawana rura aluminiowa z izolacj\u0105 i blach\u0105 aluminiow\u0105 odporn\u0105 na zarysowania<\/div>\n<\/td>\n<\/tr>\n<tr>\n<td>\n<div>Rama wewn\u0119trzna<\/div>\n<\/td>\n<td>\n<div>S\u0142upy aluminiowe anodowane<\/div>\n<\/td>\n<\/tr>\n<tr>\n<td>\n<div>Drabina<\/div>\n<\/td>\n<td>\n<div>Drabina aluminiowa anodowana<\/div>\n<\/td>\n<\/tr>\n<tr>\n<td>\n<div>\n<div data-spm-anchor-id=\"a2700.pc-decorate.0.i48.2eda3333SpY1cc\"><strong data-spm-anchor-id=\"a2700.pc-decorate.0.i30.eecc3333uJYTdk\">1\u00d7 namiot, 1 \u00d7 pokrowiec podr\u00f3\u017cny, 1 \u00d7 aluminiowa drabina, 2 \u00d7 dr\u0105\u017cek i 1 \u00d7 elementy monta\u017cowe<\/strong><\/div>\n<\/div>\n<\/td>\n<td><\/td>\n<\/tr>\n<\/tbody>\n<\/table>\n<\/div>\n<\/div>\n<\/div>\n<\/div>\n<\/div>\n<\/div>\n<div>\n<div>\n<div>\n<h3><\/h3>\n<h3>Cech\u0105 namiotu na dachu,<\/h3>\n<div>\n<div>\n<div>\n<p>\u2013 Wyposa\u017cone w uniwersalne wsporniki monta\u017cowe<br \/>\n-Pasuje do wi\u0119kszo\u015bci baga\u017cnik\u00f3w dachowych lub reling\u00f3w dachowych na rynku wt\u00f3rnym<br \/>\n\u2013 Obs\u0142uga przez jedn\u0105 osob\u0119 pozwala na roz\u0142o\u017cenie go w ci\u0105gu kilku sekund<br \/>\n\u2013 Ca\u0142kowicie wodoodporny, aby unikn\u0105\u0107 z\u0142apania<\/p>\n<p>&nbsp;<\/p>\n<p><strong>Dost\u0119pne rozmiary namiotu dachowego (z zalecanymi rozmiarami)<\/strong><\/p>\n<\/div>\n<\/div>\n<\/div>\n<\/div>\n<\/div>\n<\/div>\n<div>\n<div>\n<div>\n<div>\n<div>\n<div><img decoding=\"async\" src=\"https:\/\/uoogear.com\/wp-content\/uploads\/2023\/11\/Hc31f8e35aca1461aa0cbb4105d9a61abP.webp\" data-src=\"https:\/\/uoogear.com\/wp-content\/uploads\/2023\/11\/Hc31f8e35aca1461aa0cbb4105d9a61abP.webp\" \/><\/div>\n<\/div>\n<\/div>\n<\/div>\n<\/div>\n<\/div>\n<div>\n<div>\n<div><img decoding=\"async\" src=\"https:\/\/uoogear.com\/wp-content\/uploads\/2023\/11\/Hb47b7f33d8774c8d9d8f145084477468s-wpp1701352116189.webp\" data-src=\"https:\/\/uoogear.com\/wp-content\/uploads\/2023\/11\/Hb47b7f33d8774c8d9d8f145084477468s-wpp1701352116189.webp\" \/><\/div>\n<div><img decoding=\"async\" src=\"https:\/\/uoogear.com\/wp-content\/uploads\/2023\/11\/H95af614b1f6144878e0c202ba59abbd55.webp\" data-src=\"https:\/\/uoogear.com\/wp-content\/uploads\/2023\/11\/H95af614b1f6144878e0c202ba59abbd55.webp\" \/><\/div>\n<\/div>\n<\/div>\n<div>\n<div>\n<div>\n<div>\n<div>\n<div><img decoding=\"async\" src=\"https:\/\/uoogear.com\/wp-content\/uploads\/2023\/11\/Hdd406b698fb1446d8962327446555bf5a.webp\" data-src=\"https:\/\/uoogear.com\/wp-content\/uploads\/2023\/11\/Hdd406b698fb1446d8962327446555bf5a.webp\" \/><\/div>\n<\/div>\n<\/div>\n<\/div>\n<\/div>\n<\/div>\n<div>\n<div>\n<div>\n<div>\n<div>\n<div><img decoding=\"async\" src=\"https:\/\/uoogear.com\/wp-content\/uploads\/2023\/11\/H4e35f2ee80ce4365a400fd18854734071.webp\" data-src=\"https:\/\/uoogear.com\/wp-content\/uploads\/2023\/11\/H4e35f2ee80ce4365a400fd18854734071.webp\" \/><\/div>\n<\/div>\n<\/div>\n<\/div>\n<\/div>\n<\/div>\n<div><\/div>\n<div>\n<div>\n<div>\n<div>\n<div><\/div>\n<\/div>\n<\/div>\n<\/div>\n<\/div>\n<div><\/div>\n<div data-section=\"AliMagic-8wl18t\" data-section-title=\"Packing &amp; Delivery\" data-spm-anchor-id=\"a2700.details.0.i81.41396425f2L15f\">\n<div>Pakowanie i dostawa<\/div>\n<\/div>\n<div>\n<div>\n<div>\n<div>\n<div>\n<div>\n<div><\/div>\n<p><strong>1. Lista pakowania namiotu na dachu<\/strong><\/p>\n<\/div>\n<\/div>\n<\/div>\n<\/div>\n<\/div>\n<\/div>\n<div>\n<div>\n<div>\n<div>\n<div>\n<div><img decoding=\"async\" src=\"https:\/\/uoogear.com\/wp-content\/uploads\/2023\/11\/Hd244ed9420844ad5946be1db51c0f98cj.webp\" data-src=\"https:\/\/uoogear.com\/wp-content\/uploads\/2023\/11\/Hd244ed9420844ad5946be1db51c0f98cj.webp\" \/><\/div>\n<\/div>\n<\/div>\n<\/div>\n<\/div>\n<\/div>\n<div>\n<div>\n<div>\n<div>\n<div>\n<div><img decoding=\"async\" src=\"https:\/\/uoogear.com\/wp-content\/uploads\/2023\/11\/H68f81be1a77e4ae3973da19a1d9eaa4fq.webp\" data-src=\"https:\/\/uoogear.com\/wp-content\/uploads\/2023\/11\/H68f81be1a77e4ae3973da19a1d9eaa4fq.webp\" \/><\/div>\n<\/div>\n<\/div>\n<\/div>\n<\/div>\n<\/div>\n<div><\/div>\n<div>\n<div>\n<div>\n<div>\n<div>\n<div><\/div>\n<\/div>\n<\/div>\n<\/div>\n<\/div>\n<\/div>\n<\/div>","protected":false},"excerpt":{"rendered":"<p>Powierzchnia: 140x240 cm Tkanina: Poliester Namiot zewn\u0119trzny Wska\u017anik wodoodporno\u015bci: 2000-3000 Mm Wska\u017anik wodoodporno\u015bci dna: 2000-3000 Mm Typ budynku: Szybkie automatyczne otwieranie Styl namiotu: Typ usztywnienia uko\u015bnego, Typ usztywnienia prostego, Typ s\u0142upka namiotowego Sezon: Namiot czterosezonowy Struktura: Jedna sypialnia Rainfly Materia\u0142: Poliester Rip-stop 420D, s\u0142upek Oxford:<\/p>\n<div class=\"read-more\"><a class=\"btn btn-fill-out\" href=\"https:\/\/uoogear.com\/pl\/produkt\/oem-new-arrival-car-camping-hard-top-roof-tent-off-road-2-3-person-vehicle-car-soft-shell-rooftop-tent\/\">Czytaj wi\u0119cej<\/a><\/div>","protected":false},"featured_media":5016,"template":"","meta":[],"product_brand":[],"product_cat":[15],"product_tag":[],"class_list":{"0":"post-5017","1":"product","2":"type-product","3":"status-publish","4":"has-post-thumbnail","6":"product_cat-uncategorized","7":"tm-no-options","9":"first","10":"instock","11":"shipping-taxable","12":"purchasable","13":"product-type-variable"},"_links":{"self":[{"href":"https:\/\/uoogear.com\/pl\/wp-json\/wp\/v2\/product\/5017","targetHints":{"allow":["GET"]}}],"collection":[{"href":"https:\/\/uoogear.com\/pl\/wp-json\/wp\/v2\/product"}],"about":[{"href":"https:\/\/uoogear.com\/pl\/wp-json\/wp\/v2\/types\/product"}],"wp:featuredmedia":[{"embeddable":true,"href":"https:\/\/uoogear.com\/pl\/wp-json\/wp\/v2\/media\/5016"}],"wp:attachment":[{"href":"https:\/\/uoogear.com\/pl\/wp-json\/wp\/v2\/media?parent=5017"}],"wp:term":[{"taxonomy":"product_brand","embeddable":true,"href":"https:\/\/uoogear.com\/pl\/wp-json\/wp\/v2\/product_brand?post=5017"},{"taxonomy":"product_cat","embeddable":true,"href":"https:\/\/uoogear.com\/pl\/wp-json\/wp\/v2\/product_cat?post=5017"},{"taxonomy":"product_tag","embeddable":true,"href":"https:\/\/uoogear.com\/pl\/wp-json\/wp\/v2\/product_tag?post=5017"}],"curies":[{"name":"wp","href":"https:\/\/api.w.org\/{rel}","templated":true}]}}