{"id":5026,"date":"2023-11-14T03:15:59","date_gmt":"2023-11-14T03:15:59","guid":{"rendered":"https:\/\/uoogear.com\/product\/apzc004-custom-soft-shell-outdoor-dachzelt-camping-suv-car-aluminum-roof-tent-soft-cover-rooftop-tent\/"},"modified":"2023-12-02T06:02:30","modified_gmt":"2023-12-02T06:02:30","slug":"apzc004-custom-soft-shell-outdoor-dachzelt-camping-suv-car-aluminum-roof-tent-soft-cover-rooftop-tent","status":"publish","type":"product","link":"https:\/\/uoogear.com\/pl\/produkt\/apzc004-custom-soft-shell-outdoor-dachzelt-camping-suv-car-aluminum-roof-tent-soft-cover-rooftop-tent\/","title":{"rendered":"APZC004 Niestandardowa mi\u0119kka skorupa Outdoor Dachzelt Camping SUV Samoch\u00f3d aluminiowy namiot dachowy Mi\u0119kka os\u0142ona namiotu na dachu"},"content":{"rendered":"<ul>\n<li><strong>Tkanina: <\/strong> Polioxford 300D, Polioxford 300D<\/li>\n<li><strong>Indeks wodoodporno\u015bci namiotu zewn\u0119trznego: <\/strong> &lt;1000 mm, 1500-2000 mm<\/li>\n<li><strong>Dolny wodoodporny indeks: <\/strong> 1500-2000 mm<\/li>\n<li><strong>Rodzaj budynku : <\/strong> Szybkie automatyczne otwieranie<\/li>\n<li><strong>Styl namiotu: <\/strong> Typ rozszerzony, gw\u00f3\u017ad\u017a sze\u015bciok\u0105tny\/szlifowany diamentem<\/li>\n<li><strong>Pora roku : <\/strong> Namiot trzysezonowy, namiot czterosezonowy, namiot letni<\/li>\n<li><strong>Struktura : <\/strong> Jedna sypialnia<\/li>\n<li><strong>Nazwa produktu : <\/strong> Namiot dachowy Soft Shell Outdoor<\/li>\n<li><strong>Rozwi\u0144 rozmiar: <\/strong> D\u0142. 2050 mm * szer. 1250 mm * wys. 1250 mm<\/li>\n<li><strong>Pakowanie: <\/strong> D\u0142. 2270 mm * szer. 1370 mm * wys. 210 mm<\/li>\n<li><strong>Waga : <\/strong> 32 kg<\/li>\n<li><strong>Materia\u0142 : <\/strong> opatentowana rama ze stopu aluminium<\/li>\n<li><strong>Drabina ma ci\u0119\u017car: <\/strong> 150 kg<\/li>\n<li><strong>Liczba ludzi : <\/strong> 2 osoby<\/li>\n<\/ul>\n<div>\n<div data-magic-global=\"%7B%22bizId%22%3A2209963836599%2C%22pageId%22%3A20169776242%2C%22siteId%22%3A10002337017%7D\">\n<div>\n<div>\n<div>\n<div>\n<div>\n<div><img decoding=\"async\" src=\"https:\/\/uoogear.com\/wp-content\/uploads\/2023\/11\/H867623bad6264dff959f67abc74efebfP.webp\" data-src=\"https:\/\/uoogear.com\/wp-content\/uploads\/2023\/11\/H867623bad6264dff959f67abc74efebfP.webp\" \/><\/div>\n<\/div>\n<\/div>\n<\/div>\n<\/div>\n<\/div>\n<div>\n<div>\n<div>\n<div>\n<div>\n<div><img decoding=\"async\" src=\"https:\/\/uoogear.com\/wp-content\/uploads\/2023\/11\/Hbb423c294a1e458eaf88cd6042418adcZ.webp\" data-src=\"https:\/\/uoogear.com\/wp-content\/uploads\/2023\/11\/Hbb423c294a1e458eaf88cd6042418adcZ.webp\" \/><\/div>\n<\/div>\n<\/div>\n<\/div>\n<\/div>\n<\/div>\n<div>\n<div>\n<table>\n<tbody>\n<tr>\n<td>\n<div>\n<div><strong>Nazwa produkcji<\/strong><\/div>\n<\/div>\n<\/td>\n<td>\n<div>Niestandardowa mi\u0119kka skorupa na zewn\u0105trz Dachzelt Camping SUV namiot na dachu samochodu mi\u0119kka os\u0142ona namiotu na dachu<\/div>\n<\/td>\n<\/tr>\n<tr>\n<td>\n<div><strong>Tkanina: 300D <\/strong><\/div>\n<\/td>\n<td>\n<div>Polioxford 300D PU3000mm z UPF50+<\/div>\n<\/td>\n<\/tr>\n<tr>\n<td>\n<div><strong>Pojemno\u015b\u0107<\/strong><\/div>\n<\/td>\n<td>\n<div>Zalecane 1-2 osoby<\/div>\n<\/td>\n<\/tr>\n<tr>\n<td>\n<div><strong>Rozwi\u0144 rozmiar<\/strong><\/div>\n<\/td>\n<td>\n<div>210*125*150CM<\/div>\n<\/td>\n<\/tr>\n<tr>\n<td>\n<div><strong>Rozmiar opakowania<\/strong><\/div>\n<\/td>\n<td>\n<div>\n<div data-spm-anchor-id=\"a2700.pc-decorate.0.i25.11f633338vlEuj\">227*137*21CM<\/div>\n<\/div>\n<\/td>\n<\/tr>\n<tr>\n<td>\n<div><strong data-spm-anchor-id=\"a2700.pc-decorate.0.i33.19993333s57omf\">Waga<\/strong><\/div>\n<\/td>\n<td>\n<div>35 KG<\/div>\n<\/td>\n<\/tr>\n<tr>\n<td>\n<div><strong> Materia\u0142<\/strong><\/div>\n<\/td>\n<td>\n<div>opatentowana rama ze stopu aluminium<\/div>\n<\/td>\n<\/tr>\n<\/tbody>\n<\/table>\n<\/div>\n<\/div>\n<div>\n<div>\n<div>\n<div>\n<div>\n<div><img decoding=\"async\" src=\"https:\/\/uoogear.com\/wp-content\/uploads\/2023\/11\/H5d16d1c85b0c4a518db8e2f022ada520n.webp\" data-src=\"https:\/\/uoogear.com\/wp-content\/uploads\/2023\/11\/H5d16d1c85b0c4a518db8e2f022ada520n.webp\" \/><\/div>\n<\/div>\n<div>\n<div>\n<div>namiot na dachu samochodu kempingowego na zewn\u0105trz:<\/div>\n<div>Tkanina: 300D polioxford PU3000mm z UPF50+ Rama: opatentowana rama ze stopu aluminium Materac z pianki o wysokiej g\u0119sto\u015bci zapewnia wygod\u0119<br \/>\nkomfort snu Przestronna przestrze\u0144 dla 2 os\u00f3b Szybko rozk\u0142adany i sk\u0142adany namiot Nadaje si\u0119 do ka\u017cdego pojazdu typu SUV, drabina mo\u017ce wytrzyma\u0107<br \/>\n150 KG Rozmiar: d\u0142. 2220 mm * szer. 1350 mm * wys. 190 mm Rozmiar namiotu wewn\u0119trznego: d\u0142. 2050 mm * szer. 1250 mm * wys. 1250 mm Rozmiar opakowania: d\u0142. 2270 mm * szer. 1370 mm * wys. 210 mm Waga netto: 32 kg<\/div>\n<\/div>\n<\/div>\n<\/div>\n<\/div>\n<\/div>\n<\/div>\n<div>\n<div>\n<div><\/div>\n<div><img decoding=\"async\" src=\"https:\/\/uoogear.com\/wp-content\/uploads\/2023\/11\/Hef235eead7324e4aaaa83afbfb283f28P.webp\" data-src=\"https:\/\/uoogear.com\/wp-content\/uploads\/2023\/11\/Hef235eead7324e4aaaa83afbfb283f28P.webp\" \/><\/div>\n<div><img decoding=\"async\" src=\"https:\/\/uoogear.com\/wp-content\/uploads\/2023\/11\/Hb21e51e39b764ce094725a6760bc2b50z.webp\" data-src=\"https:\/\/uoogear.com\/wp-content\/uploads\/2023\/11\/Hb21e51e39b764ce094725a6760bc2b50z.webp\" \/><\/div>\n<div><img decoding=\"async\" src=\"https:\/\/uoogear.com\/wp-content\/uploads\/2023\/11\/Hf115bc6cdc58407e9467c9cd95ba50b34.webp\" data-src=\"https:\/\/uoogear.com\/wp-content\/uploads\/2023\/11\/Hf115bc6cdc58407e9467c9cd95ba50b34.webp\" \/><\/div>\n<div><img decoding=\"async\" src=\"https:\/\/uoogear.com\/wp-content\/uploads\/2023\/11\/Hc533e1edc8d54be195ea601e3a339a21K.webp\" data-src=\"https:\/\/uoogear.com\/wp-content\/uploads\/2023\/11\/Hc533e1edc8d54be195ea601e3a339a21K.webp\" \/><\/div>\n<div><img decoding=\"async\" src=\"https:\/\/uoogear.com\/wp-content\/uploads\/2023\/11\/Hb21a441376a743feb3f228deb23a7900e.webp\" data-src=\"https:\/\/uoogear.com\/wp-content\/uploads\/2023\/11\/Hb21a441376a743feb3f228deb23a7900e.webp\" \/><\/div>\n<div><img decoding=\"async\" src=\"https:\/\/uoogear.com\/wp-content\/uploads\/2023\/11\/H4a7da32cc3314d3db121bc57a0f76cad4.webp\" data-src=\"https:\/\/uoogear.com\/wp-content\/uploads\/2023\/11\/H4a7da32cc3314d3db121bc57a0f76cad4.webp\" \/><\/div>\n<div><img decoding=\"async\" src=\"https:\/\/uoogear.com\/wp-content\/uploads\/2023\/11\/H51ab84080d1644d18912ded05529105fO.webp\" data-src=\"https:\/\/uoogear.com\/wp-content\/uploads\/2023\/11\/H51ab84080d1644d18912ded05529105fO.webp\" \/><\/div>\n<\/div>\n<\/div>\n<div>\n<div>\n<div>\n<div>\n<div><\/div>\n<\/div>\n<\/div>\n<\/div>\n<\/div>\n<div data-spm-anchor-id=\"a2700.details.0.i80.1dab1509acyQsB\"><\/div>\n<div>\n<div>\n<div>\n<div>\n<div><\/div>\n<\/div>\n<\/div>\n<\/div>\n<\/div>\n<div>\n<div>\n<div>\n<div>\n<div>\n<div data-spm-anchor-id=\"a2700.details.0.i76.1dab1509acyQsB\"><\/div>\n<\/div>\n<\/div>\n<\/div>\n<\/div>\n<\/div>\n<\/div>\n<div>\n<div>\n<div>\n<div>\n<div><\/div>\n<\/div>\n<\/div>\n<\/div>\n<\/div>\n<\/div>","protected":false},"excerpt":{"rendered":"<p>Tkanina : 300D Polyoxford, 300D Polyoxford Namiot zewn\u0119trzny Wska\u017anik wodoodporno\u015bci : &lt;1000 mm, 1500-2000 Mm Wska\u017anik wodoodporno\u015bci dna : 1500-2000 Mm Typ budynku : Szybkie automatyczne otwieranie Styl namiotu : Typ rozszerzony, sze\u015bciok\u0105tny\/szlifowany diamentem Sezon : Trzysezonowy Namiot, namiot czterosezonowy, letni Struktura namiotu: Jedna sypialnia Nazwa produktu: Namiot dachowy Soft Shell Outdoor<\/p>\n<div class=\"read-more\"><a class=\"btn btn-fill-out\" href=\"https:\/\/uoogear.com\/pl\/produkt\/apzc004-custom-soft-shell-outdoor-dachzelt-camping-suv-car-aluminum-roof-tent-soft-cover-rooftop-tent\/\">Czytaj wi\u0119cej<\/a><\/div>","protected":false},"featured_media":5025,"template":"","meta":[],"product_brand":[],"product_cat":[15],"product_tag":[],"class_list":{"0":"post-5026","1":"product","2":"type-product","3":"status-publish","4":"has-post-thumbnail","6":"product_cat-uncategorized","7":"tm-no-options","9":"first","10":"instock","11":"shipping-taxable","12":"purchasable","13":"product-type-variable"},"_links":{"self":[{"href":"https:\/\/uoogear.com\/pl\/wp-json\/wp\/v2\/product\/5026","targetHints":{"allow":["GET"]}}],"collection":[{"href":"https:\/\/uoogear.com\/pl\/wp-json\/wp\/v2\/product"}],"about":[{"href":"https:\/\/uoogear.com\/pl\/wp-json\/wp\/v2\/types\/product"}],"wp:featuredmedia":[{"embeddable":true,"href":"https:\/\/uoogear.com\/pl\/wp-json\/wp\/v2\/media\/5025"}],"wp:attachment":[{"href":"https:\/\/uoogear.com\/pl\/wp-json\/wp\/v2\/media?parent=5026"}],"wp:term":[{"taxonomy":"product_brand","embeddable":true,"href":"https:\/\/uoogear.com\/pl\/wp-json\/wp\/v2\/product_brand?post=5026"},{"taxonomy":"product_cat","embeddable":true,"href":"https:\/\/uoogear.com\/pl\/wp-json\/wp\/v2\/product_cat?post=5026"},{"taxonomy":"product_tag","embeddable":true,"href":"https:\/\/uoogear.com\/pl\/wp-json\/wp\/v2\/product_tag?post=5026"}],"curies":[{"name":"wp","href":"https:\/\/api.w.org\/{rel}","templated":true}]}}