{"id":5033,"date":"2023-11-14T03:16:39","date_gmt":"2023-11-14T03:16:39","guid":{"rendered":"https:\/\/uoogear.com\/product\/hard-shell-roof-top-tent-camper-for-car-roof-top-tent-rooftop-tent\/"},"modified":"2023-12-02T06:02:05","modified_gmt":"2023-12-02T06:02:05","slug":"hard-shell-roof-top-tent-camper-for-car-roof-top-tent-rooftop-tent","status":"publish","type":"product","link":"https:\/\/uoogear.com\/pl\/produkt\/hard-shell-roof-top-tent-camper-for-car-roof-top-tent-rooftop-tent\/","title":{"rendered":"Namiot dachowy z tward\u0105 skorup\u0105 do namiotu na dachu samochodu. Namiot na dachu"},"content":{"rendered":"<ul>\n<li><strong>Obszar : <\/strong> 2.8<\/li>\n<li><strong>Tkanina: <\/strong> Oksford<\/li>\n<li><strong>Indeks wodoodporno\u015bci namiotu zewn\u0119trznego: <\/strong> &gt;3000 mm<\/li>\n<li><strong>Dolny wodoodporny indeks: <\/strong> &gt;3000 mm<\/li>\n<li><strong>Styl namiotu: <\/strong> Typ usztywnienia prostego<\/li>\n<li><strong>Pora roku : <\/strong> Namiot czterosezonowy<\/li>\n<li><strong>Struktura : <\/strong> Jedna sypialnia<\/li>\n<li><strong>Nazwa produktu : <\/strong> Namiot na dachu<\/li>\n<li><strong>Kolor : <\/strong> szary, wojskowy, pomara\u0144czowy, czarny<\/li>\n<li><strong>Rozmiar: <\/strong> 216 cm * 130 cm * 105 cm<\/li>\n<li><strong>Logo: <\/strong> Zaakceptuj niestandardowe logo<\/li>\n<li><strong>Waga : <\/strong> 79 kg<\/li>\n<li><strong>Drabina : <\/strong> Drabina teleskopowa ze stopu aluminium o d\u0142ugo\u015bci 2,2 m<\/li>\n<li><strong>Materia\u0142 ramy: <\/strong> Plastik ABS<\/li>\n<li><strong>Wielko\u015b\u0107 opakowania : <\/strong> 225*145*39cm<\/li>\n<li><strong>Materac: <\/strong> 5cm<\/li>\n<li><strong>OEM\/ODM: <\/strong> Dopuszczalne<\/li>\n<\/ul>\n<div>\n<div>\n<div data-magic-global=\"%7B%22bizId%22%3A2849203320%2C%22pageId%22%3A20118148475%2C%22siteId%22%3A5004976044%7D\">\n<div>\n<div>\n<div>\n<div>\n<div>\n<div><img decoding=\"async\" src=\"https:\/\/uoogear.com\/wp-content\/uploads\/2023\/11\/Hf606e0171374489382ae6e606f174e7aH.webp\" data-src=\"https:\/\/uoogear.com\/wp-content\/uploads\/2023\/11\/Hf606e0171374489382ae6e606f174e7aH.webp\" \/><\/div>\n<\/div>\n<\/div>\n<\/div>\n<\/div>\n<\/div>\n<div>\n<div>\n<div>\n<div>\n<div>\n<div><img decoding=\"async\" src=\"https:\/\/uoogear.com\/wp-content\/uploads\/2023\/11\/Hdf3e68c8884b48edbe0a99d308075c9ac.webp\" data-src=\"https:\/\/uoogear.com\/wp-content\/uploads\/2023\/11\/Hdf3e68c8884b48edbe0a99d308075c9ac.webp\" \/><\/div>\n<\/div>\n<\/div>\n<\/div>\n<\/div>\n<\/div>\n<div>\n<div>\n<div>\n<div>\n<div>\n<div><img decoding=\"async\" src=\"https:\/\/uoogear.com\/wp-content\/uploads\/2023\/11\/H863622b8be0d42b599950ea55cb5382ct.webp\" data-src=\"https:\/\/uoogear.com\/wp-content\/uploads\/2023\/11\/H863622b8be0d42b599950ea55cb5382ct.webp\" \/><\/div>\n<\/div>\n<\/div>\n<\/div>\n<\/div>\n<\/div>\n<div>\n<div>\n<table>\n<tbody>\n<tr>\n<td>\n<div>Nazwa produktu<\/div>\n<\/td>\n<td>\n<div>Namiot dachowy<\/div>\n<\/td>\n<td>\n<div>Typy<\/div>\n<\/td>\n<td>\n<div>2-4 osoby<\/div>\n<\/td>\n<\/tr>\n<tr>\n<td>\n<div>Wielko\u015b\u0107 kartonu<\/div>\n<\/td>\n<td>\n<div>225*138*37cm<\/div>\n<\/td>\n<td>\n<div>Za\u0142aduj ci\u0119\u017car<\/div>\n<\/td>\n<td>\n<div>300 kg<\/div>\n<\/td>\n<\/tr>\n<tr>\n<td>\n<div>Rozmiar sk\u0142adany<\/div>\n<\/td>\n<td>\n<div>218 cm * 130 cm * 33 cm<\/div>\n<\/td>\n<td>\n<div>waga<\/div>\n<\/td>\n<td>\n<div>Masa netto 79 kg, waga brutto 110 kg<\/div>\n<\/td>\n<\/tr>\n<tr>\n<td>\n<div>Rozmiar po roz\u0142o\u017ceniu<\/div>\n<\/td>\n<td>\n<div>218 cm * 130 cm * 108 cm<\/div>\n<\/td>\n<td>\n<div>Tekstura<\/div>\n<\/td>\n<td>\n<div>Plastikowa skorupa ABS + wodoodporne p\u0142\u00f3tno w krat\u0119 + przyjazna dla \u015brodowiska deska drewniana<\/div>\n<\/td>\n<\/tr>\n<tr>\n<td>\n<div>Kolor<\/div>\n<\/td>\n<td>\n<div>Bia\u0142y jasnoszary, bia\u0142y ziele\u0144 wojskowa, bia\u0142y pomara\u0144czowy, bia\u0142y khaki, czarny jasnoszary, czarny ziele\u0144 wojskowa, czarny khaki, czarny pomara\u0144czowy<\/div>\n<\/td>\n<td>\n<div>Obowi\u0105zuj\u0105cy model<\/div>\n<\/td>\n<td>\n<div>Poprzeczk\u0119 no\u015bn\u0105 mo\u017cna zamontowa\u0107 na dachu SUV, pojazd\u00f3w terenowych, pojazd\u00f3w stacyjnych, pojazd\u00f3w u\u017cytkowych<\/div>\n<\/td>\n<\/tr>\n<\/tbody>\n<\/table>\n<\/div>\n<\/div>\n<div>\n<div>\n<div>\n<div>\n<div>\n<div><img decoding=\"async\" src=\"https:\/\/uoogear.com\/wp-content\/uploads\/2023\/11\/H38ea71b4cd274ebaadc3404c7ff2c9f1e.webp\" data-src=\"https:\/\/uoogear.com\/wp-content\/uploads\/2023\/11\/H38ea71b4cd274ebaadc3404c7ff2c9f1e.webp\" \/><\/div>\n<\/div>\n<\/div>\n<\/div>\n<\/div>\n<\/div>\n<div>\n<div>\n<div>\n<div>\n<div>\n<div><img decoding=\"async\" src=\"https:\/\/uoogear.com\/wp-content\/uploads\/2023\/11\/Ha12f40b86dc34c568dd06e368a9d0591v.webp\" data-src=\"https:\/\/uoogear.com\/wp-content\/uploads\/2023\/11\/Ha12f40b86dc34c568dd06e368a9d0591v.webp\" \/><\/div>\n<\/div>\n<\/div>\n<\/div>\n<\/div>\n<\/div>\n<div>\n<div>\n<div>\n<div>\n<div>\n<div><img decoding=\"async\" src=\"https:\/\/uoogear.com\/wp-content\/uploads\/2023\/11\/Heb3b328ae01e4b38889e96959597543f8.webp\" data-src=\"https:\/\/uoogear.com\/wp-content\/uploads\/2023\/11\/Heb3b328ae01e4b38889e96959597543f8.webp\" \/><\/div>\n<\/div>\n<\/div>\n<\/div>\n<\/div>\n<\/div>\n<div>\n<div>\n<div>\n<div>\n<div>\n<div><\/div>\n<\/div>\n<\/div>\n<\/div>\n<\/div>\n<\/div>\n<div><\/div>\n<div>\n<div>\n<div>\n<div>\n<div><\/div>\n<\/div>\n<\/div>\n<\/div>\n<\/div>\n<div><\/div>\n<\/div>\n<\/div>\n<div data-section=\"AliPostDhMb-8cqjr\" data-section-title=\"Company Information\">\n<div><\/div>\n<\/div>\n<div>\n<div>\n<div>\n<div>\n<div>\n<div>\n<div><\/div>\n<\/div>\n<\/div>\n<\/div>\n<\/div>\n<\/div>\n<\/div>\n<\/div>","protected":false},"excerpt":{"rendered":"<p>Powierzchnia: 2,8 Tkanina: Namiot zewn\u0119trzny Oxford Wska\u017anik wodoodporno\u015bci: &gt; 3000 mm Wska\u017anik wodoodporno\u015bci dna: &gt; 3000 mm Styl namiotu: Prosty typ usztywnienia Sezon: Czterosezonowy Struktura namiotu: Jedna sypialnia Nazwa produktu: Namiot na dachu Kolor: szary, wojskowy, pomara\u0144czowy , czarny Rozmiar: 216 cm * 130 cm * 105 cm Logo: Zaakceptuj niestandardowe logo Waga: 79 kg Drabina:<\/p>\n<div class=\"read-more\"><a class=\"btn btn-fill-out\" href=\"https:\/\/uoogear.com\/pl\/produkt\/hard-shell-roof-top-tent-camper-for-car-roof-top-tent-rooftop-tent\/\">Czytaj wi\u0119cej<\/a><\/div>","protected":false},"featured_media":5032,"template":"","meta":[],"product_brand":[],"product_cat":[15],"product_tag":[],"class_list":{"0":"post-5033","1":"product","2":"type-product","3":"status-publish","4":"has-post-thumbnail","6":"product_cat-uncategorized","7":"tm-no-options","9":"first","10":"instock","11":"shipping-taxable","12":"purchasable","13":"product-type-variable"},"_links":{"self":[{"href":"https:\/\/uoogear.com\/pl\/wp-json\/wp\/v2\/product\/5033","targetHints":{"allow":["GET"]}}],"collection":[{"href":"https:\/\/uoogear.com\/pl\/wp-json\/wp\/v2\/product"}],"about":[{"href":"https:\/\/uoogear.com\/pl\/wp-json\/wp\/v2\/types\/product"}],"wp:featuredmedia":[{"embeddable":true,"href":"https:\/\/uoogear.com\/pl\/wp-json\/wp\/v2\/media\/5032"}],"wp:attachment":[{"href":"https:\/\/uoogear.com\/pl\/wp-json\/wp\/v2\/media?parent=5033"}],"wp:term":[{"taxonomy":"product_brand","embeddable":true,"href":"https:\/\/uoogear.com\/pl\/wp-json\/wp\/v2\/product_brand?post=5033"},{"taxonomy":"product_cat","embeddable":true,"href":"https:\/\/uoogear.com\/pl\/wp-json\/wp\/v2\/product_cat?post=5033"},{"taxonomy":"product_tag","embeddable":true,"href":"https:\/\/uoogear.com\/pl\/wp-json\/wp\/v2\/product_tag?post=5033"}],"curies":[{"name":"wp","href":"https:\/\/api.w.org\/{rel}","templated":true}]}}