{"id":5043,"date":"2023-11-14T03:17:24","date_gmt":"2023-11-14T03:17:24","guid":{"rendered":"https:\/\/uoogear.com\/product\/new-outdoor-waterproof-camping-rooftop-tent-hard-shell-car-roof-top-tent\/"},"modified":"2023-12-02T06:01:40","modified_gmt":"2023-12-02T06:01:40","slug":"new-outdoor-waterproof-camping-rooftop-tent-hard-shell-car-roof-top-tent","status":"publish","type":"product","link":"https:\/\/uoogear.com\/pl\/produkt\/new-outdoor-waterproof-camping-rooftop-tent-hard-shell-car-roof-top-tent\/","title":{"rendered":"Nowy wodoodporny namiot kempingowy na dachu z tward\u0105 skorup\u0105 namiotu na dachu samochodu"},"content":{"rendered":"<ul>\n<li><strong>Tkanina: <\/strong> Materia\u0142 ABS i PMMA<\/li>\n<li><strong>Indeks wodoodporno\u015bci namiotu zewn\u0119trznego: <\/strong> 2000-3000 mm<\/li>\n<li><strong>Dolny wodoodporny indeks: <\/strong> &gt;3000 mm<\/li>\n<li><strong>Rodzaj budynku : <\/strong> Szybkie automatyczne otwieranie<\/li>\n<li><strong>Styl namiotu: <\/strong> Typ rozszerzony, s\u0142upek namiotowy typu rurowego<\/li>\n<li><strong>Pora roku : <\/strong> Namiot letni, namiot czterosezonowy, namiot trzysezonowy<\/li>\n<li><strong>Struktura : <\/strong> Jedna sypialnia<\/li>\n<\/ul>\n<div>\n<div><\/div>\n<div data-section=\"AliMagic-iqyb9g\" data-section-title=\"Product Description\">\n<p>Opis produktu<\/p>\n<\/div>\n<div>\n<div>\n<div><img decoding=\"async\" src=\"https:\/\/uoogear.com\/wp-content\/uploads\/2023\/11\/Hb2fca8c208e1447d910533855b6cd41ec.webp\" data-src=\"https:\/\/uoogear.com\/wp-content\/uploads\/2023\/11\/Hb2fca8c208e1447d910533855b6cd41ec.webp\" \/><\/div>\n<div><img decoding=\"async\" src=\"https:\/\/uoogear.com\/wp-content\/uploads\/2023\/11\/H0c54a72546c043489e3069c0ba8a2119O.webp\" data-src=\"https:\/\/uoogear.com\/wp-content\/uploads\/2023\/11\/H0c54a72546c043489e3069c0ba8a2119O.webp\" \/><\/div>\n<div><img decoding=\"async\" src=\"https:\/\/uoogear.com\/wp-content\/uploads\/2023\/11\/H82da5f3c84244dc38535e8cea44f05bf3.webp\" data-src=\"https:\/\/uoogear.com\/wp-content\/uploads\/2023\/11\/H82da5f3c84244dc38535e8cea44f05bf3.webp\" \/><\/div>\n<div><img decoding=\"async\" src=\"https:\/\/uoogear.com\/wp-content\/uploads\/2023\/11\/H9b8a012cd5e347bcabcf364bee4d29ceQ.webp\" data-src=\"https:\/\/uoogear.com\/wp-content\/uploads\/2023\/11\/H9b8a012cd5e347bcabcf364bee4d29ceQ.webp\" \/><\/div>\n<div><img decoding=\"async\" src=\"https:\/\/uoogear.com\/wp-content\/uploads\/2023\/11\/H6dc9940900144fe69ca8017cfef745e7V.webp\" data-src=\"https:\/\/uoogear.com\/wp-content\/uploads\/2023\/11\/H6dc9940900144fe69ca8017cfef745e7V.webp\" \/><\/div>\n<div><img decoding=\"async\" src=\"https:\/\/uoogear.com\/wp-content\/uploads\/2023\/11\/Hd3405024fad44116be2b6c311c6a7709I.webp\" data-src=\"https:\/\/uoogear.com\/wp-content\/uploads\/2023\/11\/Hd3405024fad44116be2b6c311c6a7709I.webp\" \/><\/div>\n<\/div>\n<\/div>\n<div><\/div>\n<div data-section=\"AliMagic-28bu1y\" data-section-title=\"Specification\">\n<div><\/div>\n<\/div>\n<div>\n<div>\n<div>\n<div>\n<div><\/div>\n<\/div>\n<\/div>\n<\/div>\n<\/div>\n<\/div>","protected":false},"excerpt":{"rendered":"<p>Tkanina: Materia\u0142 ABS i PMMA Na zewn\u0105trz namiotu Wska\u017anik wodoodporno\u015bci: 2000-3000 Mm Wska\u017anik wodoodporno\u015bci dna: &gt; 3000 mm Typ budynku: Szybkie automatyczne otwieranie Styl namiotu: Typ rozszerzony, Typ rurowy Stawka namiotowa Sezon: Namiot letni, Namiot czterosezonowy, Namiot trzy-sezonowy Sezonowa konstrukcja namiotu: Jedna sypialnia Opis produktu<\/p>","protected":false},"featured_media":5042,"template":"","meta":[],"product_brand":[],"product_cat":[15],"product_tag":[],"class_list":{"0":"post-5043","1":"product","2":"type-product","3":"status-publish","4":"has-post-thumbnail","6":"product_cat-uncategorized","7":"tm-no-options","9":"first","10":"instock","11":"shipping-taxable","12":"purchasable","13":"product-type-variable"},"_links":{"self":[{"href":"https:\/\/uoogear.com\/pl\/wp-json\/wp\/v2\/product\/5043","targetHints":{"allow":["GET"]}}],"collection":[{"href":"https:\/\/uoogear.com\/pl\/wp-json\/wp\/v2\/product"}],"about":[{"href":"https:\/\/uoogear.com\/pl\/wp-json\/wp\/v2\/types\/product"}],"wp:featuredmedia":[{"embeddable":true,"href":"https:\/\/uoogear.com\/pl\/wp-json\/wp\/v2\/media\/5042"}],"wp:attachment":[{"href":"https:\/\/uoogear.com\/pl\/wp-json\/wp\/v2\/media?parent=5043"}],"wp:term":[{"taxonomy":"product_brand","embeddable":true,"href":"https:\/\/uoogear.com\/pl\/wp-json\/wp\/v2\/product_brand?post=5043"},{"taxonomy":"product_cat","embeddable":true,"href":"https:\/\/uoogear.com\/pl\/wp-json\/wp\/v2\/product_cat?post=5043"},{"taxonomy":"product_tag","embeddable":true,"href":"https:\/\/uoogear.com\/pl\/wp-json\/wp\/v2\/product_tag?post=5043"}],"curies":[{"name":"wp","href":"https:\/\/api.w.org\/{rel}","templated":true}]}}