{"id":5070,"date":"2023-11-14T03:19:56","date_gmt":"2023-11-14T03:19:56","guid":{"rendered":"https:\/\/uoogear.com\/product\/aluminum-alloy-honeycomb-plate-triangle-shape-outdoor-camping-car-roof-top-tent\/"},"modified":"2023-12-02T06:00:39","modified_gmt":"2023-12-02T06:00:39","slug":"aluminum-alloy-honeycomb-plate-triangle-shape-outdoor-camping-car-roof-top-tent","status":"publish","type":"product","link":"https:\/\/uoogear.com\/pl\/produkt\/aluminum-alloy-honeycomb-plate-triangle-shape-outdoor-camping-car-roof-top-tent\/","title":{"rendered":"P\u0142yta o strukturze plastra miodu ze stopu aluminium w kszta\u0142cie tr\u00f3jk\u0105ta Namiot na dachu samochodu kempingowego"},"content":{"rendered":"<ul>\n<li><strong>Tkanina: <\/strong> Oksford<\/li>\n<li><strong>Indeks wodoodporno\u015bci namiotu zewn\u0119trznego: <\/strong> &gt;3000 mm<\/li>\n<li><strong>Dolny wodoodporny indeks: <\/strong> &gt;3000 mm<\/li>\n<li><strong>Rodzaj budynku : <\/strong> Szybkie automatyczne otwieranie<\/li>\n<li><strong>Styl namiotu: <\/strong> Typ st\u0119\u017cenia uko\u015bnego<\/li>\n<li><strong>Pora roku : <\/strong> Namiot czterosezonowy<\/li>\n<li><strong>Struktura : <\/strong> Jedna sypialnia<\/li>\n<li><strong>Kolor tkaniny: <\/strong> Dostosowany kolor<\/li>\n<li><strong>Materia\u0142 pow\u0142oki : <\/strong> P\u0142yta o strukturze plastra miodu ze stopu aluminium<\/li>\n<li><strong>Materac: <\/strong> Materac 50 mm<\/li>\n<li><strong>Akcesoria : <\/strong> Zainstaluj narz\u0119dzia<\/li>\n<li><strong>Drabina : <\/strong> Aluminiowa drabina teleskopowa o d\u0142ugo\u015bci 2,3 m<\/li>\n<li><strong>Wodoodporny: <\/strong> Tak<\/li>\n<\/ul>\n<div>\n<div data-section=\"AliMagic-a1m2ez\" data-section-title=\"Product Description\">\n<p>Opis produktu<\/p>\n<\/div>\n<div>\n<div>\n<div><img decoding=\"async\" src=\"https:\/\/uoogear.com\/wp-content\/uploads\/2023\/11\/Ha2a0faf0a1f84f6ca81cfd7af1b91963G.webp\" data-src=\"https:\/\/uoogear.com\/wp-content\/uploads\/2023\/11\/Ha2a0faf0a1f84f6ca81cfd7af1b91963G.webp\" \/><\/div>\n<div><img decoding=\"async\" src=\"https:\/\/uoogear.com\/wp-content\/uploads\/2023\/11\/H245cec7ab07c447da5034950962aa639n.webp\" data-src=\"https:\/\/uoogear.com\/wp-content\/uploads\/2023\/11\/H245cec7ab07c447da5034950962aa639n.webp\" \/><\/div>\n<div><img decoding=\"async\" src=\"https:\/\/uoogear.com\/wp-content\/uploads\/2023\/11\/H2af6516fda85469688a0b2b5fc74a850m.webp\" data-src=\"https:\/\/uoogear.com\/wp-content\/uploads\/2023\/11\/H2af6516fda85469688a0b2b5fc74a850m.webp\" \/><\/div>\n<div><img decoding=\"async\" src=\"https:\/\/uoogear.com\/wp-content\/uploads\/2023\/11\/H2a7de94578214233a47e79cb75e00bd9L.webp\" data-src=\"https:\/\/uoogear.com\/wp-content\/uploads\/2023\/11\/H2a7de94578214233a47e79cb75e00bd9L.webp\" \/><\/div>\n<div><img decoding=\"async\" src=\"https:\/\/uoogear.com\/wp-content\/uploads\/2023\/11\/Hfe8f9a466d6040beb5ca038ecd6b97b2o.webp\" data-src=\"https:\/\/uoogear.com\/wp-content\/uploads\/2023\/11\/Hfe8f9a466d6040beb5ca038ecd6b97b2o.webp\" \/><\/div>\n<div><img decoding=\"async\" src=\"https:\/\/uoogear.com\/wp-content\/uploads\/2023\/11\/H3c23965dd700432a8fab58b344c3348en.webp\" data-src=\"https:\/\/uoogear.com\/wp-content\/uploads\/2023\/11\/H3c23965dd700432a8fab58b344c3348en.webp\" \/><\/div>\n<div><img decoding=\"async\" src=\"https:\/\/uoogear.com\/wp-content\/uploads\/2023\/11\/H90e43da2e25949be8ca22af3c8837628o.webp\" data-src=\"https:\/\/uoogear.com\/wp-content\/uploads\/2023\/11\/H90e43da2e25949be8ca22af3c8837628o.webp\" \/><\/div>\n<div><img decoding=\"async\" src=\"https:\/\/uoogear.com\/wp-content\/uploads\/2023\/11\/H4a00215881dd4f1ca73e2d84553ab0c8e.webp\" data-src=\"https:\/\/uoogear.com\/wp-content\/uploads\/2023\/11\/H4a00215881dd4f1ca73e2d84553ab0c8e.webp\" \/><\/div>\n<div><img decoding=\"async\" src=\"https:\/\/uoogear.com\/wp-content\/uploads\/2023\/11\/Hce91dd96e1954619864938dc5a1a076dS.webp\" data-src=\"https:\/\/uoogear.com\/wp-content\/uploads\/2023\/11\/Hce91dd96e1954619864938dc5a1a076dS.webp\" \/><\/div>\n<div><img decoding=\"async\" src=\"https:\/\/uoogear.com\/wp-content\/uploads\/2023\/11\/Hae4fb25124ff4986b8ad255826e8c83ba.webp\" data-src=\"https:\/\/uoogear.com\/wp-content\/uploads\/2023\/11\/Hae4fb25124ff4986b8ad255826e8c83ba.webp\" \/><\/div>\n<\/div>\n<\/div>\n<div>\n<div>\n<div>\n<div>\n<div>\n<div><img decoding=\"async\" src=\"https:\/\/uoogear.com\/wp-content\/uploads\/2023\/11\/Hf139e28276f8473bae6a62ba33b082f2a.webp\" data-src=\"https:\/\/uoogear.com\/wp-content\/uploads\/2023\/11\/Hf139e28276f8473bae6a62ba33b082f2a.webp\" \/><\/div>\n<\/div>\n<\/div>\n<\/div>\n<\/div>\n<\/div>\n<div>\n<div>\n<div>\n<div>\n<div>\n<div><img decoding=\"async\" src=\"https:\/\/uoogear.com\/wp-content\/uploads\/2023\/11\/Ha2b2adce3a6d40348d0612192968b2eb2.webp\" data-src=\"https:\/\/uoogear.com\/wp-content\/uploads\/2023\/11\/Ha2b2adce3a6d40348d0612192968b2eb2.webp\" \/><\/div>\n<\/div>\n<\/div>\n<\/div>\n<\/div>\n<\/div>\n<div><\/div>\n<div data-section=\"AliPostDhMb-xv5fc\" data-section-title=\"Company Information\">\n<div><\/div>\n<div><\/div>\n<\/div>\n<\/div>","protected":false},"excerpt":{"rendered":"<p>Tkanina: Namiot zewn\u0119trzny Oxford Wska\u017anik wodoodporno\u015bci: &gt; 3000 mm Wska\u017anik wodoodporno\u015bci dna: &gt; 3000 mm Typ budynku: Szybkie automatyczne otwieranie Styl namiotu: Typ usztywnienia uko\u015bnego Sezon: Czterosezonowy Struktura namiotu: Jedna sypialnia Kolor tkaniny: Dostosowany kolor Materia\u0142 pow\u0142oki: Stop aluminium Materac p\u0142ytowy o strukturze plastra miodu: Akcesoria do materacy 50 mm: Instalacja<\/p>\n<div class=\"read-more\"><a class=\"btn btn-fill-out\" href=\"https:\/\/uoogear.com\/pl\/produkt\/aluminum-alloy-honeycomb-plate-triangle-shape-outdoor-camping-car-roof-top-tent\/\">Czytaj wi\u0119cej<\/a><\/div>","protected":false},"featured_media":5069,"template":"","meta":[],"product_brand":[],"product_cat":[15],"product_tag":[],"class_list":{"0":"post-5070","1":"product","2":"type-product","3":"status-publish","4":"has-post-thumbnail","6":"product_cat-uncategorized","7":"tm-no-options","9":"first","10":"instock","11":"shipping-taxable","12":"purchasable","13":"product-type-variable"},"_links":{"self":[{"href":"https:\/\/uoogear.com\/pl\/wp-json\/wp\/v2\/product\/5070","targetHints":{"allow":["GET"]}}],"collection":[{"href":"https:\/\/uoogear.com\/pl\/wp-json\/wp\/v2\/product"}],"about":[{"href":"https:\/\/uoogear.com\/pl\/wp-json\/wp\/v2\/types\/product"}],"wp:featuredmedia":[{"embeddable":true,"href":"https:\/\/uoogear.com\/pl\/wp-json\/wp\/v2\/media\/5069"}],"wp:attachment":[{"href":"https:\/\/uoogear.com\/pl\/wp-json\/wp\/v2\/media?parent=5070"}],"wp:term":[{"taxonomy":"product_brand","embeddable":true,"href":"https:\/\/uoogear.com\/pl\/wp-json\/wp\/v2\/product_brand?post=5070"},{"taxonomy":"product_cat","embeddable":true,"href":"https:\/\/uoogear.com\/pl\/wp-json\/wp\/v2\/product_cat?post=5070"},{"taxonomy":"product_tag","embeddable":true,"href":"https:\/\/uoogear.com\/pl\/wp-json\/wp\/v2\/product_tag?post=5070"}],"curies":[{"name":"wp","href":"https:\/\/api.w.org\/{rel}","templated":true}]}}