{"id":5087,"date":"2023-11-14T03:21:05","date_gmt":"2023-11-14T03:21:05","guid":{"rendered":"https:\/\/uoogear.com\/product\/camping-soft-top-longer-size-car-rooftop-tent\/"},"modified":"2024-03-28T12:46:13","modified_gmt":"2024-03-28T04:46:13","slug":"camping-soft-top-longer-size-car-rooftop-tent","status":"publish","type":"product","link":"https:\/\/uoogear.com\/pl\/produkt\/camping-soft-top-longer-size-car-rooftop-tent\/","title":{"rendered":"Namiot kempingowy z mi\u0119kkim dachem, d\u0142u\u017cszy namiot na dachu samochodu"},"content":{"rendered":"<ul>\n<li><strong>Tkanina: <\/strong> P\u0142\u00f3tno<\/li>\n<li><strong>Indeks wodoodporno\u015bci namiotu zewn\u0119trznego: <\/strong> &gt;3000 mm<\/li>\n<li><strong>Dolny wodoodporny indeks: <\/strong> &gt;3000 mm<\/li>\n<li><strong>Rodzaj budynku : <\/strong> Szybkie automatyczne otwieranie<\/li>\n<li><strong>Styl namiotu: <\/strong> Typ rozszerzony<\/li>\n<li><strong>Pora roku : <\/strong> Namiot czterosezonowy<\/li>\n<li><strong>Struktura : <\/strong> Jedna sypialnia<\/li>\n<li><strong>Kolor : <\/strong> Dostosowany kolor<\/li>\n<li><strong>Logo: <\/strong> Dostosowane logo<\/li>\n<li><strong>Drabina : <\/strong> Aluminiowa drabina teleskopowa o d\u0142ugo\u015bci 2,3 m<\/li>\n<li><strong>Materac: <\/strong> Materac 50 mm<\/li>\n<li><strong>Akcesoria : <\/strong> Zainstaluj narz\u0119dzia<\/li>\n<\/ul>\n<div>\n<div><\/div>\n<div>\n<div>\n<div><img decoding=\"async\" src=\"https:\/\/uoogear.com\/wp-content\/uploads\/2023\/11\/H5ce368d4e4bf4a2db2e66476512df869v.webp\" data-src=\"https:\/\/uoogear.com\/wp-content\/uploads\/2023\/11\/H5ce368d4e4bf4a2db2e66476512df869v.webp\" \/><\/div>\n<div><img decoding=\"async\" src=\"https:\/\/uoogear.com\/wp-content\/uploads\/2023\/11\/H595d26b9719943e4b1169b65ee5c9bc85-wpp1701353498136.webp\" data-src=\"https:\/\/uoogear.com\/wp-content\/uploads\/2023\/11\/H595d26b9719943e4b1169b65ee5c9bc85-wpp1701353498136.webp\" \/><\/div>\n<div><img decoding=\"async\" src=\"https:\/\/uoogear.com\/wp-content\/uploads\/2023\/11\/H8d005f6225c24d4eb234e6ecf1b9f9d6U.webp\" data-src=\"https:\/\/uoogear.com\/wp-content\/uploads\/2023\/11\/H8d005f6225c24d4eb234e6ecf1b9f9d6U.webp\" \/><\/div>\n<div><img decoding=\"async\" src=\"https:\/\/uoogear.com\/wp-content\/uploads\/2023\/11\/H30a87ff0ffca4b26a472e348faadacb3Y.webp\" data-src=\"https:\/\/uoogear.com\/wp-content\/uploads\/2023\/11\/H30a87ff0ffca4b26a472e348faadacb3Y.webp\" \/><\/div>\n<div><\/div>\n<div><img decoding=\"async\" src=\"https:\/\/uoogear.com\/wp-content\/uploads\/2023\/11\/H9745988ffcdb4835848aefe87e3d0d490.webp\" data-src=\"https:\/\/uoogear.com\/wp-content\/uploads\/2023\/11\/H9745988ffcdb4835848aefe87e3d0d490.webp\" \/><\/div>\n<div><img decoding=\"async\" src=\"https:\/\/uoogear.com\/wp-content\/uploads\/2023\/11\/Hadd7befe7d4e40f4b106156a6966ec1ax.webp\" data-src=\"https:\/\/uoogear.com\/wp-content\/uploads\/2023\/11\/Hadd7befe7d4e40f4b106156a6966ec1ax.webp\" \/><\/div>\n<div><img decoding=\"async\" src=\"https:\/\/uoogear.com\/wp-content\/uploads\/2023\/11\/H412f50b7d8c3424a851e332885942f639.webp\" data-src=\"https:\/\/uoogear.com\/wp-content\/uploads\/2023\/11\/H412f50b7d8c3424a851e332885942f639.webp\" \/><\/div>\n<div><img decoding=\"async\" src=\"https:\/\/uoogear.com\/wp-content\/uploads\/2023\/11\/Hadd1fb8c00074cf5b98bd282a9a3865cV.webp\" data-src=\"https:\/\/uoogear.com\/wp-content\/uploads\/2023\/11\/Hadd1fb8c00074cf5b98bd282a9a3865cV.webp\" \/><\/div>\n<div><img decoding=\"async\" src=\"https:\/\/uoogear.com\/wp-content\/uploads\/2023\/11\/Hd5a0ab6ac81548e3aa653b5fff5f2b9bh.webp\" data-src=\"https:\/\/uoogear.com\/wp-content\/uploads\/2023\/11\/Hd5a0ab6ac81548e3aa653b5fff5f2b9bh.webp\" \/><\/div>\n<\/div>\n<\/div>\n<div>\n<div>\n<div>\n<div>\n<div>\n<div><img decoding=\"async\" src=\"https:\/\/uoogear.com\/wp-content\/uploads\/2023\/11\/Hfc9329fa8d90419087a6642314df814fF.webp\" data-src=\"https:\/\/uoogear.com\/wp-content\/uploads\/2023\/11\/Hfc9329fa8d90419087a6642314df814fF.webp\" \/><\/div>\n<\/div>\n<\/div>\n<\/div>\n<\/div>\n<\/div>\n<div>\n<div>\n<div>\n<div>\n<div>\n<div><img decoding=\"async\" src=\"https:\/\/uoogear.com\/wp-content\/uploads\/2023\/11\/H30a7ce9424084adaa83ca6f47dbc4842Y.webp\" data-src=\"https:\/\/uoogear.com\/wp-content\/uploads\/2023\/11\/H30a7ce9424084adaa83ca6f47dbc4842Y.webp\" \/><\/div>\n<\/div>\n<\/div>\n<\/div>\n<\/div>\n<\/div>\n<div>\n<div>\n<div>\n<div>\n<div>\n<div><img decoding=\"async\" src=\"https:\/\/uoogear.com\/wp-content\/uploads\/2023\/11\/Hcc84f4ebbc2a4ae8b2e0ab676b51a259D.webp\" data-src=\"https:\/\/uoogear.com\/wp-content\/uploads\/2023\/11\/Hcc84f4ebbc2a4ae8b2e0ab676b51a259D.webp\" \/><\/div>\n<\/div>\n<\/div>\n<\/div>\n<\/div>\n<\/div>\n<div>\n<div>\n<div>\n<div>\n<div>\n<div><\/div>\n<\/div>\n<\/div>\n<\/div>\n<\/div>\n<\/div>\n<div>\n<div>\n<div>\n<div>\n<div>\n<div><\/div>\n<\/div>\n<\/div>\n<\/div>\n<\/div>\n<\/div>\n<div>\n<div>\n<div>\n<div>\n<div data-spm-anchor-id=\"a2700.details.0.i80.40e84c8dsWWTH3\"><\/div>\n<\/div>\n<\/div>\n<\/div>\n<\/div>\n<\/div>","protected":false},"excerpt":{"rendered":"<p>Tkanina: P\u0142\u00f3tno Namiot zewn\u0119trzny Wska\u017anik wodoodporno\u015bci: &gt;3000 mm Wska\u017anik wodoodporno\u015bci dna: &gt;3000 mm Typ budynku: Szybkie automatyczne otwieranie Styl namiotu: Typ rozszerzony Sezon: Czterosezonowy Struktura namiotu: Jedna sypialnia Kolor: Niestandardowy kolor Logo: Dostosowane logo Drabina: 2.3 m Aluminiowy materac z drabink\u0105 teleskopow\u0105: 50 mm Akcesoria do materacy:<\/p>\n<div class=\"read-more\"><a class=\"btn btn-fill-out\" href=\"https:\/\/uoogear.com\/pl\/produkt\/camping-soft-top-longer-size-car-rooftop-tent\/\">Czytaj wi\u0119cej<\/a><\/div>","protected":false},"featured_media":5086,"template":"","meta":[],"product_brand":[],"product_cat":[15],"product_tag":[],"class_list":{"0":"post-5087","1":"product","2":"type-product","3":"status-publish","4":"has-post-thumbnail","6":"product_cat-uncategorized","7":"tm-no-options","9":"first","10":"instock","11":"shipping-taxable","12":"purchasable","13":"product-type-variable"},"_links":{"self":[{"href":"https:\/\/uoogear.com\/pl\/wp-json\/wp\/v2\/product\/5087","targetHints":{"allow":["GET"]}}],"collection":[{"href":"https:\/\/uoogear.com\/pl\/wp-json\/wp\/v2\/product"}],"about":[{"href":"https:\/\/uoogear.com\/pl\/wp-json\/wp\/v2\/types\/product"}],"wp:featuredmedia":[{"embeddable":true,"href":"https:\/\/uoogear.com\/pl\/wp-json\/wp\/v2\/media\/5086"}],"wp:attachment":[{"href":"https:\/\/uoogear.com\/pl\/wp-json\/wp\/v2\/media?parent=5087"}],"wp:term":[{"taxonomy":"product_brand","embeddable":true,"href":"https:\/\/uoogear.com\/pl\/wp-json\/wp\/v2\/product_brand?post=5087"},{"taxonomy":"product_cat","embeddable":true,"href":"https:\/\/uoogear.com\/pl\/wp-json\/wp\/v2\/product_cat?post=5087"},{"taxonomy":"product_tag","embeddable":true,"href":"https:\/\/uoogear.com\/pl\/wp-json\/wp\/v2\/product_tag?post=5087"}],"curies":[{"name":"wp","href":"https:\/\/api.w.org\/{rel}","templated":true}]}}