{"id":3378,"date":"2023-08-07T06:22:41","date_gmt":"2023-08-07T06:22:41","guid":{"rendered":"https:\/\/uoogear.com\/?page_id=3378"},"modified":"2023-08-07T06:30:04","modified_gmt":"2023-08-07T06:30:04","slug":"returns-policy","status":"publish","type":"page","link":"https:\/\/uoogear.com\/sv\/returns-policy\/","title":{"rendered":"\u00c5terbetalningspolicy"},"content":{"rendered":"<div data-elementor-type=\"wp-page\" data-elementor-id=\"3378\" class=\"elementor elementor-3378\">\n\t\t\t\t\t\t\t\t\t<section class=\"elementor-section elementor-top-section elementor-element elementor-element-4a9feaf elementor-section-boxed elementor-section-height-default elementor-section-height-default\" data-id=\"4a9feaf\" data-element_type=\"section\">\n\t\t\t\t\t\t<div class=\"elementor-container elementor-column-gap-default\">\n\t\t\t\t\t<div class=\"elementor-column elementor-col-100 elementor-top-column elementor-element elementor-element-049edf5\" data-id=\"049edf5\" data-element_type=\"column\">\n\t\t\t<div class=\"elementor-widget-wrap elementor-element-populated\">\n\t\t\t\t\t\t\t\t<div class=\"elementor-element elementor-element-3977164 elementor-widget elementor-widget-heading\" data-id=\"3977164\" data-element_type=\"widget\" data-widget_type=\"heading.default\">\n\t\t\t\t<div class=\"elementor-widget-container\">\n\t\t\t<style>\/*! elementor - v3.14.0 - 26-06-2023 *\/\n.elementor-heading-title{padding:0;margin:0;line-height:1}.elementor-widget-heading .elementor-heading-title[class*=elementor-size-]>a{color:inherit;font-size:inherit;line-height:inherit}.elementor-widget-heading .elementor-heading-title.elementor-size-small{font-size:15px}.elementor-widget-heading .elementor-heading-title.elementor-size-medium{font-size:19px}.elementor-widget-heading .elementor-heading-title.elementor-size-large{font-size:29px}.elementor-widget-heading .elementor-heading-title.elementor-size-xl{font-size:39px}.elementor-widget-heading .elementor-heading-title.elementor-size-xxl{font-size:59px}<\/style><h2 class=\"elementor-heading-title elementor-size-default\">\u00c5terbetalningspolicy<\/h2>\t\t<\/div>\n\t\t\t\t<\/div>\n\t\t\t\t<div class=\"elementor-element elementor-element-6fc9a4f elementor-widget elementor-widget-spacer\" data-id=\"6fc9a4f\" data-element_type=\"widget\" data-widget_type=\"spacer.default\">\n\t\t\t\t<div class=\"elementor-widget-container\">\n\t\t\t<style>\/*! elementor - v3.14.0 - 26-06-2023 *\/\n.elementor-column .elementor-spacer-inner{height:var(--spacer-size)}.e-con{--container-widget-width:100%}.e-con-inner>.elementor-widget-spacer,.e-con>.elementor-widget-spacer{width:var(--container-widget-width,var(--spacer-size));--align-self:var(--container-widget-align-self,initial);--flex-shrink:0}.e-con-inner>.elementor-widget-spacer>.elementor-widget-container,.e-con-inner>.elementor-widget-spacer>.elementor-widget-container>.elementor-spacer,.e-con>.elementor-widget-spacer>.elementor-widget-container,.e-con>.elementor-widget-spacer>.elementor-widget-container>.elementor-spacer{height:100%}.e-con-inner>.elementor-widget-spacer>.elementor-widget-container>.elementor-spacer>.elementor-spacer-inner,.e-con>.elementor-widget-spacer>.elementor-widget-container>.elementor-spacer>.elementor-spacer-inner{height:var(--container-widget-height,var(--spacer-size))}<\/style>\t\t<div class=\"elementor-spacer\">\n\t\t\t<div class=\"elementor-spacer-inner\"><\/div>\n\t\t<\/div>\n\t\t\t\t<\/div>\n\t\t\t\t<\/div>\n\t\t\t\t<div class=\"elementor-element elementor-element-1c367a8 elementor-widget elementor-widget-heading\" data-id=\"1c367a8\" data-element_type=\"widget\" data-widget_type=\"heading.default\">\n\t\t\t\t<div class=\"elementor-widget-container\">\n\t\t\t<h4 class=\"elementor-heading-title elementor-size-default\">O\u00f6nskade f\u00f6rem\u00e5l k\u00f6pta i butik<\/h4>\t\t<\/div>\n\t\t\t\t<\/div>\n\t\t\t\t<div class=\"elementor-element elementor-element-161f077 elementor-widget elementor-widget-text-editor\" data-id=\"161f077\" data-element_type=\"widget\" data-widget_type=\"text-editor.default\">\n\t\t\t\t<div class=\"elementor-widget-container\">\n\t\t\t<style>\/*! elementor - v3.14.0 - 26-06-2023 *\/\n.elementor-widget-text-editor.elementor-drop-cap-view-stacked .elementor-drop-cap{background-color:#69727d;color:#fff}.elementor-widget-text-editor.elementor-drop-cap-view-framed .elementor-drop-cap{color:#69727d;border:3px solid;background-color:transparent}.elementor-widget-text-editor:not(.elementor-drop-cap-view-default) .elementor-drop-cap{margin-top:8px}.elementor-widget-text-editor:not(.elementor-drop-cap-view-default) .elementor-drop-cap-letter{width:1em;height:1em}.elementor-widget-text-editor .elementor-drop-cap{float:left;text-align:center;line-height:1;font-size:50px}.elementor-widget-text-editor .elementor-drop-cap-letter{display:inline-block}<\/style>\t\t\t\tO\u00f6nskade varor k\u00f6pta fr\u00e5n UooGear kan returneras i perfekt \u00e5terf\u00f6rs\u00e4ljningsbart skick (inklusive f\u00f6rpackningar och etiketter) inom 30 dagar efter k\u00f6pet f\u00f6r full \u00e5terbetalning eller utbyte. Detta inkluderar inte varor som har anv\u00e4nts, smutsat ner, luktar eller skadats genom felaktig anv\u00e4ndning.\t\t\t\t\t\t<\/div>\n\t\t\t\t<\/div>\n\t\t\t\t<div class=\"elementor-element elementor-element-b913df6 elementor-widget elementor-widget-heading\" data-id=\"b913df6\" data-element_type=\"widget\" data-widget_type=\"heading.default\">\n\t\t\t\t<div class=\"elementor-widget-container\">\n\t\t\t<h4 class=\"elementor-heading-title elementor-size-default\">O\u00f6nskade f\u00f6rem\u00e5l fr\u00e5n uoogear.com<\/h4>\t\t<\/div>\n\t\t\t\t<\/div>\n\t\t\t\t<div class=\"elementor-element elementor-element-c7c6ddc elementor-widget elementor-widget-text-editor\" data-id=\"c7c6ddc\" data-element_type=\"widget\" data-widget_type=\"text-editor.default\">\n\t\t\t\t<div class=\"elementor-widget-container\">\n\t\t\t\t\t\t\tO\u00f6nskade varor k\u00f6pta fr\u00e5n uoogear.com kan returneras i perfekt \u00e5terf\u00f6rs\u00e4ljningsbart skick (inklusive f\u00f6rpackningar och etiketter) inom 30 dagar efter leverans. Om du vill att vi ska h\u00e4mta dessa f\u00f6rem\u00e5l kan vi ordna s\u00e5 att v\u00e5r kurir h\u00e4mtar dessa f\u00f6rem\u00e5l fr\u00e5n en valfri adress till en kostnad av \u00a310,00 per kartong (f\u00f6r f\u00f6rem\u00e5l \u00f6ver 30 kg kommer kostnaden att \u00f6ka, vilket vi kommer att ge r\u00e5d i en offert fr\u00e5n Kuriren). Om du hellre vill skicka tillbaka varorna p\u00e5 egen bekostnad, m\u00e5ste de vara tillbaka hos oss inom 28 dagar. Du \u00e4r dock ansvarig f\u00f6r dessa f\u00f6rem\u00e5l tills de n\u00e5r oss. Av denna anledning rekommenderar vi att du anv\u00e4nder en s\u00e4ker leverans.\t\t\t\t\t\t<\/div>\n\t\t\t\t<\/div>\n\t\t\t\t<div class=\"elementor-element elementor-element-5f45aa1 elementor-widget elementor-widget-heading\" data-id=\"5f45aa1\" data-element_type=\"widget\" data-widget_type=\"heading.default\">\n\t\t\t\t<div class=\"elementor-widget-container\">\n\t\t\t<h4 class=\"elementor-heading-title elementor-size-default\">Felaktiga f\u00f6rem\u00e5l<\/h4>\t\t<\/div>\n\t\t\t\t<\/div>\n\t\t\t\t<div class=\"elementor-element elementor-element-5771ea0 elementor-widget elementor-widget-text-editor\" data-id=\"5771ea0\" data-element_type=\"widget\" data-widget_type=\"text-editor.default\">\n\t\t\t\t<div class=\"elementor-widget-container\">\n\t\t\t\t\t\t\tDefekta varor med ett uppenbart, \u00e4kta fel kan returneras f\u00f6r full \u00e5terbetalning, byte eller byte inom 30 dagar. Felaktiga varor som returneras efter 30 dagar eller varor som inte har ett uppenbart fel (till exempel en l\u00e4cka) kan returneras; men vi kan beh\u00f6va skicka varan vidare till en tredje part f\u00f6r verifiering av felet. (Detta kan ta flera veckor beroende p\u00e5 tredje part). Vi beh\u00f6ver verifiering av alla fel skriftligen, v\u00e4nligen via e-post. Om din produkt utvecklar ett fel inom de f\u00f6rsta tre m\u00e5naderna, n\u00e4r vi har verifierat felet, om du vill, kan du beg\u00e4ra \u00e5terbetalning.\t\t\t\t\t\t<\/div>\n\t\t\t\t<\/div>\n\t\t\t\t<div class=\"elementor-element elementor-element-bebd1d5 elementor-widget elementor-widget-heading\" data-id=\"bebd1d5\" data-element_type=\"widget\" data-widget_type=\"heading.default\">\n\t\t\t\t<div class=\"elementor-widget-container\">\n\t\t\t<h4 class=\"elementor-heading-title elementor-size-default\">Kl\u00e4desplagg<\/h4>\t\t<\/div>\n\t\t\t\t<\/div>\n\t\t\t\t<div class=\"elementor-element elementor-element-930100e elementor-widget elementor-widget-text-editor\" data-id=\"930100e\" data-element_type=\"widget\" data-widget_type=\"text-editor.default\">\n\t\t\t\t<div class=\"elementor-widget-container\">\n\t\t\t\t\t\t\tOm varor returneras till oss som ol\u00e4mpliga f\u00f6r det avsedda \u00e4ndam\u00e5let, se till att du informerar oss om din avsikt att returnera dem till oss inom 7 dagar efter k\u00f6pet. Om du vill att vi ska h\u00e4mta och\/eller byta varorna \u00e5t dig, g\u00f6r vi det g\u00e4rna mot en avgift p\u00e5 \u00a310.00. Alternativt kan du returnera varorna till oss p\u00e5 egen hand, men vi m\u00e5ste ha tillbaka varorna inom 28 dagar fr\u00e5n k\u00f6pdatumet.\t\t\t\t\t\t<\/div>\n\t\t\t\t<\/div>\n\t\t\t\t<div class=\"elementor-element elementor-element-8796eb8 elementor-widget elementor-widget-text-editor\" data-id=\"8796eb8\" data-element_type=\"widget\" data-widget_type=\"text-editor.default\">\n\t\t\t\t<div class=\"elementor-widget-container\">\n\t\t\t\t\t\t\tObservera: ol\u00e4mpliga varor m\u00e5ste returneras OANV\u00c4NDA, rena, fr\u00e4scht luktande, fria fr\u00e5n hundh\u00e5r etc. och andra bevis p\u00e5 allm\u00e4nt missbruk. Alla kl\u00e4der m\u00e5ste ha tillverkarens etikett och gungbiljetter kvar. Alla varor som returneras till oss som inte f\u00f6ljer ovanst\u00e5ende kan p\u00e5verka v\u00e5r f\u00f6rm\u00e5ga att utf\u00e4rda en full \u00e5terbetalning.\t\t\t\t\t\t<\/div>\n\t\t\t\t<\/div>\n\t\t\t\t<div class=\"elementor-element elementor-element-79185b2 elementor-widget elementor-widget-heading\" data-id=\"79185b2\" data-element_type=\"widget\" data-widget_type=\"heading.default\">\n\t\t\t\t<div class=\"elementor-widget-container\">\n\t\t\t<h4 class=\"elementor-heading-title elementor-size-default\">T\u00e4lt \u00e5terv\u00e4nder<\/h4>\t\t<\/div>\n\t\t\t\t<\/div>\n\t\t\t\t<div class=\"elementor-element elementor-element-33eb9aa elementor-widget elementor-widget-text-editor\" data-id=\"33eb9aa\" data-element_type=\"widget\" data-widget_type=\"text-editor.default\">\n\t\t\t\t<div class=\"elementor-widget-container\">\n\t\t\t\t\t\t\tDet \u00e4r absolut viktigt att du kontrollerar ditt t\u00e4lt innan du \u00e5ker iv\u00e4g p\u00e5 semester. Vi kan inte h\u00e5llas ansvariga f\u00f6r att inte kontrollera t\u00e4ltet innan din semester f\u00f6r att s\u00e4kerst\u00e4lla att alla komponenter finns i t\u00e4ltet. Varje t\u00e4lt viktkontrolleras vid tillverkningen f\u00f6r att s\u00e4kerst\u00e4lla att alla komponenter finns d\u00e4r. Det \u00e4r dock n\u00f6dv\u00e4ndigt att kontrollera och bekanta dig med t\u00e4ltet innan du g\u00e5r iv\u00e4g.\t\t\t\t\t\t<\/div>\n\t\t\t\t<\/div>\n\t\t\t\t<div class=\"elementor-element elementor-element-44506a9 elementor-widget elementor-widget-text-editor\" data-id=\"44506a9\" data-element_type=\"widget\" data-widget_type=\"text-editor.default\">\n\t\t\t\t<div class=\"elementor-widget-container\">\n\t\t\t\t\t\t\tN\u00e4r ett t\u00e4lt v\u00e4l har slagits upp utomhus anses det inte l\u00e4ngre vara i perfekt \u00e5terf\u00f6rs\u00e4ljningsbart skick. Alla t\u00e4lt omfattas av 2 \u00e5rs tillverkargaranti och Outdoor World t\u00e4cker t\u00e4ltet under samma tidsperiod. Ink\u00f6psbevis kr\u00e4vs. Observera att garantin inte t\u00e4cker skador p\u00e5 t\u00e4ltet, dess stolpar eller n\u00e5gon annan komponent orsakad av\t\t\t\t\t\t<\/div>\n\t\t\t\t<\/div>\n\t\t\t\t<div class=\"elementor-element elementor-element-afc5129 elementor-widget elementor-widget-text-editor\" data-id=\"afc5129\" data-element_type=\"widget\" data-widget_type=\"text-editor.default\">\n\t\t\t\t<div class=\"elementor-widget-container\">\n\t\t\t\t\t\t\t<p>Varningsf\u00f6rh\u00e5llanden f\u00f6r sv\u00e5ra v\u00e4derf\u00f6rh\u00e5llanden (stormskador)<br \/>Olyckor<br \/>Missbruka<br \/>Slitage<br \/>UV-nedbrytning<br \/>M\u00f6gel till f\u00f6ljd av v\u00e5t packning eller felaktig f\u00f6rvaring<\/p>\t\t\t\t\t\t<\/div>\n\t\t\t\t<\/div>\n\t\t\t\t<div class=\"elementor-element elementor-element-4fac535 elementor-widget elementor-widget-text-editor\" data-id=\"4fac535\" data-element_type=\"widget\" data-widget_type=\"text-editor.default\">\n\t\t\t\t<div class=\"elementor-widget-container\">\n\t\t\t\t\t\t\tOm du tror att ditt t\u00e4lt har ett tillverkningsfel \u00e4r det f\u00f6rsta du ska g\u00f6ra att kontakta t\u00e4ltreturen p\u00e5 01924 265457.\t\t\t\t\t\t<\/div>\n\t\t\t\t<\/div>\n\t\t\t\t<div class=\"elementor-element elementor-element-ab871b1 elementor-widget elementor-widget-text-editor\" data-id=\"ab871b1\" data-element_type=\"widget\" data-widget_type=\"text-editor.default\">\n\t\t\t\t<div class=\"elementor-widget-container\">\n\t\t\t\t\t\t\tOm du beh\u00f6ver l\u00e4mna tillbaka ditt t\u00e4lt i butik eller online, var medveten om:\t\t\t\t\t\t<\/div>\n\t\t\t\t<\/div>\n\t\t\t\t<div class=\"elementor-element elementor-element-9cf37f6 elementor-widget elementor-widget-text-editor\" data-id=\"9cf37f6\" data-element_type=\"widget\" data-widget_type=\"text-editor.default\">\n\t\t\t\t<div class=\"elementor-widget-container\">\n\t\t\t\t\t\t\t<p>T\u00e4ltet kan inte accepteras om t\u00e4ltet \u00e4r v\u00e5tt eller \u00f6verdrivet smutsigt p\u00e5 grund av h\u00e4lso- och s\u00e4kerhetsproblem \u2013 t\u00e4ltet m\u00e5ste vara 100% torrt, annars kommer det att returneras till dig utan uppm\u00e4rksamhet.<br \/>Vissa t\u00e4lt kan ocks\u00e5 beh\u00f6va skickas till tredje part f\u00f6r bed\u00f6mning<br \/>Vango t\u00e4lt kan f\u00f6rl\u00e4ngas p\u00e5 garantin till 3 \u00e5r, genom att g\u00e5 in p\u00e5 Vangos hemsida och registrera k\u00f6pet.<br \/>Om du returnerar ditt t\u00e4lt och anger att det \u00e4r helt nytt och oanv\u00e4nt, och vi \u00f6ppnar det f\u00f6r att se att det tydligt har anv\u00e4nts och visar tecken p\u00e5 lera, f\u00e5gelbajs, tr\u00e4dsaft, kommer det att fotograferas och returneras till dig omedelbart och \u00e5terbetalning kommer inte att ske bearbetas. Tyv\u00e4rr h\u00e4nder detta m\u00e5nga g\u00e5nger per s\u00e4song, eftersom folk anv\u00e4nder produkten f\u00f6r sin semester och f\u00f6rs\u00f6ker l\u00e4mna tillbaka den efter\u00e5t.<\/p>\t\t\t\t\t\t<\/div>\n\t\t\t\t<\/div>\n\t\t\t\t<div class=\"elementor-element elementor-element-43e2398 elementor-widget elementor-widget-text-editor\" data-id=\"43e2398\" data-element_type=\"widget\" data-widget_type=\"text-editor.default\">\n\t\t\t\t<div class=\"elementor-widget-container\">\n\t\t\t\t\t\t\tDetta meddelande \u00e4r ett till\u00e4gg till dina lagstadgade r\u00e4ttigheter.\t\t\t\t\t\t<\/div>\n\t\t\t\t<\/div>\n\t\t\t\t\t<\/div>\n\t\t<\/div>\n\t\t\t\t\t\t\t<\/div>\n\t\t<\/section>\n\t\t\t\t\t\t\t<\/div>","protected":false},"excerpt":{"rendered":"<p>Returpolicy O\u00f6nskade varor k\u00f6pta i butik O\u00f6nskade varor k\u00f6pta fr\u00e5n UooGear kan returneras i perfekt \u00e5terf\u00f6rs\u00e4ljningsbart skick (inklusive f\u00f6rpackningar och etiketter) inom 30 dagar efter k\u00f6pet f\u00f6r full \u00e5terbetalning eller byte. Detta inkluderar inte varor som \u00e4r anv\u00e4nda, smutsiga, luktar eller skadats genom felaktig anv\u00e4ndning. O\u00f6nskade f\u00f6rem\u00e5l fr\u00e5n uoogear.com<\/p>\n<div class=\"read-more\"><a class=\"btn btn-fill-out\" href=\"https:\/\/uoogear.com\/sv\/returns-policy\/\">L\u00e4s mer<\/a><\/div>","protected":false},"author":1,"featured_media":0,"parent":0,"menu_order":0,"comment_status":"closed","ping_status":"closed","template":"","meta":{"footnotes":""},"class_list":["post-3378","page","type-page","status-publish","hentry"],"_links":{"self":[{"href":"https:\/\/uoogear.com\/sv\/wp-json\/wp\/v2\/pages\/3378","targetHints":{"allow":["GET"]}}],"collection":[{"href":"https:\/\/uoogear.com\/sv\/wp-json\/wp\/v2\/pages"}],"about":[{"href":"https:\/\/uoogear.com\/sv\/wp-json\/wp\/v2\/types\/page"}],"author":[{"embeddable":true,"href":"https:\/\/uoogear.com\/sv\/wp-json\/wp\/v2\/users\/1"}],"replies":[{"embeddable":true,"href":"https:\/\/uoogear.com\/sv\/wp-json\/wp\/v2\/comments?post=3378"}],"version-history":[{"count":10,"href":"https:\/\/uoogear.com\/sv\/wp-json\/wp\/v2\/pages\/3378\/revisions"}],"predecessor-version":[{"id":3388,"href":"https:\/\/uoogear.com\/sv\/wp-json\/wp\/v2\/pages\/3378\/revisions\/3388"}],"wp:attachment":[{"href":"https:\/\/uoogear.com\/sv\/wp-json\/wp\/v2\/media?parent=3378"}],"curies":[{"name":"wp","href":"https:\/\/api.w.org\/{rel}","templated":true}]}}