{"id":4116,"date":"2023-11-13T11:07:07","date_gmt":"2023-11-13T11:07:07","guid":{"rendered":"https:\/\/uoogear.com\/product\/customized-home-outdoor-park-camping-waterproof-roof-top-tent\/"},"modified":"2023-11-30T02:39:12","modified_gmt":"2023-11-30T02:39:12","slug":"customized-home-outdoor-park-camping-waterproof-roof-top-tent","status":"publish","type":"product","link":"https:\/\/uoogear.com\/sv\/produkt\/customized-home-outdoor-park-camping-waterproof-roof-top-tent\/","title":{"rendered":"Skr\u00e4ddarsytt hem utomhuspark camping vattent\u00e4tt takt\u00e4lt"},"content":{"rendered":"<ul>\n<li><strong>Omr\u00e5de: <\/strong> 8CBM<\/li>\n<li><strong>Tyg: <\/strong> Duk<\/li>\n<li><strong>Yttert\u00e4lt Vattent\u00e4tt Index: <\/strong> &lt;1000 mm<\/li>\n<li><strong>Nedre vattent\u00e4ta index: <\/strong> &gt;3000 mm<\/li>\n<li><strong>Byggnadstyp: <\/strong> Snabb automatisk \u00f6ppning<\/li>\n<li><strong>T\u00e4ltstil: <\/strong> Diagonalstag typ<\/li>\n<li><strong>S\u00e4song : <\/strong> Fyra s\u00e4songst\u00e4lt<\/li>\n<li><strong>Struktur: <\/strong> Ett sovrum<\/li>\n<li><strong>Produktnamn : <\/strong> T\u00e4lt<\/li>\n<li><strong>Anv\u00e4ndning: <\/strong> Utomhus campingt\u00e4lt<\/li>\n<li><strong>Nyckelord: <\/strong> takt\u00e4lt<\/li>\n<li><strong>Storlek: <\/strong> 210cmx(150+240)cm<\/li>\n<li><strong>Material: <\/strong> Duk<\/li>\n<li><strong>Ans\u00f6kan : <\/strong> Utomhuscamping familjet\u00e4lt<\/li>\n<li><strong>Funktion: <\/strong> Camping utomhus<\/li>\n<li><strong>MOQ: <\/strong> 1 del<\/li>\n<li><strong>Rammaterial: <\/strong> 16 mm aluminiumst\u00e5ng<\/li>\n<li><strong>Funktion : <\/strong> Vattenpoof<\/li>\n<\/ul>\n<div data-magic-global=\"%7B%22bizId%22%3A2206962912116%2C%22pageId%22%3A5052045798%2C%22siteId%22%3A5005786273%7D\">\n<div>\n<div>\n<div>\n<div>\n<div>\n<div><\/div>\n<\/div>\n<\/div>\n<\/div>\n<\/div>\n<\/div>\n<div>\n<div data-section=\"AliMagic-k7j8u2\" data-section-title=\"Product Description\">Produktbeskrivning<\/div>\n<\/div>\n<div>\n<div>\n<div><img loading=\"lazy\" decoding=\"async\" class=\"alignnone size-full wp-image-5167\" src=\"https:\/\/uoogear.com\/wp-content\/uploads\/2023\/11\/H9dd60be25fa14a6dab35cb282fd8019cd.png\" width=\"890\" height=\"847\" srcset=\"https:\/\/uoogear.com\/wp-content\/uploads\/2023\/11\/H9dd60be25fa14a6dab35cb282fd8019cd.png 890w, https:\/\/uoogear.com\/wp-content\/uploads\/2023\/11\/H9dd60be25fa14a6dab35cb282fd8019cd-300x286.png 300w, https:\/\/uoogear.com\/wp-content\/uploads\/2023\/11\/H9dd60be25fa14a6dab35cb282fd8019cd-768x731.png 768w, https:\/\/uoogear.com\/wp-content\/uploads\/2023\/11\/H9dd60be25fa14a6dab35cb282fd8019cd-600x571.png 600w, https:\/\/uoogear.com\/wp-content\/uploads\/2023\/11\/H9dd60be25fa14a6dab35cb282fd8019cd-57x54.png 57w\" sizes=\"auto, (max-width: 890px) 100vw, 890px\" \/><\/div>\n<div><img loading=\"lazy\" decoding=\"async\" class=\"alignnone size-full wp-image-5168\" src=\"https:\/\/uoogear.com\/wp-content\/uploads\/2023\/11\/Hbec3b674ffe243ccaf65469a97943425v.jpg\" width=\"1280\" height=\"960\" srcset=\"https:\/\/uoogear.com\/wp-content\/uploads\/2023\/11\/Hbec3b674ffe243ccaf65469a97943425v.jpg 1280w, https:\/\/uoogear.com\/wp-content\/uploads\/2023\/11\/Hbec3b674ffe243ccaf65469a97943425v-300x225.jpg 300w, https:\/\/uoogear.com\/wp-content\/uploads\/2023\/11\/Hbec3b674ffe243ccaf65469a97943425v-1024x768.jpg 1024w, https:\/\/uoogear.com\/wp-content\/uploads\/2023\/11\/Hbec3b674ffe243ccaf65469a97943425v-768x576.jpg 768w, https:\/\/uoogear.com\/wp-content\/uploads\/2023\/11\/Hbec3b674ffe243ccaf65469a97943425v-600x450.jpg 600w, https:\/\/uoogear.com\/wp-content\/uploads\/2023\/11\/Hbec3b674ffe243ccaf65469a97943425v-72x54.jpg 72w\" sizes=\"auto, (max-width: 1280px) 100vw, 1280px\" \/><\/div>\n<div><img loading=\"lazy\" decoding=\"async\" class=\"alignnone size-full wp-image-5169\" src=\"https:\/\/uoogear.com\/wp-content\/uploads\/2023\/11\/H1c9aa96f96ef4048b63fc07ef788ae9fj.jpg\" width=\"1280\" height=\"960\" srcset=\"https:\/\/uoogear.com\/wp-content\/uploads\/2023\/11\/H1c9aa96f96ef4048b63fc07ef788ae9fj.jpg 1280w, https:\/\/uoogear.com\/wp-content\/uploads\/2023\/11\/H1c9aa96f96ef4048b63fc07ef788ae9fj-300x225.jpg 300w, https:\/\/uoogear.com\/wp-content\/uploads\/2023\/11\/H1c9aa96f96ef4048b63fc07ef788ae9fj-1024x768.jpg 1024w, https:\/\/uoogear.com\/wp-content\/uploads\/2023\/11\/H1c9aa96f96ef4048b63fc07ef788ae9fj-768x576.jpg 768w, https:\/\/uoogear.com\/wp-content\/uploads\/2023\/11\/H1c9aa96f96ef4048b63fc07ef788ae9fj-600x450.jpg 600w, https:\/\/uoogear.com\/wp-content\/uploads\/2023\/11\/H1c9aa96f96ef4048b63fc07ef788ae9fj-72x54.jpg 72w\" sizes=\"auto, (max-width: 1280px) 100vw, 1280px\" \/><\/div>\n<div><img loading=\"lazy\" decoding=\"async\" class=\"alignnone size-full wp-image-5170\" src=\"https:\/\/uoogear.com\/wp-content\/uploads\/2023\/11\/H6ede6da9351744ceac2d985f8a599b28l.jpg\" width=\"1280\" height=\"960\" srcset=\"https:\/\/uoogear.com\/wp-content\/uploads\/2023\/11\/H6ede6da9351744ceac2d985f8a599b28l.jpg 1280w, https:\/\/uoogear.com\/wp-content\/uploads\/2023\/11\/H6ede6da9351744ceac2d985f8a599b28l-300x225.jpg 300w, https:\/\/uoogear.com\/wp-content\/uploads\/2023\/11\/H6ede6da9351744ceac2d985f8a599b28l-1024x768.jpg 1024w, https:\/\/uoogear.com\/wp-content\/uploads\/2023\/11\/H6ede6da9351744ceac2d985f8a599b28l-768x576.jpg 768w, https:\/\/uoogear.com\/wp-content\/uploads\/2023\/11\/H6ede6da9351744ceac2d985f8a599b28l-600x450.jpg 600w, https:\/\/uoogear.com\/wp-content\/uploads\/2023\/11\/H6ede6da9351744ceac2d985f8a599b28l-72x54.jpg 72w\" sizes=\"auto, (max-width: 1280px) 100vw, 1280px\" \/><\/div>\n<div><img loading=\"lazy\" decoding=\"async\" class=\"alignnone size-full wp-image-5171\" src=\"https:\/\/uoogear.com\/wp-content\/uploads\/2023\/11\/H3e45721a57344521b1cf48aa3707aab9a.jpg\" width=\"1280\" height=\"960\" srcset=\"https:\/\/uoogear.com\/wp-content\/uploads\/2023\/11\/H3e45721a57344521b1cf48aa3707aab9a.jpg 1280w, https:\/\/uoogear.com\/wp-content\/uploads\/2023\/11\/H3e45721a57344521b1cf48aa3707aab9a-300x225.jpg 300w, https:\/\/uoogear.com\/wp-content\/uploads\/2023\/11\/H3e45721a57344521b1cf48aa3707aab9a-1024x768.jpg 1024w, https:\/\/uoogear.com\/wp-content\/uploads\/2023\/11\/H3e45721a57344521b1cf48aa3707aab9a-768x576.jpg 768w, https:\/\/uoogear.com\/wp-content\/uploads\/2023\/11\/H3e45721a57344521b1cf48aa3707aab9a-600x450.jpg 600w, https:\/\/uoogear.com\/wp-content\/uploads\/2023\/11\/H3e45721a57344521b1cf48aa3707aab9a-72x54.jpg 72w\" sizes=\"auto, (max-width: 1280px) 100vw, 1280px\" \/><\/div>\n<div><img loading=\"lazy\" decoding=\"async\" class=\"alignnone size-full wp-image-5173\" src=\"https:\/\/uoogear.com\/wp-content\/uploads\/2023\/11\/H8d0b6b0575bf4544945ae0c765cdad94H.jpg\" width=\"1280\" height=\"960\" srcset=\"https:\/\/uoogear.com\/wp-content\/uploads\/2023\/11\/H8d0b6b0575bf4544945ae0c765cdad94H.jpg 1280w, https:\/\/uoogear.com\/wp-content\/uploads\/2023\/11\/H8d0b6b0575bf4544945ae0c765cdad94H-300x225.jpg 300w, https:\/\/uoogear.com\/wp-content\/uploads\/2023\/11\/H8d0b6b0575bf4544945ae0c765cdad94H-1024x768.jpg 1024w, https:\/\/uoogear.com\/wp-content\/uploads\/2023\/11\/H8d0b6b0575bf4544945ae0c765cdad94H-768x576.jpg 768w, https:\/\/uoogear.com\/wp-content\/uploads\/2023\/11\/H8d0b6b0575bf4544945ae0c765cdad94H-600x450.jpg 600w, https:\/\/uoogear.com\/wp-content\/uploads\/2023\/11\/H8d0b6b0575bf4544945ae0c765cdad94H-72x54.jpg 72w\" sizes=\"auto, (max-width: 1280px) 100vw, 1280px\" \/><\/div>\n<\/div>\n<\/div>\n<div>\n<div data-section=\"AliMagic-p9qjis\" data-section-title=\"Specification\"><\/div>\n<\/div>\n<div><\/div>\n<div>\n<div>\n<div>\n<div>\n<div>\n<div><\/div>\n<\/div>\n<\/div>\n<\/div>\n<\/div>\n<\/div>\n<\/div>","protected":false},"excerpt":{"rendered":"<p>Yta : 8CBM Tyg : Canvas Yttert\u00e4lt Vattent\u00e4tt Index : &lt;1000 mm Vattent\u00e4t botten Index : &gt;3000 mm Byggnadstyp : Snabbt automatiskt \u00f6ppningsbart t\u00e4ltstil : Diagonal stagtyp S\u00e4song : Fyra s\u00e4songers t\u00e4ltstruktur : Ett sovrum Produktnamn : Campingt\u00e4lt Anv\u00e4ndning : Utomhuscampingt\u00e4lt Nyckelord: takt\u00e4lt Storlek<\/p>\n<div class=\"read-more\"><a class=\"btn btn-fill-out\" href=\"https:\/\/uoogear.com\/sv\/produkt\/customized-home-outdoor-park-camping-waterproof-roof-top-tent\/\">L\u00e4s mer<\/a><\/div>","protected":false},"featured_media":4115,"template":"","meta":[],"product_brand":[],"product_cat":[15],"product_tag":[],"class_list":{"0":"post-4116","1":"product","2":"type-product","3":"status-publish","4":"has-post-thumbnail","6":"product_cat-uncategorized","7":"tm-no-options","9":"first","10":"instock","11":"shipping-taxable","12":"purchasable","13":"product-type-variable"},"_links":{"self":[{"href":"https:\/\/uoogear.com\/sv\/wp-json\/wp\/v2\/product\/4116","targetHints":{"allow":["GET"]}}],"collection":[{"href":"https:\/\/uoogear.com\/sv\/wp-json\/wp\/v2\/product"}],"about":[{"href":"https:\/\/uoogear.com\/sv\/wp-json\/wp\/v2\/types\/product"}],"wp:featuredmedia":[{"embeddable":true,"href":"https:\/\/uoogear.com\/sv\/wp-json\/wp\/v2\/media\/4115"}],"wp:attachment":[{"href":"https:\/\/uoogear.com\/sv\/wp-json\/wp\/v2\/media?parent=4116"}],"wp:term":[{"taxonomy":"product_brand","embeddable":true,"href":"https:\/\/uoogear.com\/sv\/wp-json\/wp\/v2\/product_brand?post=4116"},{"taxonomy":"product_cat","embeddable":true,"href":"https:\/\/uoogear.com\/sv\/wp-json\/wp\/v2\/product_cat?post=4116"},{"taxonomy":"product_tag","embeddable":true,"href":"https:\/\/uoogear.com\/sv\/wp-json\/wp\/v2\/product_tag?post=4116"}],"curies":[{"name":"wp","href":"https:\/\/api.w.org\/{rel}","templated":true}]}}