{"id":4125,"date":"2023-11-13T12:04:48","date_gmt":"2023-11-13T12:04:48","guid":{"rendered":"https:\/\/uoogear.com\/product\/outdoor-camping-waterproof-big-size-car-roof-top-tent\/"},"modified":"2025-09-14T16:40:13","modified_gmt":"2025-09-14T08:40:13","slug":"outdoor-camping-waterproof-big-size-car-roof-top-tent","status":"publish","type":"product","link":"https:\/\/uoogear.com\/sv\/produkt\/outdoor-camping-waterproof-big-size-car-roof-top-tent\/","title":{"rendered":"Utomhus camping vattent\u00e4tt stor storlek bil takt\u00e4lt"},"content":{"rendered":"<ul>\n<li><strong>Omr\u00e5de: <\/strong> 5,89 CBM<\/li>\n<li><strong>Tyg: <\/strong> Duk<\/li>\n<li><strong>Yttert\u00e4lt Vattent\u00e4tt Index: <\/strong> 2000-3000 mm, &lt;1000 mm<\/li>\n<li><strong>Nedre vattent\u00e4ta index: <\/strong> &gt;3000 mm<\/li>\n<li><strong>Byggnadstyp: <\/strong> Snabb automatisk \u00f6ppning<\/li>\n<li><strong>T\u00e4ltstil: <\/strong> Diagonalstag typ<\/li>\n<li><strong>S\u00e4song : <\/strong> Fyra s\u00e4songst\u00e4lt<\/li>\n<li><strong>Struktur: <\/strong> Ett sovrum<\/li>\n<li><strong>Produktnamn : <\/strong> Stor storlek bil takt\u00e4lt<\/li>\n<li><strong>Anv\u00e4ndning: <\/strong> Utomhus campingt\u00e4lt<\/li>\n<li><strong>Nyckelord: <\/strong> takt\u00e4lt<\/li>\n<li><strong>Storlek: <\/strong> 193cmx312cmx121cm<\/li>\n<li><strong>Material: <\/strong> Oxford &amp; Canvas<\/li>\n<li><strong>Ans\u00f6kan : <\/strong> Utomhuscamping familjet\u00e4lt<\/li>\n<li><strong>Funktion: <\/strong> Camping utomhus<\/li>\n<li><strong>MOQ: <\/strong> 1 del<\/li>\n<li><strong>Rammaterial: <\/strong> 16 mm aluminiumst\u00e5ng<\/li>\n<li><strong>Funktion : <\/strong> Vattenpoof<\/li>\n<\/ul>\n<div>\n<div data-magic-global=\"%7B%22bizId%22%3A2206962912116%2C%22pageId%22%3A5050923216%2C%22siteId%22%3A5005786273%7D\">\n<div>\n<div>\n<div>\n<div>\n<div>\n<div><\/div>\n<\/div>\n<\/div>\n<\/div>\n<\/div>\n<\/div>\n<div>\n<div data-section=\"AliMagic-n8hjnr\" data-section-title=\"Product Description\">Produktbeskrivning<\/div>\n<\/div>\n<div>\n<div><img decoding=\"async\" src=\"\/\/sc02.alicdn.com\/kf\/H96646391c55a4b9cb89aa7ddd5778d537\/240056294\/H96646391c55a4b9cb89aa7ddd5778d537.jpg\" data-src=\"\/\/sc02.alicdn.com\/kf\/H96646391c55a4b9cb89aa7ddd5778d537\/240056294\/H96646391c55a4b9cb89aa7ddd5778d537.jpg\" \/><\/div>\n<\/div>\n<div>\n<div><img decoding=\"async\" src=\"\/\/sc01.alicdn.com\/kf\/H09edf5aa1ebb43eb83ceab228f820e3f1\/240056294\/H09edf5aa1ebb43eb83ceab228f820e3f1.jpg\" data-src=\"\/\/sc01.alicdn.com\/kf\/H09edf5aa1ebb43eb83ceab228f820e3f1\/240056294\/H09edf5aa1ebb43eb83ceab228f820e3f1.jpg\" \/><\/div>\n<div><img decoding=\"async\" src=\"\/\/sc01.alicdn.com\/kf\/H48a6a67cf2ea4309826aa2ec439866837\/240056294\/H48a6a67cf2ea4309826aa2ec439866837.jpg\" data-src=\"\/\/sc01.alicdn.com\/kf\/H48a6a67cf2ea4309826aa2ec439866837\/240056294\/H48a6a67cf2ea4309826aa2ec439866837.jpg\" \/><\/div>\n<div><img decoding=\"async\" src=\"\/\/sc01.alicdn.com\/kf\/H7e54408e61be4f308dad149c5c5e4908m\/240056294\/H7e54408e61be4f308dad149c5c5e4908m.jpg\" data-src=\"\/\/sc01.alicdn.com\/kf\/H7e54408e61be4f308dad149c5c5e4908m\/240056294\/H7e54408e61be4f308dad149c5c5e4908m.jpg\" \/><\/div>\n<\/div>\n<div>\n<div data-section=\"AliMagic-me635g\" data-section-title=\"OEM \/ ODM\" data-spm-anchor-id=\"a2700.details.0.i46.3f651bb00RC8mw\"><\/div>\n<\/div>\n<\/div>\n<\/div>","protected":false},"excerpt":{"rendered":"<p>Yta : 5.89CBM Tyg : Kanvas Yttert\u00e4lt Vattent\u00e4tt Index : 2000-3000 Mm, &lt;1000 mm Botten Vattent\u00e4t Index : &gt;3000 mm Byggnadstyp : Snabbt automatiskt \u00f6ppningsbart t\u00e4ltstil : Diagonal stagtyp S\u00e4song : Fyras\u00e4songers t\u00e4ltstruktur : Ett sovrum namn: Stor takt\u00e4lt f\u00f6r bil Anv\u00e4ndning: Utomhuscampingt\u00e4lt<\/p>\n<div class=\"read-more\"><a class=\"btn btn-fill-out\" href=\"https:\/\/uoogear.com\/sv\/produkt\/outdoor-camping-waterproof-big-size-car-roof-top-tent\/\">L\u00e4s mer<\/a><\/div>","protected":false},"featured_media":4124,"template":"","meta":[],"product_brand":[],"product_cat":[15],"product_tag":[],"class_list":{"0":"post-4125","1":"product","2":"type-product","3":"status-publish","4":"has-post-thumbnail","6":"product_cat-uncategorized","7":"tm-no-options","9":"first","10":"instock","11":"shipping-taxable","12":"purchasable","13":"product-type-variable"},"_links":{"self":[{"href":"https:\/\/uoogear.com\/sv\/wp-json\/wp\/v2\/product\/4125","targetHints":{"allow":["GET"]}}],"collection":[{"href":"https:\/\/uoogear.com\/sv\/wp-json\/wp\/v2\/product"}],"about":[{"href":"https:\/\/uoogear.com\/sv\/wp-json\/wp\/v2\/types\/product"}],"wp:featuredmedia":[{"embeddable":true,"href":"https:\/\/uoogear.com\/sv\/wp-json\/wp\/v2\/media\/4124"}],"wp:attachment":[{"href":"https:\/\/uoogear.com\/sv\/wp-json\/wp\/v2\/media?parent=4125"}],"wp:term":[{"taxonomy":"product_brand","embeddable":true,"href":"https:\/\/uoogear.com\/sv\/wp-json\/wp\/v2\/product_brand?post=4125"},{"taxonomy":"product_cat","embeddable":true,"href":"https:\/\/uoogear.com\/sv\/wp-json\/wp\/v2\/product_cat?post=4125"},{"taxonomy":"product_tag","embeddable":true,"href":"https:\/\/uoogear.com\/sv\/wp-json\/wp\/v2\/product_tag?post=4125"}],"curies":[{"name":"wp","href":"https:\/\/api.w.org\/{rel}","templated":true}]}}