{"id":4136,"date":"2023-11-13T12:08:31","date_gmt":"2023-11-13T12:08:31","guid":{"rendered":"https:\/\/uoogear.com\/product\/fast-delivery-roof-tent-4x4-car-roof-top\/"},"modified":"2023-11-30T03:51:09","modified_gmt":"2023-11-30T03:51:09","slug":"fast-delivery-roof-tent-4x4-car-roof-top","status":"publish","type":"product","link":"https:\/\/uoogear.com\/sv\/produkt\/fast-delivery-roof-tent-4x4-car-roof-top\/","title":{"rendered":"Snabb leverans takt\u00e4lt 4\u00d74 biltak"},"content":{"rendered":"<ul>\n<li><strong>Omr\u00e5de: <\/strong> 3,5 CBM<\/li>\n<li><strong>Tyg: <\/strong> Duk<\/li>\n<li><strong>Yttert\u00e4lt Vattent\u00e4tt Index: <\/strong> &lt;1000 mm<\/li>\n<li><strong>Nedre vattent\u00e4ta index: <\/strong> &gt;3000 mm<\/li>\n<li><strong>Byggnadstyp: <\/strong> Snabb automatisk \u00f6ppning<\/li>\n<li><strong>T\u00e4ltstil: <\/strong> Diagonalstag typ<\/li>\n<li><strong>S\u00e4song : <\/strong> Fyra s\u00e4songst\u00e4lt<\/li>\n<li><strong>Struktur: <\/strong> Ett sovrum<\/li>\n<li><strong>Produktnamn : <\/strong> T\u00e4lt<\/li>\n<li><strong>Anv\u00e4ndning: <\/strong> Utomhus campingt\u00e4lt<\/li>\n<li><strong>Nyckelord: <\/strong> takt\u00e4lt<\/li>\n<li><strong>Storlek: <\/strong> 143 cm x 310 cm<\/li>\n<li><strong>Material: <\/strong> Duk<\/li>\n<li><strong>Ans\u00f6kan : <\/strong> Utomhuscamping familjet\u00e4lt<\/li>\n<li><strong>Funktion: <\/strong> Camping utomhus<\/li>\n<li><strong>MOQ: <\/strong> 1 del<\/li>\n<li><strong>Rammaterial: <\/strong> 16 mm aluminiumst\u00e5ng<\/li>\n<li><strong>Funktion : <\/strong> Vattenpoof<\/li>\n<\/ul>\n<div>\n<div data-magic-global=\"%7B%22bizId%22%3A2206962912116%2C%22pageId%22%3A20006098947%2C%22siteId%22%3A5005786273%7D\">\n<div>\n<div>\n<div>\n<div>\n<div>\n<div><\/div>\n<\/div>\n<\/div>\n<\/div>\n<\/div>\n<\/div>\n<div>\n<div data-section=\"AliMagic-1igdjc\" data-section-title=\"Product Description\">Produktbeskrivning<\/div>\n<\/div>\n<div>\n<div>\n<div><img decoding=\"async\" src=\"\/\/sc04.alicdn.com\/kf\/H631690f4eade4eeca68b705f874e96ed5\/240056294\/H631690f4eade4eeca68b705f874e96ed5.jpg\" data-src=\"\/\/sc04.alicdn.com\/kf\/H631690f4eade4eeca68b705f874e96ed5\/240056294\/H631690f4eade4eeca68b705f874e96ed5.jpg\" \/><\/div>\n<div><img decoding=\"async\" src=\"\/\/sc04.alicdn.com\/kf\/Hdf25dd2a8f3a4b119f8830b88a88468ba\/240056294\/Hdf25dd2a8f3a4b119f8830b88a88468ba.jpg\" data-src=\"\/\/sc04.alicdn.com\/kf\/Hdf25dd2a8f3a4b119f8830b88a88468ba\/240056294\/Hdf25dd2a8f3a4b119f8830b88a88468ba.jpg\" \/><\/div>\n<div><img decoding=\"async\" src=\"\/\/sc04.alicdn.com\/kf\/H9cf33a94305a4af7b37893c789b8b733Q\/240056294\/H9cf33a94305a4af7b37893c789b8b733Q.jpg\" data-src=\"\/\/sc04.alicdn.com\/kf\/H9cf33a94305a4af7b37893c789b8b733Q\/240056294\/H9cf33a94305a4af7b37893c789b8b733Q.jpg\" \/><\/div>\n<div><img decoding=\"async\" src=\"\/\/sc04.alicdn.com\/kf\/H521d81437270427cb25f23fe459876bfj\/240056294\/H521d81437270427cb25f23fe459876bfj.jpg\" data-src=\"\/\/sc04.alicdn.com\/kf\/H521d81437270427cb25f23fe459876bfj\/240056294\/H521d81437270427cb25f23fe459876bfj.jpg\" \/><\/div>\n<div><img loading=\"lazy\" decoding=\"async\" class=\"alignnone size-full wp-image-5316\" src=\"https:\/\/uoogear.com\/wp-content\/uploads\/2023\/11\/Hfd818247442e4184af8907ecbe5f07e1q.jpg\" width=\"1280\" height=\"906\" srcset=\"https:\/\/uoogear.com\/wp-content\/uploads\/2023\/11\/Hfd818247442e4184af8907ecbe5f07e1q.jpg 1280w, https:\/\/uoogear.com\/wp-content\/uploads\/2023\/11\/Hfd818247442e4184af8907ecbe5f07e1q-300x212.jpg 300w, https:\/\/uoogear.com\/wp-content\/uploads\/2023\/11\/Hfd818247442e4184af8907ecbe5f07e1q-1024x725.jpg 1024w, https:\/\/uoogear.com\/wp-content\/uploads\/2023\/11\/Hfd818247442e4184af8907ecbe5f07e1q-768x544.jpg 768w, https:\/\/uoogear.com\/wp-content\/uploads\/2023\/11\/Hfd818247442e4184af8907ecbe5f07e1q-600x425.jpg 600w, https:\/\/uoogear.com\/wp-content\/uploads\/2023\/11\/Hfd818247442e4184af8907ecbe5f07e1q-76x54.jpg 76w\" sizes=\"auto, (max-width: 1280px) 100vw, 1280px\" \/><\/div>\n<\/div>\n<\/div>\n<div>\n<div data-section=\"AliMagic-qc6vp1\" data-section-title=\"Specification\" data-spm-anchor-id=\"a2700.details.0.i47.1ecd503d9XtO3Q\"><\/div>\n<\/div>\n<\/div>\n<\/div>","protected":false},"excerpt":{"rendered":"<p>Yta : 3,5 CBM Tyg : Canvas Yttert\u00e4lt Vattent\u00e4tt Index : &lt;1000 mm Vattent\u00e4t botten Index : &gt;3000 mm Byggnadstyp : Snabbautomatisk \u00f6ppning T\u00e4ltstil : Diagonal stagtyp S\u00e4song : Fyra s\u00e4songer T\u00e4ltstruktur : Ett sovrum Produktnamn : Campingt\u00e4lt Anv\u00e4ndning : Utomhuscampingt\u00e4lt Nyckelord : takt\u00e4lt Storlek<\/p>\n<div class=\"read-more\"><a class=\"btn btn-fill-out\" href=\"https:\/\/uoogear.com\/sv\/produkt\/fast-delivery-roof-tent-4x4-car-roof-top\/\">L\u00e4s mer<\/a><\/div>","protected":false},"featured_media":4135,"template":"","meta":[],"product_brand":[],"product_cat":[15],"product_tag":[],"class_list":{"0":"post-4136","1":"product","2":"type-product","3":"status-publish","4":"has-post-thumbnail","6":"product_cat-uncategorized","7":"tm-no-options","9":"first","10":"instock","11":"shipping-taxable","12":"purchasable","13":"product-type-variable"},"_links":{"self":[{"href":"https:\/\/uoogear.com\/sv\/wp-json\/wp\/v2\/product\/4136","targetHints":{"allow":["GET"]}}],"collection":[{"href":"https:\/\/uoogear.com\/sv\/wp-json\/wp\/v2\/product"}],"about":[{"href":"https:\/\/uoogear.com\/sv\/wp-json\/wp\/v2\/types\/product"}],"wp:featuredmedia":[{"embeddable":true,"href":"https:\/\/uoogear.com\/sv\/wp-json\/wp\/v2\/media\/4135"}],"wp:attachment":[{"href":"https:\/\/uoogear.com\/sv\/wp-json\/wp\/v2\/media?parent=4136"}],"wp:term":[{"taxonomy":"product_brand","embeddable":true,"href":"https:\/\/uoogear.com\/sv\/wp-json\/wp\/v2\/product_brand?post=4136"},{"taxonomy":"product_cat","embeddable":true,"href":"https:\/\/uoogear.com\/sv\/wp-json\/wp\/v2\/product_cat?post=4136"},{"taxonomy":"product_tag","embeddable":true,"href":"https:\/\/uoogear.com\/sv\/wp-json\/wp\/v2\/product_tag?post=4136"}],"curies":[{"name":"wp","href":"https:\/\/api.w.org\/{rel}","templated":true}]}}