{"id":4181,"date":"2023-11-13T12:19:20","date_gmt":"2023-11-13T12:19:20","guid":{"rendered":"https:\/\/uoogear.com\/product\/2023-lightweight-waterproof-camper-trailer-suv-soft-roof-top-tent\/"},"modified":"2023-11-30T07:30:10","modified_gmt":"2023-11-30T07:30:10","slug":"2023-lightweight-waterproof-camper-trailer-suv-soft-roof-top-tent","status":"publish","type":"product","link":"https:\/\/uoogear.com\/sv\/produkt\/2023-lightweight-waterproof-camper-trailer-suv-soft-roof-top-tent\/","title":{"rendered":"2023 l\u00e4ttvikts vattent\u00e4t husbilsvagn suv mjukt takt\u00e4lt"},"content":{"rendered":"<ul>\n<li><strong>Tyg: <\/strong> Oxford<\/li>\n<li><strong>Yttert\u00e4lt Vattent\u00e4tt Index: <\/strong> 1500-2000 mm<\/li>\n<li><strong>Nedre vattent\u00e4ta index: <\/strong> &gt;3000 mm<\/li>\n<li><strong>Byggnadstyp: <\/strong> Konstruktion baserat p\u00e5 behov<\/li>\n<li><strong>T\u00e4ltstil: <\/strong> Rak stagtyp<\/li>\n<li><strong>S\u00e4song : <\/strong> Fyra s\u00e4songst\u00e4lt<\/li>\n<li><strong>Struktur: <\/strong> Ett sovrum<\/li>\n<li><strong>Produktnamn : <\/strong> Bil takt\u00e4lt<\/li>\n<li><strong>Material: <\/strong> Oxford Polyester, Rip-stop canvas<\/li>\n<li><strong>St\u00e5ngmaterial: <\/strong> Aluminium<\/li>\n<li><strong>Produktstorlek : <\/strong> 310x143x115cm<\/li>\n<li><strong>Funktion : <\/strong> Vattenpoof<\/li>\n<li><strong>Stege: <\/strong> Teleskopstege i aluminium<\/li>\n<li><strong>Anv\u00e4ndning: <\/strong> Utomhuscamping Vandring Resa<\/li>\n<li><strong>GW: <\/strong> 59 kg<\/li>\n<li><strong>Nyckelord: <\/strong> Takt\u00e4lt med h\u00e5rt skal<\/li>\n<li><strong>Stil: <\/strong> L\u00e4tt vikning<\/li>\n<\/ul>\n<div>\n<div data-magic-global=\"%7B%22bizId%22%3A2206962912116%2C%22pageId%22%3A21279932919%2C%22siteId%22%3A5005786273%7D\">\n<div><\/div>\n<div>\n<div><\/div>\n<\/div>\n<div>\n<div>\n<div><img decoding=\"async\" src=\"https:\/\/uoogear.com\/wp-content\/uploads\/2023\/11\/Head17f2fb29142fab53715928afb7c7bt.webp\" data-src=\"https:\/\/uoogear.com\/wp-content\/uploads\/2023\/11\/Head17f2fb29142fab53715928afb7c7bt.webp\" \/><\/div>\n<div><img decoding=\"async\" src=\"https:\/\/uoogear.com\/wp-content\/uploads\/2023\/11\/Hfcc7a91a0f504e0f81c8dae1632864e42-wpp1701328893862.jpg\" data-src=\"https:\/\/uoogear.com\/wp-content\/uploads\/2023\/11\/Hfcc7a91a0f504e0f81c8dae1632864e42-wpp1701328893862.jpg\" \/><\/div>\n<div><img decoding=\"async\" src=\"https:\/\/uoogear.com\/wp-content\/uploads\/2023\/11\/H8ec27b29741b4f08afb6ce95b0b9b6aeo-wpp1701328748942.webp\" data-src=\"https:\/\/uoogear.com\/wp-content\/uploads\/2023\/11\/H8ec27b29741b4f08afb6ce95b0b9b6aeo-wpp1701328748942.webp\" \/><\/div>\n<div><img decoding=\"async\" src=\"https:\/\/uoogear.com\/wp-content\/uploads\/2023\/11\/H741118498aec4d7e9187dd85b8e748368.webp\" data-src=\"https:\/\/uoogear.com\/wp-content\/uploads\/2023\/11\/H741118498aec4d7e9187dd85b8e748368.webp\" \/><\/div>\n<div><img decoding=\"async\" src=\"https:\/\/uoogear.com\/wp-content\/uploads\/2023\/11\/H31bcadeece5a41f79545474233d7c450F.webp\" data-src=\"https:\/\/uoogear.com\/wp-content\/uploads\/2023\/11\/H31bcadeece5a41f79545474233d7c450F.webp\" \/><\/div>\n<div><img decoding=\"async\" src=\"https:\/\/uoogear.com\/wp-content\/uploads\/2023\/11\/Hd09d9c862a164800839cbbf832b621417.webp\" data-src=\"https:\/\/uoogear.com\/wp-content\/uploads\/2023\/11\/Hd09d9c862a164800839cbbf832b621417.webp\" \/><\/div>\n<div><img decoding=\"async\" src=\"https:\/\/uoogear.com\/wp-content\/uploads\/2023\/11\/H0563ea9c013d4a3ca309db9c332ebab6l.webp\" data-src=\"https:\/\/uoogear.com\/wp-content\/uploads\/2023\/11\/H0563ea9c013d4a3ca309db9c332ebab6l.webp\" \/><\/div>\n<div><img decoding=\"async\" src=\"https:\/\/uoogear.com\/wp-content\/uploads\/2023\/11\/H00ea59eb398e4db0af8b1d8eca61ce60f.webp\" data-src=\"https:\/\/uoogear.com\/wp-content\/uploads\/2023\/11\/H00ea59eb398e4db0af8b1d8eca61ce60f.webp\" \/><\/div>\n<\/div>\n<\/div>\n<div><\/div>\n<div>\n<div>\n<div>\n<div>\n<div><\/div>\n<\/div>\n<\/div>\n<\/div>\n<\/div>\n<\/div>\n<\/div>","protected":false},"excerpt":{"rendered":"<p>Tyg: Oxford Yttert\u00e4lt Vattent\u00e4t Index: 1500-2000 Mm Botten Vattent\u00e4t Index: &gt;3000 mm Byggnadstyp: Konstruktion Baserat p\u00e5 Behov T\u00e4ltstil: Rak stagtyp S\u00e4song: Fyra-s\u00e4songst\u00e4lt Struktur: Ett sovrum Produktnamn: Biltakst\u00e4ltmaterial : Oxford Polyester, Rip-stop canvas St\u00e5ngmaterial: Aluminium Produktstorlek<\/p>\n<div class=\"read-more\"><a class=\"btn btn-fill-out\" href=\"https:\/\/uoogear.com\/sv\/produkt\/2023-lightweight-waterproof-camper-trailer-suv-soft-roof-top-tent\/\">L\u00e4s mer<\/a><\/div>","protected":false},"featured_media":4180,"template":"","meta":[],"product_brand":[],"product_cat":[15],"product_tag":[],"class_list":{"0":"post-4181","1":"product","2":"type-product","3":"status-publish","4":"has-post-thumbnail","6":"product_cat-uncategorized","7":"tm-no-options","9":"first","10":"instock","11":"shipping-taxable","12":"purchasable","13":"product-type-variable"},"_links":{"self":[{"href":"https:\/\/uoogear.com\/sv\/wp-json\/wp\/v2\/product\/4181","targetHints":{"allow":["GET"]}}],"collection":[{"href":"https:\/\/uoogear.com\/sv\/wp-json\/wp\/v2\/product"}],"about":[{"href":"https:\/\/uoogear.com\/sv\/wp-json\/wp\/v2\/types\/product"}],"wp:featuredmedia":[{"embeddable":true,"href":"https:\/\/uoogear.com\/sv\/wp-json\/wp\/v2\/media\/4180"}],"wp:attachment":[{"href":"https:\/\/uoogear.com\/sv\/wp-json\/wp\/v2\/media?parent=4181"}],"wp:term":[{"taxonomy":"product_brand","embeddable":true,"href":"https:\/\/uoogear.com\/sv\/wp-json\/wp\/v2\/product_brand?post=4181"},{"taxonomy":"product_cat","embeddable":true,"href":"https:\/\/uoogear.com\/sv\/wp-json\/wp\/v2\/product_cat?post=4181"},{"taxonomy":"product_tag","embeddable":true,"href":"https:\/\/uoogear.com\/sv\/wp-json\/wp\/v2\/product_tag?post=4181"}],"curies":[{"name":"wp","href":"https:\/\/api.w.org\/{rel}","templated":true}]}}