{"id":4201,"date":"2023-11-13T12:22:41","date_gmt":"2023-11-13T12:22:41","guid":{"rendered":"https:\/\/uoogear.com\/product\/high-quality-car-camping-3-4-person-foldable-soft-roof-top-tent-for-sale-custom-service-available\/"},"modified":"2023-11-30T07:06:18","modified_gmt":"2023-11-30T07:06:18","slug":"high-quality-car-camping-3-4-person-foldable-soft-roof-top-tent-for-sale-custom-service-available","status":"publish","type":"product","link":"https:\/\/uoogear.com\/sv\/produkt\/high-quality-car-camping-3-4-person-foldable-soft-roof-top-tent-for-sale-custom-service-available\/","title":{"rendered":"H\u00f6gkvalitativ bilcamping 3-4 personer hopf\u00e4llbart mjukt takt\u00e4lt till salu Anpassad service tillg\u00e4nglig"},"content":{"rendered":"<ul>\n<li><strong>Omr\u00e5de: <\/strong> 310*160*126cm<\/li>\n<li><strong>Tyg: <\/strong> Polyester<\/li>\n<li><strong>Yttert\u00e4lt Vattent\u00e4tt Index: <\/strong> 2000-3000 mm<\/li>\n<li><strong>Nedre vattent\u00e4ta index: <\/strong> &gt;3000 mm<\/li>\n<li><strong>Byggnadstyp: <\/strong> Konstruktion baserat p\u00e5 behov<\/li>\n<li><strong>T\u00e4ltstil: <\/strong> Rak stagtyp<\/li>\n<li><strong>S\u00e4song : <\/strong> Fyra s\u00e4songst\u00e4lt<\/li>\n<li><strong>Struktur: <\/strong> Ett sovrum<\/li>\n<li><strong>Produktnamn : <\/strong> Takt\u00e4lt Husbil Regnt\u00e4tt Soft Top Bilt\u00e4lt<\/li>\n<li><strong>Tyg material: <\/strong> 300 gsm polyester bomullscanvas<\/li>\n<li><strong>Funktion : <\/strong> Vattent\u00e4t 2000mm<\/li>\n<li><strong>Storlek: <\/strong> Expandera Storlek: 310*160*126cm<\/li>\n<li><strong>Madrass: <\/strong> 60 mm tjocklek Non-Deforming svamp, med tv\u00e4ttbart avtagbart \u00f6verdrag<\/li>\n<li><strong>Stege: <\/strong> Teleskopisk aluminiumstege, 230cm<\/li>\n<li><strong>Logotyp : <\/strong> Anpassad logotyp<\/li>\n<li><strong>Tillbeh\u00f6r : <\/strong> Stege+ Skov\u00e4ska<\/li>\n<li><strong>Valfria delar: <\/strong> Annex, Isolering varmt foder, Olika regnflugor<\/li>\n<\/ul>\n<div>\n<div data-magic-global=\"%7B%22bizId%22%3A2634101818%2C%22pageId%22%3A21330063023%2C%22siteId%22%3A5005227190%7D\">\n<div>\n<div>\n<div>\n<div>\n<div>\n<div><img decoding=\"async\" src=\"https:\/\/uoogear.com\/wp-content\/uploads\/2023\/11\/H4d2450ccd74648318c7ab759dace20f6i-wpp1701327585422.webp\" data-src=\"https:\/\/uoogear.com\/wp-content\/uploads\/2023\/11\/H4d2450ccd74648318c7ab759dace20f6i-wpp1701327585422.webp\" \/><\/div>\n<\/div>\n<\/div>\n<\/div>\n<\/div>\n<\/div>\n<div><\/div>\n<div>\n<div data-section=\"AliMagic-eb3sag\" data-section-title=\"Product Description\"><span style=\"font-family: Tahoma;\">Funktioner<\/span><\/div>\n<\/div>\n<div>\n<div>\n<div>\n<div>\n<div>1. 280 g dubbelsydd tyg (40% tyngre \u00e4n standardmodeller)<\/div>\n<div>2. Antikondensmatta (1\/2\u2033) under madrassen<\/div>\n<div>3. Helt inlindad 3\/4\u2033 kraftig intern ram<\/div>\n<div>4. Kraftiga 3-bultar g\u00e5ngj\u00e4rn och svetsad aluminiumbaskonstruktion<\/div>\n<div>5. Extra stora innerfickor, f\u00f6rankringspunkter f\u00f6r redskap och stroppar<\/div>\n<div>6. Helt sluten annex med samma kraftiga material som anv\u00e4nds f\u00f6r t\u00e4ltduken<\/div>\n<\/div>\n<\/div>\n<\/div>\n<\/div>\n<div>\n<div>\n<div><\/div>\n<div><img decoding=\"async\" src=\"https:\/\/uoogear.com\/wp-content\/uploads\/2023\/11\/H067f82f488cb47f69ce24342bd2ead2cE.webp\" data-src=\"https:\/\/uoogear.com\/wp-content\/uploads\/2023\/11\/H067f82f488cb47f69ce24342bd2ead2cE.webp\" \/><\/div>\n<div><img decoding=\"async\" src=\"https:\/\/uoogear.com\/wp-content\/uploads\/2023\/11\/H06f0378ab5f442809a4099adaa5296452.webp\" data-src=\"https:\/\/uoogear.com\/wp-content\/uploads\/2023\/11\/H06f0378ab5f442809a4099adaa5296452.webp\" \/><\/div>\n<div><img decoding=\"async\" src=\"https:\/\/uoogear.com\/wp-content\/uploads\/2023\/11\/H0e15ce57d53341deb942ba2c7aabfd57c.webp\" data-src=\"https:\/\/uoogear.com\/wp-content\/uploads\/2023\/11\/H0e15ce57d53341deb942ba2c7aabfd57c.webp\" \/><\/div>\n<\/div>\n<\/div>\n<div>\n<div>\n<div>\n<div>\n<div>\n<div><img decoding=\"async\" src=\"https:\/\/uoogear.com\/wp-content\/uploads\/2023\/11\/H4e98bf4703e34c2990862565b0ef3cb1L.webp\" data-src=\"https:\/\/uoogear.com\/wp-content\/uploads\/2023\/11\/H4e98bf4703e34c2990862565b0ef3cb1L.webp\" \/><\/div>\n<\/div>\n<\/div>\n<\/div>\n<\/div>\n<\/div>\n<div>\n<div>\n<div>\n<div>\n<div>\n<div><\/div>\n<\/div>\n<\/div>\n<\/div>\n<\/div>\n<\/div>\n<div>\n<div>\n<div>\n<div>\n<div>\n<div><img decoding=\"async\" src=\"https:\/\/uoogear.com\/wp-content\/uploads\/2023\/11\/H6f17537709ac4c57be8f412e8d427eda9.webp\" data-src=\"https:\/\/uoogear.com\/wp-content\/uploads\/2023\/11\/H6f17537709ac4c57be8f412e8d427eda9.webp\" \/><\/div>\n<\/div>\n<\/div>\n<\/div>\n<\/div>\n<\/div>\n<div>\n<div>\n<div>\n<div>\n<div>\n<div><\/div>\n<\/div>\n<\/div>\n<\/div>\n<\/div>\n<\/div>\n<\/div>\n<\/div>","protected":false},"excerpt":{"rendered":"<p>Yta: 310*160*126cm Tyg: Polyester Yttert\u00e4lt Vattent\u00e4t Index: 2000-3000 mm Botten Vattent\u00e4t Index: &gt;3000 mm Byggnadstyp: Konstruktion Baserat p\u00e5 behov T\u00e4ltstil: Rak stagtyp S\u00e4song: Fyra-s\u00e4songst\u00e4lt Produkt: Ett sovrum Namn: Takt\u00e4lt Husbil Regnt\u00e4t Soft Top Bilt\u00e4lt Tyg Material:<\/p>\n<div class=\"read-more\"><a class=\"btn btn-fill-out\" href=\"https:\/\/uoogear.com\/sv\/produkt\/high-quality-car-camping-3-4-person-foldable-soft-roof-top-tent-for-sale-custom-service-available\/\">L\u00e4s mer<\/a><\/div>","protected":false},"featured_media":4200,"template":"","meta":[],"product_brand":[],"product_cat":[15],"product_tag":[],"class_list":{"0":"post-4201","1":"product","2":"type-product","3":"status-publish","4":"has-post-thumbnail","6":"product_cat-uncategorized","7":"tm-no-options","9":"first","10":"instock","11":"shipping-taxable","12":"purchasable","13":"product-type-variable"},"_links":{"self":[{"href":"https:\/\/uoogear.com\/sv\/wp-json\/wp\/v2\/product\/4201","targetHints":{"allow":["GET"]}}],"collection":[{"href":"https:\/\/uoogear.com\/sv\/wp-json\/wp\/v2\/product"}],"about":[{"href":"https:\/\/uoogear.com\/sv\/wp-json\/wp\/v2\/types\/product"}],"wp:featuredmedia":[{"embeddable":true,"href":"https:\/\/uoogear.com\/sv\/wp-json\/wp\/v2\/media\/4200"}],"wp:attachment":[{"href":"https:\/\/uoogear.com\/sv\/wp-json\/wp\/v2\/media?parent=4201"}],"wp:term":[{"taxonomy":"product_brand","embeddable":true,"href":"https:\/\/uoogear.com\/sv\/wp-json\/wp\/v2\/product_brand?post=4201"},{"taxonomy":"product_cat","embeddable":true,"href":"https:\/\/uoogear.com\/sv\/wp-json\/wp\/v2\/product_cat?post=4201"},{"taxonomy":"product_tag","embeddable":true,"href":"https:\/\/uoogear.com\/sv\/wp-json\/wp\/v2\/product_tag?post=4201"}],"curies":[{"name":"wp","href":"https:\/\/api.w.org\/{rel}","templated":true}]}}