{"id":4230,"date":"2023-11-13T12:26:16","date_gmt":"2023-11-13T12:26:16","guid":{"rendered":"https:\/\/uoogear.com\/product\/camping-car-top-tent-waterproof-roof-of-truck-suv-sun-shade-travel\/"},"modified":"2023-11-30T06:49:03","modified_gmt":"2023-11-30T06:49:03","slug":"camping-car-top-tent-waterproof-roof-of-truck-suv-sun-shade-travel","status":"publish","type":"product","link":"https:\/\/uoogear.com\/sv\/produkt\/camping-car-top-tent-waterproof-roof-of-truck-suv-sun-shade-travel\/","title":{"rendered":"Camping Car Top T\u00e4lt Vattent\u00e4tt tak p\u00e5 lastbil SUV Sun Shade Travel"},"content":{"rendered":"<ul>\n<li><strong>Omr\u00e5de: <\/strong> 240*160*126 cm<\/li>\n<li><strong>Tyg: <\/strong> Polyester<\/li>\n<li><strong>Yttert\u00e4lt Vattent\u00e4tt Index: <\/strong> 2000-3000 mm<\/li>\n<li><strong>Nedre vattent\u00e4ta index: <\/strong> &gt;3000 mm<\/li>\n<li><strong>Byggnadstyp: <\/strong> Konstruktion baserat p\u00e5 behov<\/li>\n<li><strong>T\u00e4ltstil: <\/strong> Rak stagtyp<\/li>\n<li><strong>S\u00e4song : <\/strong> Fyra s\u00e4songst\u00e4lt<\/li>\n<li><strong>Struktur: <\/strong> Ett sovrum<\/li>\n<li><strong>Produktnamn : <\/strong> 4 Seasons Biltillbeh\u00f6r Takt\u00e4lt f\u00f6r SUV<\/li>\n<li><strong>Tyg material: <\/strong> 300 gsm polyester bomullscanvas<\/li>\n<li><strong>Funktion : <\/strong> Vattent\u00e4t 2000mm<\/li>\n<li><strong>Storlek: <\/strong> Expandera Storlek: 240*140*126cm<\/li>\n<li><strong>Madrass: <\/strong> 60 mm tjocklek Non-Deforming svamp, med tv\u00e4ttbart avtagbart \u00f6verdrag<\/li>\n<li><strong>Stege: <\/strong> Teleskopisk aluminiumstege, 230cm<\/li>\n<li><strong>Logotyp : <\/strong> Anpassad logotyp<\/li>\n<li><strong>Tillbeh\u00f6r : <\/strong> Stege+skov\u00e4ska<\/li>\n<li><strong>Valfria delar: <\/strong> Annex, Isolering varmt foder, Olika regnflugor<\/li>\n<\/ul>\n<div>\n<div data-magic-global=\"%7B%22bizId%22%3A2634101818%2C%22pageId%22%3A21327119347%2C%22siteId%22%3A5005227190%7D\">\n<div>\n<div>\n<div>\n<div>\n<div>\n<div><img decoding=\"async\" src=\"https:\/\/uoogear.com\/wp-content\/uploads\/2023\/11\/H72b58d4a09224c748a287e1d9a4b09a3r-wpp1701315423476.webp\" data-src=\"https:\/\/uoogear.com\/wp-content\/uploads\/2023\/11\/H72b58d4a09224c748a287e1d9a4b09a3r-wpp1701315423476.webp\" \/><\/div>\n<\/div>\n<\/div>\n<\/div>\n<\/div>\n<\/div>\n<div>\n<div data-section=\"AliMagic-ltwv2k\" data-section-title=\"Product Paramenters\"><\/div>\n<\/div>\n<\/div>\n<\/div>","protected":false},"excerpt":{"rendered":"<p>Yta: 240*160*126cm Tyg: Polyester Yttert\u00e4lt Vattent\u00e4t Index: 2000-3000 Mm Botten Vattent\u00e4t Index: &gt;3000 mm Byggnadstyp: Konstruktion Baserat p\u00e5 behov T\u00e4ltstil: Rak stagtyp S\u00e4song: Fyra-s\u00e4songst\u00e4lt Produkt: Ett sovrum Namn: 4-s\u00e4song biltillbeh\u00f6r Takt\u00e4lt f\u00f6r SUV Tyg Material:<\/p>\n<div class=\"read-more\"><a class=\"btn btn-fill-out\" href=\"https:\/\/uoogear.com\/sv\/produkt\/camping-car-top-tent-waterproof-roof-of-truck-suv-sun-shade-travel\/\">L\u00e4s mer<\/a><\/div>","protected":false},"featured_media":4229,"template":"","meta":[],"product_brand":[],"product_cat":[15],"product_tag":[],"class_list":{"0":"post-4230","1":"product","2":"type-product","3":"status-publish","4":"has-post-thumbnail","6":"product_cat-uncategorized","7":"tm-no-options","9":"first","10":"instock","11":"shipping-taxable","12":"purchasable","13":"product-type-variable"},"_links":{"self":[{"href":"https:\/\/uoogear.com\/sv\/wp-json\/wp\/v2\/product\/4230","targetHints":{"allow":["GET"]}}],"collection":[{"href":"https:\/\/uoogear.com\/sv\/wp-json\/wp\/v2\/product"}],"about":[{"href":"https:\/\/uoogear.com\/sv\/wp-json\/wp\/v2\/types\/product"}],"wp:featuredmedia":[{"embeddable":true,"href":"https:\/\/uoogear.com\/sv\/wp-json\/wp\/v2\/media\/4229"}],"wp:attachment":[{"href":"https:\/\/uoogear.com\/sv\/wp-json\/wp\/v2\/media?parent=4230"}],"wp:term":[{"taxonomy":"product_brand","embeddable":true,"href":"https:\/\/uoogear.com\/sv\/wp-json\/wp\/v2\/product_brand?post=4230"},{"taxonomy":"product_cat","embeddable":true,"href":"https:\/\/uoogear.com\/sv\/wp-json\/wp\/v2\/product_cat?post=4230"},{"taxonomy":"product_tag","embeddable":true,"href":"https:\/\/uoogear.com\/sv\/wp-json\/wp\/v2\/product_tag?post=4230"}],"curies":[{"name":"wp","href":"https:\/\/api.w.org\/{rel}","templated":true}]}}