{"id":4263,"date":"2023-11-13T12:29:10","date_gmt":"2023-11-13T12:29:10","guid":{"rendered":"https:\/\/uoogear.com\/product\/new-arrival-outdoor-camping-canvas-waterproof-tent\/"},"modified":"2023-11-30T02:39:15","modified_gmt":"2023-11-30T02:39:15","slug":"new-arrival-outdoor-camping-canvas-waterproof-tent","status":"publish","type":"product","link":"https:\/\/uoogear.com\/sv\/produkt\/new-arrival-outdoor-camping-canvas-waterproof-tent\/","title":{"rendered":"Nyankomst Outdoor Camping Canvas Vattent\u00e4tt t\u00e4lt"},"content":{"rendered":"<ul>\n<li><strong>Omr\u00e5de: <\/strong> 360*380cm<\/li>\n<li><strong>Tyg: <\/strong> canvas, 150D Oxford polyester, vattent\u00e4tt index<\/li>\n<li><strong>Yttert\u00e4lt Vattent\u00e4tt Index: <\/strong> 2000-3000 mm<\/li>\n<li><strong>Nedre vattent\u00e4ta index: <\/strong> 2000-3000 mm<\/li>\n<li><strong>Byggnadstyp: <\/strong> Konstruktion baserat p\u00e5 behov<\/li>\n<li><strong>T\u00e4ltstil: <\/strong> Rak stagtyp<\/li>\n<li><strong>S\u00e4song : <\/strong> Fyra s\u00e4songst\u00e4lt<\/li>\n<li><strong>Struktur: <\/strong> Ett sovrum<\/li>\n<li><strong>Anv\u00e4ndning: <\/strong> Familjens t\u00e4lt<\/li>\n<li><strong>Storlek: <\/strong> 360*380 cm<\/li>\n<li><strong>F\u00e4rg : <\/strong> Brun<\/li>\n<li><strong>Logotyp : <\/strong> Anpassad logotyp<\/li>\n<li><strong>Dragkedja: <\/strong> Dragkedja av m\u00e4rket SBS<\/li>\n<li><strong>Ram: <\/strong> Dia.22mm galvaniserat st\u00e5lr\u00f6r<\/li>\n<li><strong>Paketstorlek : <\/strong> 87cm X 42cm X 42cm<\/li>\n<li><strong>Tyg inuti: <\/strong> Vit Ventilate Polyester-Bomull siden<\/li>\n<\/ul>\n<div>\n<div data-magic-global=\"%7B%22bizId%22%3A2634101818%2C%22pageId%22%3A21293015321%2C%22siteId%22%3A5005227190%7D\">\n<div>\n<div data-section=\"AliMagic-zm7oul\" data-section-title=\"Product Description\">Produktbeskrivning<\/div>\n<\/div>\n<div>\n<div>\n<div>\n<div>\n<div>\n<div><img decoding=\"async\" src=\"\/\/sc04.alicdn.com\/kf\/H743a205d31714779a657eac073b64aebX\/225636084\/H743a205d31714779a657eac073b64aebX.jpg\" data-src=\"\/\/sc04.alicdn.com\/kf\/H743a205d31714779a657eac073b64aebX\/225636084\/H743a205d31714779a657eac073b64aebX.jpg\" \/><\/div>\n<\/div>\n<\/div>\n<\/div>\n<\/div>\n<\/div>\n<div>\n<div>\n<div>\n<div>\n<div>\n<div>\n<p><span style=\"color: #2196ed;\"><strong>Familj utomhus campingt\u00e4lt \u2655<\/strong><\/span><\/p>\n<p>Stort Canvas familjet\u00e4lt. Du kan ocks\u00e5 anv\u00e4nda en f\u00f6r att h\u00e5lla kl\u00e4der och f\u00f6rr\u00e5d och som omkl\u00e4dningsrum och den andra sidan f\u00f6r att sova. Sovrummen kan ta 3-5 personer.<\/p>\n<p><span style=\"color: #2196ed;\"><strong>Funktioner\u2655<\/strong><\/span><\/p>\n<p>1. Fantastisk design.<br \/>\n2. Du kan st\u00e5 uppr\u00e4tt och inte beh\u00f6va luta dig f\u00f6r att ta dig runt inne medan du kl\u00e4r p\u00e5 dig. Vardagsrummet \u00e4r stort nog f\u00f6r m\u00f6bler, som ett litet bord, soffa etc. Du kan ta skydd p\u00e5 verandan f\u00f6r visning.<br \/>\n3. Luftigt. Det finns stora f\u00f6nster bak och bak f\u00f6r luftfl\u00f6de. F\u00f6nstren \u00e4r enorma med anti-myggn\u00e4t.<br \/>\n4. B\u00e4rbar och vattent\u00e4t. Tyget \u00e4r vattent\u00e4tt. Alla tillbeh\u00f6r \u00e4r packade i en b\u00e4rv\u00e4ska, g\u00f6r det inte kr\u00e5ngligt att sl\u00e4nga den i bilen och bege dig till din campingtur.<br \/>\n5. L\u00e4mplig f\u00f6r en familj att ha en l\u00e5ng campingresa f\u00f6r att njuta av naturen<\/p>\n<\/div>\n<\/div>\n<\/div>\n<\/div>\n<\/div>\n<\/div>\n<div>\n<div>\n<div><img decoding=\"async\" src=\"\/\/sc04.alicdn.com\/kf\/H40a28c1533ae41a9a01c2d35e22dcef8n\/225636084\/H40a28c1533ae41a9a01c2d35e22dcef8n.jpg\" data-src=\"\/\/sc04.alicdn.com\/kf\/H40a28c1533ae41a9a01c2d35e22dcef8n\/225636084\/H40a28c1533ae41a9a01c2d35e22dcef8n.jpg\" \/><\/div>\n<div><img decoding=\"async\" src=\"\/\/sc04.alicdn.com\/kf\/H66abbf45e1d54e2e9935ca2105e81a6eO\/225636084\/H66abbf45e1d54e2e9935ca2105e81a6eO.jpg\" data-src=\"\/\/sc04.alicdn.com\/kf\/H66abbf45e1d54e2e9935ca2105e81a6eO\/225636084\/H66abbf45e1d54e2e9935ca2105e81a6eO.jpg\" \/><\/div>\n<div><img decoding=\"async\" src=\"\/\/sc04.alicdn.com\/kf\/H0bb6bb96da41496c838566a49d07355dN\/225636084\/H0bb6bb96da41496c838566a49d07355dN.jpg\" data-src=\"\/\/sc04.alicdn.com\/kf\/H0bb6bb96da41496c838566a49d07355dN\/225636084\/H0bb6bb96da41496c838566a49d07355dN.jpg\" \/><\/div>\n<div><img decoding=\"async\" src=\"\/\/sc04.alicdn.com\/kf\/H51caafe898ba493db993e965c5f9ff51i\/225636084\/H51caafe898ba493db993e965c5f9ff51i.jpg\" data-src=\"\/\/sc04.alicdn.com\/kf\/H51caafe898ba493db993e965c5f9ff51i\/225636084\/H51caafe898ba493db993e965c5f9ff51i.jpg\" \/><\/div>\n<\/div>\n<\/div>\n<div>\n<div data-section=\"AliMagic-eg2nyj\" data-section-title=\"Detailed Images\">Detaljerade bilder<\/div>\n<\/div>\n<div>\n<div>\n<div>\n<div>\n<div><img decoding=\"async\" src=\"\/\/sc04.alicdn.com\/kf\/Hc8954d7dca02497484fd46fecc6ea3e1R\/225636084\/Hc8954d7dca02497484fd46fecc6ea3e1R.jpg\" data-src=\"\/\/sc04.alicdn.com\/kf\/Hc8954d7dca02497484fd46fecc6ea3e1R\/225636084\/Hc8954d7dca02497484fd46fecc6ea3e1R.jpg\" \/><\/div>\n<div>\n<div><img loading=\"lazy\" decoding=\"async\" class=\"alignnone size-full wp-image-5172\" src=\"https:\/\/uoogear.com\/wp-content\/uploads\/2023\/11\/HTB19JGwzAyWBuNjy0Fpq6yssXXaG.jpg\" width=\"1000\" height=\"1000\" srcset=\"https:\/\/uoogear.com\/wp-content\/uploads\/2023\/11\/HTB19JGwzAyWBuNjy0Fpq6yssXXaG.jpg 1000w, https:\/\/uoogear.com\/wp-content\/uploads\/2023\/11\/HTB19JGwzAyWBuNjy0Fpq6yssXXaG-300x300.jpg 300w, https:\/\/uoogear.com\/wp-content\/uploads\/2023\/11\/HTB19JGwzAyWBuNjy0Fpq6yssXXaG-150x150.jpg 150w, https:\/\/uoogear.com\/wp-content\/uploads\/2023\/11\/HTB19JGwzAyWBuNjy0Fpq6yssXXaG-768x768.jpg 768w, https:\/\/uoogear.com\/wp-content\/uploads\/2023\/11\/HTB19JGwzAyWBuNjy0Fpq6yssXXaG-450x450.jpg 450w, https:\/\/uoogear.com\/wp-content\/uploads\/2023\/11\/HTB19JGwzAyWBuNjy0Fpq6yssXXaG-90x90.jpg 90w, https:\/\/uoogear.com\/wp-content\/uploads\/2023\/11\/HTB19JGwzAyWBuNjy0Fpq6yssXXaG-600x600.jpg 600w, https:\/\/uoogear.com\/wp-content\/uploads\/2023\/11\/HTB19JGwzAyWBuNjy0Fpq6yssXXaG-54x54.jpg 54w, https:\/\/uoogear.com\/wp-content\/uploads\/2023\/11\/HTB19JGwzAyWBuNjy0Fpq6yssXXaG-50x50.jpg 50w, https:\/\/uoogear.com\/wp-content\/uploads\/2023\/11\/HTB19JGwzAyWBuNjy0Fpq6yssXXaG-100x100.jpg 100w\" sizes=\"auto, (max-width: 1000px) 100vw, 1000px\" \/><\/div>\n<div><img loading=\"lazy\" decoding=\"async\" class=\"alignnone size-full wp-image-5174\" src=\"https:\/\/uoogear.com\/wp-content\/uploads\/2023\/11\/HTB1Nom3zuySBuNjy1zdq6xPxFXaj.jpg\" width=\"1000\" height=\"1000\" srcset=\"https:\/\/uoogear.com\/wp-content\/uploads\/2023\/11\/HTB1Nom3zuySBuNjy1zdq6xPxFXaj.jpg 1000w, https:\/\/uoogear.com\/wp-content\/uploads\/2023\/11\/HTB1Nom3zuySBuNjy1zdq6xPxFXaj-300x300.jpg 300w, https:\/\/uoogear.com\/wp-content\/uploads\/2023\/11\/HTB1Nom3zuySBuNjy1zdq6xPxFXaj-150x150.jpg 150w, https:\/\/uoogear.com\/wp-content\/uploads\/2023\/11\/HTB1Nom3zuySBuNjy1zdq6xPxFXaj-768x768.jpg 768w, https:\/\/uoogear.com\/wp-content\/uploads\/2023\/11\/HTB1Nom3zuySBuNjy1zdq6xPxFXaj-450x450.jpg 450w, https:\/\/uoogear.com\/wp-content\/uploads\/2023\/11\/HTB1Nom3zuySBuNjy1zdq6xPxFXaj-90x90.jpg 90w, https:\/\/uoogear.com\/wp-content\/uploads\/2023\/11\/HTB1Nom3zuySBuNjy1zdq6xPxFXaj-600x600.jpg 600w, https:\/\/uoogear.com\/wp-content\/uploads\/2023\/11\/HTB1Nom3zuySBuNjy1zdq6xPxFXaj-54x54.jpg 54w, https:\/\/uoogear.com\/wp-content\/uploads\/2023\/11\/HTB1Nom3zuySBuNjy1zdq6xPxFXaj-50x50.jpg 50w, https:\/\/uoogear.com\/wp-content\/uploads\/2023\/11\/HTB1Nom3zuySBuNjy1zdq6xPxFXaj-100x100.jpg 100w\" sizes=\"auto, (max-width: 1000px) 100vw, 1000px\" \/><\/div>\n<\/div>\n<\/div>\n<\/div>\n<\/div>\n<\/div>\n<div>\n<div data-section=\"AliMagic-r1kfdj\" data-section-title=\"More Models\"><\/div>\n<\/div>\n<div><\/div>\n<\/div>\n<\/div>","protected":false},"excerpt":{"rendered":"<p>Yta: 360*380CM Tyg: canvas, 150D Oxford polyester, vattent\u00e4t index Yttert\u00e4lt Vattent\u00e4t Index: 2000-3000 Mm Botten Vattent\u00e4t Index: 2000-3000 Mm Byggnadstyp: Konstruktion Baserat p\u00e5 behov T\u00e4ltstil: Fyra stag-typ S\u00e4song: T\u00e4ltstruktur: Ett sovrum Anv\u00e4ndning: Familjet\u00e4lt Storlek: 360*380cm F\u00e4rg: Brun<\/p>\n<div class=\"read-more\"><a class=\"btn btn-fill-out\" href=\"https:\/\/uoogear.com\/sv\/produkt\/new-arrival-outdoor-camping-canvas-waterproof-tent\/\">L\u00e4s mer<\/a><\/div>","protected":false},"featured_media":4262,"template":"","meta":[],"product_brand":[],"product_cat":[15],"product_tag":[],"class_list":{"0":"post-4263","1":"product","2":"type-product","3":"status-publish","4":"has-post-thumbnail","6":"product_cat-uncategorized","7":"tm-no-options","9":"first","10":"instock","11":"shipping-taxable","12":"purchasable","13":"product-type-variable"},"_links":{"self":[{"href":"https:\/\/uoogear.com\/sv\/wp-json\/wp\/v2\/product\/4263","targetHints":{"allow":["GET"]}}],"collection":[{"href":"https:\/\/uoogear.com\/sv\/wp-json\/wp\/v2\/product"}],"about":[{"href":"https:\/\/uoogear.com\/sv\/wp-json\/wp\/v2\/types\/product"}],"wp:featuredmedia":[{"embeddable":true,"href":"https:\/\/uoogear.com\/sv\/wp-json\/wp\/v2\/media\/4262"}],"wp:attachment":[{"href":"https:\/\/uoogear.com\/sv\/wp-json\/wp\/v2\/media?parent=4263"}],"wp:term":[{"taxonomy":"product_brand","embeddable":true,"href":"https:\/\/uoogear.com\/sv\/wp-json\/wp\/v2\/product_brand?post=4263"},{"taxonomy":"product_cat","embeddable":true,"href":"https:\/\/uoogear.com\/sv\/wp-json\/wp\/v2\/product_cat?post=4263"},{"taxonomy":"product_tag","embeddable":true,"href":"https:\/\/uoogear.com\/sv\/wp-json\/wp\/v2\/product_tag?post=4263"}],"curies":[{"name":"wp","href":"https:\/\/api.w.org\/{rel}","templated":true}]}}