{"id":4273,"date":"2023-11-13T12:30:29","date_gmt":"2023-11-13T12:30:29","guid":{"rendered":"https:\/\/uoogear.com\/product\/unistrengh-mini-4x4-offroad-outdoor-camping-car-soft-shell-roof-top-tents-for-sale\/"},"modified":"2023-11-30T06:16:50","modified_gmt":"2023-11-30T06:16:50","slug":"unistrengh-mini-4x4-offroad-outdoor-camping-car-soft-shell-roof-top-tents-for-sale","status":"publish","type":"product","link":"https:\/\/uoogear.com\/sv\/produkt\/unistrengh-mini-4x4-offroad-outdoor-camping-car-soft-shell-roof-top-tents-for-sale\/","title":{"rendered":"Unistrengh Mini 4\u00d74 offroad utomhuscampingbil softshell takt\u00e4lt till salu"},"content":{"rendered":"<ul>\n<li><strong>Omr\u00e5de: <\/strong> 134*109 cm<\/li>\n<li><strong>Tyg: <\/strong> Polyester bomullstyg<\/li>\n<li><strong>Yttert\u00e4lt Vattent\u00e4tt Index: <\/strong> 2000-3000 mm<\/li>\n<li><strong>Nedre vattent\u00e4ta index: <\/strong> &gt;3000 mm<\/li>\n<li><strong>T\u00e4ltstil: <\/strong> Rak stagtyp<\/li>\n<li><strong>S\u00e4song : <\/strong> Fyra-s\u00e4songst\u00e4lt, 4-s\u00e4song<\/li>\n<li><strong>Struktur: <\/strong> Ett sovrum<\/li>\n<li><strong>Produktnamn : <\/strong> Mjuk mini bil takt\u00e4lt vattent\u00e4tning<\/li>\n<li><strong>Ans\u00f6kan : <\/strong> Utomhuscamping familjet\u00e4lt<\/li>\n<li><strong>Nyckelord: <\/strong> vattent\u00e4tning av t\u00e4lt<\/li>\n<li><strong>Storlek: <\/strong> 2157*1330*1130MM<\/li>\n<li><strong>Material: <\/strong> Polyester bomullstyg<\/li>\n<li><strong>MOQ: <\/strong> 1 del<\/li>\n<li><strong>Logotyp : <\/strong> Anpassad logotyp<\/li>\n<li><strong>Vikt: <\/strong> 41,5 kg<\/li>\n<li><strong>Garanti: <\/strong> 12 m\u00e5nader<\/li>\n<\/ul>\n<div>\n<div data-magic-global=\"%7B%22bizId%22%3A2634101818%2C%22pageId%22%3A21250043969%2C%22siteId%22%3A5005227190%7D\">\n<div>\n<div data-section=\"AliMagic-ljemi3\" data-section-title=\"Product Description\">Produktbeskrivning<\/div>\n<\/div>\n<div>\n<div>\n<div>\n<div>\n<div>\n<div><\/div>\n<\/div>\n<\/div>\n<\/div>\n<div>\n<div>Mini takt\u00e4lt<\/div>\n<div>Minitakt\u00e4lt \u00e4r klart inom n\u00e5gra minuter, s\u00e5 att du kan koppla av och njuta av utomhusaktiviteterna. Tillverkad av<br \/>\nslitstarkt h\u00f6gkvalitativt tyg av poly-\/bomull som andas, ditt m\u00f6gel- och vattent\u00e4ta takt\u00e4lt passar snyggt p\u00e5 taket p\u00e5 din 4x4-bil. En robust inf\u00e4llbar stege i aluminium m\u00f6jligg\u00f6r enkel \u00e5tkomst. Madrasser kommer med en h\u00f6gdensitetsskummadrass med ett avtagbart \u00f6verdrag. Med helt sk\u00e4rmade f\u00f6nster och d\u00f6rrar, dammt\u00e4t och insektsresistent.<\/div>\n<\/div>\n<\/div>\n<\/div>\n<div>\n<div>\n<div>\n<h3>Funktioner<\/h3>\n<div>\n<div>\n<div>- Fyrs\u00e4songst\u00e4lt byggt f\u00f6r att t\u00e5la alla \u00e5rstider och klimat - Kan rymma upp till 2 personer<br \/>\n-T\u00e4lttyg \u00e4r b\u00e5de UV- och m\u00f6gelbest\u00e4ndigt f\u00f6r att motst\u00e5 alla \u00e5rstider<br \/>\n-Fyra stora innerfickor f\u00f6r f\u00f6rvaring av utrustning och campingtillbeh\u00f6r<br \/>\n-Inkluderar en skummadrass med h\u00f6g densitet f\u00f6r \u00f6kad komfort<br \/>\n- Byt enkelt ut kapellet beroende p\u00e5 \u00e5rstid och v\u00e4derf\u00f6rh\u00e5llanden (ytterligare kapell s\u00e4ljs separat)<\/div>\n<\/div>\n<\/div>\n<\/div>\n<\/div>\n<\/div>\n<div>\n<div>\n<table>\n<tbody>\n<tr>\n<td>\n<div>\u00d6ppen storlek<\/div>\n<\/td>\n<td>\n<div>2157*1330*1130MM<\/div>\n<\/td>\n<td>\n<div><\/div>\n<\/td>\n<td>\n<div><\/div>\n<\/td>\n<td>\n<div><\/div>\n<\/td>\n<\/tr>\n<tr>\n<td>\n<div>N\u00e4ra storlek<\/div>\n<\/td>\n<td>\n<div>1340*1090*220MM<\/div>\n<\/td>\n<td>\n<div><\/div>\n<\/td>\n<td>\n<div><\/div>\n<\/td>\n<td>\n<div><\/div>\n<\/td>\n<\/tr>\n<tr>\n<td>\n<div>NW<\/div>\n<\/td>\n<td>\n<div>41,5 kg<\/div>\n<\/td>\n<td>\n<div><\/div>\n<\/td>\n<td>\n<div><\/div>\n<\/td>\n<td>\n<div><\/div>\n<\/td>\n<\/tr>\n<tr>\n<td>\n<div>GW<\/div>\n<\/td>\n<td>\n<div>51,8 kg<\/div>\n<\/td>\n<td>\n<div><\/div>\n<\/td>\n<td>\n<div><\/div>\n<\/td>\n<td>\n<div><\/div>\n<\/td>\n<\/tr>\n<\/tbody>\n<\/table>\n<\/div>\n<\/div>\n<div>\n<div data-section=\"AliMagic-hdvu51\" data-section-title=\"Product details\">Produktinformation<\/div>\n<\/div>\n<div>\n<div>\n<div><\/div>\n<div><img decoding=\"async\" src=\"https:\/\/uoogear.com\/wp-content\/uploads\/2023\/11\/H1bf314a0e04e47408594be1fd416e0a6f.webp\" data-src=\"https:\/\/uoogear.com\/wp-content\/uploads\/2023\/11\/H1bf314a0e04e47408594be1fd416e0a6f.webp\" \/><\/div>\n<\/div>\n<\/div>\n<div>\n<div data-section=\"AliMagic-3qaa90\" data-section-title=\"Related products\">Relaterade produkter<\/div>\n<\/div>\n<div>\n<div>\n<div>\n<div>\n<div>\n<div><\/div>\n<\/div>\n<div>\n<div>\n<div><strong>Soft shell takt\u00e4lt<\/strong><\/div>\n<\/div>\n<\/div>\n<\/div>\n<div>\n<div>\n<div><\/div>\n<\/div>\n<div>\n<div>\n<div><strong>L\u00e5ngt avsnitt med bilaga<\/strong><\/div>\n<\/div>\n<\/div>\n<\/div>\n<div>\n<div>\n<div><img loading=\"lazy\" decoding=\"async\" class=\"alignnone\" src=\"https:\/\/uoogear.com\/wp-content\/uploads\/2023\/11\/H437d0352f3994ed2b130dac4e75a83d4d.webp\" alt=\"\" width=\"800\" height=\"533\" data-src=\"https:\/\/uoogear.com\/wp-content\/uploads\/2023\/11\/H437d0352f3994ed2b130dac4e75a83d4d.webp\" \/><\/div>\n<\/div>\n<div>\n<div>\n<div><strong>Bilsidans markis<\/strong><\/div>\n<\/div>\n<\/div>\n<\/div>\n<\/div>\n<\/div>\n<\/div>\n<div>\n<div>\n<div>\n<div><img loading=\"lazy\" decoding=\"async\" class=\"alignnone\" src=\"https:\/\/uoogear.com\/wp-content\/uploads\/2023\/11\/Hff9bd9063cef44a8ba9b43b61c0257d1W.webp\" alt=\"\" width=\"800\" height=\"600\" data-src=\"https:\/\/uoogear.com\/wp-content\/uploads\/2023\/11\/Hff9bd9063cef44a8ba9b43b61c0257d1W.webp\" \/><\/div>\n<\/div>\n<div><\/div>\n<\/div>\n<div>\n<div>\n<div><\/div>\n<\/div>\n<div>\n<div><\/div>\n<\/div>\n<\/div>\n<div>\n<div>\n<div>\n<div><\/div>\n<\/div>\n<\/div>\n<\/div>\n<\/div>\n<div>\n<div data-section=\"AliMagic-tf79ni\" data-section-title=\"Company Imformation\"><\/div>\n<\/div>\n<\/div>\n<\/div>","protected":false},"excerpt":{"rendered":"<p>Yta: 134*109cm Tyg: Polyester bomullstyg Yttert\u00e4lt Vattent\u00e4t Index: 2000-3000 Mm Botten Vattent\u00e4t Index: &gt;3000 mm T\u00e4ltstil: Rak Stigningstyp S\u00e4song: Fyras\u00e4songst\u00e4lt, 4-s\u00e4songs Struktur: Soft Produktnamn: Soft minibil takt\u00e4lt vattent\u00e4tning Anv\u00e4ndning: Utomhuscamping Familjet\u00e4lt Nyckelord: t\u00e4lt<\/p>\n<div class=\"read-more\"><a class=\"btn btn-fill-out\" href=\"https:\/\/uoogear.com\/sv\/produkt\/unistrengh-mini-4x4-offroad-outdoor-camping-car-soft-shell-roof-top-tents-for-sale\/\">L\u00e4s mer<\/a><\/div>","protected":false},"featured_media":4272,"template":"","meta":[],"product_brand":[],"product_cat":[15],"product_tag":[],"class_list":{"0":"post-4273","1":"product","2":"type-product","3":"status-publish","4":"has-post-thumbnail","6":"product_cat-uncategorized","7":"tm-no-options","9":"first","10":"instock","11":"shipping-taxable","12":"purchasable","13":"product-type-variable"},"_links":{"self":[{"href":"https:\/\/uoogear.com\/sv\/wp-json\/wp\/v2\/product\/4273","targetHints":{"allow":["GET"]}}],"collection":[{"href":"https:\/\/uoogear.com\/sv\/wp-json\/wp\/v2\/product"}],"about":[{"href":"https:\/\/uoogear.com\/sv\/wp-json\/wp\/v2\/types\/product"}],"wp:featuredmedia":[{"embeddable":true,"href":"https:\/\/uoogear.com\/sv\/wp-json\/wp\/v2\/media\/4272"}],"wp:attachment":[{"href":"https:\/\/uoogear.com\/sv\/wp-json\/wp\/v2\/media?parent=4273"}],"wp:term":[{"taxonomy":"product_brand","embeddable":true,"href":"https:\/\/uoogear.com\/sv\/wp-json\/wp\/v2\/product_brand?post=4273"},{"taxonomy":"product_cat","embeddable":true,"href":"https:\/\/uoogear.com\/sv\/wp-json\/wp\/v2\/product_cat?post=4273"},{"taxonomy":"product_tag","embeddable":true,"href":"https:\/\/uoogear.com\/sv\/wp-json\/wp\/v2\/product_tag?post=4273"}],"curies":[{"name":"wp","href":"https:\/\/api.w.org\/{rel}","templated":true}]}}