{"id":4342,"date":"2023-11-13T12:42:10","date_gmt":"2023-11-13T12:42:10","guid":{"rendered":"https:\/\/uoogear.com\/product\/outdoor-camping-car-soft-roof-top-tent-waterproofing\/"},"modified":"2023-11-30T08:28:02","modified_gmt":"2023-11-30T08:28:02","slug":"outdoor-camping-car-soft-roof-top-tent-waterproofing","status":"publish","type":"product","link":"https:\/\/uoogear.com\/sv\/produkt\/outdoor-camping-car-soft-roof-top-tent-waterproofing\/","title":{"rendered":"Utomhuscampingbil mjukt takt\u00e4lt vattent\u00e4tning"},"content":{"rendered":"<ul>\n<li><strong>Omr\u00e5de: <\/strong> 240x140x130 cm<\/li>\n<li><strong>Tyg: <\/strong> Duk<\/li>\n<li><strong>Yttert\u00e4lt Vattent\u00e4tt Index: <\/strong> 2000-3000 mm<\/li>\n<li><strong>Nedre vattent\u00e4ta index: <\/strong> &gt;3000 mm<\/li>\n<li><strong>Byggnadstyp: <\/strong> Konstruktion baserat p\u00e5 behov<\/li>\n<li><strong>T\u00e4ltstil: <\/strong> Rak stagtyp<\/li>\n<li><strong>S\u00e4song : <\/strong> Fyra s\u00e4songst\u00e4lt<\/li>\n<li><strong>Struktur: <\/strong> Ett sovrum<\/li>\n<li><strong>Produktnamn : <\/strong> Utomhuscampingbil mjukt takt\u00e4lt vattent\u00e4tning<\/li>\n<li><strong>Ans\u00f6kan : <\/strong> Utomhusresor Vandringscamping<\/li>\n<li><strong>Nyckelord: <\/strong> vattent\u00e4tning av t\u00e4lt<\/li>\n<li><strong>T\u00e4ltstorlek: <\/strong> 310x140x130 cm<\/li>\n<li><strong>F\u00f6rpackningsstorlek : <\/strong> 145*123*24 cm<\/li>\n<li><strong>Kroppstyg: <\/strong> 280 g polyester bomull<\/li>\n<li><strong>L\u00e4ser in : <\/strong> 300-350 kg<\/li>\n<li><strong>Golv: <\/strong> Aluminiumpl\u00e5t<\/li>\n<li><strong>MOQ: <\/strong> 1 del<\/li>\n<li><strong>Logotyp : <\/strong> Anpassad logotyp<\/li>\n<\/ul>\n<div>\n<div data-host=\"112311420\" data-magic-global=\"%7B%22bizId%22%3A2634101818%2C%22pageId%22%3A5052820534%2C%22siteId%22%3A5005227190%7D\" data-id=\"detail_decorate_root\">\n<div data-section=\"AliMagic-nax1bk\" data-section-title=\"Products Description\">Produktbeskrivning<\/div>\n<div>\n<div>\n<div>\n<div>\n<div><\/div>\n<\/div>\n<\/div>\n<\/div>\n<div>\n<div data-id=\"below-title\">Utomhuscampingbil mjukt takt\u00e4lt vattent\u00e4tning<\/div>\n<div data-id=\"below-content\">Soft Shell 4\u00d74 takt\u00e4lt och markiser \u00e4r klara inom n\u00e5gra minuter, s\u00e5 att du kan koppla av och njuta av utomhus. Tillverkat av slitstarkt h\u00f6gkvalitativt tyg av poly-\/bomull som andas, ditt m\u00f6gel- och vattent\u00e4ta takt\u00e4lt passar snyggt p\u00e5 taket p\u00e5 din 4\u00d74. En robust inf\u00e4llbar stege i aluminium m\u00f6jligg\u00f6r enkel \u00e5tkomst. Madrasser levereras med en 65 mm h\u00f6gdensitetsskummadrass med ett avtagbart \u00f6verdrag. Med helsk\u00e4rmade f\u00f6nster och d\u00f6rrar. dammt\u00e4t och insektsbest\u00e4ndig.<\/div>\n<\/div>\n<\/div>\n<div>\n<div>\n<h3 data-id=\"title0\">Funktioner<\/h3>\n<div>\n<div>\n<div data-id=\"paragraph0\">\n<p>- Fyra s\u00e4songst\u00e4lt byggt f\u00f6r att t\u00e5la alla \u00e5rstider och klimat<\/p>\n<div>- Kan ta emot upp till 2-3 personer<br \/>\n-T\u00e4lttyg \u00e4r b\u00e5de UV- och m\u00f6gelbest\u00e4ndigt f\u00f6r att motst\u00e5 alla \u00e5rstider<br \/>\n-Fyra stora innerfickor f\u00f6r f\u00f6rvaring av utrustning och campingtillbeh\u00f6r<br \/>\n-Inkluderar en skummadrass med h\u00f6g densitet f\u00f6r \u00f6kad komfort<\/div>\n<\/div>\n<\/div>\n<\/div>\n<\/div>\n<\/div>\n<div data-section=\"AliMagic-n3jor0\" data-section-title=\"Specification\">Specifikation<\/div>\n<div>\n<table>\n<tbody>\n<tr>\n<td>\n<div>\u00c5rstider<\/div>\n<\/td>\n<td>\n<div>4-s\u00e4song<\/div>\n<\/td>\n<td>\n<div><\/div>\n<\/td>\n<td>\n<div><\/div>\n<\/td>\n<td>\n<div><\/div>\n<\/td>\n<\/tr>\n<tr>\n<td>\n<div>Storlek<\/div>\n<\/td>\n<td>\n<div>240\u00d7140\/160\/190\u00d7130 cm<\/div>\n<\/td>\n<td>\n<div><\/div>\n<\/td>\n<td>\n<div><\/div>\n<\/td>\n<td>\n<div><\/div>\n<\/td>\n<\/tr>\n<tr>\n<td>\n<div>Golv<\/div>\n<\/td>\n<td>\n<div>Aluminiumpl\u00e5t<\/div>\n<\/td>\n<td>\n<div><\/div>\n<\/td>\n<td>\n<div><\/div>\n<\/td>\n<td>\n<div><\/div>\n<\/td>\n<\/tr>\n<tr>\n<td>\n<div>F\u00e4rg<\/div>\n<\/td>\n<td>\n<div>Gr\u00f6n, Khaki, gr\u00e5, Orange<\/div>\n<\/td>\n<td>\n<div><\/div>\n<\/td>\n<td>\n<div><\/div>\n<\/td>\n<td>\n<div><\/div>\n<\/td>\n<\/tr>\n<tr>\n<td>\n<div>Canopy Tyg<\/div>\n<\/td>\n<td>\n<div>280 g polyester bomull; 600D ripstop-tyg med vattent\u00e4t ventilerande bel\u00e4ggning<\/div>\n<\/td>\n<td>\n<div><\/div>\n<\/td>\n<td>\n<div><\/div>\n<\/td>\n<td>\n<div><\/div>\n<\/td>\n<\/tr>\n<tr>\n<td>\n<div>St\u00e5ngmaterial<\/div>\n<\/td>\n<td>\n<div>Rostfritt st\u00e5l<\/div>\n<\/td>\n<td>\n<div><\/div>\n<\/td>\n<td>\n<div><\/div>\n<\/td>\n<td>\n<div><\/div>\n<\/td>\n<\/tr>\n<tr>\n<td>\n<div>Regnfluga tyg<\/div>\n<\/td>\n<td>\n<div>420D polyester Oxford; PU belagd<\/div>\n<\/td>\n<td>\n<div><\/div>\n<\/td>\n<td>\n<div><\/div>\n<\/td>\n<td>\n<div><\/div>\n<\/td>\n<\/tr>\n<tr>\n<td>\n<div>Madrass<\/div>\n<\/td>\n<td>\n<div>icke-deformerande svamp, densitet 38 med bomulls\u00f6verdrag<\/div>\n<\/td>\n<td>\n<div><\/div>\n<\/td>\n<td>\n<div><\/div>\n<\/td>\n<td>\n<div><\/div>\n<\/td>\n<\/tr>\n<tr>\n<td>\n<div>Stegekonstruktion<\/div>\n<\/td>\n<td>\n<div>Skjut stege i aluminium<\/div>\n<\/td>\n<td>\n<div><\/div>\n<\/td>\n<td>\n<div><\/div>\n<\/td>\n<td>\n<div><\/div>\n<\/td>\n<\/tr>\n<tr>\n<td>\n<div>Annex Material<\/div>\n<\/td>\n<td>\n<div>420D polyester Oxford; PU belagd<\/div>\n<\/td>\n<td>\n<div><\/div>\n<\/td>\n<td>\n<div><\/div>\n<\/td>\n<td>\n<div><\/div>\n<\/td>\n<\/tr>\n<tr>\n<td>\n<div>T\u00e4ckmaterial<\/div>\n<\/td>\n<td>\n<div>550g Heavy Duty PVC<\/div>\n<\/td>\n<td>\n<div><\/div>\n<\/td>\n<td>\n<div><\/div>\n<\/td>\n<td>\n<div><\/div>\n<\/td>\n<\/tr>\n<tr>\n<td>\n<div>Inre ram<\/div>\n<\/td>\n<td>\n<div>5\/8&quot; aluminiumr\u00f6r<\/div>\n<\/td>\n<td>\n<div><\/div>\n<\/td>\n<td>\n<div><\/div>\n<\/td>\n<td>\n<div><\/div>\n<\/td>\n<\/tr>\n<tr>\n<td>\n<div>Baskonstruktion<\/div>\n<\/td>\n<td>\n<div>Svetsat aluminiumr\u00f6r med isolering och aluminiumpl\u00e5t<\/div>\n<\/td>\n<td>\n<div><\/div>\n<\/td>\n<td>\n<div><\/div>\n<\/td>\n<td>\n<div><\/div>\n<\/td>\n<\/tr>\n<\/tbody>\n<\/table>\n<\/div>\n<div data-section=\"AliMagic-cs29h0\" data-section-title=\"Detail Images\">Detaljbilder<\/div>\n<div>\n<div>\n<div>\n<div>\n<div><\/div>\n<\/div>\n<\/div>\n<\/div>\n<\/div>\n<div>\n<div>\n<div>\n<div>\n<div><img decoding=\"async\" src=\"https:\/\/uoogear.com\/wp-content\/uploads\/2023\/11\/Hdcd8e733e3c646b1955a6f4f5f060547q.webp\" data-src=\"https:\/\/uoogear.com\/wp-content\/uploads\/2023\/11\/Hdcd8e733e3c646b1955a6f4f5f060547q.webp\" \/><\/div>\n<\/div>\n<\/div>\n<\/div>\n<\/div>\n<div>\n<div>\n<div>\n<div>\n<div><img decoding=\"async\" src=\"https:\/\/uoogear.com\/wp-content\/uploads\/2023\/11\/H28c9eea970d24e0db9c7690b92a66ca4E-wpp1701332824151.webp\" data-src=\"https:\/\/uoogear.com\/wp-content\/uploads\/2023\/11\/H28c9eea970d24e0db9c7690b92a66ca4E-wpp1701332824151.webp\" \/><\/div>\n<\/div>\n<\/div>\n<\/div>\n<\/div>\n<div data-section=\"AliMagic-5vo4c6\" data-section-title=\"Customer Photos\"><\/div>\n<\/div>\n<\/div>","protected":false},"excerpt":{"rendered":"<p>Yta : 240x140x130 cm Tyg : Canvas Yttert\u00e4lt Vattent\u00e4t Index : 2000-3000 Mm Botten Vattent\u00e4t Index : &gt;3000 mm Byggnadstyp : Konstruktion Baserat p\u00e5 behov T\u00e4ltstil : Rak stagtyp S\u00e4song : Fyrs\u00e4songst\u00e4lt Produktnamn : Utomhust\u00e4lt Produktnamn : Ett sovrum campingbil mjuk takt\u00e4lt vattent\u00e4tning Anv\u00e4ndning: Utomhus<\/p>\n<div class=\"read-more\"><a class=\"btn btn-fill-out\" href=\"https:\/\/uoogear.com\/sv\/produkt\/outdoor-camping-car-soft-roof-top-tent-waterproofing\/\">L\u00e4s mer<\/a><\/div>","protected":false},"featured_media":4341,"template":"","meta":[],"product_brand":[],"product_cat":[15],"product_tag":[],"class_list":{"0":"post-4342","1":"product","2":"type-product","3":"status-publish","4":"has-post-thumbnail","6":"product_cat-uncategorized","7":"tm-no-options","9":"first","10":"instock","11":"shipping-taxable","12":"purchasable","13":"product-type-variable"},"_links":{"self":[{"href":"https:\/\/uoogear.com\/sv\/wp-json\/wp\/v2\/product\/4342","targetHints":{"allow":["GET"]}}],"collection":[{"href":"https:\/\/uoogear.com\/sv\/wp-json\/wp\/v2\/product"}],"about":[{"href":"https:\/\/uoogear.com\/sv\/wp-json\/wp\/v2\/types\/product"}],"wp:featuredmedia":[{"embeddable":true,"href":"https:\/\/uoogear.com\/sv\/wp-json\/wp\/v2\/media\/4341"}],"wp:attachment":[{"href":"https:\/\/uoogear.com\/sv\/wp-json\/wp\/v2\/media?parent=4342"}],"wp:term":[{"taxonomy":"product_brand","embeddable":true,"href":"https:\/\/uoogear.com\/sv\/wp-json\/wp\/v2\/product_brand?post=4342"},{"taxonomy":"product_cat","embeddable":true,"href":"https:\/\/uoogear.com\/sv\/wp-json\/wp\/v2\/product_cat?post=4342"},{"taxonomy":"product_tag","embeddable":true,"href":"https:\/\/uoogear.com\/sv\/wp-json\/wp\/v2\/product_tag?post=4342"}],"curies":[{"name":"wp","href":"https:\/\/api.w.org\/{rel}","templated":true}]}}