{"id":4351,"date":"2023-11-13T12:43:08","date_gmt":"2023-11-13T12:43:08","guid":{"rendered":"https:\/\/uoogear.com\/product\/4x4-offroad-faberglass-hard-shell-diy-car-roof-top-tent-for-sale\/"},"modified":"2023-11-30T08:38:35","modified_gmt":"2023-11-30T08:38:35","slug":"4x4-offroad-faberglass-hard-shell-diy-car-roof-top-tent-for-sale","status":"publish","type":"product","link":"https:\/\/uoogear.com\/sv\/produkt\/4x4-offroad-faberglass-hard-shell-diy-car-roof-top-tent-for-sale\/","title":{"rendered":"4\u00d74 offroad faberglass h\u00e5rt skal DIY bil takt\u00e4lt till salu"},"content":{"rendered":"<ul>\n<li><strong>Omr\u00e5de: <\/strong> 215*145*95cm<\/li>\n<li><strong>Tyg: <\/strong> 280 g polyester-bomull canvas<\/li>\n<li><strong>Yttert\u00e4lt Vattent\u00e4tt Index: <\/strong> 2000-3000 mm<\/li>\n<li><strong>Nedre vattent\u00e4ta index: <\/strong> &gt;3000 mm<\/li>\n<li><strong>T\u00e4ltstil: <\/strong> Rak stagtyp<\/li>\n<li><strong>S\u00e4song : <\/strong> Fyra s\u00e4songst\u00e4lt<\/li>\n<li><strong>Struktur: <\/strong> Ett sovrum<\/li>\n<li><strong>Produktnamn : <\/strong> 4\u00d74 offroad faberglass h\u00e5rt skal DIY bil takt\u00e4lt till salu<\/li>\n<li><strong>Nyckelord: <\/strong> DIY biltakt\u00e4lt<\/li>\n<li><strong>\u00d6ppen storlek: <\/strong> 215*145*95cm<\/li>\n<li><strong>Paketstorlek : <\/strong> 226*160*37 cm<\/li>\n<li><strong>Rammaterial: <\/strong> Rostfritt st\u00e5l<\/li>\n<li><strong>Kropp: <\/strong> 280G Vattent\u00e4t PU2000 mm<\/li>\n<li><strong>Stege: <\/strong> Aluminium<\/li>\n<li><strong>Vikt: <\/strong> 65 kg<\/li>\n<li><strong>L\u00e4ser in : <\/strong> 250KG \u2013 300KG<\/li>\n<li><strong>MOQ: <\/strong> 1 del<\/li>\n<\/ul>\n<div>\n<div data-host=\"111234190\" data-magic-global=\"%7B%22bizId%22%3A2634101818%2C%22pageId%22%3A5053233173%2C%22siteId%22%3A5005227190%7D\" data-id=\"detail_decorate_root\">\n<div data-section=\"AliMagic-5xqu4z\" data-section-title=\"Products Description\">Produktbeskrivning<\/div>\n<div>\n<div>\n<div>\n<div>\n<div><img decoding=\"async\" src=\"https:\/\/uoogear.com\/wp-content\/uploads\/2023\/11\/H6401db70f462417b9631ded5b12306832-wpp1701333469364.webp\" data-src=\"https:\/\/uoogear.com\/wp-content\/uploads\/2023\/11\/H6401db70f462417b9631ded5b12306832-wpp1701333469364.webp\" data-id=\"child-image-0\" \/><\/div>\n<\/div>\n<\/div>\n<\/div>\n<div>\n<div data-id=\"below-title\">4\u00d74 offroad faberglass h\u00e5rt skal DIY bil takt\u00e4lt till salu<\/div>\n<div data-id=\"below-content\">Det h\u00e5rda takt\u00e4ltet erbjuder ett nytt s\u00e4tt att se p\u00e5 camping och \u00e4ventyrssemester med fyrhjulsdrift. Med st\u00f6rre inre utrymme ger PLAYDO sovplats f\u00f6r tv\u00e5 vuxna och ett barn. PLAYDO-t\u00e4ltet med h\u00e5rt skal har tv\u00e5 d\u00f6rrar med tv\u00e5 f\u00f6nster, vilket skapar utm\u00e4rkt korsventilation s\u00e5 att luften kan cirkulera i hela t\u00e4ltet. \u00d6ppna och st\u00e4ng inom n\u00e5gra sekunder med det unika hydrauliska st\u00f6dsystemet. Alla PLAYDO takt\u00e4lt passar p\u00e5 taket p\u00e5 de flesta fordon och kan tas bort och f\u00f6rvaras.<\/div>\n<\/div>\n<\/div>\n<div data-section=\"AliMagic-mzm61b\" data-section-title=\"Product Paramenters\">Produktparametrar<\/div>\n<div>\n<table>\n<tbody>\n<tr>\n<td>\n<div>\u00c5rstider<\/div>\n<\/td>\n<td>\n<div>4-s\u00e4song<\/div>\n<\/td>\n<td>\n<div><\/div>\n<\/td>\n<td>\n<div><\/div>\n<\/td>\n<td>\n<div><\/div>\n<\/td>\n<\/tr>\n<tr>\n<td>\n<div>Kapacitet<\/div>\n<\/td>\n<td>\n<div>Rekommenderas 2-3 personer, 250 kg maximal belastning<\/div>\n<\/td>\n<td>\n<div><\/div>\n<\/td>\n<td>\n<div><\/div>\n<\/td>\n<td>\n<div><\/div>\n<\/td>\n<\/tr>\n<tr>\n<td>\n<div>Alternativ F\u00e4rg<\/div>\n<\/td>\n<td>\n<div>Skal (svart\/vit) och tyg (gr\u00e5\/gr\u00f6n\/khaki)<\/div>\n<\/td>\n<td>\n<div><\/div>\n<\/td>\n<td>\n<div><\/div>\n<\/td>\n<td>\n<div><\/div>\n<\/td>\n<\/tr>\n<tr>\n<td>\n<div>Skalmaterial<\/div>\n<\/td>\n<td>\n<div>Glasfiberkompositmaterial<\/div>\n<\/td>\n<td>\n<div><\/div>\n<\/td>\n<td>\n<div><\/div>\n<\/td>\n<td>\n<div><\/div>\n<\/td>\n<\/tr>\n<tr>\n<td>\n<div>Kroppstyg<\/div>\n<\/td>\n<td>\n<div>280 g polyester-bomull canvas, PU-belagd, vattent\u00e4t, UV-best\u00e4ndig<\/div>\n<\/td>\n<td>\n<div><\/div>\n<\/td>\n<td>\n<div><\/div>\n<\/td>\n<td>\n<div><\/div>\n<\/td>\n<\/tr>\n<tr>\n<td>\n<div>Myggn\u00e4t<\/div>\n<\/td>\n<td>\n<div>No-see-um mesh<\/div>\n<\/td>\n<td>\n<div><\/div>\n<\/td>\n<td>\n<div><\/div>\n<\/td>\n<td>\n<div><\/div>\n<\/td>\n<\/tr>\n<tr>\n<td>\n<div>St\u00f6djande<\/div>\n<\/td>\n<td>\n<div>St\u00e5ng i rostfritt st\u00e5l ist\u00e4llet f\u00f6r den gamla kolst\u00e5lsstaven<\/div>\n<\/td>\n<td>\n<div><\/div>\n<\/td>\n<td>\n<div><\/div>\n<\/td>\n<td>\n<div><\/div>\n<\/td>\n<\/tr>\n<tr>\n<td>\n<div>Madrass<\/div>\n<\/td>\n<td>\n<div>7 cm icke-deformerande svamp, densitet 30 med 3D-n\u00e4tduk<\/div>\n<\/td>\n<td>\n<div><\/div>\n<\/td>\n<td>\n<div><\/div>\n<\/td>\n<td>\n<div><\/div>\n<\/td>\n<\/tr>\n<tr>\n<td>\n<div>Stege<\/div>\n<\/td>\n<td>\n<div>Teleskopstege av aluminium (150KG maximal belastning), 70-260cm<\/div>\n<\/td>\n<td>\n<div><\/div>\n<\/td>\n<td>\n<div><\/div>\n<\/td>\n<td>\n<div><\/div>\n<\/td>\n<\/tr>\n<tr>\n<td>\n<div>D\u00f6rr<\/div>\n<\/td>\n<td>\n<div>Tv\u00e5d\u00f6rrar 90*74cm<\/div>\n<\/td>\n<td>\n<div><\/div>\n<\/td>\n<td>\n<div><\/div>\n<\/td>\n<td>\n<div><\/div>\n<\/td>\n<\/tr>\n<tr>\n<td>\n<div>F\u00f6nster<\/div>\n<\/td>\n<td>\n<div>Tv\u00e5 f\u00f6nster 60*55cm<\/div>\n<\/td>\n<td>\n<div><\/div>\n<\/td>\n<td>\n<div><\/div>\n<\/td>\n<td>\n<div><\/div>\n<\/td>\n<\/tr>\n<tr>\n<td>\n<div>Solskydd<\/div>\n<\/td>\n<td>\n<div>Tv\u00e5 medf\u00f6ljer, en \u00e4r 190x90cm, en annan \u00e4r triangelkapell<\/div>\n<\/td>\n<td>\n<div><\/div>\n<\/td>\n<td>\n<div><\/div>\n<\/td>\n<td>\n<div><\/div>\n<\/td>\n<\/tr>\n<tr>\n<td>\n<div>Skov\u00e4ska<\/div>\n<\/td>\n<td>\n<div>Tv\u00e5 skop\u00e5sar medf\u00f6ljer<\/div>\n<\/td>\n<td>\n<div><\/div>\n<\/td>\n<td>\n<div><\/div>\n<\/td>\n<td>\n<div><\/div>\n<\/td>\n<\/tr>\n<tr>\n<td>\n<div>Ljus<\/div>\n<\/td>\n<td>\n<div>Ing\u00e5r tv\u00e5 lampor, en \u00e4r p\u00e5 baksidan av skalet, en annan \u00e4r i t\u00e4ltet<\/div>\n<\/td>\n<td>\n<div><\/div>\n<\/td>\n<td>\n<div><\/div>\n<\/td>\n<td>\n<div><\/div>\n<\/td>\n<\/tr>\n<\/tbody>\n<\/table>\n<\/div>\n<div data-section=\"AliMagic-vebk0r\" data-section-title=\"Detail Images\">Detaljbilder<\/div>\n<div>\n<div>\n<div>\n<div>\n<div><img decoding=\"async\" src=\"https:\/\/uoogear.com\/wp-content\/uploads\/2023\/11\/Hcf1889e97e384349af70cc256aa309230-wpp1701333335925.webp\" data-src=\"https:\/\/uoogear.com\/wp-content\/uploads\/2023\/11\/Hcf1889e97e384349af70cc256aa309230-wpp1701333335925.webp\" \/><\/div>\n<\/div>\n<\/div>\n<\/div>\n<\/div>\n<div data-section=\"AliMagic-a8fbbj\" data-section-title=\"Why choose us\"><\/div>\n<\/div>\n<\/div>","protected":false},"excerpt":{"rendered":"<p>Yta: 215*145*95cm Tyg: 280g Polyester-Bomull canvas Yttert\u00e4lt Vattent\u00e4tt Index: 2000-3000 Mm Botten Vattent\u00e4t Index: &gt;3000 mm T\u00e4ltstil: Rak stag Typ S\u00e4song: Fyra-s\u00e4songst\u00e4lt Struktur: Ett sovrum Produktnamn: Ett sovrum \u00d74 offroad faberglass h\u00e5rt skal g\u00f6r det sj\u00e4lv bil tak t\u00e4lt till salu Nyckelord: DIY biltak<\/p>\n<div class=\"read-more\"><a class=\"btn btn-fill-out\" href=\"https:\/\/uoogear.com\/sv\/produkt\/4x4-offroad-faberglass-hard-shell-diy-car-roof-top-tent-for-sale\/\">L\u00e4s mer<\/a><\/div>","protected":false},"featured_media":4350,"template":"","meta":[],"product_brand":[],"product_cat":[15],"product_tag":[],"class_list":{"0":"post-4351","1":"product","2":"type-product","3":"status-publish","4":"has-post-thumbnail","6":"product_cat-uncategorized","7":"tm-no-options","9":"first","10":"instock","11":"shipping-taxable","12":"purchasable","13":"product-type-variable"},"_links":{"self":[{"href":"https:\/\/uoogear.com\/sv\/wp-json\/wp\/v2\/product\/4351","targetHints":{"allow":["GET"]}}],"collection":[{"href":"https:\/\/uoogear.com\/sv\/wp-json\/wp\/v2\/product"}],"about":[{"href":"https:\/\/uoogear.com\/sv\/wp-json\/wp\/v2\/types\/product"}],"wp:featuredmedia":[{"embeddable":true,"href":"https:\/\/uoogear.com\/sv\/wp-json\/wp\/v2\/media\/4350"}],"wp:attachment":[{"href":"https:\/\/uoogear.com\/sv\/wp-json\/wp\/v2\/media?parent=4351"}],"wp:term":[{"taxonomy":"product_brand","embeddable":true,"href":"https:\/\/uoogear.com\/sv\/wp-json\/wp\/v2\/product_brand?post=4351"},{"taxonomy":"product_cat","embeddable":true,"href":"https:\/\/uoogear.com\/sv\/wp-json\/wp\/v2\/product_cat?post=4351"},{"taxonomy":"product_tag","embeddable":true,"href":"https:\/\/uoogear.com\/sv\/wp-json\/wp\/v2\/product_tag?post=4351"}],"curies":[{"name":"wp","href":"https:\/\/api.w.org\/{rel}","templated":true}]}}