{"id":4373,"date":"2023-11-13T12:44:58","date_gmt":"2023-11-13T12:44:58","guid":{"rendered":"https:\/\/uoogear.com\/product\/5m-canvas-tent-factory-manufacturer-bell-tent\/"},"modified":"2023-11-30T02:29:25","modified_gmt":"2023-11-30T02:29:25","slug":"5m-canvas-tent-factory-manufacturer-bell-tent","status":"publish","type":"product","link":"https:\/\/uoogear.com\/sv\/produkt\/5m-canvas-tent-factory-manufacturer-bell-tent\/","title":{"rendered":"5m Canvas T\u00e4lt Fabrikstillverkare Bell Tent"},"content":{"rendered":"<ul>\n<li><strong>Omr\u00e5de: <\/strong> 13 kvadratmeter<\/li>\n<li><strong>Tyg: <\/strong> Duk<\/li>\n<li><strong>Yttert\u00e4lt Vattent\u00e4tt Index: <\/strong> 1500-2000 mm<\/li>\n<li><strong>Nedre vattent\u00e4ta index: <\/strong> &gt;3000 mm<\/li>\n<li><strong>Byggnadstyp: <\/strong> Konstruktion baserat p\u00e5 behov<\/li>\n<li><strong>T\u00e4ltstil: <\/strong> Rak stagtyp<\/li>\n<li><strong>S\u00e4song : <\/strong> Fyra s\u00e4songst\u00e4lt<\/li>\n<li><strong>Struktur: <\/strong> Ett sovrum<\/li>\n<li><strong>Storlek: <\/strong> 500*300*170\/60cm<\/li>\n<li><strong>Anv\u00e4ndning: <\/strong> Utomhusunderh\u00e5llning<\/li>\n<li><strong>Golvtyg: <\/strong> 540 g PVC-tyg<\/li>\n<li><strong>Produktnamn : <\/strong> 5m Canvas T\u00e4lt Fabrikstillverkare Bell Tent<\/li>\n<li><strong>Nyckelord: <\/strong> Bell t\u00e4lt<\/li>\n<li><strong>Polacker: <\/strong> Koppar-zinkbelagd<\/li>\n<li><strong>Vattent\u00e4t index: <\/strong> 2000-3000 mm<\/li>\n<li><strong>D\u00f6rr: <\/strong> Dragkedja med n\u00e4t<\/li>\n<li><strong>MOQ: <\/strong> 1 st klockt\u00e4lt<\/li>\n<li><strong>Service efter f\u00f6rs\u00e4ljning: <\/strong> 1<\/li>\n<\/ul>\n<div>\n<div data-magic-global=\"%7B%22bizId%22%3A2634101818%2C%22pageId%22%3A5047952263%2C%22siteId%22%3A5005227190%7D\">\n<div>\n<div data-section=\"AliMagic-ip73a6\" data-section-title=\"Product Description\">Produktbeskrivning<\/div>\n<\/div>\n<div>\n<div>\n<div>\n<div>\n<div>\n<div><img decoding=\"async\" src=\"\/\/sc01.alicdn.com\/kf\/Hc09fb0725c5547578e3f95c183da6fca9\/225636084\/Hc09fb0725c5547578e3f95c183da6fca9.jpg\" data-src=\"\/\/sc01.alicdn.com\/kf\/Hc09fb0725c5547578e3f95c183da6fca9\/225636084\/Hc09fb0725c5547578e3f95c183da6fca9.jpg\" \/><\/div>\n<\/div>\n<\/div>\n<\/div>\n<\/div>\n<\/div>\n<div>\n<div>\n<div>\n<h3><strong>5m Canvas T\u00e4lt Fabrikstillverkare Bell Tent<\/strong><\/h3>\n<div>\n<div>\n<div>\n<p>En klassisk, rymlig Bell Tent-design, uppgraderad med en kraftig integrerad markduk som ger en vattent\u00e4t f\u00f6rsegling runt basen f\u00f6r extra v\u00e5tt v\u00e4der. Klockt\u00e4ltet har gott om plats f\u00f6r en stor familjs campingtur med kapacitet f\u00f6r fyra dubbelmadrasser. Med bara en s\u00e4ng \u00e4r den mycket rymlig, med gott om plats f\u00f6r all din campinglyx \u2013 och mycket kvar!<\/p>\n<div><strong><span style=\"color: #c277d0;\">Funktioner i Bell Tent<\/span><\/strong><br \/>\n1. Dukklockat\u00e4ltet \u00e4r utrustat med ett kraftigt underlag som f\u00e4sts p\u00e5 t\u00e4ltet med en dragkedja. Markduken \u00e4r gjord av PVC och v\u00e4ger 540 g\/m\u00b2<br \/>\n2. Mycket popul\u00e4r funktion: sidorna rullas l\u00e4tt upp f\u00f6r att l\u00e5ta vinden passera under varma sommardagar.<br \/>\n3. Fantastisk sandliknande f\u00e4rg som skapar en varm och romantisk atmosf\u00e4r<br \/>\n4. Vackert gjord kvalitetsbyggd. Dubbla s\u00f6mmar runt om och f\u00f6rst\u00e4rkta nyckelpunkter<br \/>\n5. Materialet \u00e4r behandlat f\u00f6r att vara \u00e4nnu mer vatten- och m\u00f6gelbest\u00e4ndigt. Insidan av t\u00e4ltet k\u00e4nns aldrig fuktig eller fuktig och ligger kvar<br \/>\n6. Det tar bara 8 till 10 minuter f\u00f6r 1 person att st\u00e4lla upp<\/div>\n<\/div>\n<\/div>\n<\/div>\n<\/div>\n<\/div>\n<\/div>\n<div>\n<div data-section=\"AliMagic-zkjxn9\" data-section-title=\"Product Paramenters\">Produktparametrar<\/div>\n<\/div>\n<div>\n<div>\n<table>\n<tbody>\n<tr>\n<td>\n<div>F\u00f6rem\u00e5lsnamn<\/div>\n<\/td>\n<td>\n<div>Bell t\u00e4lt<\/div>\n<\/td>\n<td>\n<div><\/div>\n<\/td>\n<td>\n<div><\/div>\n<\/td>\n<td>\n<div><\/div>\n<\/td>\n<\/tr>\n<tr>\n<td>\n<div>Diameter<\/div>\n<\/td>\n<td>\n<div>3m,4m,5m,6m,7m<\/div>\n<\/td>\n<td>\n<div><\/div>\n<\/td>\n<td>\n<div><\/div>\n<\/td>\n<td>\n<div><\/div>\n<\/td>\n<\/tr>\n<tr>\n<td>\n<div>Taktyg<\/div>\n<\/td>\n<td>\n<div>300gsm bomullscanvas, PU-bel\u00e4ggning, vattent\u00e4t, m\u00f6gelbest\u00e4ndig.<\/div>\n<\/td>\n<td>\n<div><\/div>\n<\/td>\n<td>\n<div><\/div>\n<\/td>\n<td>\n<div><\/div>\n<\/td>\n<\/tr>\n<tr>\n<td>\n<div>Markduk<\/div>\n<\/td>\n<td>\n<div>540gsm ripstop PVC, vattent\u00e4t, lossad med t\u00e4ltet med en dragkedja.<\/div>\n<\/td>\n<td>\n<div><\/div>\n<\/td>\n<td>\n<div><\/div>\n<\/td>\n<td>\n<div><\/div>\n<\/td>\n<\/tr>\n<tr>\n<td>\n<div>Netto<\/div>\n<\/td>\n<td>\n<div>Vit, b\u00e5de p\u00e5 d\u00f6rr och f\u00f6nster<\/div>\n<\/td>\n<td>\n<div><\/div>\n<\/td>\n<td>\n<div><\/div>\n<\/td>\n<td>\n<div><\/div>\n<\/td>\n<\/tr>\n<tr>\n<td>\n<div>Central stolpe<\/div>\n<\/td>\n<td>\n<div>Dia.32mm galvaniserat st\u00e5lr\u00f6r, 1,2mm tjocklek, koppar-zinkbelagd.<\/div>\n<\/td>\n<td>\n<div><\/div>\n<\/td>\n<td>\n<div><\/div>\n<\/td>\n<td>\n<div><\/div>\n<\/td>\n<\/tr>\n<tr>\n<td>\n<div>F\u00f6nster<\/div>\n<\/td>\n<td>\n<div>4 sidorutor &amp; 4 ventiler p\u00e5 spetsen, med mesh.<\/div>\n<\/td>\n<td>\n<div><\/div>\n<\/td>\n<td>\n<div><\/div>\n<\/td>\n<td>\n<div><\/div>\n<\/td>\n<\/tr>\n<tr>\n<td>\n<div>D\u00f6rr<\/div>\n<\/td>\n<td>\n<div>1 blixtl\u00e5sd\u00f6rr, dragkedja N\u00e4td\u00f6rr \u00e4r tillval, med flik.<\/div>\n<\/td>\n<td>\n<div><\/div>\n<\/td>\n<td>\n<div><\/div>\n<\/td>\n<td>\n<div><\/div>\n<\/td>\n<\/tr>\n<\/tbody>\n<\/table>\n<\/div>\n<\/div>\n<div>\n<div data-section=\"AliMagic-zdt106\" data-section-title=\"Details\">Detaljer<\/div>\n<\/div>\n<div>\n<div>\n<div>\n<div>\n<div>\n<div><img decoding=\"async\" src=\"\/\/sc01.alicdn.com\/kf\/Hb2cabe10c9ef4794bfa509584b13f743Q\/225636084\/Hb2cabe10c9ef4794bfa509584b13f743Q.jpg\" data-src=\"\/\/sc01.alicdn.com\/kf\/Hb2cabe10c9ef4794bfa509584b13f743Q\/225636084\/Hb2cabe10c9ef4794bfa509584b13f743Q.jpg\" \/><\/div>\n<\/div>\n<\/div>\n<\/div>\n<\/div>\n<\/div>\n<div>\n<div>\n<div>\n<div>\n<div>\n<div><img decoding=\"async\" src=\"\/\/sc01.alicdn.com\/kf\/Hea8e85c9bc9547008bcb1ccb2b3cee85b\/225636084\/Hea8e85c9bc9547008bcb1ccb2b3cee85b.jpg\" data-src=\"\/\/sc01.alicdn.com\/kf\/Hea8e85c9bc9547008bcb1ccb2b3cee85b\/225636084\/Hea8e85c9bc9547008bcb1ccb2b3cee85b.jpg\" \/><\/div>\n<\/div>\n<\/div>\n<\/div>\n<\/div>\n<\/div>\n<div>\n<div>\n<div>\n<div>\n<div>\n<div data-spm-anchor-id=\"a2700.wholesale.0.i46.5a31fe24gtMMaP\"><img decoding=\"async\" src=\"\/\/sc01.alicdn.com\/kf\/H0d2acdfd09a0449c81414d4c4087b535i\/225636084\/H0d2acdfd09a0449c81414d4c4087b535i.jpg\" data-src=\"\/\/sc01.alicdn.com\/kf\/H0d2acdfd09a0449c81414d4c4087b535i\/225636084\/H0d2acdfd09a0449c81414d4c4087b535i.jpg\" \/><\/div>\n<\/div>\n<\/div>\n<\/div>\n<\/div>\n<\/div>\n<div>\n<div data-section=\"AliMagic-ufrss4\" data-section-title=\"Customer Photos\"><\/div>\n<\/div>\n<div><\/div>\n<\/div>\n<\/div>","protected":false},"excerpt":{"rendered":"<p>Yta : 13 kvadratmeter Tyg : Canvas Yttert\u00e4lt Vattent\u00e4tt Index : 1500-2000 Mm Botten Vattent\u00e4t Index : &gt;3000 mm Byggnadstyp : Konstruktion Baserat p\u00e5 behov T\u00e4ltstil : Rak stagtyp S\u00e4song : Fyras\u00e4songst\u00e4ltstruktur : Ett sovrum Storlek : 500 *300*170\/60CM Anv\u00e4ndning: Utomhusunderh\u00e5llning Golvtyg: 540g PVC-tyg<\/p>\n<div class=\"read-more\"><a class=\"btn btn-fill-out\" href=\"https:\/\/uoogear.com\/sv\/produkt\/5m-canvas-tent-factory-manufacturer-bell-tent\/\">L\u00e4s mer<\/a><\/div>","protected":false},"featured_media":4372,"template":"","meta":[],"product_brand":[],"product_cat":[15],"product_tag":[],"class_list":{"0":"post-4373","1":"product","2":"type-product","3":"status-publish","4":"has-post-thumbnail","6":"product_cat-uncategorized","7":"tm-no-options","9":"first","10":"instock","11":"shipping-taxable","12":"purchasable","13":"product-type-variable"},"_links":{"self":[{"href":"https:\/\/uoogear.com\/sv\/wp-json\/wp\/v2\/product\/4373","targetHints":{"allow":["GET"]}}],"collection":[{"href":"https:\/\/uoogear.com\/sv\/wp-json\/wp\/v2\/product"}],"about":[{"href":"https:\/\/uoogear.com\/sv\/wp-json\/wp\/v2\/types\/product"}],"wp:featuredmedia":[{"embeddable":true,"href":"https:\/\/uoogear.com\/sv\/wp-json\/wp\/v2\/media\/4372"}],"wp:attachment":[{"href":"https:\/\/uoogear.com\/sv\/wp-json\/wp\/v2\/media?parent=4373"}],"wp:term":[{"taxonomy":"product_brand","embeddable":true,"href":"https:\/\/uoogear.com\/sv\/wp-json\/wp\/v2\/product_brand?post=4373"},{"taxonomy":"product_cat","embeddable":true,"href":"https:\/\/uoogear.com\/sv\/wp-json\/wp\/v2\/product_cat?post=4373"},{"taxonomy":"product_tag","embeddable":true,"href":"https:\/\/uoogear.com\/sv\/wp-json\/wp\/v2\/product_tag?post=4373"}],"curies":[{"name":"wp","href":"https:\/\/api.w.org\/{rel}","templated":true}]}}