{"id":4382,"date":"2023-11-13T12:46:18","date_gmt":"2023-11-13T12:46:18","guid":{"rendered":"https:\/\/uoogear.com\/product\/waterproof-glamping-camping-outdoor-3m-4m-5m-6m-cotton-canvas-bell-tent-with-awning\/"},"modified":"2023-11-30T02:30:03","modified_gmt":"2023-11-30T02:30:03","slug":"waterproof-glamping-camping-outdoor-3m-4m-5m-6m-cotton-canvas-bell-tent-with-awning","status":"publish","type":"product","link":"https:\/\/uoogear.com\/sv\/produkt\/waterproof-glamping-camping-outdoor-3m-4m-5m-6m-cotton-canvas-bell-tent-with-awning\/","title":{"rendered":"Vattent\u00e4t glamping camping utomhus 3m 4m 5m 6m bomullsduk klockt\u00e4lt med markis"},"content":{"rendered":"<ul>\n<li><strong>Omr\u00e5de: <\/strong> 500*300 cm<\/li>\n<li><strong>Tyg: <\/strong> Duk<\/li>\n<li><strong>Yttert\u00e4lt Vattent\u00e4tt Index: <\/strong> 1500-2000 mm<\/li>\n<li><strong>Nedre vattent\u00e4ta index: <\/strong> &gt;3000 mm<\/li>\n<li><strong>Byggnadstyp: <\/strong> Konstruktion baserat p\u00e5 behov<\/li>\n<li><strong>T\u00e4ltstil: <\/strong> Rak stagtyp<\/li>\n<li><strong>S\u00e4song : <\/strong> Fyra s\u00e4songst\u00e4lt<\/li>\n<li><strong>Struktur: <\/strong> Ett sovrum<\/li>\n<li><strong>Produktnamn : <\/strong> 3m 4m 5m 6m klockt\u00e4lt i bomullsduk med markis<\/li>\n<li><strong>F\u00e4rg : <\/strong> Beige<\/li>\n<li><strong>Ans\u00f6kan : <\/strong> Utomhusresor Vandringscamping<\/li>\n<li><strong>Nyckelord: <\/strong> klockt\u00e4lt<\/li>\n<li><strong>Funktion : <\/strong> Vattent\u00e4t<\/li>\n<li><strong>Material: <\/strong> 300 gsm bomullscanvas<\/li>\n<li><strong>Storlek: <\/strong> 500*300*170\/60 cm<\/li>\n<li><strong>MOQ: <\/strong> 1 del<\/li>\n<\/ul>\n<div>\n<div data-host=\"111218246\" data-id=\"detail_decorate_root\">\n<div data-reactroot=\"\">\n<div data-section=\"AliMagic-2h68ue\" data-section-title=\"Products Description\">Produktbeskrivning<\/div>\n<div>\n<div>\n<div>\n<div>\n<div><img decoding=\"async\" src=\"\/\/sc01.alicdn.com\/kf\/Hf36d73868dd540b595b5d4574c7a2a13M\/225636084\/Hf36d73868dd540b595b5d4574c7a2a13M.jpg\" data-src=\"\/\/sc01.alicdn.com\/kf\/Hf36d73868dd540b595b5d4574c7a2a13M\/225636084\/Hf36d73868dd540b595b5d4574c7a2a13M.jpg\" data-id=\"child-image-0\" \/><\/div>\n<\/div>\n<\/div>\n<\/div>\n<div>\n<div data-id=\"below-title\">3m 4m 5m 6m klockt\u00e4lt i bomullsduk med markis<\/div>\n<div data-id=\"below-content\">En klassisk, rymlig Bell Tent-design, uppgraderad med en kraftig integrerad markduk som ger en vattent\u00e4t f\u00f6rsegling runt basen f\u00f6r extra v\u00e5tt v\u00e4der. 5 meter klockt\u00e4ltet har gott om plats f\u00f6r en stor familjs campingtur med kapacitet f\u00f6r fyra dubbelmadrasser. Med bara en s\u00e4ng \u00e4r den mycket rymlig, med gott om plats f\u00f6r all din campinglyx \u2013 och mycket kvar!<\/div>\n<\/div>\n<\/div>\n<div>\n<div>\n<h3 data-id=\"title0\">\u00a0 \u00a0 Funktioner<\/h3>\n<div>\n<div>\n<div data-id=\"paragraph0\">\n<p>\u00a0 \u00a0 1. Dukklockat\u00e4ltet \u00e4r utrustat med ett kraftigt underlag som f\u00e4sts p\u00e5 t\u00e4ltet med en dragkedja.<\/p>\n<div>\u00a0 \u00a0 2. Markduken \u00e4r gjord av PVC och v\u00e4ger 540 g\/m\u00b2<\/div>\n<div>\u00a0 \u00a0 3.Sidorna rullas l\u00e4tt upp f\u00f6r att l\u00e5ta vinden passera under varma sommardagar<\/div>\n<div>\u00a0 \u00a0 4. Vackert gjord kvalitetsbyggd. Dubbla s\u00f6mmar runt om och f\u00f6rst\u00e4rkta nyckelpunkter<\/div>\n<div>\u00a0 \u00a0 5. Materialet \u00e4r behandlat f\u00f6r att vara \u00e4nnu mer vatten- och m\u00f6gelbest\u00e4ndigt.<\/div>\n<div>\u00a0 \u00a0 6. Det tar bara 5 till 8 minuter f\u00f6r 1 person att st\u00e4lla upp<\/div>\n<\/div>\n<\/div>\n<\/div>\n<\/div>\n<\/div>\n<div data-section=\"AliMagic-j30k9w\" data-section-title=\"Specification\">Specifikation<\/div>\n<div>\n<table>\n<tbody>\n<tr>\n<td>\n<div>Produktstorlek<\/div>\n<\/td>\n<td>\n<div>300*250*160\/60 cm<\/div>\n<\/td>\n<td>\n<div><\/div>\n<\/td>\n<td>\n<div><\/div>\n<\/td>\n<td>\n<div><\/div>\n<\/td>\n<\/tr>\n<tr>\n<td>\n<div>Paketstorlek<\/div>\n<\/td>\n<td>\n<div>110*27*32 cm<\/div>\n<\/td>\n<td>\n<div><\/div>\n<\/td>\n<td>\n<div><\/div>\n<\/td>\n<td>\n<div><\/div>\n<\/td>\n<\/tr>\n<tr>\n<td>\n<div>Tyg<\/div>\n<\/td>\n<td>\n<div>300gsm 100% bomullscanvas<\/div>\n<\/td>\n<td>\n<div><\/div>\n<\/td>\n<td>\n<div><\/div>\n<\/td>\n<td>\n<div><\/div>\n<\/td>\n<\/tr>\n<tr>\n<td>\n<div>Golv<\/div>\n<\/td>\n<td>\n<div>540 gsm rip-stop PVC<\/div>\n<\/td>\n<td>\n<div><\/div>\n<\/td>\n<td>\n<div><\/div>\n<\/td>\n<td>\n<div><\/div>\n<\/td>\n<\/tr>\n<tr>\n<td>\n<div>Centralpolen<\/div>\n<\/td>\n<td>\n<div>Dia 32mm, galvaniserat st\u00e5lr\u00f6r, koppar-zinkbelagd<\/div>\n<\/td>\n<td>\n<div><\/div>\n<\/td>\n<td>\n<div><\/div>\n<\/td>\n<td>\n<div><\/div>\n<\/td>\n<\/tr>\n<tr>\n<td>\n<div>Typ av ing\u00e5ng<\/div>\n<\/td>\n<td>\n<div>En ramst\u00e5ng vid d\u00f6rren, Dia 19mm<\/div>\n<\/td>\n<td>\n<div><\/div>\n<\/td>\n<td>\n<div><\/div>\n<\/td>\n<td>\n<div><\/div>\n<\/td>\n<\/tr>\n<tr>\n<td>\n<div>Dragkedjor<\/div>\n<\/td>\n<td>\n<div>SBS-dragkedja, dubbla handtagsdragkedjor<\/div>\n<\/td>\n<td>\n<div><\/div>\n<\/td>\n<td>\n<div><\/div>\n<\/td>\n<td>\n<div><\/div>\n<\/td>\n<\/tr>\n<tr>\n<td>\n<div>Windows<\/div>\n<\/td>\n<td>\n<div>4*zip-f\u00f6nster med n\u00e4t<\/div>\n<\/td>\n<td>\n<div><\/div>\n<\/td>\n<td>\n<div><\/div>\n<\/td>\n<td>\n<div><\/div>\n<\/td>\n<\/tr>\n<tr>\n<td>\n<div>Ventiler<\/div>\n<\/td>\n<td>\n<div>4*triangelventiler med n\u00e4t<\/div>\n<\/td>\n<td>\n<div><\/div>\n<\/td>\n<td>\n<div><\/div>\n<\/td>\n<td>\n<div><\/div>\n<\/td>\n<\/tr>\n<tr>\n<td>\n<div>D\u00f6rr<\/div>\n<\/td>\n<td>\n<div>1 blixtl\u00e5sd\u00f6rr med mesh<\/div>\n<\/td>\n<td>\n<div><\/div>\n<\/td>\n<td>\n<div><\/div>\n<\/td>\n<td>\n<div><\/div>\n<\/td>\n<\/tr>\n<tr>\n<td>\n<div>Pinnar<\/div>\n<\/td>\n<td>\n<div>\u0278 6mm 5mmx20mm 24st<\/div>\n<\/td>\n<td>\n<div><\/div>\n<\/td>\n<td>\n<div><\/div>\n<\/td>\n<td>\n<div><\/div>\n<\/td>\n<\/tr>\n<tr>\n<td>\n<div>F\u00f6rpackning<\/div>\n<\/td>\n<td>\n<div>i b\u00e4rv\u00e4ska och sedan kartongf\u00f6rpackning<\/div>\n<\/td>\n<td>\n<div><\/div>\n<\/td>\n<td>\n<div><\/div>\n<\/td>\n<td>\n<div><\/div>\n<\/td>\n<\/tr>\n<\/tbody>\n<\/table>\n<\/div>\n<div data-section=\"AliMagic-d12cfx\" data-section-title=\"Details\">Detaljer<\/div>\n<div>\n<div>\n<div>\n<div>\n<div><img decoding=\"async\" src=\"\/\/sc02.alicdn.com\/kf\/H7b5e068f5bbc40089647cddc36ee6a66e\/225636084\/H7b5e068f5bbc40089647cddc36ee6a66e.jpg\" data-src=\"\/\/sc02.alicdn.com\/kf\/H7b5e068f5bbc40089647cddc36ee6a66e\/225636084\/H7b5e068f5bbc40089647cddc36ee6a66e.jpg\" \/><\/div>\n<\/div>\n<\/div>\n<\/div>\n<\/div>\n<div>\n<div>\n<div>\n<div>\n<div><img decoding=\"async\" src=\"\/\/sc01.alicdn.com\/kf\/H0d2acdfd09a0449c81414d4c4087b535i\/225636084\/H0d2acdfd09a0449c81414d4c4087b535i.jpg\" data-src=\"\/\/sc01.alicdn.com\/kf\/H0d2acdfd09a0449c81414d4c4087b535i\/225636084\/H0d2acdfd09a0449c81414d4c4087b535i.jpg\" \/><\/div>\n<\/div>\n<\/div>\n<\/div>\n<\/div>\n<div data-section=\"AliMagic-e8f4mh\" data-section-title=\"Application\">Ans\u00f6kan<\/div>\n<div>\n<div>\n<div>\n<div>\n<div><img decoding=\"async\" src=\"\/\/sc02.alicdn.com\/kf\/H2c99e2db1880498da08767acaa3c1fce6\/225636084\/H2c99e2db1880498da08767acaa3c1fce6.png\" data-src=\"\/\/sc02.alicdn.com\/kf\/H2c99e2db1880498da08767acaa3c1fce6\/225636084\/H2c99e2db1880498da08767acaa3c1fce6.png\" \/><\/div>\n<\/div>\n<\/div>\n<\/div>\n<\/div>\n<div>\n<div>\n<div>\n<div>\n<div><img decoding=\"async\" src=\"\/\/sc01.alicdn.com\/kf\/H9aa939c18c40425abdf172a611ffe8a9Q\/225636084\/H9aa939c18c40425abdf172a611ffe8a9Q.png\" data-src=\"\/\/sc01.alicdn.com\/kf\/H9aa939c18c40425abdf172a611ffe8a9Q\/225636084\/H9aa939c18c40425abdf172a611ffe8a9Q.png\" \/><\/div>\n<\/div>\n<\/div>\n<\/div>\n<\/div>\n<div data-section=\"AliMagic-b6xmjm\" data-section-title=\"Packing &amp; Delivery\"><\/div>\n<\/div>\n<\/div>\n<\/div>","protected":false},"excerpt":{"rendered":"<p>Yta : 500*300 cm Tyg : Kanvas Yttert\u00e4lt Vattent\u00e4tt Index : 1500-2000 Mm Botten Vattent\u00e4t Index : &gt;3000 mm Byggnadstyp : Konstruktion Baserat p\u00e5 behov T\u00e4ltstil : Rak stagtyp S\u00e4song : Fyras\u00e4songst\u00e4ltstruktur : Ett sovrum Produktnamn : 3m 4m 5m 6m bomullscanvas klockt\u00e4lt med markis F\u00e4rg<\/p>\n<div class=\"read-more\"><a class=\"btn btn-fill-out\" href=\"https:\/\/uoogear.com\/sv\/produkt\/waterproof-glamping-camping-outdoor-3m-4m-5m-6m-cotton-canvas-bell-tent-with-awning\/\">L\u00e4s mer<\/a><\/div>","protected":false},"featured_media":4381,"template":"","meta":[],"product_brand":[],"product_cat":[15],"product_tag":[],"class_list":{"0":"post-4382","1":"product","2":"type-product","3":"status-publish","4":"has-post-thumbnail","6":"product_cat-uncategorized","7":"tm-no-options","9":"first","10":"instock","11":"shipping-taxable","12":"purchasable","13":"product-type-variable"},"_links":{"self":[{"href":"https:\/\/uoogear.com\/sv\/wp-json\/wp\/v2\/product\/4382","targetHints":{"allow":["GET"]}}],"collection":[{"href":"https:\/\/uoogear.com\/sv\/wp-json\/wp\/v2\/product"}],"about":[{"href":"https:\/\/uoogear.com\/sv\/wp-json\/wp\/v2\/types\/product"}],"wp:featuredmedia":[{"embeddable":true,"href":"https:\/\/uoogear.com\/sv\/wp-json\/wp\/v2\/media\/4381"}],"wp:attachment":[{"href":"https:\/\/uoogear.com\/sv\/wp-json\/wp\/v2\/media?parent=4382"}],"wp:term":[{"taxonomy":"product_brand","embeddable":true,"href":"https:\/\/uoogear.com\/sv\/wp-json\/wp\/v2\/product_brand?post=4382"},{"taxonomy":"product_cat","embeddable":true,"href":"https:\/\/uoogear.com\/sv\/wp-json\/wp\/v2\/product_cat?post=4382"},{"taxonomy":"product_tag","embeddable":true,"href":"https:\/\/uoogear.com\/sv\/wp-json\/wp\/v2\/product_tag?post=4382"}],"curies":[{"name":"wp","href":"https:\/\/api.w.org\/{rel}","templated":true}]}}