{"id":4400,"date":"2023-11-13T12:48:06","date_gmt":"2023-11-13T12:48:06","guid":{"rendered":"https:\/\/uoogear.com\/product\/luxury-family-glamping-outdoor-large-canvas-heavy-duty-bell-tent-waterproofing\/"},"modified":"2023-11-30T02:30:41","modified_gmt":"2023-11-30T02:30:41","slug":"luxury-family-glamping-outdoor-large-canvas-heavy-duty-bell-tent-waterproofing","status":"publish","type":"product","link":"https:\/\/uoogear.com\/sv\/produkt\/luxury-family-glamping-outdoor-large-canvas-heavy-duty-bell-tent-waterproofing\/","title":{"rendered":"Lyxig familj glamping utomhus stor canvas kraftigt klockt\u00e4lt vattent\u00e4tning"},"content":{"rendered":"<ul>\n<li><strong>Omr\u00e5de: <\/strong> 500*300*170 cm<\/li>\n<li><strong>Tyg: <\/strong> Duk<\/li>\n<li><strong>Yttert\u00e4lt Vattent\u00e4tt Index: <\/strong> 1500-2000 mm<\/li>\n<li><strong>Nedre vattent\u00e4ta index: <\/strong> &gt;3000 mm<\/li>\n<li><strong>Byggnadstyp: <\/strong> Snabb automatisk \u00f6ppning<\/li>\n<li><strong>T\u00e4ltstil: <\/strong> Rak stagtyp<\/li>\n<li><strong>S\u00e4song : <\/strong> Fyra s\u00e4songst\u00e4lt<\/li>\n<li><strong>Struktur: <\/strong> Ett sovrum<\/li>\n<li><strong>Produktnamn : <\/strong> utomhus stor duk kraftigt klockt\u00e4lt vattent\u00e4tning<\/li>\n<li><strong>Nyckelord: <\/strong> vattent\u00e4tning av t\u00e4lt<\/li>\n<li><strong>Kroppsmaterial: <\/strong> Bomullsduk 300 GSM , eller anpassa<\/li>\n<li><strong>Golvmaterial: <\/strong> 540 g rip-stop PVC<\/li>\n<li><strong>Centralpolen: <\/strong> Dia 32mm Koppar-zinkbelagd<\/li>\n<li><strong>Garanti: <\/strong> 12 m\u00e5nader<\/li>\n<li><strong>MOQ: <\/strong> 1 del<\/li>\n<li><strong>Logotyp : <\/strong> Anpassad logotyp<\/li>\n<li><strong>Storlek: <\/strong> Diameter=4m\/3m\/5m\/6m<\/li>\n<li><strong>F\u00e4rg : <\/strong> Beige<\/li>\n<\/ul>\n<div>\n<div data-magic-global=\"%7B%22bizId%22%3A2634101818%2C%22pageId%22%3A5052166577%2C%22siteId%22%3A5005227190%7D\">\n<div>\n<div data-section=\"AliMagic-uwn5tk\" data-section-title=\"Product Description\">Produktbeskrivning<\/div>\n<\/div>\n<div>\n<div>\n<div>\n<div>\n<div>\n<div><img decoding=\"async\" src=\"\/\/sc02.alicdn.com\/kf\/H33b373fbc27442959ba1b930fe515803N\/225636084\/H33b373fbc27442959ba1b930fe515803N.jpg\" data-src=\"\/\/sc02.alicdn.com\/kf\/H33b373fbc27442959ba1b930fe515803N\/225636084\/H33b373fbc27442959ba1b930fe515803N.jpg\" \/><\/div>\n<\/div>\n<\/div>\n<\/div>\n<\/div>\n<\/div>\n<div>\n<div>\n<div>\n<h3><strong>T\u00e4lt vattent\u00e4tning<\/strong><\/h3>\n<div>\n<div>\n<div>Bell Tent \u00e4r gjorda av 300 gsm vattent\u00e4t PU-bel\u00e4ggning av bomullscanvas med ett slitstarkt underlag med dragkedja. De har tv\u00e5 fj\u00e4derbelastade stolpar \u2013 en central stolpe och en A-ramstolpe som skapar en veranda i d\u00f6rr\u00f6ppningen. T\u00e4ltet har luftventiler, meshf\u00f6nster med dragkedjor och en extra stor b\u00e4rv\u00e4ska f\u00f6r enkel packning. Den zip-in-underlakan g\u00f6r att sidorna kan rullas ihop en varm dag, vilket g\u00f6r klockt\u00e4ltet till ett perfekt solskydd och det har \u00e4ven fyra typer, 3m, 4m, 5m, 6m. Anpassade storlekar och f\u00e4rger kan accepteras. V\u00e5ra bomullstyger har genomg\u00e5tt specialbehandling f\u00f6r att vara h\u00e5llbara vattent\u00e4ta under l\u00e5ng tid.<\/div>\n<\/div>\n<\/div>\n<\/div>\n<\/div>\n<\/div>\n<div>\n<div data-section=\"AliMagic-d7l49w\" data-section-title=\"Product Paramenters\">Produktparametrar<\/div>\n<\/div>\n<div>\n<div>\n<table>\n<tbody>\n<tr>\n<td>\n<div>F\u00f6rem\u00e5lsnamn<\/div>\n<\/td>\n<td>\n<div>Bell t\u00e4lt<\/div>\n<\/td>\n<td>\n<div><\/div>\n<\/td>\n<td>\n<div><\/div>\n<\/td>\n<td>\n<div><\/div>\n<\/td>\n<\/tr>\n<tr>\n<td>\n<div>Diameter<\/div>\n<\/td>\n<td>\n<div>3m,4m,5m,6m,7m<\/div>\n<\/td>\n<td>\n<div><\/div>\n<\/td>\n<td>\n<div><\/div>\n<\/td>\n<td>\n<div><\/div>\n<\/td>\n<\/tr>\n<tr>\n<td>\n<div>Taktyg<\/div>\n<\/td>\n<td>\n<div>300gsm bomullscanvas, PU-bel\u00e4ggning, vattent\u00e4t, m\u00f6gelbest\u00e4ndig.<\/div>\n<\/td>\n<td>\n<div><\/div>\n<\/td>\n<td>\n<div><\/div>\n<\/td>\n<td>\n<div><\/div>\n<\/td>\n<\/tr>\n<tr>\n<td>\n<div>Markduk<\/div>\n<\/td>\n<td>\n<div>540gsm ripstop PVC, vattent\u00e4t, lossad med t\u00e4ltet med en dragkedja.<\/div>\n<\/td>\n<td>\n<div><\/div>\n<\/td>\n<td>\n<div><\/div>\n<\/td>\n<td>\n<div><\/div>\n<\/td>\n<\/tr>\n<tr>\n<td>\n<div>Netto<\/div>\n<\/td>\n<td>\n<div>Vit, b\u00e5de p\u00e5 d\u00f6rr och f\u00f6nster<\/div>\n<\/td>\n<td>\n<div><\/div>\n<\/td>\n<td>\n<div><\/div>\n<\/td>\n<td>\n<div><\/div>\n<\/td>\n<\/tr>\n<tr>\n<td>\n<div>Central stolpe<\/div>\n<\/td>\n<td>\n<div>Dia.32mm galvaniserat st\u00e5lr\u00f6r, 1,2mm tjocklek, koppar-zinkbelagd.<\/div>\n<\/td>\n<td>\n<div><\/div>\n<\/td>\n<td>\n<div><\/div>\n<\/td>\n<td>\n<div><\/div>\n<\/td>\n<\/tr>\n<tr>\n<td>\n<div>F\u00f6nster<\/div>\n<\/td>\n<td>\n<div>4 sidorutor &amp; 4 ventiler p\u00e5 spetsen, med mesh.<\/div>\n<\/td>\n<td>\n<div><\/div>\n<\/td>\n<td>\n<div><\/div>\n<\/td>\n<td>\n<div><\/div>\n<\/td>\n<\/tr>\n<tr>\n<td>\n<div>D\u00f6rr<\/div>\n<\/td>\n<td>\n<div>1 blixtl\u00e5sd\u00f6rr, dragkedja N\u00e4td\u00f6rr \u00e4r tillval, med flik.<\/div>\n<\/td>\n<td>\n<div><\/div>\n<\/td>\n<td>\n<div><\/div>\n<\/td>\n<td>\n<div><\/div>\n<\/td>\n<\/tr>\n<\/tbody>\n<\/table>\n<\/div>\n<\/div>\n<div>\n<div data-section=\"AliMagic-taxig7\" data-section-title=\"Details\">Detaljer<\/div>\n<\/div>\n<div>\n<div>\n<div>\n<div>\n<div>\n<div><img decoding=\"async\" src=\"\/\/sc01.alicdn.com\/kf\/H32cb711888cb452cbe68ce4ea7703132c\/225636084\/H32cb711888cb452cbe68ce4ea7703132c.jpg\" data-src=\"\/\/sc01.alicdn.com\/kf\/H32cb711888cb452cbe68ce4ea7703132c\/225636084\/H32cb711888cb452cbe68ce4ea7703132c.jpg\" \/><\/div>\n<\/div>\n<\/div>\n<\/div>\n<\/div>\n<\/div>\n<div>\n<div>\n<div>\n<div>\n<div>\n<div><img decoding=\"async\" src=\"\/\/sc01.alicdn.com\/kf\/H08c07ce5b45b405aa86deab3064ab718V\/225636084\/H08c07ce5b45b405aa86deab3064ab718V.jpg\" data-src=\"\/\/sc01.alicdn.com\/kf\/H08c07ce5b45b405aa86deab3064ab718V\/225636084\/H08c07ce5b45b405aa86deab3064ab718V.jpg\" \/><\/div>\n<\/div>\n<\/div>\n<\/div>\n<\/div>\n<\/div>\n<div>\n<div>\n<div>\n<div>\n<div>\n<div><img decoding=\"async\" src=\"\/\/sc01.alicdn.com\/kf\/H0d2acdfd09a0449c81414d4c4087b535i\/225636084\/H0d2acdfd09a0449c81414d4c4087b535i.jpg\" data-src=\"\/\/sc01.alicdn.com\/kf\/H0d2acdfd09a0449c81414d4c4087b535i\/225636084\/H0d2acdfd09a0449c81414d4c4087b535i.jpg\" \/><\/div>\n<\/div>\n<\/div>\n<\/div>\n<\/div>\n<\/div>\n<div>\n<div data-section=\"AliMagic-680x2c\" data-section-title=\"Customer Photos\"><\/div>\n<\/div>\n<div><\/div>\n<\/div>\n<\/div>","protected":false},"excerpt":{"rendered":"<p>Yta: 500*300*170cm Tyg: Kanvas Yttert\u00e4lt Vattent\u00e4tt Index: 1500-2000 Mm Botten Vattent\u00e4t Index: &gt;3000 mm Byggnadstyp: Snabbautomatisk \u00f6ppningsbar T\u00e4ltstil: Rak stagtyp S\u00e4song: Fyras\u00e4songst\u00e4ltstruktur: Ett sovrum Produktnamn : utomhus stor duk tunga klocka t\u00e4lt vattent\u00e4tning Nyckelord: t\u00e4lt vattent\u00e4tning Body<\/p>\n<div class=\"read-more\"><a class=\"btn btn-fill-out\" href=\"https:\/\/uoogear.com\/sv\/produkt\/luxury-family-glamping-outdoor-large-canvas-heavy-duty-bell-tent-waterproofing\/\">L\u00e4s mer<\/a><\/div>","protected":false},"featured_media":4399,"template":"","meta":[],"product_brand":[],"product_cat":[15],"product_tag":[],"class_list":{"0":"post-4400","1":"product","2":"type-product","3":"status-publish","4":"has-post-thumbnail","6":"product_cat-uncategorized","7":"tm-no-options","9":"first","10":"instock","11":"shipping-taxable","12":"purchasable","13":"product-type-variable"},"_links":{"self":[{"href":"https:\/\/uoogear.com\/sv\/wp-json\/wp\/v2\/product\/4400","targetHints":{"allow":["GET"]}}],"collection":[{"href":"https:\/\/uoogear.com\/sv\/wp-json\/wp\/v2\/product"}],"about":[{"href":"https:\/\/uoogear.com\/sv\/wp-json\/wp\/v2\/types\/product"}],"wp:featuredmedia":[{"embeddable":true,"href":"https:\/\/uoogear.com\/sv\/wp-json\/wp\/v2\/media\/4399"}],"wp:attachment":[{"href":"https:\/\/uoogear.com\/sv\/wp-json\/wp\/v2\/media?parent=4400"}],"wp:term":[{"taxonomy":"product_brand","embeddable":true,"href":"https:\/\/uoogear.com\/sv\/wp-json\/wp\/v2\/product_brand?post=4400"},{"taxonomy":"product_cat","embeddable":true,"href":"https:\/\/uoogear.com\/sv\/wp-json\/wp\/v2\/product_cat?post=4400"},{"taxonomy":"product_tag","embeddable":true,"href":"https:\/\/uoogear.com\/sv\/wp-json\/wp\/v2\/product_tag?post=4400"}],"curies":[{"name":"wp","href":"https:\/\/api.w.org\/{rel}","templated":true}]}}