{"id":4409,"date":"2023-11-13T12:50:43","date_gmt":"2023-11-13T12:50:43","guid":{"rendered":"https:\/\/uoogear.com\/product\/waterproof-camping-accessories-tents-camping-outdoor-glamping-tent-outdoor-glamping-inflatable-tent\/"},"modified":"2023-11-30T02:31:22","modified_gmt":"2023-11-30T02:31:22","slug":"waterproof-camping-accessories-tents-camping-outdoor-glamping-tent-outdoor-glamping-inflatable-tent","status":"publish","type":"product","link":"https:\/\/uoogear.com\/sv\/produkt\/waterproof-camping-accessories-tents-camping-outdoor-glamping-tent-outdoor-glamping-inflatable-tent\/","title":{"rendered":"Vattent\u00e4ta campingtillbeh\u00f6r t\u00e4lt camping utomhus glamping t\u00e4lt utomhus glamping Uppbl\u00e5sbart t\u00e4lt"},"content":{"rendered":"<ul>\n<li><strong>Tyg: <\/strong> Polyester<\/li>\n<li><strong>Yttert\u00e4lt Vattent\u00e4tt Index: <\/strong> &gt;3000 mm<\/li>\n<li><strong>Nedre vattent\u00e4ta index: <\/strong> &gt;3000 mm<\/li>\n<li><strong>Byggnadstyp: <\/strong> Snabb automatisk \u00f6ppning<\/li>\n<li><strong>T\u00e4ltstil: <\/strong> F\u00f6rl\u00e4ngd typ, t\u00e4ltst\u00e5ng av tubtyp<\/li>\n<li><strong>S\u00e4song : <\/strong> Fyra s\u00e4songst\u00e4lt<\/li>\n<li><strong>Struktur: <\/strong> Ett sovrum<\/li>\n<li><strong>Produktnamn : <\/strong> Utomhus camping uppbl\u00e5sbart t\u00e4lt<\/li>\n<li><strong>F\u00e4rg : <\/strong> Vit<\/li>\n<li><strong>Anv\u00e4ndning: <\/strong> Camping Vandring Resa<\/li>\n<li><strong>Storlek: <\/strong> 210*210*170 cm<\/li>\n<li><strong>Vikt: <\/strong> 12 kg<\/li>\n<li><strong>Paketstorlek : <\/strong> 67*30*26 cm<\/li>\n<li><strong>Golv: <\/strong> 200D Oxford<\/li>\n<li><strong>Kapacitet: <\/strong> 3-4 personer<\/li>\n<li><strong>Leveranstid : <\/strong> 20 dagar<\/li>\n<\/ul>\n<div>\n<div data-section=\"AliPostDhMb-k8t1e\" data-section-title=\"Product Description\">\n<div>\n<p>Detaljerad bild<\/p>\n<p>&nbsp;<\/p>\n<p><img loading=\"lazy\" decoding=\"async\" src=\"\/\/sc04.alicdn.com\/kf\/H5cea2c7426ac4dd995ca705cbfb55bc2g\/274217001\/H5cea2c7426ac4dd995ca705cbfb55bc2g.jpg\" alt=\"Vattent\u00e4ta campingtillbeh\u00f6r t\u00e4lt camping utomhus glamping t\u00e4lt utomhus glamping Uppbl\u00e5sbart t\u00e4lt\" width=\"750\" height=\"750\" data-src=\"\/\/sc04.alicdn.com\/kf\/H5cea2c7426ac4dd995ca705cbfb55bc2g\/274217001\/H5cea2c7426ac4dd995ca705cbfb55bc2g.jpg\" data-alt=\"Waterproof camping accessories tents camping outdoor glamping tent outdoor glamping Inflatable tent\" \/><img loading=\"lazy\" decoding=\"async\" src=\"\/\/sc04.alicdn.com\/kf\/Hbb3afb90eb0049f28a07a8e89fac5bf7J\/274217001\/Hbb3afb90eb0049f28a07a8e89fac5bf7J.jpg\" alt=\"Vattent\u00e4ta campingtillbeh\u00f6r t\u00e4lt camping utomhus glamping t\u00e4lt utomhus glamping Uppbl\u00e5sbart t\u00e4lt\" width=\"750\" height=\"750\" data-src=\"\/\/sc04.alicdn.com\/kf\/Hbb3afb90eb0049f28a07a8e89fac5bf7J\/274217001\/Hbb3afb90eb0049f28a07a8e89fac5bf7J.jpg\" data-alt=\"Waterproof camping accessories tents camping outdoor glamping tent outdoor glamping Inflatable tent\" \/><img loading=\"lazy\" decoding=\"async\" src=\"\/\/sc04.alicdn.com\/kf\/H089e635b38ee41a9b58cd381cfe6d302b\/274217001\/H089e635b38ee41a9b58cd381cfe6d302b.jpg\" alt=\"Vattent\u00e4ta campingtillbeh\u00f6r t\u00e4lt camping utomhus glamping t\u00e4lt utomhus glamping Uppbl\u00e5sbart t\u00e4lt\" width=\"750\" height=\"750\" data-src=\"\/\/sc04.alicdn.com\/kf\/H089e635b38ee41a9b58cd381cfe6d302b\/274217001\/H089e635b38ee41a9b58cd381cfe6d302b.jpg\" data-alt=\"Waterproof camping accessories tents camping outdoor glamping tent outdoor glamping Inflatable tent\" \/><img loading=\"lazy\" decoding=\"async\" src=\"\/\/sc04.alicdn.com\/kf\/Ha94c4400b73b4596978f065573cb87cee\/274217001\/Ha94c4400b73b4596978f065573cb87cee.jpg\" alt=\"Vattent\u00e4ta campingtillbeh\u00f6r t\u00e4lt camping utomhus glamping t\u00e4lt utomhus glamping Uppbl\u00e5sbart t\u00e4lt\" width=\"750\" height=\"750\" data-src=\"\/\/sc04.alicdn.com\/kf\/Ha94c4400b73b4596978f065573cb87cee\/274217001\/Ha94c4400b73b4596978f065573cb87cee.jpg\" data-alt=\"Waterproof camping accessories tents camping outdoor glamping tent outdoor glamping Inflatable tent\" \/><img loading=\"lazy\" decoding=\"async\" src=\"\/\/sc04.alicdn.com\/kf\/Hded5cbfed989488a8de5e4d80cf48e097\/274217001\/Hded5cbfed989488a8de5e4d80cf48e097.jpg\" alt=\"Vattent\u00e4ta campingtillbeh\u00f6r t\u00e4lt camping utomhus glamping t\u00e4lt utomhus glamping Uppbl\u00e5sbart t\u00e4lt\" width=\"750\" height=\"750\" data-src=\"\/\/sc04.alicdn.com\/kf\/Hded5cbfed989488a8de5e4d80cf48e097\/274217001\/Hded5cbfed989488a8de5e4d80cf48e097.jpg\" data-alt=\"Waterproof camping accessories tents camping outdoor glamping tent outdoor glamping Inflatable tent\" \/><img loading=\"lazy\" decoding=\"async\" src=\"\/\/sc04.alicdn.com\/kf\/Haf76e7a49e694dbf8c276fb59456b6b08\/274217001\/Haf76e7a49e694dbf8c276fb59456b6b08.jpg\" alt=\"Vattent\u00e4ta campingtillbeh\u00f6r t\u00e4lt camping utomhus glamping t\u00e4lt utomhus glamping Uppbl\u00e5sbart t\u00e4lt\" width=\"750\" height=\"750\" data-src=\"\/\/sc04.alicdn.com\/kf\/Haf76e7a49e694dbf8c276fb59456b6b08\/274217001\/Haf76e7a49e694dbf8c276fb59456b6b08.jpg\" data-alt=\"Waterproof camping accessories tents camping outdoor glamping tent outdoor glamping Inflatable tent\" \/><\/p>\n<\/div>\n<\/div>\n<div data-section=\"AliPostDhMb-h1rt6\" data-section-title=\"FAQ\">\n<div><\/div>\n<\/div>\n<\/div>","protected":false},"excerpt":{"rendered":"<p>Tyg: Polyester Yttert\u00e4lt Vattent\u00e4tt Index: &gt;3000 mm Botten Vattent\u00e4t Index: &gt;3000 mm Byggnadstyp: Snabbt automatiskt \u00f6ppningsbart T\u00e4ltstil: F\u00f6rl\u00e4ngd Typ, Typ av r\u00f6r T\u00e4ltst\u00e5ng S\u00e4song: Fyra-s\u00e4songs T\u00e4ltstruktur: Ett sovrum Produktnamn: Utomhuscamping uppbl\u00e5sbar t\u00e4lt F\u00e4rg : Vit Anv\u00e4ndning : Camping Vandring Resestorlek<\/p>\n<div class=\"read-more\"><a class=\"btn btn-fill-out\" href=\"https:\/\/uoogear.com\/sv\/produkt\/waterproof-camping-accessories-tents-camping-outdoor-glamping-tent-outdoor-glamping-inflatable-tent\/\">L\u00e4s mer<\/a><\/div>","protected":false},"featured_media":4408,"template":"","meta":[],"product_brand":[],"product_cat":[15],"product_tag":[],"class_list":{"0":"post-4409","1":"product","2":"type-product","3":"status-publish","4":"has-post-thumbnail","6":"product_cat-uncategorized","7":"tm-no-options","9":"first","10":"instock","11":"shipping-taxable","12":"purchasable","13":"product-type-variable"},"_links":{"self":[{"href":"https:\/\/uoogear.com\/sv\/wp-json\/wp\/v2\/product\/4409","targetHints":{"allow":["GET"]}}],"collection":[{"href":"https:\/\/uoogear.com\/sv\/wp-json\/wp\/v2\/product"}],"about":[{"href":"https:\/\/uoogear.com\/sv\/wp-json\/wp\/v2\/types\/product"}],"wp:featuredmedia":[{"embeddable":true,"href":"https:\/\/uoogear.com\/sv\/wp-json\/wp\/v2\/media\/4408"}],"wp:attachment":[{"href":"https:\/\/uoogear.com\/sv\/wp-json\/wp\/v2\/media?parent=4409"}],"wp:term":[{"taxonomy":"product_brand","embeddable":true,"href":"https:\/\/uoogear.com\/sv\/wp-json\/wp\/v2\/product_brand?post=4409"},{"taxonomy":"product_cat","embeddable":true,"href":"https:\/\/uoogear.com\/sv\/wp-json\/wp\/v2\/product_cat?post=4409"},{"taxonomy":"product_tag","embeddable":true,"href":"https:\/\/uoogear.com\/sv\/wp-json\/wp\/v2\/product_tag?post=4409"}],"curies":[{"name":"wp","href":"https:\/\/api.w.org\/{rel}","templated":true}]}}