{"id":4447,"date":"2023-11-13T12:56:44","date_gmt":"2023-11-13T12:56:44","guid":{"rendered":"https:\/\/uoogear.com\/product\/advanced-big-inflatable-camping-equipment-outdoor-waterproof-camping-outdoor-glamping-tent-camping-equipment-inflatable-tent\/"},"modified":"2023-11-30T02:19:36","modified_gmt":"2023-11-30T02:19:36","slug":"advanced-big-inflatable-camping-equipment-outdoor-waterproof-camping-outdoor-glamping-tent-camping-equipment-inflatable-tent","status":"publish","type":"product","link":"https:\/\/uoogear.com\/sv\/produkt\/advanced-big-inflatable-camping-equipment-outdoor-waterproof-camping-outdoor-glamping-tent-camping-equipment-inflatable-tent\/","title":{"rendered":"Avancerad stor uppbl\u00e5sbar campingutrustning utomhus vattent\u00e4t camping utomhus glamping t\u00e4lt campingutrustning Uppbl\u00e5sbart t\u00e4lt"},"content":{"rendered":"<ul>\n<li><strong>Tyg: <\/strong> Bomull<\/li>\n<li><strong>Yttert\u00e4lt Vattent\u00e4tt Index: <\/strong> 2000-3000 mm<\/li>\n<li><strong>Nedre vattent\u00e4ta index: <\/strong> 2000-3000 mm<\/li>\n<li><strong>T\u00e4ltstil: <\/strong> F\u00f6rl\u00e4ngd typ, t\u00e4ltst\u00e5ng av tubtyp<\/li>\n<li><strong>S\u00e4song : <\/strong> Fyra s\u00e4songst\u00e4lt<\/li>\n<li><strong>Struktur: <\/strong> Ett sovrum<\/li>\n<li><strong>Produktnamn : <\/strong> Utomhus camping uppbl\u00e5sbart t\u00e4lt<\/li>\n<li><strong>F\u00e4rg : <\/strong> Vit<\/li>\n<li><strong>Anv\u00e4ndning: <\/strong> Camping Vandring Resa<\/li>\n<li><strong>Storlek: <\/strong> 385*335*215cm<\/li>\n<li><strong>Vikt: <\/strong> 14 kg<\/li>\n<li><strong>Golv: <\/strong> Oxford<\/li>\n<li><strong>Kapacitet: <\/strong> 3-4 personer<\/li>\n<li><strong>Leveranstid : <\/strong> 20 dagar<\/li>\n<\/ul>\n<div>\n<div data-section=\"AliPostDhMb-k8t1e\" data-section-title=\"Product Description\">\n<div>Produktbeskrivning<\/div>\n<div>\n<p>Avancerad stor uppbl\u00e5sbar campingutrustning utomhus vattent\u00e4t camping utomhus glamping t\u00e4lt campingutrustning Uppbl\u00e5sbart t\u00e4lt<\/p>\n<p>Detaljerad bild<\/p>\n<p><img loading=\"lazy\" decoding=\"async\" class=\"alignnone size-full wp-image-5136\" src=\"https:\/\/uoogear.com\/wp-content\/uploads\/2023\/11\/H63608db4db8a455a842461b944da215bA-4.jpg\" width=\"800\" height=\"538\" alt=\"Avancerad stor uppbl\u00e5sbar campingutrustning utomhus vattent\u00e4t camping utomhus glamping t\u00e4lt campingutrustning Uppbl\u00e5sbart t\u00e4lt\" srcset=\"https:\/\/uoogear.com\/wp-content\/uploads\/2023\/11\/H63608db4db8a455a842461b944da215bA-4.jpg 800w, https:\/\/uoogear.com\/wp-content\/uploads\/2023\/11\/H63608db4db8a455a842461b944da215bA-4-300x202.jpg 300w, https:\/\/uoogear.com\/wp-content\/uploads\/2023\/11\/H63608db4db8a455a842461b944da215bA-4-768x516.jpg 768w, https:\/\/uoogear.com\/wp-content\/uploads\/2023\/11\/H63608db4db8a455a842461b944da215bA-4-600x404.jpg 600w, https:\/\/uoogear.com\/wp-content\/uploads\/2023\/11\/H63608db4db8a455a842461b944da215bA-4-80x54.jpg 80w\" sizes=\"auto, (max-width: 800px) 100vw, 800px\" \/><img loading=\"lazy\" decoding=\"async\" src=\"\/\/sc04.alicdn.com\/kf\/H428d7b67a52d406aa6d221b2af2a6d3bq\/274217001\/H428d7b67a52d406aa6d221b2af2a6d3bq.jpg\" alt=\"Avancerad stor uppbl\u00e5sbar campingutrustning utomhus vattent\u00e4t camping utomhus glamping t\u00e4lt campingutrustning Uppbl\u00e5sbart t\u00e4lt\" width=\"750\" height=\"750\" data-src=\"\/\/sc04.alicdn.com\/kf\/H428d7b67a52d406aa6d221b2af2a6d3bq\/274217001\/H428d7b67a52d406aa6d221b2af2a6d3bq.jpg\" data-alt=\"Advanced big inflatable camping equipment outdoor waterproof camping outdoor glamping tent camping equipment Inflatable tent\" \/><img loading=\"lazy\" decoding=\"async\" src=\"\/\/sc04.alicdn.com\/kf\/Hf3afab94f52847a7bcdc3f9afad8bbd1r\/274217001\/Hf3afab94f52847a7bcdc3f9afad8bbd1r.jpg\" alt=\"Avancerad stor uppbl\u00e5sbar campingutrustning utomhus vattent\u00e4t camping utomhus glamping t\u00e4lt campingutrustning Uppbl\u00e5sbart t\u00e4lt\" width=\"750\" height=\"750\" data-src=\"\/\/sc04.alicdn.com\/kf\/Hf3afab94f52847a7bcdc3f9afad8bbd1r\/274217001\/Hf3afab94f52847a7bcdc3f9afad8bbd1r.jpg\" data-alt=\"Advanced big inflatable camping equipment outdoor waterproof camping outdoor glamping tent camping equipment Inflatable tent\" \/><img loading=\"lazy\" decoding=\"async\" src=\"\/\/sc04.alicdn.com\/kf\/H41a3938fadc041ca998505f664c5f5b0v\/274217001\/H41a3938fadc041ca998505f664c5f5b0v.jpg\" alt=\"Avancerad stor uppbl\u00e5sbar campingutrustning utomhus vattent\u00e4t camping utomhus glamping t\u00e4lt campingutrustning Uppbl\u00e5sbart t\u00e4lt\" width=\"750\" height=\"750\" data-src=\"\/\/sc04.alicdn.com\/kf\/H41a3938fadc041ca998505f664c5f5b0v\/274217001\/H41a3938fadc041ca998505f664c5f5b0v.jpg\" data-alt=\"Advanced big inflatable camping equipment outdoor waterproof camping outdoor glamping tent camping equipment Inflatable tent\" \/><img loading=\"lazy\" decoding=\"async\" src=\"\/\/sc04.alicdn.com\/kf\/H60a31a8d3cf0469dbdfcfb463907ed07V\/274217001\/H60a31a8d3cf0469dbdfcfb463907ed07V.jpg\" alt=\"Avancerad stor uppbl\u00e5sbar campingutrustning utomhus vattent\u00e4t camping utomhus glamping t\u00e4lt campingutrustning Uppbl\u00e5sbart t\u00e4lt\" width=\"750\" height=\"750\" data-src=\"\/\/sc04.alicdn.com\/kf\/H60a31a8d3cf0469dbdfcfb463907ed07V\/274217001\/H60a31a8d3cf0469dbdfcfb463907ed07V.jpg\" data-alt=\"Advanced big inflatable camping equipment outdoor waterproof camping outdoor glamping tent camping equipment Inflatable tent\" \/><img loading=\"lazy\" decoding=\"async\" src=\"\/\/sc04.alicdn.com\/kf\/H9f779d7e56d343b0a04ed1845c5648eaB\/274217001\/H9f779d7e56d343b0a04ed1845c5648eaB.jpg\" alt=\"Avancerad stor uppbl\u00e5sbar campingutrustning utomhus vattent\u00e4t camping utomhus glamping t\u00e4lt campingutrustning Uppbl\u00e5sbart t\u00e4lt\" width=\"750\" height=\"750\" data-src=\"\/\/sc04.alicdn.com\/kf\/H9f779d7e56d343b0a04ed1845c5648eaB\/274217001\/H9f779d7e56d343b0a04ed1845c5648eaB.jpg\" data-alt=\"Advanced big inflatable camping equipment outdoor waterproof camping outdoor glamping tent camping equipment Inflatable tent\" \/><img loading=\"lazy\" decoding=\"async\" src=\"\/\/sc04.alicdn.com\/kf\/Ha936d1b140354d78bcab0df48e660350i\/274217001\/Ha936d1b140354d78bcab0df48e660350i.jpg\" alt=\"Avancerad stor uppbl\u00e5sbar campingutrustning utomhus vattent\u00e4t camping utomhus glamping t\u00e4lt campingutrustning Uppbl\u00e5sbart t\u00e4lt\" width=\"750\" height=\"750\" data-src=\"\/\/sc04.alicdn.com\/kf\/Ha936d1b140354d78bcab0df48e660350i\/274217001\/Ha936d1b140354d78bcab0df48e660350i.jpg\" data-alt=\"Advanced big inflatable camping equipment outdoor waterproof camping outdoor glamping tent camping equipment Inflatable tent\" \/><\/p>\n<\/div>\n<\/div>\n<div data-section=\"AliPostDhMb-h1rt6\" data-section-title=\"FAQ\">\n<div><\/div>\n<\/div>\n<\/div>","protected":false},"excerpt":{"rendered":"<p>Tyg : Bomull Yttert\u00e4lt Vattent\u00e4tt Index : 2000-3000 Mm Botten Vattent\u00e4t Index : 2000-3000 Mm T\u00e4ltstil : F\u00f6rl\u00e4ngd Typ, R\u00f6rtyp T\u00e4ltst\u00e5ng S\u00e4song : Fyra-s\u00e4songs T\u00e4ltstruktur : Ett sovrum Produktnamn : Utomhuscamping uppbl\u00e5sbart t\u00e4lt Anv\u00e4ndning: Camping Vandring Resande Storlek: 385*335*215cm Vikt: 14kg Golv<\/p>\n<div class=\"read-more\"><a class=\"btn btn-fill-out\" href=\"https:\/\/uoogear.com\/sv\/produkt\/advanced-big-inflatable-camping-equipment-outdoor-waterproof-camping-outdoor-glamping-tent-camping-equipment-inflatable-tent\/\">L\u00e4s mer<\/a><\/div>","protected":false},"featured_media":4446,"template":"","meta":[],"product_brand":[],"product_cat":[15],"product_tag":[],"class_list":{"0":"post-4447","1":"product","2":"type-product","3":"status-publish","4":"has-post-thumbnail","6":"product_cat-uncategorized","7":"tm-no-options","9":"first","10":"instock","11":"shipping-taxable","12":"purchasable","13":"product-type-variable"},"_links":{"self":[{"href":"https:\/\/uoogear.com\/sv\/wp-json\/wp\/v2\/product\/4447","targetHints":{"allow":["GET"]}}],"collection":[{"href":"https:\/\/uoogear.com\/sv\/wp-json\/wp\/v2\/product"}],"about":[{"href":"https:\/\/uoogear.com\/sv\/wp-json\/wp\/v2\/types\/product"}],"wp:featuredmedia":[{"embeddable":true,"href":"https:\/\/uoogear.com\/sv\/wp-json\/wp\/v2\/media\/4446"}],"wp:attachment":[{"href":"https:\/\/uoogear.com\/sv\/wp-json\/wp\/v2\/media?parent=4447"}],"wp:term":[{"taxonomy":"product_brand","embeddable":true,"href":"https:\/\/uoogear.com\/sv\/wp-json\/wp\/v2\/product_brand?post=4447"},{"taxonomy":"product_cat","embeddable":true,"href":"https:\/\/uoogear.com\/sv\/wp-json\/wp\/v2\/product_cat?post=4447"},{"taxonomy":"product_tag","embeddable":true,"href":"https:\/\/uoogear.com\/sv\/wp-json\/wp\/v2\/product_tag?post=4447"}],"curies":[{"name":"wp","href":"https:\/\/api.w.org\/{rel}","templated":true}]}}