{"id":4472,"date":"2023-11-13T12:59:37","date_gmt":"2023-11-13T12:59:37","guid":{"rendered":"https:\/\/uoogear.com\/product\/advanced-camping-accessories-big-inflatable-tent-waterproof-camping-glamping-outdoor-equipment-camping-inflatable-tent\/"},"modified":"2023-11-30T02:22:01","modified_gmt":"2023-11-30T02:22:01","slug":"advanced-camping-accessories-big-inflatable-tent-waterproof-camping-glamping-outdoor-equipment-camping-inflatable-tent","status":"publish","type":"product","link":"https:\/\/uoogear.com\/sv\/produkt\/advanced-camping-accessories-big-inflatable-tent-waterproof-camping-glamping-outdoor-equipment-camping-inflatable-tent\/","title":{"rendered":"Avancerade campingtillbeh\u00f6r stort uppbl\u00e5sbart t\u00e4lt vattent\u00e4tt campingglamping utomhusutrustning camping Uppbl\u00e5sbart t\u00e4lt"},"content":{"rendered":"<ul>\n<li><strong>Tyg: <\/strong> Bomull<\/li>\n<li><strong>Yttert\u00e4lt Vattent\u00e4tt Index: <\/strong> &gt;3000 mm<\/li>\n<li><strong>Nedre vattent\u00e4ta index: <\/strong> &gt;3000 mm<\/li>\n<li><strong>T\u00e4ltstil: <\/strong> F\u00f6rl\u00e4ngd typ, t\u00e4ltst\u00e5ng av tubtyp<\/li>\n<li><strong>S\u00e4song : <\/strong> Fyra s\u00e4songst\u00e4lt<\/li>\n<li><strong>Struktur: <\/strong> Ett sovrum<\/li>\n<li><strong>Produktnamn : <\/strong> Utomhus camping uppbl\u00e5sbart t\u00e4lt<\/li>\n<li><strong>F\u00e4rg : <\/strong> Vit<\/li>\n<li><strong>Anv\u00e4ndning: <\/strong> Camping Vandring Resa<\/li>\n<li><strong>Storlek: <\/strong> 500*500*245 cm<\/li>\n<li><strong>Vikt: <\/strong> 44 kg<\/li>\n<li><strong>Golv: <\/strong> 300D Oxford<\/li>\n<li><strong>Kapacitet: <\/strong> 5-8 personer<\/li>\n<li><strong>Leveranstid : <\/strong> 20 dagar<\/li>\n<\/ul>\n<div>\n<div data-section=\"AliPostDhMb-k8t1e\" data-section-title=\"Product Description\">\n<div>\n<p>Detaljerad bild<\/p>\n<p>&nbsp;<\/p>\n<p><img loading=\"lazy\" decoding=\"async\" class=\"alignnone size-full wp-image-5138\" src=\"https:\/\/uoogear.com\/wp-content\/uploads\/2023\/11\/H63608db4db8a455a842461b944da215bA-6.jpg\" width=\"800\" height=\"538\" alt=\"Avancerade campingtillbeh\u00f6r stort uppbl\u00e5sbart t\u00e4lt vattent\u00e4tt campingglamping utomhusutrustning camping Uppbl\u00e5sbart t\u00e4lt\" srcset=\"https:\/\/uoogear.com\/wp-content\/uploads\/2023\/11\/H63608db4db8a455a842461b944da215bA-6.jpg 800w, https:\/\/uoogear.com\/wp-content\/uploads\/2023\/11\/H63608db4db8a455a842461b944da215bA-6-300x202.jpg 300w, https:\/\/uoogear.com\/wp-content\/uploads\/2023\/11\/H63608db4db8a455a842461b944da215bA-6-768x516.jpg 768w, https:\/\/uoogear.com\/wp-content\/uploads\/2023\/11\/H63608db4db8a455a842461b944da215bA-6-600x404.jpg 600w, https:\/\/uoogear.com\/wp-content\/uploads\/2023\/11\/H63608db4db8a455a842461b944da215bA-6-80x54.jpg 80w\" sizes=\"auto, (max-width: 800px) 100vw, 800px\" \/><img loading=\"lazy\" decoding=\"async\" src=\"\/\/sc04.alicdn.com\/kf\/H78c32d0ab3fb4bf19b471994338a6c6fI\/274217001\/H78c32d0ab3fb4bf19b471994338a6c6fI.jpg\" alt=\"Avancerade campingtillbeh\u00f6r stort uppbl\u00e5sbart t\u00e4lt vattent\u00e4tt campingglamping utomhusutrustning camping Uppbl\u00e5sbart t\u00e4lt\" width=\"750\" height=\"750\" data-src=\"\/\/sc04.alicdn.com\/kf\/H78c32d0ab3fb4bf19b471994338a6c6fI\/274217001\/H78c32d0ab3fb4bf19b471994338a6c6fI.jpg\" data-alt=\"Advanced camping accessories big inflatable tent waterproof camping glamping outdoor equipment camping Inflatable tent\" \/><img loading=\"lazy\" decoding=\"async\" src=\"\/\/sc04.alicdn.com\/kf\/H0941fcfc2ef041b0a07c5ed893273dcaX\/274217001\/H0941fcfc2ef041b0a07c5ed893273dcaX.jpg\" alt=\"Avancerade campingtillbeh\u00f6r stort uppbl\u00e5sbart t\u00e4lt vattent\u00e4tt campingglamping utomhusutrustning camping Uppbl\u00e5sbart t\u00e4lt\" width=\"750\" height=\"750\" data-src=\"\/\/sc04.alicdn.com\/kf\/H0941fcfc2ef041b0a07c5ed893273dcaX\/274217001\/H0941fcfc2ef041b0a07c5ed893273dcaX.jpg\" data-alt=\"Advanced camping accessories big inflatable tent waterproof camping glamping outdoor equipment camping Inflatable tent\" \/><img loading=\"lazy\" decoding=\"async\" src=\"\/\/sc04.alicdn.com\/kf\/H00e7be78e1e348e49574bdd7a14fadf62\/274217001\/H00e7be78e1e348e49574bdd7a14fadf62.jpg\" alt=\"Avancerade campingtillbeh\u00f6r stort uppbl\u00e5sbart t\u00e4lt vattent\u00e4tt campingglamping utomhusutrustning camping Uppbl\u00e5sbart t\u00e4lt\" width=\"750\" height=\"750\" data-src=\"\/\/sc04.alicdn.com\/kf\/H00e7be78e1e348e49574bdd7a14fadf62\/274217001\/H00e7be78e1e348e49574bdd7a14fadf62.jpg\" data-alt=\"Advanced camping accessories big inflatable tent waterproof camping glamping outdoor equipment camping Inflatable tent\" \/><img loading=\"lazy\" decoding=\"async\" src=\"\/\/sc04.alicdn.com\/kf\/H4d014a72a1a84c72af9c61ef598d9edeY\/274217001\/H4d014a72a1a84c72af9c61ef598d9edeY.jpg\" alt=\"Avancerade campingtillbeh\u00f6r stort uppbl\u00e5sbart t\u00e4lt vattent\u00e4tt campingglamping utomhusutrustning camping Uppbl\u00e5sbart t\u00e4lt\" width=\"750\" height=\"750\" data-src=\"\/\/sc04.alicdn.com\/kf\/H4d014a72a1a84c72af9c61ef598d9edeY\/274217001\/H4d014a72a1a84c72af9c61ef598d9edeY.jpg\" data-alt=\"Advanced camping accessories big inflatable tent waterproof camping glamping outdoor equipment camping Inflatable tent\" \/><img loading=\"lazy\" decoding=\"async\" src=\"\/\/sc04.alicdn.com\/kf\/H7b8bd740267e4621b6c0334e3977b3d5O\/274217001\/H7b8bd740267e4621b6c0334e3977b3d5O.jpg\" alt=\"Avancerade campingtillbeh\u00f6r stort uppbl\u00e5sbart t\u00e4lt vattent\u00e4tt campingglamping utomhusutrustning camping Uppbl\u00e5sbart t\u00e4lt\" width=\"750\" height=\"750\" data-src=\"\/\/sc04.alicdn.com\/kf\/H7b8bd740267e4621b6c0334e3977b3d5O\/274217001\/H7b8bd740267e4621b6c0334e3977b3d5O.jpg\" data-alt=\"Advanced camping accessories big inflatable tent waterproof camping glamping outdoor equipment camping Inflatable tent\" \/><img loading=\"lazy\" decoding=\"async\" src=\"\/\/sc04.alicdn.com\/kf\/H8c1ac1780f3d47b180533c50343a16b6o\/274217001\/H8c1ac1780f3d47b180533c50343a16b6o.jpg\" alt=\"Avancerade campingtillbeh\u00f6r stort uppbl\u00e5sbart t\u00e4lt vattent\u00e4tt campingglamping utomhusutrustning camping Uppbl\u00e5sbart t\u00e4lt\" width=\"750\" height=\"750\" data-src=\"\/\/sc04.alicdn.com\/kf\/H8c1ac1780f3d47b180533c50343a16b6o\/274217001\/H8c1ac1780f3d47b180533c50343a16b6o.jpg\" data-alt=\"Advanced camping accessories big inflatable tent waterproof camping glamping outdoor equipment camping Inflatable tent\" \/><\/p>\n<\/div>\n<\/div>\n<div data-section=\"AliPostDhMb-h1rt6\" data-section-title=\"FAQ\">\n<div><\/div>\n<\/div>\n<\/div>","protected":false},"excerpt":{"rendered":"<p>Tyg : Bomull Yttert\u00e4lt Vattent\u00e4tt Index : &gt;3000 mm Botten Vattent\u00e4tt Index : &gt;3000 mm T\u00e4ltstil : F\u00f6rl\u00e4ngd typ, R\u00f6rtyp T\u00e4ltp\u00e5le S\u00e4song : Fyra s\u00e4songer T\u00e4ltstruktur : Ett sovrum Produktnamn : Utomhuscamping uppbl\u00e5sbart t\u00e4lt F\u00e4rg : Vit Anv\u00e4ndning : Camping Vandring Resande Storlek: 500*500*245cm Vikt: 44kg Golv<\/p>\n<div class=\"read-more\"><a class=\"btn btn-fill-out\" href=\"https:\/\/uoogear.com\/sv\/produkt\/advanced-camping-accessories-big-inflatable-tent-waterproof-camping-glamping-outdoor-equipment-camping-inflatable-tent\/\">L\u00e4s mer<\/a><\/div>","protected":false},"featured_media":4471,"template":"","meta":[],"product_brand":[],"product_cat":[15],"product_tag":[],"class_list":{"0":"post-4472","1":"product","2":"type-product","3":"status-publish","4":"has-post-thumbnail","6":"product_cat-uncategorized","7":"tm-no-options","9":"first","10":"instock","11":"shipping-taxable","12":"purchasable","13":"product-type-variable"},"_links":{"self":[{"href":"https:\/\/uoogear.com\/sv\/wp-json\/wp\/v2\/product\/4472","targetHints":{"allow":["GET"]}}],"collection":[{"href":"https:\/\/uoogear.com\/sv\/wp-json\/wp\/v2\/product"}],"about":[{"href":"https:\/\/uoogear.com\/sv\/wp-json\/wp\/v2\/types\/product"}],"wp:featuredmedia":[{"embeddable":true,"href":"https:\/\/uoogear.com\/sv\/wp-json\/wp\/v2\/media\/4471"}],"wp:attachment":[{"href":"https:\/\/uoogear.com\/sv\/wp-json\/wp\/v2\/media?parent=4472"}],"wp:term":[{"taxonomy":"product_brand","embeddable":true,"href":"https:\/\/uoogear.com\/sv\/wp-json\/wp\/v2\/product_brand?post=4472"},{"taxonomy":"product_cat","embeddable":true,"href":"https:\/\/uoogear.com\/sv\/wp-json\/wp\/v2\/product_cat?post=4472"},{"taxonomy":"product_tag","embeddable":true,"href":"https:\/\/uoogear.com\/sv\/wp-json\/wp\/v2\/product_tag?post=4472"}],"curies":[{"name":"wp","href":"https:\/\/api.w.org\/{rel}","templated":true}]}}