{"id":4480,"date":"2023-11-13T13:00:23","date_gmt":"2023-11-13T13:00:23","guid":{"rendered":"https:\/\/uoogear.com\/product\/waterproof-outdoor-camping-indian-tent\/"},"modified":"2023-11-30T02:22:11","modified_gmt":"2023-11-30T02:22:11","slug":"waterproof-outdoor-camping-indian-tent","status":"publish","type":"product","link":"https:\/\/uoogear.com\/sv\/produkt\/waterproof-outdoor-camping-indian-tent\/","title":{"rendered":"Vattent\u00e4tt utomhuscamping indiskt t\u00e4lt"},"content":{"rendered":"<ul>\n<li><strong>Tyg: <\/strong> Oxford<\/li>\n<li><strong>Yttert\u00e4lt Vattent\u00e4tt Index: <\/strong> 2000-3000 mm<\/li>\n<li><strong>Nedre vattent\u00e4ta index: <\/strong> 2000-3000 mm<\/li>\n<li><strong>Byggnadstyp: <\/strong> Snabb automatisk \u00f6ppning<\/li>\n<li><strong>T\u00e4ltstil: <\/strong> F\u00f6rl\u00e4ngd typ, t\u00e4ltst\u00e5ng av tubtyp<\/li>\n<li><strong>S\u00e4song : <\/strong> Fyra s\u00e4songst\u00e4lt<\/li>\n<li><strong>Struktur: <\/strong> Ett sovrum<\/li>\n<li><strong>Produktnamn : <\/strong> Utomhus camping uppbl\u00e5sbart t\u00e4lt<\/li>\n<li><strong>F\u00e4rg : <\/strong> Ris vitt<\/li>\n<li><strong>Anv\u00e4ndning: <\/strong> Camping Vandring Resa<\/li>\n<li><strong>Storlek: <\/strong> 220*220*200 cm<\/li>\n<li><strong>Vikt: <\/strong> 7 kg<\/li>\n<li><strong>Stil: <\/strong> indiska<\/li>\n<li><strong>Golv: <\/strong> 210D eller 300D Oxford<\/li>\n<li><strong>Kapacitet: <\/strong> 2-3 personer<\/li>\n<li><strong>Leveranstid : <\/strong> 20 dagar<\/li>\n<\/ul>\n<div>\n<div data-section=\"AliPostDhMb-k8t1e\" data-section-title=\"Product Description\">\n<div>Produktbeskrivning<\/div>\n<div data-spm-anchor-id=\"a2700.details.0.i81.4bd15228ohSD8t\">\n<p><img loading=\"lazy\" decoding=\"async\" src=\"\/\/sc04.alicdn.com\/kf\/Hc527bc8d712a4840854044400c213ff4Z\/274217001\/Hc527bc8d712a4840854044400c213ff4Z.jpg\" alt=\"Vattent\u00e4tt utomhuscamping indiskt t\u00e4lt\" width=\"750\" height=\"750\" data-src=\"\/\/sc04.alicdn.com\/kf\/Hc527bc8d712a4840854044400c213ff4Z\/274217001\/Hc527bc8d712a4840854044400c213ff4Z.jpg\" data-alt=\"Waterproof Outdoor Camping Indian Tent\" \/><img loading=\"lazy\" decoding=\"async\" src=\"\/\/sc04.alicdn.com\/kf\/Hb9694f348f524ebb9ab07fe374f94b6fl\/274217001\/Hb9694f348f524ebb9ab07fe374f94b6fl.jpg\" alt=\"Vattent\u00e4tt utomhuscamping indiskt t\u00e4lt\" width=\"750\" height=\"750\" data-src=\"\/\/sc04.alicdn.com\/kf\/Hb9694f348f524ebb9ab07fe374f94b6fl\/274217001\/Hb9694f348f524ebb9ab07fe374f94b6fl.jpg\" data-alt=\"Waterproof Outdoor Camping Indian Tent\" \/><img loading=\"lazy\" decoding=\"async\" src=\"\/\/sc04.alicdn.com\/kf\/H9e92dc4f16be405ebd3a2132fb68a4517\/274217001\/H9e92dc4f16be405ebd3a2132fb68a4517.jpg\" alt=\"Vattent\u00e4tt utomhuscamping indiskt t\u00e4lt\" width=\"750\" height=\"750\" data-src=\"\/\/sc04.alicdn.com\/kf\/H9e92dc4f16be405ebd3a2132fb68a4517\/274217001\/H9e92dc4f16be405ebd3a2132fb68a4517.jpg\" data-alt=\"Waterproof Outdoor Camping Indian Tent\" \/><img loading=\"lazy\" decoding=\"async\" src=\"\/\/sc04.alicdn.com\/kf\/Hd28bafc6bd0a423c89345658813cfce85\/274217001\/Hd28bafc6bd0a423c89345658813cfce85.jpg\" alt=\"Vattent\u00e4tt utomhuscamping indiskt t\u00e4lt\" width=\"750\" height=\"750\" data-src=\"\/\/sc04.alicdn.com\/kf\/Hd28bafc6bd0a423c89345658813cfce85\/274217001\/Hd28bafc6bd0a423c89345658813cfce85.jpg\" data-alt=\"Waterproof Outdoor Camping Indian Tent\" \/><\/p>\n<p>&nbsp;<\/p>\n<p>&nbsp;<\/p>\n<p>&nbsp;<\/p>\n<\/div>\n<\/div>\n<div data-section=\"AliPostDhMb-h1rt6\" data-section-title=\"FAQ\">\n<div><\/div>\n<\/div>\n<\/div>","protected":false},"excerpt":{"rendered":"<p>Tyg : Oxford Yttert\u00e4lt Vattent\u00e4tt Index : 2000-3000 Mm Botten Vattent\u00e4t Index : 2000-3000 Mm Byggnadstyp : Snabbautomatisk \u00f6ppningst\u00e4lt Stil : F\u00f6rl\u00e4ngd Typ, Typ av r\u00f6r T\u00e4ltst\u00e5ng S\u00e4song : Fyra-s\u00e4songs T\u00e4ltstruktur : Ett sovrum Produktnamn : Utomhus camping uppbl\u00e5sbart t\u00e4lt F\u00e4rg: Ris Vit Anv\u00e4ndning: Camping Vandring Resa<\/p>\n<div class=\"read-more\"><a class=\"btn btn-fill-out\" href=\"https:\/\/uoogear.com\/sv\/produkt\/waterproof-outdoor-camping-indian-tent\/\">L\u00e4s mer<\/a><\/div>","protected":false},"featured_media":4479,"template":"","meta":[],"product_brand":[],"product_cat":[15],"product_tag":[],"class_list":{"0":"post-4480","1":"product","2":"type-product","3":"status-publish","4":"has-post-thumbnail","6":"product_cat-uncategorized","7":"tm-no-options","9":"first","10":"instock","11":"shipping-taxable","12":"purchasable","13":"product-type-variable"},"_links":{"self":[{"href":"https:\/\/uoogear.com\/sv\/wp-json\/wp\/v2\/product\/4480","targetHints":{"allow":["GET"]}}],"collection":[{"href":"https:\/\/uoogear.com\/sv\/wp-json\/wp\/v2\/product"}],"about":[{"href":"https:\/\/uoogear.com\/sv\/wp-json\/wp\/v2\/types\/product"}],"wp:featuredmedia":[{"embeddable":true,"href":"https:\/\/uoogear.com\/sv\/wp-json\/wp\/v2\/media\/4479"}],"wp:attachment":[{"href":"https:\/\/uoogear.com\/sv\/wp-json\/wp\/v2\/media?parent=4480"}],"wp:term":[{"taxonomy":"product_brand","embeddable":true,"href":"https:\/\/uoogear.com\/sv\/wp-json\/wp\/v2\/product_brand?post=4480"},{"taxonomy":"product_cat","embeddable":true,"href":"https:\/\/uoogear.com\/sv\/wp-json\/wp\/v2\/product_cat?post=4480"},{"taxonomy":"product_tag","embeddable":true,"href":"https:\/\/uoogear.com\/sv\/wp-json\/wp\/v2\/product_tag?post=4480"}],"curies":[{"name":"wp","href":"https:\/\/api.w.org\/{rel}","templated":true}]}}