{"id":4498,"date":"2023-11-14T01:57:26","date_gmt":"2023-11-14T01:57:26","guid":{"rendered":"https:\/\/uoogear.com\/product\/high-quality-customized-logo-outdoor-camp-family-air-camping-tent-large-inflatable-tent\/"},"modified":"2023-11-30T02:23:24","modified_gmt":"2023-11-30T02:23:24","slug":"high-quality-customized-logo-outdoor-camp-family-air-camping-tent-large-inflatable-tent","status":"publish","type":"product","link":"https:\/\/uoogear.com\/sv\/produkt\/high-quality-customized-logo-outdoor-camp-family-air-camping-tent-large-inflatable-tent\/","title":{"rendered":"H\u00f6gkvalitativ anpassad logotyp Outdoor Camp Family Air Camping T\u00e4lt Stort uppbl\u00e5sbart t\u00e4lt"},"content":{"rendered":"<ul>\n<li><strong>Tyg: <\/strong> Polyester<\/li>\n<li><strong>Yttert\u00e4lt Vattent\u00e4tt Index: <\/strong> 1000-1500 mm<\/li>\n<li><strong>Nedre vattent\u00e4ta index: <\/strong> 1000-1500 mm<\/li>\n<li><strong>Byggnadstyp: <\/strong> Snabb automatisk \u00f6ppning<\/li>\n<li><strong>T\u00e4ltstil: <\/strong> R\u00f6rtyp t\u00e4ltstake<\/li>\n<li><strong>S\u00e4song : <\/strong> Fyra s\u00e4songst\u00e4lt<\/li>\n<li><strong>Struktur: <\/strong> Ett sovrum och ett vardagsrum<\/li>\n<li><strong>Produktnamn : <\/strong> Uppbl\u00e5sbart campingt\u00e4lt<\/li>\n<li><strong>Anv\u00e4ndning: <\/strong> Utomhusunderh\u00e5llning<\/li>\n<li><strong>Stil: <\/strong> Modern<\/li>\n<li><strong>F\u00e4rg : <\/strong> Gyllene sandf\u00e4rg<\/li>\n<li><strong>Ans\u00f6kan : <\/strong> Utomhusresor Camping<\/li>\n<li><strong>Storlek: <\/strong> 520&#215;400<\/li>\n<li><strong>MOQ: <\/strong> 1 del<\/li>\n<li><strong>Material: <\/strong> PVC<\/li>\n<li><strong>Tillbeh\u00f6r : <\/strong> Pump+ b\u00e4rv\u00e4ska+ stakar+ rep<\/li>\n<li><strong>Funktion : <\/strong> Vattent\u00e4t<\/li>\n<\/ul>\n<div>\n<div data-magic-global=\"%7B%22bizId%22%3A2212793521237%2C%22pageId%22%3A21196441129%2C%22siteId%22%3A10003212050%7D\">\n<div>\n<div data-section=\"AliMagic-lt2ehm\" data-section-title=\"Products Description\">Produktbeskrivning<\/div>\n<\/div>\n<div>\n<div>\n<table>\n<tbody>\n<tr>\n<td>\n<div><span style=\"color: #000000; font-family: Arial;\"><span data-spm-anchor-id=\"a2700.custom-template.0.i133.65b03333DKbf22\"><strong>produktnamn<\/strong><\/span><\/span><\/div>\n<\/td>\n<td>\n<div>Stort campingt\u00e4lt<\/div>\n<\/td>\n<\/tr>\n<tr>\n<td>\n<div><span style=\"color: #000000; font-family: Arial;\"><strong>OEM MOQ<\/strong><\/span><\/div>\n<\/td>\n<td>\n<div><span style=\"font-family: Arial;\"><span data-spm-anchor-id=\"a2700.custom-template.0.i131.65b03333DKbf22\">Acceptera anpassat \/1 set prov<\/span><\/span><\/div>\n<\/td>\n<\/tr>\n<tr>\n<td>\n<div><span style=\"color: #000000; font-family: Arial;\"><strong>F\u00e4rg f\u00e4rg<\/strong><\/span><\/div>\n<\/td>\n<td>\n<div><span style=\"font-family: Arial;\"><span data-spm-anchor-id=\"a2700.custom-template.0.i132.65b03333DKbf22\">Som bild, acceptera anpassad<\/span><\/span><\/div>\n<\/td>\n<\/tr>\n<tr>\n<td>\n<div><span style=\"color: #000000; font-family: Arial;\"><span data-spm-anchor-id=\"a2700.custom-template.0.i158.65b03333DKbf22\"><strong>Kapacitet<\/strong><\/span><\/span><\/div>\n<\/td>\n<td>\n<div><span style=\"font-family: Arial;\">2\/3\/4\/5\/6\/7\/8 personer (anpassad kapacitet)<\/span><\/div>\n<\/td>\n<\/tr>\n<tr>\n<td>\n<div><strong>Storlek<\/strong><\/div>\n<\/td>\n<td>\n<div>Kan v\u00e4lja storlek p\u00e5 hyllprodukter, acceptera anpassad storlek<\/div>\n<\/td>\n<\/tr>\n<tr>\n<td>\n<div>\n<div><strong>Funktion<\/strong><\/div>\n<\/div>\n<\/td>\n<td>\n<div><span style=\"font-family: Arial;\">UV- och regnbest\u00e4ndig, Andas, F\u00f6rhindra Splendid, Stort utrymme, Stabil struktur, Bra ventilationsprestanda, Bred applikation, Liten storlek, L\u00e4tt att b\u00e4ra, Installation, Enkel Popup, Automatisk, Bekv\u00e4m<\/span><\/div>\n<\/td>\n<\/tr>\n<\/tbody>\n<\/table>\n<\/div>\n<\/div>\n<div>\n<div data-section=\"AliMagic-3dgtn4\" data-section-title=\"Details Images\">Detaljer Bilder<\/div>\n<\/div>\n<div>\n<div>\n<div><img decoding=\"async\" src=\"\/\/sc04.alicdn.com\/kf\/Hbe21446ef4374ec2b8e3aff588088202z\/255148517\/Hbe21446ef4374ec2b8e3aff588088202z.jpg\" data-src=\"\/\/sc04.alicdn.com\/kf\/Hbe21446ef4374ec2b8e3aff588088202z\/255148517\/Hbe21446ef4374ec2b8e3aff588088202z.jpg\" \/><\/div>\n<div><img decoding=\"async\" src=\"\/\/sc04.alicdn.com\/kf\/Hbabff50c70374a838c8e37339136b3cfi\/255148517\/Hbabff50c70374a838c8e37339136b3cfi.jpg\" data-src=\"\/\/sc04.alicdn.com\/kf\/Hbabff50c70374a838c8e37339136b3cfi\/255148517\/Hbabff50c70374a838c8e37339136b3cfi.jpg\" \/><\/div>\n<div><img decoding=\"async\" src=\"\/\/sc04.alicdn.com\/kf\/H703b92f9b0594bff9aa3d8acbaa8718ep\/255148517\/H703b92f9b0594bff9aa3d8acbaa8718ep.jpg\" data-src=\"\/\/sc04.alicdn.com\/kf\/H703b92f9b0594bff9aa3d8acbaa8718ep\/255148517\/H703b92f9b0594bff9aa3d8acbaa8718ep.jpg\" \/><\/div>\n<div><img decoding=\"async\" src=\"\/\/sc04.alicdn.com\/kf\/H6f8fc31559574b67ac153ffb9619273dS\/255148517\/H6f8fc31559574b67ac153ffb9619273dS.jpg\" data-src=\"\/\/sc04.alicdn.com\/kf\/H6f8fc31559574b67ac153ffb9619273dS\/255148517\/H6f8fc31559574b67ac153ffb9619273dS.jpg\" \/><\/div>\n<\/div>\n<\/div>\n<div><\/div>\n<div>\n<div>\n<div>\n<div>\n<div><\/div>\n<\/div>\n<\/div>\n<\/div>\n<\/div>\n<\/div>\n<\/div>","protected":false},"excerpt":{"rendered":"<p>Tyg : Polyester Yttert\u00e4lt Vattent\u00e4tt Index : 1000-1500 Mm Botten Vattent\u00e4t Index : 1000-1500 Mm Byggnadstyp : Snabbautomatisk \u00f6ppningst\u00e4lt Stil : R\u00f6rtyp T\u00e4ltst\u00e5ng S\u00e4song : Fyra s\u00e4songer T\u00e4ltstruktur : Ett sovrum &amp; ett vardagsrum Produktnamn : Uppbl\u00e5sbart campingt\u00e4lt Anv\u00e4ndning: Utomhusunderh\u00e5llning Stil: Modern f\u00e4rg<\/p>\n<div class=\"read-more\"><a class=\"btn btn-fill-out\" href=\"https:\/\/uoogear.com\/sv\/produkt\/high-quality-customized-logo-outdoor-camp-family-air-camping-tent-large-inflatable-tent\/\">L\u00e4s mer<\/a><\/div>","protected":false},"featured_media":4497,"template":"","meta":[],"product_brand":[],"product_cat":[15],"product_tag":[],"class_list":{"0":"post-4498","1":"product","2":"type-product","3":"status-publish","4":"has-post-thumbnail","6":"product_cat-uncategorized","7":"tm-no-options","9":"first","10":"instock","11":"shipping-taxable","12":"purchasable","13":"product-type-variable"},"_links":{"self":[{"href":"https:\/\/uoogear.com\/sv\/wp-json\/wp\/v2\/product\/4498","targetHints":{"allow":["GET"]}}],"collection":[{"href":"https:\/\/uoogear.com\/sv\/wp-json\/wp\/v2\/product"}],"about":[{"href":"https:\/\/uoogear.com\/sv\/wp-json\/wp\/v2\/types\/product"}],"wp:featuredmedia":[{"embeddable":true,"href":"https:\/\/uoogear.com\/sv\/wp-json\/wp\/v2\/media\/4497"}],"wp:attachment":[{"href":"https:\/\/uoogear.com\/sv\/wp-json\/wp\/v2\/media?parent=4498"}],"wp:term":[{"taxonomy":"product_brand","embeddable":true,"href":"https:\/\/uoogear.com\/sv\/wp-json\/wp\/v2\/product_brand?post=4498"},{"taxonomy":"product_cat","embeddable":true,"href":"https:\/\/uoogear.com\/sv\/wp-json\/wp\/v2\/product_cat?post=4498"},{"taxonomy":"product_tag","embeddable":true,"href":"https:\/\/uoogear.com\/sv\/wp-json\/wp\/v2\/product_tag?post=4498"}],"curies":[{"name":"wp","href":"https:\/\/api.w.org\/{rel}","templated":true}]}}