{"id":4525,"date":"2023-11-14T02:01:10","date_gmt":"2023-11-14T02:01:10","guid":{"rendered":"https:\/\/uoogear.com\/product\/high-quality-outdoor-waterproof-inflatable-tent-outdoor-camping\/"},"modified":"2023-11-30T02:24:29","modified_gmt":"2023-11-30T02:24:29","slug":"high-quality-outdoor-waterproof-inflatable-tent-outdoor-camping","status":"publish","type":"product","link":"https:\/\/uoogear.com\/sv\/produkt\/high-quality-outdoor-waterproof-inflatable-tent-outdoor-camping\/","title":{"rendered":"H\u00f6g kvalitet utomhus vattent\u00e4tt uppbl\u00e5sbart t\u00e4lt utomhuscamping"},"content":{"rendered":"<ul>\n<li><strong>Omr\u00e5de: <\/strong> 300cmx210cmx200cm \/ 250cmx180cmx180cm<\/li>\n<li><strong>Tyg: <\/strong> PVC+Bomullsduk+ Polyestern\u00e4t<\/li>\n<li><strong>Yttert\u00e4lt Vattent\u00e4tt Index: <\/strong> &gt;3000 mm<\/li>\n<li><strong>Nedre vattent\u00e4ta index: <\/strong> &gt;3000 mm<\/li>\n<li><strong>Byggnadstyp: <\/strong> Konstruktion baserat p\u00e5 behov<\/li>\n<li><strong>T\u00e4ltstil: <\/strong> R\u00f6rtyp t\u00e4ltstake<\/li>\n<li><strong>S\u00e4song : <\/strong> Fyra s\u00e4songst\u00e4lt<\/li>\n<li><strong>Struktur: <\/strong> Ett sovrum och ett vardagsrum<\/li>\n<li><strong>Produktnamn : <\/strong> uppbl\u00e5sbart t\u00e4lt luftt\u00e4lt<\/li>\n<li><strong>Anv\u00e4ndning: <\/strong> Utomhusunderh\u00e5llning<\/li>\n<li><strong>Stil: <\/strong> Modern<\/li>\n<li><strong>F\u00e4rg : <\/strong> Gyllene sandf\u00e4rg<\/li>\n<li><strong>Ans\u00f6kan : <\/strong> Utomhusresor Camping<\/li>\n<li><strong>Storlek: <\/strong> 300cmx210cmx200cm \/ 250cmx180cmx180cm<\/li>\n<li><strong>MOQ: <\/strong> 1 del<\/li>\n<li><strong>Material: <\/strong> PVC<\/li>\n<li><strong>Tillbeh\u00f6r : <\/strong> Pump+ b\u00e4rv\u00e4ska+ stakar+ rep<\/li>\n<li><strong>Funktion : <\/strong> Vattent\u00e4t<\/li>\n<\/ul>\n<div>\n<div data-magic-global=\"%7B%22bizId%22%3A2212793521237%2C%22pageId%22%3A21199933883%2C%22siteId%22%3A10003212050%7D\">\n<div>\n<div data-section=\"AliMagic-tarf63\" data-section-title=\"Products Description\">Produktbeskrivning<\/div>\n<\/div>\n<div>\n<div>\n<div><img decoding=\"async\" src=\"\/\/sc04.alicdn.com\/kf\/H8ec188c83b96483f9fbaf685d7bc7fe1I\/255148517\/H8ec188c83b96483f9fbaf685d7bc7fe1I.jpg\" data-src=\"\/\/sc04.alicdn.com\/kf\/H8ec188c83b96483f9fbaf685d7bc7fe1I\/255148517\/H8ec188c83b96483f9fbaf685d7bc7fe1I.jpg\" \/><\/div>\n<div><img decoding=\"async\" src=\"\/\/sc04.alicdn.com\/kf\/H87ed69d73ee0441893570a4b36096b0fD\/255148517\/H87ed69d73ee0441893570a4b36096b0fD.jpg\" data-src=\"\/\/sc04.alicdn.com\/kf\/H87ed69d73ee0441893570a4b36096b0fD\/255148517\/H87ed69d73ee0441893570a4b36096b0fD.jpg\" \/><\/div>\n<div><img decoding=\"async\" src=\"\/\/sc04.alicdn.com\/kf\/H9a27e33591dc4f3a915df9e02ccf989bk\/255148517\/H9a27e33591dc4f3a915df9e02ccf989bk.jpg\" data-src=\"\/\/sc04.alicdn.com\/kf\/H9a27e33591dc4f3a915df9e02ccf989bk\/255148517\/H9a27e33591dc4f3a915df9e02ccf989bk.jpg\" \/><\/div>\n<div><img decoding=\"async\" src=\"\/\/sc04.alicdn.com\/kf\/Hd192c14ec4e94d2ab78785ab09d480aaP\/255148517\/Hd192c14ec4e94d2ab78785ab09d480aaP.jpg\" data-src=\"\/\/sc04.alicdn.com\/kf\/Hd192c14ec4e94d2ab78785ab09d480aaP\/255148517\/Hd192c14ec4e94d2ab78785ab09d480aaP.jpg\" \/><\/div>\n<div><img decoding=\"async\" src=\"\/\/sc04.alicdn.com\/kf\/Hf55c29374e44478db53923ddb0d1d95bn\/255148517\/Hf55c29374e44478db53923ddb0d1d95bn.jpg\" data-src=\"\/\/sc04.alicdn.com\/kf\/Hf55c29374e44478db53923ddb0d1d95bn\/255148517\/Hf55c29374e44478db53923ddb0d1d95bn.jpg\" \/><\/div>\n<div><img decoding=\"async\" src=\"\/\/sc04.alicdn.com\/kf\/H78152f2f5f2744aeafe44263694d4430R\/255148517\/H78152f2f5f2744aeafe44263694d4430R.jpg\" data-src=\"\/\/sc04.alicdn.com\/kf\/H78152f2f5f2744aeafe44263694d4430R\/255148517\/H78152f2f5f2744aeafe44263694d4430R.jpg\" \/><\/div>\n<div><img decoding=\"async\" src=\"\/\/sc04.alicdn.com\/kf\/H37ced19d4cda450aaa56ff7ac9fe961ee\/255148517\/H37ced19d4cda450aaa56ff7ac9fe961ee.jpg\" data-src=\"\/\/sc04.alicdn.com\/kf\/H37ced19d4cda450aaa56ff7ac9fe961ee\/255148517\/H37ced19d4cda450aaa56ff7ac9fe961ee.jpg\" \/><\/div>\n<\/div>\n<\/div>\n<div><\/div>\n<div>\n<div>\n<div>\n<div>\n<div><\/div>\n<\/div>\n<\/div>\n<\/div>\n<\/div>\n<\/div>\n<\/div>","protected":false},"excerpt":{"rendered":"<p>Yta : 300cmx210cmx200cm \/ 250cmx180cmx180cm Tyg : PVC+Bomullstyg+ Polyestern\u00e4t Yttert\u00e4lt Vattent\u00e4t Index : &gt;3000 mm Botten Vattent\u00e4t Index : &gt;3000 mm Byggnadstyp : Konstruktion Baserat p\u00e5 behov T\u00e4lttyp T\u00e4ltstil: Fyra Strasseason Ett sovrum &amp; ett vardagsrum Produktnamn: uppbl\u00e5sbart t\u00e4lt<\/p>\n<div class=\"read-more\"><a class=\"btn btn-fill-out\" href=\"https:\/\/uoogear.com\/sv\/produkt\/high-quality-outdoor-waterproof-inflatable-tent-outdoor-camping\/\">L\u00e4s mer<\/a><\/div>","protected":false},"featured_media":4524,"template":"","meta":[],"product_brand":[],"product_cat":[15],"product_tag":[],"class_list":{"0":"post-4525","1":"product","2":"type-product","3":"status-publish","4":"has-post-thumbnail","6":"product_cat-uncategorized","7":"tm-no-options","9":"first","10":"instock","11":"shipping-taxable","12":"purchasable","13":"product-type-variable"},"_links":{"self":[{"href":"https:\/\/uoogear.com\/sv\/wp-json\/wp\/v2\/product\/4525","targetHints":{"allow":["GET"]}}],"collection":[{"href":"https:\/\/uoogear.com\/sv\/wp-json\/wp\/v2\/product"}],"about":[{"href":"https:\/\/uoogear.com\/sv\/wp-json\/wp\/v2\/types\/product"}],"wp:featuredmedia":[{"embeddable":true,"href":"https:\/\/uoogear.com\/sv\/wp-json\/wp\/v2\/media\/4524"}],"wp:attachment":[{"href":"https:\/\/uoogear.com\/sv\/wp-json\/wp\/v2\/media?parent=4525"}],"wp:term":[{"taxonomy":"product_brand","embeddable":true,"href":"https:\/\/uoogear.com\/sv\/wp-json\/wp\/v2\/product_brand?post=4525"},{"taxonomy":"product_cat","embeddable":true,"href":"https:\/\/uoogear.com\/sv\/wp-json\/wp\/v2\/product_cat?post=4525"},{"taxonomy":"product_tag","embeddable":true,"href":"https:\/\/uoogear.com\/sv\/wp-json\/wp\/v2\/product_tag?post=4525"}],"curies":[{"name":"wp","href":"https:\/\/api.w.org\/{rel}","templated":true}]}}