{"id":4553,"date":"2023-11-14T02:05:43","date_gmt":"2023-11-14T02:05:43","guid":{"rendered":"https:\/\/uoogear.com\/product\/luxury-large-camp-family-air-camping-tube-tent-inflatable-camping-tent\/"},"modified":"2023-11-30T02:28:10","modified_gmt":"2023-11-30T02:28:10","slug":"luxury-large-camp-family-air-camping-tube-tent-inflatable-camping-tent","status":"publish","type":"product","link":"https:\/\/uoogear.com\/sv\/produkt\/luxury-large-camp-family-air-camping-tube-tent-inflatable-camping-tent\/","title":{"rendered":"Lyx Stort Camp Family Air Camping Tube T\u00e4lt Uppbl\u00e5sbart campingt\u00e4lt"},"content":{"rendered":"<ul>\n<li><strong>Omr\u00e5de: <\/strong> 425*765*230<\/li>\n<li><strong>Tyg: <\/strong> PVC+Bomullsduk+ Polyestern\u00e4t<\/li>\n<li><strong>Yttert\u00e4lt Vattent\u00e4tt Index: <\/strong> &gt;3000 mm<\/li>\n<li><strong>Nedre vattent\u00e4ta index: <\/strong> &gt;3000 mm<\/li>\n<li><strong>Byggnadstyp: <\/strong> Konstruktion baserat p\u00e5 behov<\/li>\n<li><strong>T\u00e4ltstil: <\/strong> R\u00f6rtyp t\u00e4ltstake<\/li>\n<li><strong>S\u00e4song : <\/strong> Fyra s\u00e4songst\u00e4lt<\/li>\n<li><strong>Struktur: <\/strong> Ett sovrum och ett vardagsrum<\/li>\n<li><strong>Produktnamn : <\/strong> Uppbl\u00e5sbart campingt\u00e4lt<\/li>\n<li><strong>Anv\u00e4ndning: <\/strong> Utomhusunderh\u00e5llning<\/li>\n<li><strong>Stil: <\/strong> Modern<\/li>\n<li><strong>Ans\u00f6kan : <\/strong> Utomhusresor Camping<\/li>\n<li><strong>Storlek: <\/strong> 300*200*200<\/li>\n<li><strong>MOQ: <\/strong> 1 del<\/li>\n<li><strong>Material: <\/strong> oxford tyg<\/li>\n<li><strong>Tillbeh\u00f6r : <\/strong> Pump+ b\u00e4rv\u00e4ska+ stakar+ rep<\/li>\n<li><strong>Funktion : <\/strong> Vattent\u00e4t<\/li>\n<li><strong>Logotyp : <\/strong> Anpassad logotyp acceptera<\/li>\n<\/ul>\n<div>\n<div data-magic-global=\"%7B%22bizId%22%3A2212793521237%2C%22pageId%22%3A21231189101%2C%22siteId%22%3A10003212050%7D\">\n<div>\n<div data-section=\"AliMagic-pe973p\" data-section-title=\"Products Description\">Produktbeskrivning<\/div>\n<\/div>\n<div>\n<div>\n<table>\n<tbody>\n<tr>\n<td>\n<div><span style=\"color: #000000; font-family: Arial;\"><span data-spm-anchor-id=\"a2700.custom-template.0.i133.65b03333DKbf22\"><strong>produktnamn<\/strong><\/span><\/span><\/div>\n<\/td>\n<td>\n<div>Luftt\u00e4lt uppbl\u00e5sbart<\/div>\n<\/td>\n<\/tr>\n<tr>\n<td>\n<div><span style=\"color: #000000; font-family: Arial;\"><strong>OEM MOQ<\/strong><\/span><\/div>\n<\/td>\n<td>\n<div><span style=\"font-family: Arial;\"><span data-spm-anchor-id=\"a2700.custom-template.0.i131.65b03333DKbf22\">Acceptera anpassat \/1 set prov<\/span><\/span><\/div>\n<\/td>\n<\/tr>\n<tr>\n<td>\n<div><span style=\"color: #000000; font-family: Arial;\"><strong>F\u00e4rg f\u00e4rg<\/strong><\/span><\/div>\n<\/td>\n<td>\n<div><span style=\"font-family: Arial;\"><span data-spm-anchor-id=\"a2700.custom-template.0.i132.65b03333DKbf22\">Som bild, acceptera anpassad<\/span><\/span><\/div>\n<\/td>\n<\/tr>\n<tr>\n<td>\n<div><span style=\"color: #000000; font-family: Arial;\"><span data-spm-anchor-id=\"a2700.custom-template.0.i158.65b03333DKbf22\"><strong>Kapacitet<\/strong><\/span><\/span><\/div>\n<\/td>\n<td>\n<div><span style=\"font-family: Arial;\">2\/3\/4\/5\/6\/7\/8+ personer (anpassad kapacitet)<\/span><\/div>\n<\/td>\n<\/tr>\n<tr>\n<td>\n<div><strong>Storlek<\/strong><\/div>\n<\/td>\n<td>\n<div>Kan v\u00e4lja storlek p\u00e5 hyllprodukter, acceptera anpassad storlek<\/div>\n<\/td>\n<\/tr>\n<tr>\n<td>\n<div>\n<div><strong>Funktion<\/strong><\/div>\n<\/div>\n<\/td>\n<td>\n<div><span style=\"font-family: Arial;\">UV- och regnbest\u00e4ndig, Andas, F\u00f6rhindra Splendid, Stort utrymme, Stabil struktur, Bra ventilationsprestanda, Bred applikation, Liten storlek, L\u00e4tt att b\u00e4ra, Installation, Enkel Popup, Automatisk, Bekv\u00e4m<\/span><\/div>\n<\/td>\n<\/tr>\n<\/tbody>\n<\/table>\n<\/div>\n<\/div>\n<div>\n<div data-section=\"AliMagic-35z5fs\" data-section-title=\"Details Images\">Detaljer Bilder<\/div>\n<\/div>\n<div>\n<div>\n<div><img decoding=\"async\" src=\"\/\/sc04.alicdn.com\/kf\/Haafb2d361cd44af19d842c574a8be9c0a\/255148517\/Haafb2d361cd44af19d842c574a8be9c0a.jpg\" data-src=\"\/\/sc04.alicdn.com\/kf\/Haafb2d361cd44af19d842c574a8be9c0a\/255148517\/Haafb2d361cd44af19d842c574a8be9c0a.jpg\" \/><\/div>\n<div><img decoding=\"async\" src=\"\/\/sc04.alicdn.com\/kf\/Hcda24c9a46d945ee8b5f1f076c78f213G\/255148517\/Hcda24c9a46d945ee8b5f1f076c78f213G.jpg\" data-src=\"\/\/sc04.alicdn.com\/kf\/Hcda24c9a46d945ee8b5f1f076c78f213G\/255148517\/Hcda24c9a46d945ee8b5f1f076c78f213G.jpg\" \/><\/div>\n<div><img decoding=\"async\" src=\"\/\/sc04.alicdn.com\/kf\/Hf9cabfe17c6e4b3489a3c7da3542d4a5X\/255148517\/Hf9cabfe17c6e4b3489a3c7da3542d4a5X.jpg\" data-src=\"\/\/sc04.alicdn.com\/kf\/Hf9cabfe17c6e4b3489a3c7da3542d4a5X\/255148517\/Hf9cabfe17c6e4b3489a3c7da3542d4a5X.jpg\" \/><\/div>\n<div><img decoding=\"async\" src=\"\/\/sc04.alicdn.com\/kf\/H91a36315feda48d193ce3a2bb7626917u\/255148517\/H91a36315feda48d193ce3a2bb7626917u.jpg\" data-src=\"\/\/sc04.alicdn.com\/kf\/H91a36315feda48d193ce3a2bb7626917u\/255148517\/H91a36315feda48d193ce3a2bb7626917u.jpg\" \/><\/div>\n<div><img decoding=\"async\" src=\"\/\/sc04.alicdn.com\/kf\/H0da1ec85968b4918a9dc3aeefb9647bdL\/255148517\/H0da1ec85968b4918a9dc3aeefb9647bdL.jpg\" data-src=\"\/\/sc04.alicdn.com\/kf\/H0da1ec85968b4918a9dc3aeefb9647bdL\/255148517\/H0da1ec85968b4918a9dc3aeefb9647bdL.jpg\" \/><\/div>\n<div><img decoding=\"async\" src=\"\/\/sc04.alicdn.com\/kf\/H9756963b359740e4831f1ce3934c0dfde\/255148517\/H9756963b359740e4831f1ce3934c0dfde.jpg\" data-src=\"\/\/sc04.alicdn.com\/kf\/H9756963b359740e4831f1ce3934c0dfde\/255148517\/H9756963b359740e4831f1ce3934c0dfde.jpg\" \/><\/div>\n<\/div>\n<\/div>\n<div><\/div>\n<\/div>\n<\/div>","protected":false},"excerpt":{"rendered":"<p>Yta: 425*765*230 Tyg: PVC+Bomullstyg+ Polyestern\u00e4t Yttert\u00e4lt Vattent\u00e4t Index: &gt;3000 mm Botten Vattent\u00e4t Index: &gt;3000 mm Byggnadstyp: Konstruktion Baserat p\u00e5 behov T\u00e4ltstil: Typ av r\u00f6r T\u00e4ltsp\u00e5r S\u00e4song: Fyras\u00e4songst\u00e4lt Struktur: Ett sovrum &amp; ett vardagsrum Produktnamn: Uppbl\u00e5sbart campingt\u00e4lt Anv\u00e4ndning<\/p>\n<div class=\"read-more\"><a class=\"btn btn-fill-out\" href=\"https:\/\/uoogear.com\/sv\/produkt\/luxury-large-camp-family-air-camping-tube-tent-inflatable-camping-tent\/\">L\u00e4s mer<\/a><\/div>","protected":false},"featured_media":4552,"template":"","meta":[],"product_brand":[],"product_cat":[15],"product_tag":[],"class_list":{"0":"post-4553","1":"product","2":"type-product","3":"status-publish","4":"has-post-thumbnail","6":"product_cat-uncategorized","7":"tm-no-options","9":"first","10":"instock","11":"shipping-taxable","12":"purchasable","13":"product-type-variable"},"_links":{"self":[{"href":"https:\/\/uoogear.com\/sv\/wp-json\/wp\/v2\/product\/4553","targetHints":{"allow":["GET"]}}],"collection":[{"href":"https:\/\/uoogear.com\/sv\/wp-json\/wp\/v2\/product"}],"about":[{"href":"https:\/\/uoogear.com\/sv\/wp-json\/wp\/v2\/types\/product"}],"wp:featuredmedia":[{"embeddable":true,"href":"https:\/\/uoogear.com\/sv\/wp-json\/wp\/v2\/media\/4552"}],"wp:attachment":[{"href":"https:\/\/uoogear.com\/sv\/wp-json\/wp\/v2\/media?parent=4553"}],"wp:term":[{"taxonomy":"product_brand","embeddable":true,"href":"https:\/\/uoogear.com\/sv\/wp-json\/wp\/v2\/product_brand?post=4553"},{"taxonomy":"product_cat","embeddable":true,"href":"https:\/\/uoogear.com\/sv\/wp-json\/wp\/v2\/product_cat?post=4553"},{"taxonomy":"product_tag","embeddable":true,"href":"https:\/\/uoogear.com\/sv\/wp-json\/wp\/v2\/product_tag?post=4553"}],"curies":[{"name":"wp","href":"https:\/\/api.w.org\/{rel}","templated":true}]}}