{"id":4604,"date":"2023-11-14T02:08:20","date_gmt":"2023-11-14T02:08:20","guid":{"rendered":"https:\/\/uoogear.com\/product\/arab-qatar-inflatable-camping-air-tent-waterproof-inflatable-outdoor-camping-tent\/"},"modified":"2023-11-30T02:40:37","modified_gmt":"2023-11-30T02:40:37","slug":"arab-qatar-inflatable-camping-air-tent-waterproof-inflatable-outdoor-camping-tent","status":"publish","type":"product","link":"https:\/\/uoogear.com\/sv\/produkt\/arab-qatar-inflatable-camping-air-tent-waterproof-inflatable-outdoor-camping-tent\/","title":{"rendered":"Arab\/qatar uppbl\u00e5sbart campingluftt\u00e4lt vattent\u00e4tt uppbl\u00e5sbart utomhuscampingt\u00e4lt"},"content":{"rendered":"<ul>\n<li><strong>Omr\u00e5de: <\/strong> 6 m\u00b2<\/li>\n<li><strong>Tyg: <\/strong> Polyester<\/li>\n<li><strong>Yttert\u00e4lt Vattent\u00e4tt Index: <\/strong> &gt;3000 mm<\/li>\n<li><strong>Nedre vattent\u00e4ta index: <\/strong> &gt;3000 mm<\/li>\n<li><strong>T\u00e4ltstil: <\/strong> Ut\u00f6kad typ<\/li>\n<li><strong>S\u00e4song : <\/strong> Fyra s\u00e4songst\u00e4lt<\/li>\n<li><strong>Struktur: <\/strong> Ett sovrum och ett vardagsrum<\/li>\n<li><strong>Nyckelord: <\/strong> Uppbl\u00e5sbart campingt\u00e4lt<\/li>\n<li><strong>MOQ: <\/strong> 1 set<\/li>\n<li><strong>Tillbeh\u00f6r : <\/strong> handpump, pinnar, vindrep<\/li>\n<li><strong>Logotyp : <\/strong> anpassat<\/li>\n<li><strong>Storlek: <\/strong> 6 m\u00b2<\/li>\n<li><strong>Material: <\/strong> polyester bomull+pvc<\/li>\n<li><strong>OEM\/ODM: <\/strong> Acceptabel Custom<\/li>\n<li><strong>Kapacitet: <\/strong> 5+ personer<\/li>\n<li><strong>Produktnamn : <\/strong> Uppbl\u00e5sbart campingt\u00e4lt<\/li>\n<li><strong>Funktion: <\/strong> Sol Regnskydd<\/li>\n<\/ul>\n<div>\n<div data-magic-global=\"%7B%22bizId%22%3A2212793521237%2C%22pageId%22%3A21262171805%2C%22siteId%22%3A10003212050%7D\">\n<div>\n<div data-section=\"AliMagic-mkpsgh\" data-section-title=\"Products Description\">Produktbeskrivning<\/div>\n<\/div>\n<div>\n<div>\n<div><img decoding=\"async\" src=\"\/\/sc04.alicdn.com\/kf\/He4c3298ed6eb4e39bb6b5339319bad064\/255148517\/He4c3298ed6eb4e39bb6b5339319bad064.jpg\" data-src=\"\/\/sc04.alicdn.com\/kf\/He4c3298ed6eb4e39bb6b5339319bad064\/255148517\/He4c3298ed6eb4e39bb6b5339319bad064.jpg\" \/><\/div>\n<div><img decoding=\"async\" src=\"\/\/sc04.alicdn.com\/kf\/Hb9f73be253b34358b75bcfd954e38b10I\/255148517\/Hb9f73be253b34358b75bcfd954e38b10I.jpg\" data-src=\"\/\/sc04.alicdn.com\/kf\/Hb9f73be253b34358b75bcfd954e38b10I\/255148517\/Hb9f73be253b34358b75bcfd954e38b10I.jpg\" \/><\/div>\n<div><img decoding=\"async\" src=\"\/\/sc04.alicdn.com\/kf\/H32545585c7004bd6808990c88d472837F\/255148517\/H32545585c7004bd6808990c88d472837F.jpg\" data-src=\"\/\/sc04.alicdn.com\/kf\/H32545585c7004bd6808990c88d472837F\/255148517\/H32545585c7004bd6808990c88d472837F.jpg\" \/><\/div>\n<div><img decoding=\"async\" src=\"\/\/sc04.alicdn.com\/kf\/Hf29ff734bb5449f194b74f58cc63cc14x\/255148517\/Hf29ff734bb5449f194b74f58cc63cc14x.jpg\" data-src=\"\/\/sc04.alicdn.com\/kf\/Hf29ff734bb5449f194b74f58cc63cc14x\/255148517\/Hf29ff734bb5449f194b74f58cc63cc14x.jpg\" \/><\/div>\n<\/div>\n<\/div>\n<div><\/div>\n<div>\n<div>\n<div>\n<div>\n<div><\/div>\n<\/div>\n<\/div>\n<\/div>\n<\/div>\n<\/div>\n<\/div>","protected":false},"excerpt":{"rendered":"<p>Yta: 6m\u00b2 Tyg: Polyester Yttert\u00e4lt Vattent\u00e4tt Index: &gt;3000 mm Botten Vattent\u00e4t Index: &gt;3000 mm T\u00e4ltstil: F\u00f6rl\u00e4ngd Typ S\u00e4song: Fyra-s\u00e4songst\u00e4lt Struktur: Ett sovrum och ett vardagsrum Nyckelord: Uppbl\u00e5sbart campingt\u00e4lt MOQ: 1 set Tillbeh\u00f6r : handpump, pinnar, vindrep Logotyp: anpassad Storlek:<\/p>\n<div class=\"read-more\"><a class=\"btn btn-fill-out\" href=\"https:\/\/uoogear.com\/sv\/produkt\/arab-qatar-inflatable-camping-air-tent-waterproof-inflatable-outdoor-camping-tent\/\">L\u00e4s mer<\/a><\/div>","protected":false},"featured_media":4603,"template":"","meta":[],"product_brand":[],"product_cat":[15],"product_tag":[],"class_list":{"0":"post-4604","1":"product","2":"type-product","3":"status-publish","4":"has-post-thumbnail","6":"product_cat-uncategorized","7":"tm-no-options","9":"first","10":"instock","11":"shipping-taxable","12":"purchasable","13":"product-type-variable"},"_links":{"self":[{"href":"https:\/\/uoogear.com\/sv\/wp-json\/wp\/v2\/product\/4604","targetHints":{"allow":["GET"]}}],"collection":[{"href":"https:\/\/uoogear.com\/sv\/wp-json\/wp\/v2\/product"}],"about":[{"href":"https:\/\/uoogear.com\/sv\/wp-json\/wp\/v2\/types\/product"}],"wp:featuredmedia":[{"embeddable":true,"href":"https:\/\/uoogear.com\/sv\/wp-json\/wp\/v2\/media\/4603"}],"wp:attachment":[{"href":"https:\/\/uoogear.com\/sv\/wp-json\/wp\/v2\/media?parent=4604"}],"wp:term":[{"taxonomy":"product_brand","embeddable":true,"href":"https:\/\/uoogear.com\/sv\/wp-json\/wp\/v2\/product_brand?post=4604"},{"taxonomy":"product_cat","embeddable":true,"href":"https:\/\/uoogear.com\/sv\/wp-json\/wp\/v2\/product_cat?post=4604"},{"taxonomy":"product_tag","embeddable":true,"href":"https:\/\/uoogear.com\/sv\/wp-json\/wp\/v2\/product_tag?post=4604"}],"curies":[{"name":"wp","href":"https:\/\/api.w.org\/{rel}","templated":true}]}}