{"id":4615,"date":"2023-11-14T02:09:19","date_gmt":"2023-11-14T02:09:19","guid":{"rendered":"https:\/\/uoogear.com\/product\/custom-multi-persons-camping-tent-waterproof-inflatable-house-air-family-big-tent-outdoor-inflatable-camping-house-tent\/"},"modified":"2023-11-30T02:40:55","modified_gmt":"2023-11-30T02:40:55","slug":"custom-multi-persons-camping-tent-waterproof-inflatable-house-air-family-big-tent-outdoor-inflatable-camping-house-tent","status":"publish","type":"product","link":"https:\/\/uoogear.com\/sv\/produkt\/custom-multi-persons-camping-tent-waterproof-inflatable-house-air-family-big-tent-outdoor-inflatable-camping-house-tent\/","title":{"rendered":"anpassad Multi Persons campingt\u00e4lt Vattent\u00e4tt Uppbl\u00e5sbart Hus Luft Familj Stort T\u00e4lt Utomhus Uppbl\u00e5sbart Campinghus T\u00e4lt"},"content":{"rendered":"<ul>\n<li><strong>Omr\u00e5de: <\/strong> 12.6\u33a1<\/li>\n<li><strong>Tyg: <\/strong> Polyester<\/li>\n<li><strong>Yttert\u00e4lt Vattent\u00e4tt Index: <\/strong> &gt;3000 mm<\/li>\n<li><strong>Nedre vattent\u00e4ta index: <\/strong> &gt;3000 mm<\/li>\n<li><strong>T\u00e4ltstil: <\/strong> Ut\u00f6kad typ<\/li>\n<li><strong>S\u00e4song : <\/strong> Fyra s\u00e4songst\u00e4lt<\/li>\n<li><strong>Struktur: <\/strong> Ett sovrum och ett vardagsrum<\/li>\n<li><strong>Nyckelord: <\/strong> Uppbl\u00e5sbart campingt\u00e4lt<\/li>\n<li><strong>MOQ: <\/strong> 1 set<\/li>\n<li><strong>F\u00e4rg : <\/strong> Vit (anpassningsbar f\u00e4rg)<\/li>\n<li><strong>Tillbeh\u00f6r : <\/strong> handpump, pinnar, vindrep<\/li>\n<li><strong>Logotyp : <\/strong> anpassat<\/li>\n<li><strong>Storlek: <\/strong> 420*300*255 cm<\/li>\n<li><strong>Material: <\/strong> polyester bomull+pvc<\/li>\n<li><strong>OEM\/ODM: <\/strong> Acceptabel Custom<\/li>\n<li><strong>Kapacitet: <\/strong> 8+ personer<\/li>\n<li><strong>Produktnamn : <\/strong> Uppbl\u00e5sbart campingt\u00e4lt<\/li>\n<\/ul>\n<div>\n<div data-magic-global=\"%7B%22bizId%22%3A2212793521237%2C%22pageId%22%3A21254695489%2C%22siteId%22%3A10003212050%7D\">\n<div>\n<div data-section=\"AliMagic-a1hgaa\" data-section-title=\"Products Description\">Produktbeskrivning<\/div>\n<\/div>\n<div>\n<div>\n<div><img decoding=\"async\" src=\"\/\/sc04.alicdn.com\/kf\/H45b829421df7429189feaf2c0aaedf1dM\/255148517\/H45b829421df7429189feaf2c0aaedf1dM.jpg\" data-src=\"\/\/sc04.alicdn.com\/kf\/H45b829421df7429189feaf2c0aaedf1dM\/255148517\/H45b829421df7429189feaf2c0aaedf1dM.jpg\" \/><\/div>\n<div><img decoding=\"async\" src=\"\/\/sc04.alicdn.com\/kf\/Ha86ce65a9e904bcfacdcd98f49d2e167p\/255148517\/Ha86ce65a9e904bcfacdcd98f49d2e167p.jpg\" data-src=\"\/\/sc04.alicdn.com\/kf\/Ha86ce65a9e904bcfacdcd98f49d2e167p\/255148517\/Ha86ce65a9e904bcfacdcd98f49d2e167p.jpg\" \/><\/div>\n<div><img decoding=\"async\" src=\"\/\/sc04.alicdn.com\/kf\/Hf438407597e24e21b9eb364593bf85338\/255148517\/Hf438407597e24e21b9eb364593bf85338.jpg\" data-src=\"\/\/sc04.alicdn.com\/kf\/Hf438407597e24e21b9eb364593bf85338\/255148517\/Hf438407597e24e21b9eb364593bf85338.jpg\" \/><\/div>\n<div><img decoding=\"async\" src=\"\/\/sc04.alicdn.com\/kf\/H7a4a30c313a748128d68a9af8dfda57fU\/255148517\/H7a4a30c313a748128d68a9af8dfda57fU.jpg\" data-src=\"\/\/sc04.alicdn.com\/kf\/H7a4a30c313a748128d68a9af8dfda57fU\/255148517\/H7a4a30c313a748128d68a9af8dfda57fU.jpg\" \/><\/div>\n<div><img decoding=\"async\" src=\"\/\/sc04.alicdn.com\/kf\/H91a270f4e9eb4fc1aec317f30d9efb0ei\/255148517\/H91a270f4e9eb4fc1aec317f30d9efb0ei.jpg\" data-src=\"\/\/sc04.alicdn.com\/kf\/H91a270f4e9eb4fc1aec317f30d9efb0ei\/255148517\/H91a270f4e9eb4fc1aec317f30d9efb0ei.jpg\" \/><\/div>\n<div><img decoding=\"async\" src=\"\/\/sc04.alicdn.com\/kf\/H67bca16355ac4c28a599cf5fa5728c13H\/255148517\/H67bca16355ac4c28a599cf5fa5728c13H.jpg\" data-src=\"\/\/sc04.alicdn.com\/kf\/H67bca16355ac4c28a599cf5fa5728c13H\/255148517\/H67bca16355ac4c28a599cf5fa5728c13H.jpg\" \/><\/div>\n<div><img decoding=\"async\" src=\"\/\/sc04.alicdn.com\/kf\/H3b4883ae004a4699a0e9c14c231d24f7A\/255148517\/H3b4883ae004a4699a0e9c14c231d24f7A.jpg\" data-src=\"\/\/sc04.alicdn.com\/kf\/H3b4883ae004a4699a0e9c14c231d24f7A\/255148517\/H3b4883ae004a4699a0e9c14c231d24f7A.jpg\" \/><\/div>\n<div><\/div>\n<div><\/div>\n<\/div>\n<\/div>\n<div><\/div>\n<\/div>\n<\/div>","protected":false},"excerpt":{"rendered":"<p>Yta : 12,6\u33a1 Tyg : Polyester Yttert\u00e4lt Vattent\u00e4tt Index : &gt;3000 mm Botten Vattent\u00e4t Index : &gt;3000 mm T\u00e4ltstil : F\u00f6rl\u00e4ngd Typ S\u00e4song : Fyras\u00e4songst\u00e4ltstruktur : Ett sovrum &amp; ett vardagsrum Nyckelord : Uppbl\u00e5sbart campingt\u00e4lt MOQ : 1 set F\u00e4rg: Vit (anpassningsbar f\u00e4rg) Tillbeh\u00f6r: handpump, pinnar, vindrep<\/p>\n<div class=\"read-more\"><a class=\"btn btn-fill-out\" href=\"https:\/\/uoogear.com\/sv\/produkt\/custom-multi-persons-camping-tent-waterproof-inflatable-house-air-family-big-tent-outdoor-inflatable-camping-house-tent\/\">L\u00e4s mer<\/a><\/div>","protected":false},"featured_media":4614,"template":"","meta":[],"product_brand":[],"product_cat":[15],"product_tag":[],"class_list":{"0":"post-4615","1":"product","2":"type-product","3":"status-publish","4":"has-post-thumbnail","6":"product_cat-uncategorized","7":"tm-no-options","9":"first","10":"instock","11":"shipping-taxable","12":"purchasable","13":"product-type-variable"},"_links":{"self":[{"href":"https:\/\/uoogear.com\/sv\/wp-json\/wp\/v2\/product\/4615","targetHints":{"allow":["GET"]}}],"collection":[{"href":"https:\/\/uoogear.com\/sv\/wp-json\/wp\/v2\/product"}],"about":[{"href":"https:\/\/uoogear.com\/sv\/wp-json\/wp\/v2\/types\/product"}],"wp:featuredmedia":[{"embeddable":true,"href":"https:\/\/uoogear.com\/sv\/wp-json\/wp\/v2\/media\/4614"}],"wp:attachment":[{"href":"https:\/\/uoogear.com\/sv\/wp-json\/wp\/v2\/media?parent=4615"}],"wp:term":[{"taxonomy":"product_brand","embeddable":true,"href":"https:\/\/uoogear.com\/sv\/wp-json\/wp\/v2\/product_brand?post=4615"},{"taxonomy":"product_cat","embeddable":true,"href":"https:\/\/uoogear.com\/sv\/wp-json\/wp\/v2\/product_cat?post=4615"},{"taxonomy":"product_tag","embeddable":true,"href":"https:\/\/uoogear.com\/sv\/wp-json\/wp\/v2\/product_tag?post=4615"}],"curies":[{"name":"wp","href":"https:\/\/api.w.org\/{rel}","templated":true}]}}