{"id":4632,"date":"2023-11-14T02:11:06","date_gmt":"2023-11-14T02:11:06","guid":{"rendered":"https:\/\/uoogear.com\/product\/family-tent-inflatable-camping-8-12-person-inflatable-tent-outdoor-camping\/"},"modified":"2023-11-30T02:27:55","modified_gmt":"2023-11-30T02:27:55","slug":"family-tent-inflatable-camping-8-12-person-inflatable-tent-outdoor-camping","status":"publish","type":"product","link":"https:\/\/uoogear.com\/sv\/produkt\/family-tent-inflatable-camping-8-12-person-inflatable-tent-outdoor-camping\/","title":{"rendered":"Familjet\u00e4lt uppbl\u00e5sbar camping 8-12 personer uppbl\u00e5sbart t\u00e4lt utomhus camping"},"content":{"rendered":"<ul>\n<li><strong>Tyg: <\/strong> Oxford + PVC-r\u00f6r<\/li>\n<li><strong>Yttert\u00e4lt Vattent\u00e4tt Index: <\/strong> &gt;3000 mm<\/li>\n<li><strong>Nedre vattent\u00e4ta index: <\/strong> &gt;3000 mm<\/li>\n<li><strong>Byggnadstyp: <\/strong> Konstruktion baserat p\u00e5 behov<\/li>\n<li><strong>T\u00e4ltstil: <\/strong> R\u00f6rtyp t\u00e4ltstake<\/li>\n<li><strong>S\u00e4song : <\/strong> Fyra s\u00e4songst\u00e4lt<\/li>\n<li><strong>Struktur: <\/strong> Tv\u00e5 sovrum och ett vardagsrum<\/li>\n<li><strong>Produktnamn : <\/strong> luftt\u00e4lt uppbl\u00e5sbar camping utomhus<\/li>\n<li><strong>Anv\u00e4ndning: <\/strong> Utomhusunderh\u00e5llning<\/li>\n<li><strong>Ans\u00f6kan : <\/strong> Utomhusresor Camping<\/li>\n<li><strong>MOQ: <\/strong> 1 del<\/li>\n<li><strong>Material: <\/strong> Oxford + PVC-r\u00f6r<\/li>\n<li><strong>Tillbeh\u00f6r : <\/strong> Pump+ b\u00e4rv\u00e4ska+ stakar+ rep<\/li>\n<li><strong>Funktion : <\/strong> Vattent\u00e4t<\/li>\n<li><strong>Logotyp : <\/strong> Anpassad logotyp acceptera<\/li>\n<li><strong>Pol : <\/strong> Luftst\u00e5ng<\/li>\n<li><strong>Storlek: <\/strong> 12 kvadratmeter<\/li>\n<\/ul>\n<div>\n<div data-magic-global=\"%7B%22bizId%22%3A2212793521237%2C%22pageId%22%3A21251627521%2C%22siteId%22%3A10003212050%7D\">\n<div>\n<div data-section=\"AliMagic-z1j9c4\" data-section-title=\"Products Description\">Produktbeskrivning<\/div>\n<\/div>\n<div>\n<div>\n<div><img decoding=\"async\" src=\"\/\/sc04.alicdn.com\/kf\/H9f93652591c8433bb72ee261d108b931h\/255148517\/H9f93652591c8433bb72ee261d108b931h.jpg\" data-src=\"\/\/sc04.alicdn.com\/kf\/H9f93652591c8433bb72ee261d108b931h\/255148517\/H9f93652591c8433bb72ee261d108b931h.jpg\" \/><\/div>\n<div><img decoding=\"async\" src=\"\/\/sc04.alicdn.com\/kf\/Hb755bbe945624176b347171e3ff87d7a0\/255148517\/Hb755bbe945624176b347171e3ff87d7a0.jpg\" data-src=\"\/\/sc04.alicdn.com\/kf\/Hb755bbe945624176b347171e3ff87d7a0\/255148517\/Hb755bbe945624176b347171e3ff87d7a0.jpg\" \/><\/div>\n<div><img decoding=\"async\" src=\"\/\/sc04.alicdn.com\/kf\/Hecfeb93c2d794f24b85275b4ab6a63805\/255148517\/Hecfeb93c2d794f24b85275b4ab6a63805.jpg\" data-src=\"\/\/sc04.alicdn.com\/kf\/Hecfeb93c2d794f24b85275b4ab6a63805\/255148517\/Hecfeb93c2d794f24b85275b4ab6a63805.jpg\" \/><\/div>\n<div><img decoding=\"async\" src=\"\/\/sc04.alicdn.com\/kf\/Hcbf44cef5c70412a9c22cbfbfbae4865P\/255148517\/Hcbf44cef5c70412a9c22cbfbfbae4865P.jpg\" data-src=\"\/\/sc04.alicdn.com\/kf\/Hcbf44cef5c70412a9c22cbfbfbae4865P\/255148517\/Hcbf44cef5c70412a9c22cbfbfbae4865P.jpg\" \/><\/div>\n<div><img decoding=\"async\" src=\"\/\/sc04.alicdn.com\/kf\/H3c248d01d6d544da89db2bbf223dd6f9W\/255148517\/H3c248d01d6d544da89db2bbf223dd6f9W.jpg\" data-src=\"\/\/sc04.alicdn.com\/kf\/H3c248d01d6d544da89db2bbf223dd6f9W\/255148517\/H3c248d01d6d544da89db2bbf223dd6f9W.jpg\" \/><\/div>\n<div><img decoding=\"async\" src=\"\/\/sc04.alicdn.com\/kf\/H33fe840adc304d7fb5758db1a09527628\/255148517\/H33fe840adc304d7fb5758db1a09527628.jpg\" data-src=\"\/\/sc04.alicdn.com\/kf\/H33fe840adc304d7fb5758db1a09527628\/255148517\/H33fe840adc304d7fb5758db1a09527628.jpg\" \/><\/div>\n<\/div>\n<\/div>\n<div><\/div>\n<div>\n<div>\n<div>\n<div>\n<div><\/div>\n<\/div>\n<\/div>\n<\/div>\n<\/div>\n<\/div>\n<\/div>","protected":false},"excerpt":{"rendered":"<p>Tyg : Oxford + PVC Tube Yttert\u00e4lt Vattent\u00e4tt Index : &gt;3000 mm Botten Vattent\u00e4t Index : &gt;3000 mm Byggnadstyp : Konstruktion Baserat p\u00e5 behov T\u00e4ltstil : R\u00f6rtyp T\u00e4ltst\u00e5ng S\u00e4song : Fyra s\u00e4songer T\u00e4ltstruktur : Tv\u00e5 sovrum och ett vardagsrum Produkt namn: luftt\u00e4lt uppbl\u00e5sbart camping utomhus Anv\u00e4ndning: Utomhus<\/p>\n<div class=\"read-more\"><a class=\"btn btn-fill-out\" href=\"https:\/\/uoogear.com\/sv\/produkt\/family-tent-inflatable-camping-8-12-person-inflatable-tent-outdoor-camping\/\">L\u00e4s mer<\/a><\/div>","protected":false},"featured_media":4630,"template":"","meta":[],"product_brand":[],"product_cat":[15],"product_tag":[],"class_list":{"0":"post-4632","1":"product","2":"type-product","3":"status-publish","4":"has-post-thumbnail","6":"product_cat-uncategorized","7":"tm-no-options","9":"first","10":"instock","11":"shipping-taxable","12":"purchasable","13":"product-type-variable"},"_links":{"self":[{"href":"https:\/\/uoogear.com\/sv\/wp-json\/wp\/v2\/product\/4632","targetHints":{"allow":["GET"]}}],"collection":[{"href":"https:\/\/uoogear.com\/sv\/wp-json\/wp\/v2\/product"}],"about":[{"href":"https:\/\/uoogear.com\/sv\/wp-json\/wp\/v2\/types\/product"}],"wp:featuredmedia":[{"embeddable":true,"href":"https:\/\/uoogear.com\/sv\/wp-json\/wp\/v2\/media\/4630"}],"wp:attachment":[{"href":"https:\/\/uoogear.com\/sv\/wp-json\/wp\/v2\/media?parent=4632"}],"wp:term":[{"taxonomy":"product_brand","embeddable":true,"href":"https:\/\/uoogear.com\/sv\/wp-json\/wp\/v2\/product_brand?post=4632"},{"taxonomy":"product_cat","embeddable":true,"href":"https:\/\/uoogear.com\/sv\/wp-json\/wp\/v2\/product_cat?post=4632"},{"taxonomy":"product_tag","embeddable":true,"href":"https:\/\/uoogear.com\/sv\/wp-json\/wp\/v2\/product_tag?post=4632"}],"curies":[{"name":"wp","href":"https:\/\/api.w.org\/{rel}","templated":true}]}}