{"id":4667,"date":"2023-11-14T02:13:45","date_gmt":"2023-11-14T02:13:45","guid":{"rendered":"https:\/\/uoogear.com\/product\/inflatable-camping-tent-outdoor-oxford-canvas-luxury-camping-inflatable-tent\/"},"modified":"2023-11-30T02:53:36","modified_gmt":"2023-11-30T02:53:36","slug":"inflatable-camping-tent-outdoor-oxford-canvas-luxury-camping-inflatable-tent","status":"publish","type":"product","link":"https:\/\/uoogear.com\/sv\/produkt\/inflatable-camping-tent-outdoor-oxford-canvas-luxury-camping-inflatable-tent\/","title":{"rendered":"Uppbl\u00e5sbart campingt\u00e4lt utomhus Oxford Canvas lyxcamping Uppbl\u00e5sbart t\u00e4lt"},"content":{"rendered":"<ul>\n<li><strong>Tyg: <\/strong> Oxford<\/li>\n<li><strong>Yttert\u00e4lt Vattent\u00e4tt Index: <\/strong> &gt;3000 mm<\/li>\n<li><strong>Nedre vattent\u00e4ta index: <\/strong> &gt;3000 mm<\/li>\n<li><strong>Byggnadstyp: <\/strong> Snabb automatisk \u00f6ppning<\/li>\n<li><strong>T\u00e4ltstil: <\/strong> R\u00f6rtyp t\u00e4ltstake<\/li>\n<li><strong>S\u00e4song : <\/strong> Fyra s\u00e4songst\u00e4lt<\/li>\n<li><strong>Struktur: <\/strong> Ett sovrum<\/li>\n<li><strong>Produktnamn : <\/strong> Uppbl\u00e5sbart t\u00e4lt<\/li>\n<li><strong>Anv\u00e4ndning: <\/strong> Utomhusunderh\u00e5llning<\/li>\n<li><strong>Stil: <\/strong> Modern<\/li>\n<li><strong>F\u00e4rg : <\/strong> Anpassad f\u00e4rg<\/li>\n<li><strong>Ans\u00f6kan : <\/strong> Utomhusresor Camping<\/li>\n<li><strong>Storlek: <\/strong> Anpassad storlek<\/li>\n<li><strong>MOQ: <\/strong> 1 del<\/li>\n<li><strong>Material: <\/strong> Oxford<\/li>\n<li><strong>Tillbeh\u00f6r : <\/strong> Pump+ b\u00e4rv\u00e4ska+ stakar+ rep<\/li>\n<li><strong>Funktion : <\/strong> Vattent\u00e4t<\/li>\n<\/ul>\n<div>\n<div data-magic-global=\"%7B%22bizId%22%3A2212793521237%2C%22pageId%22%3A21240895187%2C%22siteId%22%3A10003212050%7D\">\n<div>\n<div data-section=\"AliMagic-qd0zn6\" data-section-title=\"Products Description\">Produktbeskrivning<\/div>\n<\/div>\n<div>\n<div>\n<div><img decoding=\"async\" src=\"\/\/sc04.alicdn.com\/kf\/Hd0182a21f2544fce95341c2b3cedc8765\/255148517\/Hd0182a21f2544fce95341c2b3cedc8765.jpg\" data-src=\"\/\/sc04.alicdn.com\/kf\/Hd0182a21f2544fce95341c2b3cedc8765\/255148517\/Hd0182a21f2544fce95341c2b3cedc8765.jpg\" \/><\/div>\n<div><img decoding=\"async\" src=\"\/\/sc04.alicdn.com\/kf\/H1ba21d29de364d938b8dc5dae37c0c8bw\/255148517\/H1ba21d29de364d938b8dc5dae37c0c8bw.jpg\" data-src=\"\/\/sc04.alicdn.com\/kf\/H1ba21d29de364d938b8dc5dae37c0c8bw\/255148517\/H1ba21d29de364d938b8dc5dae37c0c8bw.jpg\" \/><\/div>\n<div><img decoding=\"async\" src=\"\/\/sc04.alicdn.com\/kf\/H08a92a9ee2fa4f479723c93542adc538p\/255148517\/H08a92a9ee2fa4f479723c93542adc538p.jpg\" data-src=\"\/\/sc04.alicdn.com\/kf\/H08a92a9ee2fa4f479723c93542adc538p\/255148517\/H08a92a9ee2fa4f479723c93542adc538p.jpg\" \/><\/div>\n<div><img decoding=\"async\" src=\"\/\/sc04.alicdn.com\/kf\/Hc3ea084092b645cd8155758355b0c997I\/255148517\/Hc3ea084092b645cd8155758355b0c997I.jpg\" data-src=\"\/\/sc04.alicdn.com\/kf\/Hc3ea084092b645cd8155758355b0c997I\/255148517\/Hc3ea084092b645cd8155758355b0c997I.jpg\" \/><\/div>\n<div><img decoding=\"async\" src=\"\/\/sc04.alicdn.com\/kf\/H4373f64b70ab4dc19b9fcea19c0f13fba\/255148517\/H4373f64b70ab4dc19b9fcea19c0f13fba.jpg\" data-src=\"\/\/sc04.alicdn.com\/kf\/H4373f64b70ab4dc19b9fcea19c0f13fba\/255148517\/H4373f64b70ab4dc19b9fcea19c0f13fba.jpg\" \/><\/div>\n<div><img decoding=\"async\" src=\"\/\/sc04.alicdn.com\/kf\/Hfb8f51e41c6b44fd9a04d40c30757e14E\/255148517\/Hfb8f51e41c6b44fd9a04d40c30757e14E.jpg\" data-src=\"\/\/sc04.alicdn.com\/kf\/Hfb8f51e41c6b44fd9a04d40c30757e14E\/255148517\/Hfb8f51e41c6b44fd9a04d40c30757e14E.jpg\" \/><\/div>\n<\/div>\n<\/div>\n<div><\/div>\n<div>\n<div>\n<div>\n<div>\n<div><\/div>\n<\/div>\n<\/div>\n<\/div>\n<\/div>\n<\/div>\n<\/div>","protected":false},"excerpt":{"rendered":"<p>Tyg: Oxford Yttert\u00e4lt Vattent\u00e4tt Index: &gt;3000 mm Botten Vattent\u00e4t Index: &gt;3000 mm Byggnadstyp: Snabbt automatiskt \u00f6ppningsbart T\u00e4ltstil: Typ av r\u00f6r T\u00e4ltst\u00e5ng S\u00e4song: Fyra-s\u00e4songs T\u00e4ltstruktur: Ett sovrum Produktnamn: Uppbl\u00e5sbart t\u00e4lt Anv\u00e4ndning: Utomhusunderh\u00e5llning Stil: Modern F\u00e4rg: Anpassad f\u00e4rgapplikation:<\/p>\n<div class=\"read-more\"><a class=\"btn btn-fill-out\" href=\"https:\/\/uoogear.com\/sv\/produkt\/inflatable-camping-tent-outdoor-oxford-canvas-luxury-camping-inflatable-tent\/\">L\u00e4s mer<\/a><\/div>","protected":false},"featured_media":4666,"template":"","meta":[],"product_brand":[],"product_cat":[15],"product_tag":[],"class_list":{"0":"post-4667","1":"product","2":"type-product","3":"status-publish","4":"has-post-thumbnail","6":"product_cat-uncategorized","7":"tm-no-options","9":"first","10":"instock","11":"shipping-taxable","12":"purchasable","13":"product-type-variable"},"_links":{"self":[{"href":"https:\/\/uoogear.com\/sv\/wp-json\/wp\/v2\/product\/4667","targetHints":{"allow":["GET"]}}],"collection":[{"href":"https:\/\/uoogear.com\/sv\/wp-json\/wp\/v2\/product"}],"about":[{"href":"https:\/\/uoogear.com\/sv\/wp-json\/wp\/v2\/types\/product"}],"wp:featuredmedia":[{"embeddable":true,"href":"https:\/\/uoogear.com\/sv\/wp-json\/wp\/v2\/media\/4666"}],"wp:attachment":[{"href":"https:\/\/uoogear.com\/sv\/wp-json\/wp\/v2\/media?parent=4667"}],"wp:term":[{"taxonomy":"product_brand","embeddable":true,"href":"https:\/\/uoogear.com\/sv\/wp-json\/wp\/v2\/product_brand?post=4667"},{"taxonomy":"product_cat","embeddable":true,"href":"https:\/\/uoogear.com\/sv\/wp-json\/wp\/v2\/product_cat?post=4667"},{"taxonomy":"product_tag","embeddable":true,"href":"https:\/\/uoogear.com\/sv\/wp-json\/wp\/v2\/product_tag?post=4667"}],"curies":[{"name":"wp","href":"https:\/\/api.w.org\/{rel}","templated":true}]}}